{"id":4210,"date":"2025-06-27T03:06:39","date_gmt":"2025-06-27T03:06:39","guid":{"rendered":"https:\/\/pecbag.com\/?post_type=product&#038;p=4210"},"modified":"2025-11-29T01:18:22","modified_gmt":"2025-11-29T01:18:22","slug":"custom-tactical-military-tool-bag","status":"publish","type":"product","link":"https:\/\/pecbag.com\/de\/custom-tactical-military-tool-bag\/","title":{"rendered":"Benutzerdefinierte taktische milit\u00e4rische Werkzeugtasche"},"content":{"rendered":"<h5 title=\"Faltbare Hundetasche Atmungsaktives Mesh Haustier Umh\u00e4ngetasche f\u00fcr kleine Haustier Hund Katzen\" data-immersive-translate-walked=\"1c928421-2e42-4cd3-8754-5404553c0af5\" data-immersive-translate-paragraph=\"1\" data-spm-anchor-id=\"a2700.details.0.i35.4f6757d4w4zNZA\"><strong>Custom Tactical Military Tool Bag Factory | Battle-Proven Waterproof Bag Factory &amp; MOLLE Backpack Manufacturer | Mission-Ready Bulk<\/strong><\/h5>\n<p>Ben\u00f6tigen Sie einsatzbereite, ma\u00dfgeschneiderte taktische Milit\u00e4rwerkzeugtaschen f\u00fcr Verteidigungslieferanten oder Feldeins\u00e4tze? Als ISO-zertifizierter Hersteller von wasserdichten Taschen und taktischen Rucks\u00e4cken in China (Tool Bag China) entwickeln wir milit\u00e4rspezifische Werkzeugtaschen mit anpassbaren MOLLE-Elementen, korrosionsbest\u00e4ndigen Rei\u00dfverschl\u00fcssen und Tragegriffen. Gehen Sie eine Partnerschaft mit unserem Hersteller von Werkzeugtaschen ein, wenn Sie Gro\u00dfbestellungen f\u00fcr Werkzeugtaschen aufgeben m\u00f6chten - und vertrauen Sie auf das Vertrauen von Gro\u00dfh\u00e4ndlern, Milit\u00e4rlieferanten und Verk\u00e4ufern von Werkzeugtaschen weltweit.<\/p>\n<div class=\"flex flex-grow flex-col max-w-full\">\n<div class=\"min-h-[20px] text-message flex w-full flex-col items-end gap-2 whitespace-pre-wrap break-words [.text-message+&amp;]:mt-5 overflow-x-auto\" dir=\"auto\" data-message-author-role=\"assistant\" data-message-id=\"3d7d46f6-7ec2-4222-9257-48fa0bba23c6\" data-suggestions=\"true\">\n<div class=\"flex w-full flex-col gap-1 empty:hidden first:pt-[3px]\">\n<div class=\"markdown prose w-full break-words dark:prose-invert light\">\n<table width=\"288\">\n<tbody>\n<tr>\n<td width=\"137\"><span style=\"color: #333333;\">Produkte Name<\/span><\/td>\n<td width=\"151\">Werkzeugtasche<\/td>\n<\/tr>\n<tr>\n<td><span style=\"color: #333333;\">Artikel Nr.<\/span><\/td>\n<td><span style=\"color: #333333;\">PB-2124<\/span><\/td>\n<\/tr>\n<tr>\n<td><span style=\"color: #333333;\">Material<\/span><\/td>\n<td>1000D Nylon<\/td>\n<\/tr>\n<tr>\n<td><span style=\"color: #333333;\">Gr\u00f6\u00dfe und Farbe<\/span><\/td>\n<td>8,8 x 1,5 x 6,8 Zoll<\/td>\n<\/tr>\n<tr>\n<td><span style=\"color: #333333;\">\u00a0Lieferfrist<\/span><\/td>\n<td><span style=\"color: #333333;\">1-5 Tage f\u00fcr kleine Mengen auf dem Luftweg und 30-35 Tage f\u00fcr gro\u00dfe Mengen auf dem Seeweg<\/span><\/td>\n<\/tr>\n<\/tbody>\n<\/table>\n<p class=\"ds-markdown-paragraph\">\u2705\u00a0<strong>Warum Kommandanten unsere Ausr\u00fcstung w\u00e4hlen:<\/strong><\/p>\n<ul>\n<li>\n<p class=\"ds-markdown-paragraph\"><strong>Schlachtfeld-Validierung<\/strong>: 1000D PVC-beschichtetes Nylon + doppelt gen\u00e4hte N\u00e4hte (getestet nach MIL-STD-810G)<\/p>\n<\/li>\n<li>\n<p class=\"ds-markdown-paragraph\">Werkzeugtaschen ODM\/OEM mit umfassenden Dienstleistungen f\u00fcr Werkzeugtaschen unter eigener Marke<\/p>\n<\/li>\n<li>\n<p class=\"ds-markdown-paragraph\">Niedrige MOQ-Werkzeugtasche Massenproduktion (100+ Einheiten)<\/p>\n<\/li>\n<li>\n<p class=\"ds-markdown-paragraph\">Diskrete Werkzeugtasche Export von unserer sicheren Werkzeugtasche Fabrik<\/p>\n<\/li>\n<li>\n<p class=\"ds-markdown-paragraph\">ITAR-konforme Optionen f\u00fcr Verteidigungsauftr\u00e4ge<\/p>\n<\/li>\n<\/ul>\n<p class=\"ds-markdown-paragraph\">\ud83c\udfaf\u00a0<strong>Tactical Advantage Merkmale:<\/strong><br \/>\n- Modulares MOLLE\/PALS-Gurtband + Funk-\/Ger\u00e4teschlaufen<br \/>\n- Wasserdichtigkeit unter Wasser (IPX7)<br \/>\n- Schnell zug\u00e4ngliche Verwaltungsbereiche + Dokumententaschen<br \/>\n- Kundenspezifische Konfigurationen \u00fcber Tool Bag OEM<\/p>\n<p class=\"ds-markdown-paragraph\">Ideal f\u00fcr Werkzeugtaschenunternehmen, Milit\u00e4rh\u00e4ndler und Lieferantennetzwerke f\u00fcr Werkzeugtaschen. Fordern Sie noch heute einen KOSTENLOSEN CAD-Entwurfsservice von Ihrem speziellen Werkzeugtaschenhersteller an!<\/p>\n<\/div>\n<\/div>\n<\/div>\n<\/div>","protected":false},"excerpt":{"rendered":"<h2 data-immersive-translate-walked=\"344be1c1-5052-41eb-8fcd-0dbe236a0d6b\" data-immersive-translate-paragraph=\"1\">Benutzerdefinierte taktische milit\u00e4rische Werkzeugtasche<\/h2>\n<div>\n<p><strong>1. VERSTECKTE FRONTTASCHE: <\/strong>Diese Tasche hat ein vorderes Fach mit Hook-N-Loop-Verschluss, die vordere Au\u00dfenseite hat zwei gro\u00dfe F\u00e4cher mit einem magischen Aufkleber Klappenverschluss, um Ihre Artikel gut organisiert und starke Ladekapazit\u00e4t zu gew\u00e4hrleisten.<\/p>\n<p><strong>2. MOLLE-BEFESTIGT:<\/strong>\u00a0Die Molle-Admin-Tasche verf\u00fcgt \u00fcber 2 Molle-R\u00fcckengurte mit starken Druckkn\u00f6pfen, die perfekt zu 3 offenen Reihen von Molle-Gurtb\u00e4ndern an Ihrer Weste, Ihrem Rucksack oder Ihrem Brustgurt passen. Gro\u00dfe Erg\u00e4nzung f\u00fcr Elemente zu erreichen, ohne die Packung aus.<\/p>\n<\/div>","protected":false},"featured_media":4217,"template":"","meta":{"_uag_custom_page_level_css":""},"product_brand":[],"product_cat":[49,46],"product_tag":[],"class_list":{"0":"post-4210","1":"product","2":"type-product","3":"status-publish","4":"has-post-thumbnail","6":"product_cat-tool-bag","7":"product_cat-fishing-bag","9":"first","10":"instock","11":"shipping-taxable","12":"product-type-simple"},"uagb_featured_image_src":{"full":["https:\/\/pecbag.com\/wp-content\/uploads\/2025\/06\/Custom-5.jpg",1500,1500,false],"thumbnail":["https:\/\/pecbag.com\/wp-content\/uploads\/2025\/06\/Custom-5-150x150.jpg",150,150,true],"medium":["https:\/\/pecbag.com\/wp-content\/uploads\/2025\/06\/Custom-5-300x300.jpg",300,300,true],"medium_large":["https:\/\/pecbag.com\/wp-content\/uploads\/2025\/06\/Custom-5-768x768.jpg",768,768,true],"large":["https:\/\/pecbag.com\/wp-content\/uploads\/2025\/06\/Custom-5-1024x1024.jpg",800,800,true],"1536x1536":["https:\/\/pecbag.com\/wp-content\/uploads\/2025\/06\/Custom-5.jpg",1500,1500,false],"2048x2048":["https:\/\/pecbag.com\/wp-content\/uploads\/2025\/06\/Custom-5.jpg",1500,1500,false],"trp-custom-language-flag":["https:\/\/pecbag.com\/wp-content\/uploads\/2025\/06\/Custom-5-12x12.jpg",12,12,true],"woocommerce_thumbnail":["https:\/\/pecbag.com\/wp-content\/uploads\/2025\/06\/Custom-5-300x300.jpg",300,300,true],"woocommerce_single":["https:\/\/pecbag.com\/wp-content\/uploads\/2025\/06\/Custom-5-600x600.jpg",600,600,true],"woocommerce_gallery_thumbnail":["https:\/\/pecbag.com\/wp-content\/uploads\/2025\/06\/Custom-5-100x100.jpg",100,100,true]},"uagb_author_info":{"display_name":"Lawrence","author_link":"https:\/\/pecbag.com\/de\/author\/"},"uagb_comment_info":0,"uagb_excerpt":"Custom Tactical Military Tool Bag 1. FRONT HIDDEN POCKET: This pouch has a front compartment with Hook-N-Loop closure, the front exterior has two large compartments with a magic sticker flap closure to ensure your items well organized and strong loading capacity. 2. MOLLE MOUNTED:\u00a0Molle admin pouch equips 2 back Molle back straps with strong snaps&hellip;","_links":{"self":[{"href":"https:\/\/pecbag.com\/de\/wp-json\/wp\/v2\/product\/4210","targetHints":{"allow":["GET"]}}],"collection":[{"href":"https:\/\/pecbag.com\/de\/wp-json\/wp\/v2\/product"}],"about":[{"href":"https:\/\/pecbag.com\/de\/wp-json\/wp\/v2\/types\/product"}],"wp:featuredmedia":[{"embeddable":true,"href":"https:\/\/pecbag.com\/de\/wp-json\/wp\/v2\/media\/4217"}],"wp:attachment":[{"href":"https:\/\/pecbag.com\/de\/wp-json\/wp\/v2\/media?parent=4210"}],"wp:term":[{"taxonomy":"product_brand","embeddable":true,"href":"https:\/\/pecbag.com\/de\/wp-json\/wp\/v2\/product_brand?post=4210"},{"taxonomy":"product_cat","embeddable":true,"href":"https:\/\/pecbag.com\/de\/wp-json\/wp\/v2\/product_cat?post=4210"},{"taxonomy":"product_tag","embeddable":true,"href":"https:\/\/pecbag.com\/de\/wp-json\/wp\/v2\/product_tag?post=4210"}],"curies":[{"name":"wp","href":"https:\/\/api.w.org\/{rel}","templated":true}]}}