{"id":4219,"date":"2025-06-27T03:48:50","date_gmt":"2025-06-27T03:48:50","guid":{"rendered":"https:\/\/pecbag.com\/?post_type=product&#038;p=4219"},"modified":"2025-11-29T01:18:14","modified_gmt":"2025-11-29T01:18:14","slug":"premium-firefighter-turnout-fire-gear-tool-bag","status":"publish","type":"product","link":"https:\/\/pecbag.com\/de\/premium-firefighter-turnout-fire-gear-tool-bag\/","title":{"rendered":"Premium Firefighter Turnout Feuer Ausr\u00fcstung Werkzeugtasche"},"content":{"rendered":"<h5 title=\"Faltbare Hundetasche Atmungsaktives Mesh Haustier Umh\u00e4ngetasche f\u00fcr kleine Haustier Hund Katzen\" data-immersive-translate-walked=\"1c928421-2e42-4cd3-8754-5404553c0af5\" data-immersive-translate-paragraph=\"1\" data-spm-anchor-id=\"a2700.details.0.i35.4f6757d4w4zNZA\"><strong>Premium-Feuerwehrmann Turnout Feuer Gear Tool Bag Factory | Waterproof Bag Factory &amp; Tactical Backpack Hersteller | First-Responder Grade<\/strong><\/h5>\n<p>Ben\u00f6tigen Sie NFPA-konforme Premium-Feuerwehrausr\u00fcstungen und Werkzeugtaschen f\u00fcr Rettungsdienste? Als zertifizierter Hersteller von wasserdichten Taschen und taktischen Rucks\u00e4cken in China (Tool Bag China) entwickeln wir Werkzeugtaschen f\u00fcr Ersthelfer mit flammfesten Materialien, w\u00e4rmereflektierenden Streifen und einer Organisation mit schnellem Zugriff. Gehen Sie eine Partnerschaft mit unserem Hersteller von Werkzeugtaschen ein, wenn Sie Gro\u00dfbestellungen f\u00fcr Werkzeugtaschen aufgeben m\u00f6chten - Gro\u00dfh\u00e4ndler, kommunale Lieferanten und Verk\u00e4ufer von Werkzeugtaschen auf der ganzen Welt vertrauen auf uns.<\/p>\n<div class=\"flex flex-grow flex-col max-w-full\">\n<div class=\"min-h-[20px] text-message flex w-full flex-col items-end gap-2 whitespace-pre-wrap break-words [.text-message+&amp;]:mt-5 overflow-x-auto\" dir=\"auto\" data-message-author-role=\"assistant\" data-message-id=\"3d7d46f6-7ec2-4222-9257-48fa0bba23c6\" data-suggestions=\"true\">\n<div class=\"flex w-full flex-col gap-1 empty:hidden first:pt-[3px]\">\n<div class=\"markdown prose w-full break-words dark:prose-invert light\">\n<table width=\"288\">\n<tbody>\n<tr>\n<td width=\"137\"><span style=\"color: #333333;\">Produkte Name<\/span><\/td>\n<td width=\"151\">Werkzeugtasche<\/td>\n<\/tr>\n<tr>\n<td><span style=\"color: #333333;\">Artikel Nr.<\/span><\/td>\n<td><span style=\"color: #333333;\">PB-2125<\/span><\/td>\n<\/tr>\n<tr>\n<td><span style=\"color: #333333;\">Material<\/span><\/td>\n<td>Ripstop<\/td>\n<\/tr>\n<tr>\n<td><span style=\"color: #333333;\">Gr\u00f6\u00dfe und Farbe<\/span><\/td>\n<td>27 x 17 x 13 Zoll<\/td>\n<\/tr>\n<tr>\n<td><span style=\"color: #333333;\">\u00a0Lieferfrist<\/span><\/td>\n<td><span style=\"color: #333333;\">1-5 Tage f\u00fcr kleine Mengen auf dem Luftweg und 30-35 Tage f\u00fcr gro\u00dfe Mengen auf dem Seeweg<\/span><\/td>\n<\/tr>\n<\/tbody>\n<\/table>\n<p class=\"ds-markdown-paragraph\">\ud83d\udd25\u00a0<strong>Warum Feuerwehren unsere Taschen bevorzugen:<\/strong><\/p>\n<ul>\n<li>\n<p class=\"ds-markdown-paragraph\"><strong>Weichengerechtes Design<\/strong>: 500\u00b0F-best\u00e4ndige Materialien + Hi-Vis-Reflexionsstreifen (entspricht den NFPA 1971-Normen)<\/p>\n<\/li>\n<li>\n<p class=\"ds-markdown-paragraph\">Werkzeugtaschen ODM\/OEM mit umfassenden Dienstleistungen f\u00fcr Werkzeugtaschen unter eigener Marke<\/p>\n<\/li>\n<li>\n<p class=\"ds-markdown-paragraph\">Niedrige MOQ-Werkzeugtasche Massenproduktion (75+ Einheiten)<\/p>\n<\/li>\n<li>\n<p class=\"ds-markdown-paragraph\">Expressversand f\u00fcr Werkzeugtaschen aus unserer sicheren Fabrik<\/p>\n<\/li>\n<li>\n<p class=\"ds-markdown-paragraph\">20+ Jahre als zuverl\u00e4ssiger Lieferant von Werkzeugtaschen f\u00fcr Rettungsdienste<\/p>\n<\/li>\n<\/ul>\n<p class=\"ds-markdown-paragraph\">\ud83d\ude92\u00a0<strong>Lebensrettende Eigenschaften:<\/strong><br \/>\n- Nomex\u00ae\/Kevlar\u00ae-Mischgewebe (ASTM F2733 zertifiziert)<br \/>\n- Molle-kompatibel f\u00fcr SCBA-Integration + Funkschlaufen<br \/>\n- Wasserdichte F\u00e4cher + Dekon-Drainaget\u00fcllen<br \/>\n- Kundenspezifische Konfigurationen \u00fcber Tool Bag OEM<\/p>\n<p class=\"ds-markdown-paragraph\">Ideal f\u00fcr Werkzeugtaschenunternehmen, kommunale Verteiler und Gro\u00dfhandelsnetze f\u00fcr Werkzeugtaschen. Fordern Sie noch heute KOSTENLOSE Brenntestberichte von Ihrem speziellen Werkzeugtaschenhersteller an!<\/p>\n<\/div>\n<\/div>\n<\/div>\n<\/div>","protected":false},"excerpt":{"rendered":"<h2 data-immersive-translate-walked=\"344be1c1-5052-41eb-8fcd-0dbe236a0d6b\" data-immersive-translate-paragraph=\"1\">Premium Firefighter Turnout Feuer Ausr\u00fcstung Werkzeugtasche<\/h2>\n<div>\n<p>1. Die Feuerwehrausr\u00fcstungstasche hat einen verst\u00e4rkten Boden mit Gurtbandgriffen, die um die Tasche gewickelt sind, einen gepolsterten Tragegriff.<\/p>\n<p>2. Wir haben unsere Weichenausr\u00fcstungstasche so gestaltet, dass sie leichter zu greifen, \u00fcber die Schulter zu werfen und schnell zu reagieren ist, indem wir lange, hochbelastbare Metallbeschl\u00e4ge, einen abnehmbaren, verstellbaren, gepolsterten Schultergurt mit Metallclips eingebaut haben.<\/p>\n<\/div>","protected":false},"featured_media":4224,"template":"","meta":{"_uag_custom_page_level_css":""},"product_brand":[],"product_cat":[49],"product_tag":[],"class_list":{"0":"post-4219","1":"product","2":"type-product","3":"status-publish","4":"has-post-thumbnail","6":"product_cat-tool-bag","8":"first","9":"instock","10":"shipping-taxable","11":"product-type-simple"},"uagb_featured_image_src":{"full":["https:\/\/pecbag.com\/wp-content\/uploads\/2025\/06\/Premium-Firefighter-Turnout-Fire-Gear-Tool-Bag-2.jpg",2000,2000,false],"thumbnail":["https:\/\/pecbag.com\/wp-content\/uploads\/2025\/06\/Premium-Firefighter-Turnout-Fire-Gear-Tool-Bag-2-150x150.jpg",150,150,true],"medium":["https:\/\/pecbag.com\/wp-content\/uploads\/2025\/06\/Premium-Firefighter-Turnout-Fire-Gear-Tool-Bag-2-300x300.jpg",300,300,true],"medium_large":["https:\/\/pecbag.com\/wp-content\/uploads\/2025\/06\/Premium-Firefighter-Turnout-Fire-Gear-Tool-Bag-2-768x768.jpg",768,768,true],"large":["https:\/\/pecbag.com\/wp-content\/uploads\/2025\/06\/Premium-Firefighter-Turnout-Fire-Gear-Tool-Bag-2-1024x1024.jpg",800,800,true],"1536x1536":["https:\/\/pecbag.com\/wp-content\/uploads\/2025\/06\/Premium-Firefighter-Turnout-Fire-Gear-Tool-Bag-2-1536x1536.jpg",1536,1536,true],"2048x2048":["https:\/\/pecbag.com\/wp-content\/uploads\/2025\/06\/Premium-Firefighter-Turnout-Fire-Gear-Tool-Bag-2.jpg",2000,2000,false],"trp-custom-language-flag":["https:\/\/pecbag.com\/wp-content\/uploads\/2025\/06\/Premium-Firefighter-Turnout-Fire-Gear-Tool-Bag-2-12x12.jpg",12,12,true],"woocommerce_thumbnail":["https:\/\/pecbag.com\/wp-content\/uploads\/2025\/06\/Premium-Firefighter-Turnout-Fire-Gear-Tool-Bag-2-300x300.jpg",300,300,true],"woocommerce_single":["https:\/\/pecbag.com\/wp-content\/uploads\/2025\/06\/Premium-Firefighter-Turnout-Fire-Gear-Tool-Bag-2-600x600.jpg",600,600,true],"woocommerce_gallery_thumbnail":["https:\/\/pecbag.com\/wp-content\/uploads\/2025\/06\/Premium-Firefighter-Turnout-Fire-Gear-Tool-Bag-2-100x100.jpg",100,100,true]},"uagb_author_info":{"display_name":"Lawrence","author_link":"https:\/\/pecbag.com\/de\/author\/"},"uagb_comment_info":0,"uagb_excerpt":"Premium Firefighter Turnout Fire Gear Tool Bag 1. The firefighter gear bag has a reinforced bottom with webbing handles wrapped around the bag, a padded carrying handle. 2. We've made our turnout gear bag easier to grab, throw over a shoulder, and respond quickly by including long, heavy-duty metal hardware, a removable, adjustable padded shoulder&hellip;","_links":{"self":[{"href":"https:\/\/pecbag.com\/de\/wp-json\/wp\/v2\/product\/4219","targetHints":{"allow":["GET"]}}],"collection":[{"href":"https:\/\/pecbag.com\/de\/wp-json\/wp\/v2\/product"}],"about":[{"href":"https:\/\/pecbag.com\/de\/wp-json\/wp\/v2\/types\/product"}],"wp:featuredmedia":[{"embeddable":true,"href":"https:\/\/pecbag.com\/de\/wp-json\/wp\/v2\/media\/4224"}],"wp:attachment":[{"href":"https:\/\/pecbag.com\/de\/wp-json\/wp\/v2\/media?parent=4219"}],"wp:term":[{"taxonomy":"product_brand","embeddable":true,"href":"https:\/\/pecbag.com\/de\/wp-json\/wp\/v2\/product_brand?post=4219"},{"taxonomy":"product_cat","embeddable":true,"href":"https:\/\/pecbag.com\/de\/wp-json\/wp\/v2\/product_cat?post=4219"},{"taxonomy":"product_tag","embeddable":true,"href":"https:\/\/pecbag.com\/de\/wp-json\/wp\/v2\/product_tag?post=4219"}],"curies":[{"name":"wp","href":"https:\/\/api.w.org\/{rel}","templated":true}]}}