{"id":4241,"date":"2025-06-28T06:38:30","date_gmt":"2025-06-28T06:38:30","guid":{"rendered":"https:\/\/pecbag.com\/?post_type=product&#038;p=4241"},"modified":"2025-11-29T01:14:38","modified_gmt":"2025-11-29T01:14:38","slug":"tsa-approved-quart-size-bag-factory","status":"publish","type":"product","link":"https:\/\/pecbag.com\/de\/tsa-approved-quart-size-bag-factory\/","title":{"rendered":"TSA genehmigte Quart Gr\u00f6\u00dfe Tasche Fabrik"},"content":{"rendered":"<h5 title=\"Faltbare Hundetasche Atmungsaktives Mesh Haustier Umh\u00e4ngetasche f\u00fcr kleine Haustier Hund Katzen\" data-immersive-translate-walked=\"1c928421-2e42-4cd3-8754-5404553c0af5\" data-immersive-translate-paragraph=\"1\" data-spm-anchor-id=\"a2700.details.0.i35.4f6757d4w4zNZA\"><strong>TSA Approved Quart Size Bag Factory | Compliant Waterproof Bag Factory &amp; Travel Backpack Manufacturer | Security-Check Ready<\/strong><\/h5>\n<p>Ben\u00f6tigen Sie zuverl\u00e4ssige, von der TSA zugelassene Quart-Beutel f\u00fcr Ihr Reisezubeh\u00f6rsortiment? Als zertifizierter Hersteller von wasserdichten Taschen und Reiserucks\u00e4cken in China (Makeup Bag China) produzieren wir konforme 7\u2033x8\u2033 durchsichtige Quart-Bags mit TSA Pre-Check-Stempeln, auslaufsicheren Dichtungen und haltbarem PVC-Material. Partner mit unserem Make-up Tasche Hersteller f\u00fcr Make-up Tasche Gro\u00dfauftr\u00e4ge - vertrauensw\u00fcrdig von Make-up Tasche Gro\u00dfh\u00e4ndler, Reise Einzelh\u00e4ndler und Make-up Tasche Verk\u00e4ufer weltweit.<\/p>\n<div class=\"flex flex-grow flex-col max-w-full\">\n<div class=\"min-h-[20px] text-message flex w-full flex-col items-end gap-2 whitespace-pre-wrap break-words [.text-message+&amp;]:mt-5 overflow-x-auto\" dir=\"auto\" data-message-author-role=\"assistant\" data-message-id=\"3d7d46f6-7ec2-4222-9257-48fa0bba23c6\" data-suggestions=\"true\">\n<div class=\"flex w-full flex-col gap-1 empty:hidden first:pt-[3px]\">\n<div class=\"markdown prose w-full break-words dark:prose-invert light\">\n<table width=\"288\">\n<tbody>\n<tr>\n<td width=\"137\"><span style=\"color: #333333;\">Produkte Name<\/span><\/td>\n<td width=\"151\"><span style=\"color: #333333;\">Kosmetiktasche<\/span><\/td>\n<\/tr>\n<tr>\n<td><span style=\"color: #333333;\">Artikel Nr.<\/span><\/td>\n<td><span style=\"color: #333333;\">PB-2128<\/span><\/td>\n<\/tr>\n<tr>\n<td><span style=\"color: #333333;\">Material<\/span><\/td>\n<td>PVC-Kunststoff<\/td>\n<\/tr>\n<tr>\n<td><span style=\"color: #333333;\">Gr\u00f6\u00dfe<\/span><\/td>\n<td>5,5 x 1,5 x 7 Zoll<\/td>\n<\/tr>\n<tr>\n<td><span style=\"color: #333333;\">\u00a0Lieferfrist<\/span><\/td>\n<td><span style=\"color: #333333;\">1-5 Tage f\u00fcr kleine Mengen auf dem Luftweg und 30-35 Tage f\u00fcr gro\u00dfe Mengen auf dem Seeweg<\/span><\/td>\n<\/tr>\n<\/tbody>\n<\/table>\n<p class=\"ds-markdown-paragraph\">\u2705\u00a0<strong>Warum Reisemarken uns w\u00e4hlen:<\/strong><\/p>\n<ul>\n<li>\n<p class=\"ds-markdown-paragraph\"><strong>Garantierte Konformit\u00e4t<\/strong>: Vorgedruckte TSA-3-1-1-Etiketten + exakte 7\u2033x8\u2033-Abmessungen (besteht 100%-Flughafentests)<\/p>\n<\/li>\n<li>\n<p class=\"ds-markdown-paragraph\">Kosmetiktasche ODM\/OEM mit umfassenden Dienstleistungen f\u00fcr Kosmetiktaschen unter eigener Marke<\/p>\n<\/li>\n<li>\n<p class=\"ds-markdown-paragraph\">Niedrige MOQ Makeup Tasche Massenproduktion<\/p>\n<\/li>\n<li>\n<p class=\"ds-markdown-paragraph\">Schnelle Makeup Tasche Export von unserem ISO-zertifizierten Makeup Tasche Fabrik<\/p>\n<\/li>\n<li>\n<p class=\"ds-markdown-paragraph\">Seit mehr als 10 Jahren ein f\u00fchrender Anbieter von Kosmetiktaschen f\u00fcr Reisezubeh\u00f6r<\/p>\n<\/li>\n<\/ul>\n<p class=\"ds-markdown-paragraph\">\u2708\ufe0f\u00a0<strong>Sicherheitspr\u00fcfung bereit Merkmale:<\/strong><br \/>\n- 0,15 mm kristallklares PVC (besteht ASTM D1709 Schlagpr\u00fcfung)<br \/>\n- Doppelt abgedichteter Rei\u00dfverschluss + verst\u00e4rkte Zwickel<br \/>\n- Anpassbare vorgedruckte TSA-Richtlinien<br \/>\n- Branding-Optionen \u00fcber Makeup Bag OEM<\/p>\n<p class=\"ds-markdown-paragraph\">Ideal f\u00fcr Kosmetiktaschenunternehmen, Flughafeneinzelh\u00e4ndler und Kosmetiktaschen-Gro\u00dfhandelsnetze. Fordern Sie noch heute KOSTENLOSE TSA-Pr\u00fcfberichte von Ihrem speziellen Schminktaschenhersteller an!<\/p>\n<\/div>\n<\/div>\n<\/div>\n<\/div>","protected":false},"excerpt":{"rendered":"<h2 data-immersive-translate-walked=\"344be1c1-5052-41eb-8fcd-0dbe236a0d6b\" data-immersive-translate-paragraph=\"1\">TSA genehmigte Quart Gr\u00f6\u00dfe Tasche Fabrik<\/h2>\n<p><span class=\"a-list-item\" data-immersive-translate-walked=\"715acf7f-eace-48a9-ba5a-e6299d7cb9a1\" data-immersive-translate-paragraph=\"1\">1. TSA-zugelassene Kulturtasche: (Gr\u00f6\u00dfe 7 x 5,5 x 1,5 Zoll) Entspricht der Gr\u00f6\u00dfe von Quart-Beuteln und ist damit eine echte TSA-zugelassene Gr\u00f6\u00dfe. Au\u00dferdem ist unsere 311 Reisetasche v\u00f6llig durchsichtig und erf\u00fcllt alle TSA-Anforderungen.<\/span><\/p>\n<p><span class=\"a-list-item\" data-immersive-translate-walked=\"715acf7f-eace-48a9-ba5a-e6299d7cb9a1\" data-immersive-translate-paragraph=\"1\">2. Zus\u00e4tzliches Fach: Unsere durchsichtige Kosmetiktasche hat ein zus\u00e4tzliches Fach f\u00fcr Wattepads, Ohrst\u00f6psel und andere kleine Gegenst\u00e4nde. Diese transparente Rei\u00dfverschlusstasche hat auch Halterungen f\u00fcr eine Zahnb\u00fcrste oder einen Rasierapparat.<\/span><\/p>\n<p><span class=\"a-list-item\" data-immersive-translate-walked=\"715acf7f-eace-48a9-ba5a-e6299d7cb9a1\" data-immersive-translate-paragraph=\"1\">3. Bequemer Griff: Dieser durchsichtige Kulturbeutel verf\u00fcgt \u00fcber einen kleinen Griff, mit dem Sie Ihre Toilettenartikel im Badezimmer leicht verwalten k\u00f6nnen. Der Kulturbeutel in Reisegr\u00f6\u00dfe kann leicht aus dem Gep\u00e4ck gezogen werden.<\/span><\/p>\n<p><span class=\"a-list-item\" data-immersive-translate-walked=\"715acf7f-eace-48a9-ba5a-e6299d7cb9a1\" data-immersive-translate-paragraph=\"1\">4. Hochwertige Materialien: Die durchsichtige Olanmark-Reisetasche in Quart-Gr\u00f6\u00dfe ist aus haltbarem PVC-Kunststoff gefertigt. Unsere Kosmetiktasche f\u00fcr Autos verf\u00fcgt au\u00dferdem \u00fcber einen zuverl\u00e4ssigen Rei\u00dfverschluss, der eine dauerhafte Nutzung und Aufbewahrung gew\u00e4hrleistet.<\/span><\/p>","protected":false},"featured_media":4243,"template":"","meta":{"_uag_custom_page_level_css":""},"product_brand":[],"product_cat":[53],"product_tag":[],"class_list":{"0":"post-4241","1":"product","2":"type-product","3":"status-publish","4":"has-post-thumbnail","6":"product_cat-makeup-bag","8":"first","9":"instock","10":"shipping-taxable","11":"product-type-simple"},"uagb_featured_image_src":{"full":["https:\/\/pecbag.com\/wp-content\/uploads\/2025\/06\/TSA-Approved-Quart-Size-Bag-Factory-4.jpg",2000,2000,false],"thumbnail":["https:\/\/pecbag.com\/wp-content\/uploads\/2025\/06\/TSA-Approved-Quart-Size-Bag-Factory-4-150x150.jpg",150,150,true],"medium":["https:\/\/pecbag.com\/wp-content\/uploads\/2025\/06\/TSA-Approved-Quart-Size-Bag-Factory-4-300x300.jpg",300,300,true],"medium_large":["https:\/\/pecbag.com\/wp-content\/uploads\/2025\/06\/TSA-Approved-Quart-Size-Bag-Factory-4-768x768.jpg",768,768,true],"large":["https:\/\/pecbag.com\/wp-content\/uploads\/2025\/06\/TSA-Approved-Quart-Size-Bag-Factory-4-1024x1024.jpg",800,800,true],"1536x1536":["https:\/\/pecbag.com\/wp-content\/uploads\/2025\/06\/TSA-Approved-Quart-Size-Bag-Factory-4-1536x1536.jpg",1536,1536,true],"2048x2048":["https:\/\/pecbag.com\/wp-content\/uploads\/2025\/06\/TSA-Approved-Quart-Size-Bag-Factory-4.jpg",2000,2000,false],"trp-custom-language-flag":["https:\/\/pecbag.com\/wp-content\/uploads\/2025\/06\/TSA-Approved-Quart-Size-Bag-Factory-4-12x12.jpg",12,12,true],"woocommerce_thumbnail":["https:\/\/pecbag.com\/wp-content\/uploads\/2025\/06\/TSA-Approved-Quart-Size-Bag-Factory-4-300x300.jpg",300,300,true],"woocommerce_single":["https:\/\/pecbag.com\/wp-content\/uploads\/2025\/06\/TSA-Approved-Quart-Size-Bag-Factory-4-600x600.jpg",600,600,true],"woocommerce_gallery_thumbnail":["https:\/\/pecbag.com\/wp-content\/uploads\/2025\/06\/TSA-Approved-Quart-Size-Bag-Factory-4-100x100.jpg",100,100,true]},"uagb_author_info":{"display_name":"Lawrence","author_link":"https:\/\/pecbag.com\/de\/author\/"},"uagb_comment_info":0,"uagb_excerpt":"TSA Approved Quart Size Bag Factory 1. TSA-approved toiletry bag: (size 7 x 5.5 x 1.5 inches) Matches quart-size bags, making it a true TSA-approved size. Additionally, our 311 travel bag is fully clear, meeting all TSA requirements. 2. Additional pocket: Our clear makeup bag organizer has an extra pocket for cotton discs, earplugs, and&hellip;","_links":{"self":[{"href":"https:\/\/pecbag.com\/de\/wp-json\/wp\/v2\/product\/4241","targetHints":{"allow":["GET"]}}],"collection":[{"href":"https:\/\/pecbag.com\/de\/wp-json\/wp\/v2\/product"}],"about":[{"href":"https:\/\/pecbag.com\/de\/wp-json\/wp\/v2\/types\/product"}],"wp:featuredmedia":[{"embeddable":true,"href":"https:\/\/pecbag.com\/de\/wp-json\/wp\/v2\/media\/4243"}],"wp:attachment":[{"href":"https:\/\/pecbag.com\/de\/wp-json\/wp\/v2\/media?parent=4241"}],"wp:term":[{"taxonomy":"product_brand","embeddable":true,"href":"https:\/\/pecbag.com\/de\/wp-json\/wp\/v2\/product_brand?post=4241"},{"taxonomy":"product_cat","embeddable":true,"href":"https:\/\/pecbag.com\/de\/wp-json\/wp\/v2\/product_cat?post=4241"},{"taxonomy":"product_tag","embeddable":true,"href":"https:\/\/pecbag.com\/de\/wp-json\/wp\/v2\/product_tag?post=4241"}],"curies":[{"name":"wp","href":"https:\/\/api.w.org\/{rel}","templated":true}]}}