{"id":4285,"date":"2025-07-02T06:12:44","date_gmt":"2025-07-02T06:12:44","guid":{"rendered":"https:\/\/pecbag.com\/?post_type=product&#038;p=4285"},"modified":"2025-11-29T01:13:52","modified_gmt":"2025-11-29T01:13:52","slug":"magazine-slots-tactical-duffle-bag-vendor","status":"publish","type":"product","link":"https:\/\/pecbag.com\/de\/magazine-slots-tactical-duffle-bag-vendor\/","title":{"rendered":"Magazinschlitze Tactical Duffle Bag Verk\u00e4ufer"},"content":{"rendered":"<h5 title=\"Faltbare Hundetasche Atmungsaktives Mesh Haustier Umh\u00e4ngetasche f\u00fcr kleine Haustier Hund Katzen\" data-immersive-translate-walked=\"1c928421-2e42-4cd3-8754-5404553c0af5\" data-immersive-translate-paragraph=\"1\" data-spm-anchor-id=\"a2700.details.0.i35.4f6757d4w4zNZA\"><strong>Magazine Slots Tactical Duffle Bag Vendor | Waterproof Bag Factory &amp; Tactical Backpack Manufacturer | Duty-Ready Bulk<\/strong><\/h5>\n<p>Ben\u00f6tigen Sie taktische Sees\u00e4cke mit speziellen Magazinf\u00e4chern f\u00fcr Milit\u00e4r- oder Sicherheitsverteiler? Als zertifizierter Hersteller von wasserdichten Taschen und taktischen Rucks\u00e4cken in China (Tactical Bag China) entwickeln wir einsatzbereite Taschen mit schnell zug\u00e4nglichen Munitionsf\u00e4chern, MOLLE-Eins\u00e4tzen und Unterwasserschutz. Gehen Sie eine Partnerschaft mit unserem Hersteller von taktischen Taschen ein, wenn Sie Gro\u00dfbestellungen f\u00fcr taktische Taschen aufgeben m\u00f6chten - mit dem Vertrauen von Regierungslieferanten und Anbietern von taktischen Taschen weltweit.<\/p>\n<div class=\"flex flex-grow flex-col max-w-full\">\n<div class=\"min-h-[20px] text-message flex w-full flex-col items-end gap-2 whitespace-pre-wrap break-words [.text-message+&amp;]:mt-5 overflow-x-auto\" dir=\"auto\" data-message-author-role=\"assistant\" data-message-id=\"3d7d46f6-7ec2-4222-9257-48fa0bba23c6\" data-suggestions=\"true\">\n<div class=\"flex w-full flex-col gap-1 empty:hidden first:pt-[3px]\">\n<div class=\"markdown prose w-full break-words dark:prose-invert light\">\n<table width=\"288\">\n<tbody>\n<tr>\n<td width=\"137\"><span style=\"color: #333333;\">Produkte Name<\/span><\/td>\n<td width=\"151\">Taktische Tasche<\/td>\n<\/tr>\n<tr>\n<td><span style=\"color: #333333;\">Artikel Nr.<\/span><\/td>\n<td><span style=\"color: #333333;\">PB-2131<\/span><\/td>\n<\/tr>\n<tr>\n<td><span style=\"color: #333333;\">Material<\/span><\/td>\n<td>600D Polyester<\/td>\n<\/tr>\n<tr>\n<td><span style=\"color: #333333;\">Gr\u00f6\u00dfe<\/span><\/td>\n<td>42 x 32 x 23 cm<\/td>\n<\/tr>\n<tr>\n<td><span style=\"color: #333333;\">\u00a0Lieferfrist<\/span><\/td>\n<td><span style=\"color: #333333;\">1-5 Tage f\u00fcr kleine Mengen auf dem Luftweg und 30-35 Tage f\u00fcr gro\u00dfe Mengen auf dem Seeweg<\/span><\/td>\n<\/tr>\n<\/tbody>\n<\/table>\n<p class=\"ds-markdown-paragraph\">\u2705\u00a0<strong>Warum taktische Vertriebspartner uns w\u00e4hlen:<\/strong><\/p>\n<ul>\n<li>\n<p class=\"ds-markdown-paragraph\"><strong>Schnelles Nachladen Design<\/strong>: Dedizierte Magazinf\u00e4cher (f\u00fcr 8+ Standardmagazine) + abrei\u00dfbares Verwaltungsfeld<\/p>\n<\/li>\n<li>\n<p class=\"ds-markdown-paragraph\">Tactical Bag ODM\/OEM mit kompletten Tactical Bag Private Label Dienstleistungen<\/p>\n<\/li>\n<li>\n<p class=\"ds-markdown-paragraph\">Niedriges MOQ Taktische Tasche Massenproduktion<\/p>\n<\/li>\n<li>\n<p class=\"ds-markdown-paragraph\">Diskrete taktische Tasche Export von unseren sicheren taktische Tasche Fabrik<\/p>\n<\/li>\n<li>\n<p class=\"ds-markdown-paragraph\">Produzieren auch Make-up-Taschen f\u00fcr kommerzielle Marken<\/p>\n<\/li>\n<\/ul>\n<p class=\"ds-markdown-paragraph\">\ud83c\udf92\u00a0<strong>Praxiserprobte Merkmale:<\/strong><br \/>\n- IPX7 wasserdichtes Hauptfach + Entw\u00e4sserungst\u00fcllen<br \/>\n- 1000D Cordura-Nylon mit abriebfester Unterseite<br \/>\n- Verwandelbare Trageweise (Schulter\/Rucksack\/Handgriffe)<br \/>\n- Kundenspezifische Steckplatzkonfigurationen \u00fcberTactical Bag OEM<\/p>\n<p class=\"ds-markdown-paragraph\">Ideal f\u00fcr Unternehmen, die taktische Taschen anbieten, Verteidigungsh\u00e4ndler und Lieferantennetzwerke f\u00fcr taktische Taschen. Fordern Sie noch heute KOSTENLOSE Demo-Videos von Ihrem Tactical Bag-Anbieter an!<\/p>\n<\/div>\n<\/div>\n<\/div>\n<\/div>","protected":false},"excerpt":{"rendered":"<h2 data-immersive-translate-walked=\"344be1c1-5052-41eb-8fcd-0dbe236a0d6b\" data-immersive-translate-paragraph=\"1\">Magazinschlitze Tactical Duffle Bag Verk\u00e4ufer<\/h2>\n<div class=\"sliderTable mt10 mb10 sliderTable-index0\">\n<div class=\"inner\">\n<p><strong>1. GROSSE KAPAZIT\u00c4T: <\/strong>Die vordere Rei\u00dfverschlusstasche mit 9 F\u00e4chern bietet Platz f\u00fcr Magazine und Ohrensch\u00fctzer. 2 Vordertaschen mit Molle-Gurtband, 2 Seitentaschen mit Rei\u00dfverschluss und 1 Flaschenhalter k\u00f6nnen Ihr Telefon, Ihre Brieftasche, Munition, Schie\u00dfbrille, Flasche und so weiter aufnehmen. Die R\u00fcckentasche bietet auch Platz f\u00fcr Ihr Schie\u00dfzubeh\u00f6r.<\/p>\n<p><strong>2. MOLLE-SYSTEM: <\/strong>Das MOLLE-Gewebe auf der Vorderseite und an den Seiten der Range Duffle Bag erweitert das Fassungsverm\u00f6gen und verleiht der Tasche ein elegantes Aussehen. Sie k\u00f6nnen Ihre MOLLE-Taschen und Ausr\u00fcstung anbringen, um mehr Ausr\u00fcstung und andere wichtige Dinge zu transportieren.<\/p>\n<\/div>\n<\/div>","protected":false},"featured_media":4286,"template":"","meta":{"_uag_custom_page_level_css":""},"product_brand":[],"product_cat":[55,63],"product_tag":[],"class_list":{"0":"post-4285","1":"product","2":"type-product","3":"status-publish","4":"has-post-thumbnail","6":"product_cat-tactical-bag","7":"product_cat-duffel-bag","9":"first","10":"instock","11":"shipping-taxable","12":"product-type-simple"},"uagb_featured_image_src":{"full":["https:\/\/pecbag.com\/wp-content\/uploads\/2025\/07\/Magazine-Slots-Tactical-Duffle-Bag-Vendor-6.jpg",800,800,false],"thumbnail":["https:\/\/pecbag.com\/wp-content\/uploads\/2025\/07\/Magazine-Slots-Tactical-Duffle-Bag-Vendor-6-150x150.jpg",150,150,true],"medium":["https:\/\/pecbag.com\/wp-content\/uploads\/2025\/07\/Magazine-Slots-Tactical-Duffle-Bag-Vendor-6-300x300.jpg",300,300,true],"medium_large":["https:\/\/pecbag.com\/wp-content\/uploads\/2025\/07\/Magazine-Slots-Tactical-Duffle-Bag-Vendor-6-768x768.jpg",768,768,true],"large":["https:\/\/pecbag.com\/wp-content\/uploads\/2025\/07\/Magazine-Slots-Tactical-Duffle-Bag-Vendor-6.jpg",800,800,false],"1536x1536":["https:\/\/pecbag.com\/wp-content\/uploads\/2025\/07\/Magazine-Slots-Tactical-Duffle-Bag-Vendor-6.jpg",800,800,false],"2048x2048":["https:\/\/pecbag.com\/wp-content\/uploads\/2025\/07\/Magazine-Slots-Tactical-Duffle-Bag-Vendor-6.jpg",800,800,false],"trp-custom-language-flag":["https:\/\/pecbag.com\/wp-content\/uploads\/2025\/07\/Magazine-Slots-Tactical-Duffle-Bag-Vendor-6-12x12.jpg",12,12,true],"woocommerce_thumbnail":["https:\/\/pecbag.com\/wp-content\/uploads\/2025\/07\/Magazine-Slots-Tactical-Duffle-Bag-Vendor-6-300x300.jpg",300,300,true],"woocommerce_single":["https:\/\/pecbag.com\/wp-content\/uploads\/2025\/07\/Magazine-Slots-Tactical-Duffle-Bag-Vendor-6-600x600.jpg",600,600,true],"woocommerce_gallery_thumbnail":["https:\/\/pecbag.com\/wp-content\/uploads\/2025\/07\/Magazine-Slots-Tactical-Duffle-Bag-Vendor-6-100x100.jpg",100,100,true]},"uagb_author_info":{"display_name":"Lawrence","author_link":"https:\/\/pecbag.com\/de\/author\/"},"uagb_comment_info":0,"uagb_excerpt":"Magazine Slots Tactical Duffle Bag Vendor 1. LARGE CAPACITY: The front zippered pocket with 9 slots can carry magazines and earmuffs. 2 front pockets with Molle webbing strap, 2 sides zipped pockets, and 1 bottle holder can carry your phone, wallet, ammo, shooting glasses, bottle, and so on. The back pocket also provides space to&hellip;","_links":{"self":[{"href":"https:\/\/pecbag.com\/de\/wp-json\/wp\/v2\/product\/4285","targetHints":{"allow":["GET"]}}],"collection":[{"href":"https:\/\/pecbag.com\/de\/wp-json\/wp\/v2\/product"}],"about":[{"href":"https:\/\/pecbag.com\/de\/wp-json\/wp\/v2\/types\/product"}],"wp:featuredmedia":[{"embeddable":true,"href":"https:\/\/pecbag.com\/de\/wp-json\/wp\/v2\/media\/4286"}],"wp:attachment":[{"href":"https:\/\/pecbag.com\/de\/wp-json\/wp\/v2\/media?parent=4285"}],"wp:term":[{"taxonomy":"product_brand","embeddable":true,"href":"https:\/\/pecbag.com\/de\/wp-json\/wp\/v2\/product_brand?post=4285"},{"taxonomy":"product_cat","embeddable":true,"href":"https:\/\/pecbag.com\/de\/wp-json\/wp\/v2\/product_cat?post=4285"},{"taxonomy":"product_tag","embeddable":true,"href":"https:\/\/pecbag.com\/de\/wp-json\/wp\/v2\/product_tag?post=4285"}],"curies":[{"name":"wp","href":"https:\/\/api.w.org\/{rel}","templated":true}]}}