{"id":4292,"date":"2025-07-02T06:36:43","date_gmt":"2025-07-02T06:36:43","guid":{"rendered":"https:\/\/pecbag.com\/?post_type=product&#038;p=4292"},"modified":"2025-11-29T01:13:43","modified_gmt":"2025-11-29T01:13:43","slug":"riding-travel-motorcycle-tactical-leg-bag-factory","status":"publish","type":"product","link":"https:\/\/pecbag.com\/de\/riding-travel-motorcycle-tactical-leg-bag-factory\/","title":{"rendered":"Reiten Reisen Motorrad taktische Bein Tasche Fabrik"},"content":{"rendered":"<h5 title=\"Faltbare Hundetasche Atmungsaktives Mesh Haustier Umh\u00e4ngetasche f\u00fcr kleine Haustier Hund Katzen\" data-immersive-translate-walked=\"1c928421-2e42-4cd3-8754-5404553c0af5\" data-immersive-translate-paragraph=\"1\" data-spm-anchor-id=\"a2700.details.0.i35.4f6757d4w4zNZA\"><strong>Reiten Reisen Motorrad Tactical Leg Bag Factory | Waterproof Bag Factory &amp; Adventure Backpack Manufacturer | On-Bike Bulk<\/strong><\/h5>\n<p>Ben\u00f6tigen Sie robuste taktische Motorrad-Beintaschen f\u00fcr Ihre Motorrad-Ausr\u00fcstung? Als zertifizierter Hersteller von wasserdichten Taschen und taktischen Rucks\u00e4cken in China (Tactical Bag China) entwickeln wir fahrtaugliche Beintaschen mit Schnellzugriff auf Magazine, vibrationsfesten Halterungen und wetterfestem Schutz. Gehen Sie eine Partnerschaft mit unserem Hersteller von taktischen Taschen ein, wenn Sie Gro\u00dfbestellungen f\u00fcr taktische Taschen aufgeben m\u00f6chten - und vertrauen Sie auf das Vertrauen von Herstellern taktischer Taschen, Motorradh\u00e4ndlern und Gro\u00dfh\u00e4ndlern von taktischen Taschen auf der ganzen Welt. <span style=\"color: #ffffff;\">Reiten Reise Motorrad Tactical Bein Tasche Fabrik Reiten Reise Motorrad Tactical Bein Tasche Fabrik Reiten Reise Motorrad Tactical Bein Tasche Fabrik<\/span><\/p>\n<div class=\"flex flex-grow flex-col max-w-full\">\n<div class=\"min-h-[20px] text-message flex w-full flex-col items-end gap-2 whitespace-pre-wrap break-words [.text-message+&amp;]:mt-5 overflow-x-auto\" dir=\"auto\" data-message-author-role=\"assistant\" data-message-id=\"3d7d46f6-7ec2-4222-9257-48fa0bba23c6\" data-suggestions=\"true\">\n<div class=\"flex w-full flex-col gap-1 empty:hidden first:pt-[3px]\">\n<div class=\"markdown prose w-full break-words dark:prose-invert light\">\n<table width=\"288\">\n<tbody>\n<tr>\n<td width=\"137\"><span style=\"color: #333333;\">Produkte Name<\/span><\/td>\n<td width=\"151\">Taktische Tasche<\/td>\n<\/tr>\n<tr>\n<td><span style=\"color: #333333;\">Artikel Nr.<\/span><\/td>\n<td><span style=\"color: #333333;\">PB-2132<\/span><\/td>\n<\/tr>\n<tr>\n<td><span style=\"color: #333333;\">Material<\/span><\/td>\n<td>500D Nylon<\/td>\n<\/tr>\n<tr>\n<td><span style=\"color: #333333;\">Gr\u00f6\u00dfe<\/span><\/td>\n<td>15 x 9 x 27 cm<\/td>\n<\/tr>\n<tr>\n<td><span style=\"color: #333333;\">\u00a0Lieferfrist<\/span><\/td>\n<td><span style=\"color: #333333;\">1-5 Tage f\u00fcr kleine Mengen auf dem Luftweg und 30-35 Tage f\u00fcr gro\u00dfe Mengen auf dem Seeweg<\/span><\/td>\n<\/tr>\n<\/tbody>\n<\/table>\n<p class=\"ds-markdown-paragraph\">\ud83c\udfcd\ufe0f\u00a0<strong>Warum Moto Brands unsere Beintaschen w\u00e4hlen:<\/strong><\/p>\n<ul>\n<li>\n<p class=\"ds-markdown-paragraph\"><strong>Rider-First-Design<\/strong>: Crash-gepr\u00fcfte Halterungen + Validierung im Windkanal bei 120km\/h<\/p>\n<\/li>\n<li>\n<p class=\"ds-markdown-paragraph\">Tactical Bag ODM\/OEM mit kompletten Tactical Bag Private Label Dienstleistungen<\/p>\n<\/li>\n<li>\n<p class=\"ds-markdown-paragraph\">Niedriges MOQ Taktische Tasche Massenproduktion<\/p>\n<\/li>\n<li>\n<p class=\"ds-markdown-paragraph\">Schnelle Taktische Tasche Export von unserem ISO-zertifizierten taktische Tasche Fabrik<\/p>\n<\/li>\n<li>\n<p class=\"ds-markdown-paragraph\">Produziert auch Make-up-Taschen in gro\u00dfen Mengen f\u00fcr Lifestyle-Marken<\/p>\n<\/li>\n<\/ul>\n<p class=\"ds-markdown-paragraph\">\ud83d\udd27\u00a0<strong>Fahrradsichere Eigenschaften:<\/strong><br \/>\n- Anti-Vibrations-MOLLE-Paneele + Schnellverschluss-Beinschlaufen<br \/>\n- IP67 wasserdichtes Hauptfach + Entw\u00e4sserungs\u00f6ffnungen<br \/>\n- Beidh\u00e4ndiger Zugang zum Magazin + Dokumententasche<br \/>\n- Kundenspezifische Konfigurationen \u00fcber Tactical Bag OEM<\/p>\n<p class=\"ds-markdown-paragraph\">Ideal f\u00fcr Unternehmen, die taktische Taschen herstellen, Motorradh\u00e4ndler und Lieferantennetze f\u00fcr taktische Taschen. Fordern Sie noch heute KOSTENLOSE Vibrationstestberichte von Ihrem speziellen Hersteller f\u00fcr taktische Taschen an!<\/p>\n<\/div>\n<\/div>\n<\/div>\n<\/div>","protected":false},"excerpt":{"rendered":"<h2 data-immersive-translate-walked=\"344be1c1-5052-41eb-8fcd-0dbe236a0d6b\" data-immersive-translate-paragraph=\"1\">Reiten Reisen Motorrad taktische Bein Tasche Fabrik<\/h2>\n<div class=\"sliderTable mt10 mb10 sliderTable-index0\">\n<div class=\"inner\">\n<p><strong>1. MOLLE-Design:<\/strong> Die kleine MOLLE-Tasche wird mit 2 MOLLE-Riemen mit starken Druckkn\u00f6pfen auf der R\u00fcckseite geliefert, so dass diese taktische Tasche frei an jedem MOLLE-System wie taktischem Rucksack\/G\u00fcrtel\/Weste usw. befestigt werden kann.<\/p>\n<p><strong>2. Kleiner K\u00f6rper, ger\u00e4umiger Stauraum:<\/strong>\u00a0Diese G\u00fcrteltasche ist mit mehreren Innentaschen ausgestattet und sorgt daf\u00fcr, dass Ihre kleinen Dinge gut organisiert und leicht zu erreichen sind.<\/p>\n<\/div>\n<\/div>","protected":false},"featured_media":4294,"template":"","meta":{"_uag_custom_page_level_css":""},"product_brand":[],"product_cat":[55,68],"product_tag":[],"class_list":{"0":"post-4292","1":"product","2":"type-product","3":"status-publish","4":"has-post-thumbnail","6":"product_cat-tactical-bag","7":"product_cat-travel-bag","9":"first","10":"instock","11":"shipping-taxable","12":"product-type-simple"},"uagb_featured_image_src":{"full":["https:\/\/pecbag.com\/wp-content\/uploads\/2025\/07\/imgi_2_1.jpg",800,800,false],"thumbnail":["https:\/\/pecbag.com\/wp-content\/uploads\/2025\/07\/imgi_2_1-150x150.jpg",150,150,true],"medium":["https:\/\/pecbag.com\/wp-content\/uploads\/2025\/07\/imgi_2_1-300x300.jpg",300,300,true],"medium_large":["https:\/\/pecbag.com\/wp-content\/uploads\/2025\/07\/imgi_2_1-768x768.jpg",768,768,true],"large":["https:\/\/pecbag.com\/wp-content\/uploads\/2025\/07\/imgi_2_1.jpg",800,800,false],"1536x1536":["https:\/\/pecbag.com\/wp-content\/uploads\/2025\/07\/imgi_2_1.jpg",800,800,false],"2048x2048":["https:\/\/pecbag.com\/wp-content\/uploads\/2025\/07\/imgi_2_1.jpg",800,800,false],"trp-custom-language-flag":["https:\/\/pecbag.com\/wp-content\/uploads\/2025\/07\/imgi_2_1-12x12.jpg",12,12,true],"woocommerce_thumbnail":["https:\/\/pecbag.com\/wp-content\/uploads\/2025\/07\/imgi_2_1-300x300.jpg",300,300,true],"woocommerce_single":["https:\/\/pecbag.com\/wp-content\/uploads\/2025\/07\/imgi_2_1-600x600.jpg",600,600,true],"woocommerce_gallery_thumbnail":["https:\/\/pecbag.com\/wp-content\/uploads\/2025\/07\/imgi_2_1-100x100.jpg",100,100,true]},"uagb_author_info":{"display_name":"Lawrence","author_link":"https:\/\/pecbag.com\/de\/author\/"},"uagb_comment_info":0,"uagb_excerpt":"Riding Travel Motorcycle Tactical Leg Bag Factory 1. MOLLE Design: The small MOLLE pouch comes with 2 MOLLE straps with strong snaps on the back, allowing free to attach this tactical bag to any MOLLE system like tactical backpack\/ belt\/ vest, etc. 2. Small Body, Roomy Storage Space:\u00a0Designed with several inner pockets, this fanny pouch&hellip;","_links":{"self":[{"href":"https:\/\/pecbag.com\/de\/wp-json\/wp\/v2\/product\/4292","targetHints":{"allow":["GET"]}}],"collection":[{"href":"https:\/\/pecbag.com\/de\/wp-json\/wp\/v2\/product"}],"about":[{"href":"https:\/\/pecbag.com\/de\/wp-json\/wp\/v2\/types\/product"}],"wp:featuredmedia":[{"embeddable":true,"href":"https:\/\/pecbag.com\/de\/wp-json\/wp\/v2\/media\/4294"}],"wp:attachment":[{"href":"https:\/\/pecbag.com\/de\/wp-json\/wp\/v2\/media?parent=4292"}],"wp:term":[{"taxonomy":"product_brand","embeddable":true,"href":"https:\/\/pecbag.com\/de\/wp-json\/wp\/v2\/product_brand?post=4292"},{"taxonomy":"product_cat","embeddable":true,"href":"https:\/\/pecbag.com\/de\/wp-json\/wp\/v2\/product_cat?post=4292"},{"taxonomy":"product_tag","embeddable":true,"href":"https:\/\/pecbag.com\/de\/wp-json\/wp\/v2\/product_tag?post=4292"}],"curies":[{"name":"wp","href":"https:\/\/api.w.org\/{rel}","templated":true}]}}