{"id":4306,"date":"2025-07-03T02:21:50","date_gmt":"2025-07-03T02:21:50","guid":{"rendered":"https:\/\/pecbag.com\/?post_type=product&#038;p=4306"},"modified":"2025-11-28T09:40:25","modified_gmt":"2025-11-28T09:40:25","slug":"heavy-duty-tactical-bag-military-backpack-wholesalers","status":"publish","type":"product","link":"https:\/\/pecbag.com\/de\/heavy-duty-tactical-bag-military-backpack-wholesalers\/","title":{"rendered":"Heavy Duty Tactical Bag Milit\u00e4rrucksack Gro\u00dfh\u00e4ndler"},"content":{"rendered":"<h5 title=\"Faltbare Hundetasche Atmungsaktives Mesh Haustier Umh\u00e4ngetasche f\u00fcr kleine Haustier Hund Katzen\" data-immersive-translate-walked=\"1c928421-2e42-4cd3-8754-5404553c0af5\" data-immersive-translate-paragraph=\"1\" data-spm-anchor-id=\"a2700.details.0.i35.4f6757d4w4zNZA\">Top Heavy Duty Tactical Bag Military Backpack Gro\u00dfh\u00e4ndler | Waterproof Bag Factory &amp; Combat Backpack Hersteller | Bulk-Ready<\/h5>\n<p>Ben\u00f6tigen Sie unzerbrechliche, strapazierf\u00e4hige taktische Taschen und Milit\u00e4rrucks\u00e4cke f\u00fcr Elitetruppen? Als zertifizierte Heavy Duty Tactical Bag Milit\u00e4rrucksack Gro\u00dfh\u00e4ndler, sind wir ein f\u00fchrender Tactical Bag Fabrik und Tactical Bag Hersteller in China, Engineering Schlacht bew\u00e4hrte Packs mit 500D Cordura\u00ae Schalen, tragende Rahmen und IPX8 wasserdicht Dichtungen.<\/p>\n<p>Gehen Sie eine Partnerschaft mit uns ein - Ihrem strategischen Lieferanten f\u00fcr taktische Taschen - f\u00fcr Gro\u00dfbestellungen von taktischen Taschen. Wir beliefern Anbieter von taktischen Taschen, Regierungsbeh\u00f6rden und Gro\u00dfh\u00e4ndler weltweit.<\/p>\n<div class=\"flex flex-grow flex-col max-w-full\">\n<div class=\"min-h-[20px] text-message flex w-full flex-col items-end gap-2 whitespace-pre-wrap break-words [.text-message+&amp;]:mt-5 overflow-x-auto\" dir=\"auto\" data-message-author-role=\"assistant\" data-message-id=\"3d7d46f6-7ec2-4222-9257-48fa0bba23c6\" data-suggestions=\"true\">\n<div class=\"flex w-full flex-col gap-1 empty:hidden first:pt-[3px]\">\n<div class=\"markdown prose w-full break-words dark:prose-invert light\">\n<table width=\"288\">\n<tbody>\n<tr>\n<td width=\"137\"><span style=\"color: #333333;\">Produkte Name<\/span><\/td>\n<td width=\"151\">Taktische Tasche<\/td>\n<\/tr>\n<tr>\n<td><span style=\"color: #333333;\">Artikel Nr.<\/span><\/td>\n<td><span style=\"color: #333333;\">PB-2134<\/span><\/td>\n<\/tr>\n<tr>\n<td><span style=\"color: #333333;\">Material<\/span><\/td>\n<td>500D Cordura<\/td>\n<\/tr>\n<tr>\n<td><span style=\"color: #333333;\">Gr\u00f6\u00dfe<\/span><\/td>\n<td>45 x 22 x 30 cm<\/td>\n<\/tr>\n<tr>\n<td><span style=\"color: #333333;\">\u00a0Lieferfrist<\/span><\/td>\n<td><span style=\"color: #333333;\">1-5 Tage f\u00fcr kleine Mengen auf dem Luftweg und 30-35 Tage f\u00fcr gro\u00dfe Mengen auf dem Seeweg<\/span><\/td>\n<\/tr>\n<\/tbody>\n<\/table>\n<p class=\"ds-markdown-paragraph\"><strong>Warum globale Vertriebsh\u00e4ndler uns w\u00e4hlen:<\/strong><br \/>\n\u2705\u00a0<strong>Bestseller-Status:<\/strong>\u00a070% Nachbestellungsrate von Tactical Bag Company Partnern (2025 \u00fcberpr\u00fcft)<br \/>\nVollst\u00e4ndige taktische Tasche ODM\/OEM &amp; taktische Tasche Private Label Dienstleistungen<br \/>\n\u2705 Low-MOQ Tactical Bag Massenproduktion<br \/>\n\u2705 Schnelle taktische Tasche Export von ISO-zertifizierten taktische Tasche Fabrik<br \/>\n\u2705 Zweistra\u00dfige Produktion: Heavy Duty Tactical Bags + Makeup Bag bulk<\/p>\n<p class=\"ds-markdown-paragraph\"><strong>Specs, die \u00fcbertreffen:<\/strong><br \/>\n- 40L erweiterbares Fassungsverm\u00f6gen + 360\u00b0 strapazierf\u00e4higes MOLLE\/PALS-Gurtband<br \/>\n- Tauchf\u00e4hig, 72 Stunden wasserdicht + verst\u00e4rkte Schleppgriffe<br \/>\n- Schnellzieh-Waffenh\u00fclle + Trauma-Kit-F\u00e4cher<br \/>\n- Kundenspezifische Konfigurationen \u00fcber Tactical Bag OEM<\/p>\n<p class=\"ds-markdown-paragraph\">Ideal f\u00fcr Milit\u00e4rrucksack-Gro\u00dfh\u00e4ndler, Verteidigungsunternehmen und Exportnetzwerke f\u00fcr taktische Taschen. Beanspruchen Sie Ihre Bulk-Zuteilung von Chinas top-bewerteten Heavy Duty Tactical Bag Milit\u00e4rrucksack Gro\u00dfh\u00e4ndler heute!<\/p>\n<\/div>\n<\/div>\n<\/div>\n<\/div>","protected":false},"excerpt":{"rendered":"<h2 data-immersive-translate-walked=\"344be1c1-5052-41eb-8fcd-0dbe236a0d6b\" data-immersive-translate-paragraph=\"1\">Heavy Duty Tactical Bag Milit\u00e4rrucksack Gro\u00dfh\u00e4ndler<\/h2>\n<div class=\"sliderTable mt10 mb10 sliderTable-index0\">\n<div class=\"inner\">\n<p>1. Vorderes Verwaltungsfach mit mehreren Innenh\u00fcllen und einem Karabiner. Versteiftes R\u00fcckenteil, gepolstert mit Abstandsgewirke<\/p>\n<p>2. Verstellbare Schultergurte mit Schnellverschluss, gepolstert mit Abstandsgewirke und Brustgurt. Verstellbarer und abnehmbarer H\u00fcftgurt aus Gurtband<\/p>\n<p>3. MOLLE\/PALS-kompatibel. Externe Bungee Cord Web f\u00fcr schnelle \u00e4u\u00dfere Lagerung<\/p>\n<\/div>\n<\/div>","protected":false},"featured_media":4310,"template":"","meta":{"_uag_custom_page_level_css":""},"product_brand":[],"product_cat":[55,60],"product_tag":[],"class_list":{"0":"post-4306","1":"product","2":"type-product","3":"status-publish","4":"has-post-thumbnail","6":"product_cat-tactical-bag","7":"product_cat-backpack","9":"first","10":"instock","11":"shipping-taxable","12":"product-type-simple"},"uagb_featured_image_src":{"full":["https:\/\/pecbag.com\/wp-content\/uploads\/2025\/07\/Heavy-Duty-Tactical-Bag-Military-Backpack-Wholesalers-4.jpg",1000,1000,false],"thumbnail":["https:\/\/pecbag.com\/wp-content\/uploads\/2025\/07\/Heavy-Duty-Tactical-Bag-Military-Backpack-Wholesalers-4-150x150.jpg",150,150,true],"medium":["https:\/\/pecbag.com\/wp-content\/uploads\/2025\/07\/Heavy-Duty-Tactical-Bag-Military-Backpack-Wholesalers-4-300x300.jpg",300,300,true],"medium_large":["https:\/\/pecbag.com\/wp-content\/uploads\/2025\/07\/Heavy-Duty-Tactical-Bag-Military-Backpack-Wholesalers-4-768x768.jpg",768,768,true],"large":["https:\/\/pecbag.com\/wp-content\/uploads\/2025\/07\/Heavy-Duty-Tactical-Bag-Military-Backpack-Wholesalers-4.jpg",800,800,false],"1536x1536":["https:\/\/pecbag.com\/wp-content\/uploads\/2025\/07\/Heavy-Duty-Tactical-Bag-Military-Backpack-Wholesalers-4.jpg",1000,1000,false],"2048x2048":["https:\/\/pecbag.com\/wp-content\/uploads\/2025\/07\/Heavy-Duty-Tactical-Bag-Military-Backpack-Wholesalers-4.jpg",1000,1000,false],"trp-custom-language-flag":["https:\/\/pecbag.com\/wp-content\/uploads\/2025\/07\/Heavy-Duty-Tactical-Bag-Military-Backpack-Wholesalers-4-12x12.jpg",12,12,true],"woocommerce_thumbnail":["https:\/\/pecbag.com\/wp-content\/uploads\/2025\/07\/Heavy-Duty-Tactical-Bag-Military-Backpack-Wholesalers-4-300x300.jpg",300,300,true],"woocommerce_single":["https:\/\/pecbag.com\/wp-content\/uploads\/2025\/07\/Heavy-Duty-Tactical-Bag-Military-Backpack-Wholesalers-4-600x600.jpg",600,600,true],"woocommerce_gallery_thumbnail":["https:\/\/pecbag.com\/wp-content\/uploads\/2025\/07\/Heavy-Duty-Tactical-Bag-Military-Backpack-Wholesalers-4-100x100.jpg",100,100,true]},"uagb_author_info":{"display_name":"Lawrence","author_link":"https:\/\/pecbag.com\/de\/author\/"},"uagb_comment_info":0,"uagb_excerpt":"Heavy Duty Tactical Bag Military Backpack Wholesalers 1. Front admin compartment with multiple inner sleeves and a carabiner. Stiffened back panel padded with spacer mesh 2. Adjustable quick-release shoulder straps, padded with spacer mesh and chest strap. Adjustable and removable webbing hip belt 3. MOLLE\/PALS compatible. External bungee cord web for quick outer storage","_links":{"self":[{"href":"https:\/\/pecbag.com\/de\/wp-json\/wp\/v2\/product\/4306","targetHints":{"allow":["GET"]}}],"collection":[{"href":"https:\/\/pecbag.com\/de\/wp-json\/wp\/v2\/product"}],"about":[{"href":"https:\/\/pecbag.com\/de\/wp-json\/wp\/v2\/types\/product"}],"wp:featuredmedia":[{"embeddable":true,"href":"https:\/\/pecbag.com\/de\/wp-json\/wp\/v2\/media\/4310"}],"wp:attachment":[{"href":"https:\/\/pecbag.com\/de\/wp-json\/wp\/v2\/media?parent=4306"}],"wp:term":[{"taxonomy":"product_brand","embeddable":true,"href":"https:\/\/pecbag.com\/de\/wp-json\/wp\/v2\/product_brand?post=4306"},{"taxonomy":"product_cat","embeddable":true,"href":"https:\/\/pecbag.com\/de\/wp-json\/wp\/v2\/product_cat?post=4306"},{"taxonomy":"product_tag","embeddable":true,"href":"https:\/\/pecbag.com\/de\/wp-json\/wp\/v2\/product_tag?post=4306"}],"curies":[{"name":"wp","href":"https:\/\/api.w.org\/{rel}","templated":true}]}}