{"id":4314,"date":"2025-07-04T03:29:09","date_gmt":"2025-07-04T03:29:09","guid":{"rendered":"https:\/\/pecbag.com\/?post_type=product&#038;p=4314"},"modified":"2025-11-28T09:39:09","modified_gmt":"2025-11-28T09:39:09","slug":"top-camouflage-tactical-bag-manufacturer","status":"publish","type":"product","link":"https:\/\/pecbag.com\/de\/top-camouflage-tactical-bag-manufacturer\/","title":{"rendered":"Camouflage Tactical Tasche Hersteller"},"content":{"rendered":"<h5 title=\"Faltbare Hundetasche Atmungsaktives Mesh Haustier Umh\u00e4ngetasche f\u00fcr kleine Haustier Hund Katzen\" data-immersive-translate-walked=\"1c928421-2e42-4cd3-8754-5404553c0af5\" data-immersive-translate-paragraph=\"1\" data-spm-anchor-id=\"a2700.details.0.i35.4f6757d4w4zNZA\">Top Camouflage taktische Tasche Hersteller | Wasserdichte Tasche Fabrik &amp; Milit\u00e4r Rucksack Hersteller | Tactical Supply<\/h5>\n<p class=\"ds-markdown-paragraph\">Sie ben\u00f6tigen kampftaugliche taktische Taschen in Tarnfarben direkt von der Quelle? Als zertifizierter Hersteller von taktischen Taschen in Tarnfarben und als ISO 9001-zertifizierte Fabrik f\u00fcr wasserdichte Taschen in China entwickeln wir milit\u00e4rtaugliche Rucks\u00e4cke mit Digital-\/Waldtarnmustern, 1000D Cordura\u00ae-H\u00fcllen und wasserdichtem IPX7-Schutz, auf die sich Einsatzkr\u00e4fte weltweit verlassen.<\/p>\n<p class=\"ds-markdown-paragraph\">Gehen Sie eine Partnerschaft mit uns ein - Ihrem strategischen Lieferanten f\u00fcr taktische Taschen - f\u00fcr einen nahtlosen Export von taktischen Taschen an Gro\u00dfh\u00e4ndler, Verteidigungsunternehmen und Verk\u00e4ufer von taktischen Taschen auf der ganzen Welt.<\/p>\n<div class=\"flex flex-grow flex-col max-w-full\">\n<div class=\"min-h-[20px] text-message flex w-full flex-col items-end gap-2 whitespace-pre-wrap break-words [.text-message+&amp;]:mt-5 overflow-x-auto\" dir=\"auto\" data-message-author-role=\"assistant\" data-message-id=\"3d7d46f6-7ec2-4222-9257-48fa0bba23c6\" data-suggestions=\"true\">\n<div class=\"flex w-full flex-col gap-1 empty:hidden first:pt-[3px]\">\n<div class=\"markdown prose w-full break-words dark:prose-invert light\">\n<table width=\"288\">\n<tbody>\n<tr>\n<td width=\"137\"><span style=\"color: #333333;\">Produkte Name<\/span><\/td>\n<td width=\"151\">Taktische Tasche<\/td>\n<\/tr>\n<tr>\n<td><span style=\"color: #333333;\">Artikel Nr.<\/span><\/td>\n<td><span style=\"color: #333333;\">PB-2135<\/span><\/td>\n<\/tr>\n<tr>\n<td><span style=\"color: #333333;\">Material<\/span><\/td>\n<td>1000D Polyester<\/td>\n<\/tr>\n<tr>\n<td><span style=\"color: #333333;\">Gr\u00f6\u00dfe<\/span><\/td>\n<td>49 x 21 x 30 cm<\/td>\n<\/tr>\n<tr>\n<td><span style=\"color: #333333;\">\u00a0Lieferfrist<\/span><\/td>\n<td><span style=\"color: #333333;\">1-5 Tage f\u00fcr kleine Mengen auf dem Luftweg und 30-35 Tage f\u00fcr gro\u00dfe Mengen auf dem Seeweg<\/span><\/td>\n<\/tr>\n<\/tbody>\n<\/table>\n<p class=\"ds-markdown-paragraph\"><strong>Warum Elite-Vertriebspartner uns w\u00e4hlen:<\/strong><br \/>\n\u2705\u00a0<strong>Taschen-Bestseller:<\/strong>\u00a03-mal schnellerer Regalumschlag im Vergleich zu taktischen Standardpackungen<br \/>\n\u2705 Vollst\u00e4ndige taktische Tasche ODM\/OEM &amp; taktische Tasche Eigenmarke<br \/>\n\u2705 Niedrige MOQ taktische Tasche lose<br \/>\n\u2705 Schneller Versand aus unserer Fabrik f\u00fcr taktische Taschen<br \/>\n\u2705 Doppelte Produktion: Camouflage Tactical Bags + Make-up Bag bulk<\/p>\n<p class=\"ds-markdown-paragraph\"><strong>Mission-Critical Specs:<\/strong><br \/>\n- MIL-STD-Tarnmuster (MultiCam\u00ae\/Woodland\/Urban)<br \/>\n- Versiegelte N\u00e4hte und selbstentleerende B\u00f6den<br \/>\n- 360\u00b0 MOLLE\/PALS-Gurtband + verdeckte CCW-F\u00e4cher<br \/>\n- Kundenspezifische Konfigurationen \u00fcber Tactical Bag OEM<\/p>\n<p class=\"ds-markdown-paragraph\">Ideal f\u00fcr Eink\u00e4ufer von taktischen Taschen, milit\u00e4rische Verkaufsstellen und Gro\u00dfhandelsnetze f\u00fcr taktische Taschen. Fordern Sie noch heute Ihren Katalog von Chinas f\u00fchrendem Hersteller taktischer Taschen in Tarnfarben an!<\/p>\n<\/div>\n<\/div>\n<\/div>\n<\/div>","protected":false},"excerpt":{"rendered":"<h2 data-immersive-translate-walked=\"344be1c1-5052-41eb-8fcd-0dbe236a0d6b\" data-immersive-translate-paragraph=\"1\">Camouflage Tactical Tasche Hersteller<\/h2>\n<div class=\"sliderTable mt10 mb10 sliderTable-index0\">\n<div class=\"inner\">\n<div>1. Gefertigt aus schwerem, strapazierf\u00e4higem Polyester.<\/div>\n<div>2. Das ger\u00e4umige Hauptfach bietet Platz f\u00fcr Kleidung oder taktische Ausr\u00fcstung.<br \/>\n3. Mit Trikot gef\u00fctterte Tasche zum Schutz der Brillen.<\/div>\n<div>4. Seitliche Kompressionsriemen zur Verdichtung der Ladung.<\/div>\n<div>5. Haken- und \u00d6senhalter f\u00fcr Aufn\u00e4her.<\/div>\n<\/div>\n<\/div>","protected":false},"featured_media":4319,"template":"","meta":{"_uag_custom_page_level_css":""},"product_brand":[],"product_cat":[55,60],"product_tag":[],"class_list":{"0":"post-4314","1":"product","2":"type-product","3":"status-publish","4":"has-post-thumbnail","6":"product_cat-tactical-bag","7":"product_cat-backpack","9":"first","10":"instock","11":"shipping-taxable","12":"product-type-simple"},"uagb_featured_image_src":{"full":["https:\/\/pecbag.com\/wp-content\/uploads\/2025\/07\/Camouflage-Tactical-Bag-Manufacturer-1.jpg",710,708,false],"thumbnail":["https:\/\/pecbag.com\/wp-content\/uploads\/2025\/07\/Camouflage-Tactical-Bag-Manufacturer-1-150x150.jpg",150,150,true],"medium":["https:\/\/pecbag.com\/wp-content\/uploads\/2025\/07\/Camouflage-Tactical-Bag-Manufacturer-1-300x300.jpg",300,300,true],"medium_large":["https:\/\/pecbag.com\/wp-content\/uploads\/2025\/07\/Camouflage-Tactical-Bag-Manufacturer-1.jpg",710,708,false],"large":["https:\/\/pecbag.com\/wp-content\/uploads\/2025\/07\/Camouflage-Tactical-Bag-Manufacturer-1.jpg",710,708,false],"1536x1536":["https:\/\/pecbag.com\/wp-content\/uploads\/2025\/07\/Camouflage-Tactical-Bag-Manufacturer-1.jpg",710,708,false],"2048x2048":["https:\/\/pecbag.com\/wp-content\/uploads\/2025\/07\/Camouflage-Tactical-Bag-Manufacturer-1.jpg",710,708,false],"trp-custom-language-flag":["https:\/\/pecbag.com\/wp-content\/uploads\/2025\/07\/Camouflage-Tactical-Bag-Manufacturer-1-12x12.jpg",12,12,true],"woocommerce_thumbnail":["https:\/\/pecbag.com\/wp-content\/uploads\/2025\/07\/Camouflage-Tactical-Bag-Manufacturer-1-300x300.jpg",300,300,true],"woocommerce_single":["https:\/\/pecbag.com\/wp-content\/uploads\/2025\/07\/Camouflage-Tactical-Bag-Manufacturer-1-600x598.jpg",600,598,true],"woocommerce_gallery_thumbnail":["https:\/\/pecbag.com\/wp-content\/uploads\/2025\/07\/Camouflage-Tactical-Bag-Manufacturer-1-100x100.jpg",100,100,true]},"uagb_author_info":{"display_name":"Lawrence","author_link":"https:\/\/pecbag.com\/de\/author\/"},"uagb_comment_info":0,"uagb_excerpt":"Camouflage Tactical Bag Manufacturer 1. Constructed of heavyweight, durable polyester. 2. Spacious main compartment gives you space for clothing or tactical gear. 3. Tricot-lined pocket to protect eyewear. 4. Side compression straps to condense your load. 5. Hook and loop patch holders.","_links":{"self":[{"href":"https:\/\/pecbag.com\/de\/wp-json\/wp\/v2\/product\/4314","targetHints":{"allow":["GET"]}}],"collection":[{"href":"https:\/\/pecbag.com\/de\/wp-json\/wp\/v2\/product"}],"about":[{"href":"https:\/\/pecbag.com\/de\/wp-json\/wp\/v2\/types\/product"}],"wp:featuredmedia":[{"embeddable":true,"href":"https:\/\/pecbag.com\/de\/wp-json\/wp\/v2\/media\/4319"}],"wp:attachment":[{"href":"https:\/\/pecbag.com\/de\/wp-json\/wp\/v2\/media?parent=4314"}],"wp:term":[{"taxonomy":"product_brand","embeddable":true,"href":"https:\/\/pecbag.com\/de\/wp-json\/wp\/v2\/product_brand?post=4314"},{"taxonomy":"product_cat","embeddable":true,"href":"https:\/\/pecbag.com\/de\/wp-json\/wp\/v2\/product_cat?post=4314"},{"taxonomy":"product_tag","embeddable":true,"href":"https:\/\/pecbag.com\/de\/wp-json\/wp\/v2\/product_tag?post=4314"}],"curies":[{"name":"wp","href":"https:\/\/api.w.org\/{rel}","templated":true}]}}