{"id":4321,"date":"2025-07-04T03:44:52","date_gmt":"2025-07-04T03:44:52","guid":{"rendered":"https:\/\/pecbag.com\/?post_type=product&#038;p=4321"},"modified":"2025-11-28T09:38:04","modified_gmt":"2025-11-28T09:38:04","slug":"tactical-bags-factory","status":"publish","type":"product","link":"https:\/\/pecbag.com\/de\/tactical-bags-factory\/","title":{"rendered":"Taktische Taschen Fabrik"},"content":{"rendered":"<h5 title=\"Faltbare Hundetasche Atmungsaktives Mesh Haustier Umh\u00e4ngetasche f\u00fcr kleine Haustier Hund Katzen\" data-immersive-translate-walked=\"1c928421-2e42-4cd3-8754-5404553c0af5\" data-immersive-translate-paragraph=\"1\" data-spm-anchor-id=\"a2700.details.0.i35.4f6757d4w4zNZA\">Trusted Tactical Bags Factory | Waterproof Bag Factory &amp; Military Backpack Manufacturer | Bulk Solutions<\/h5>\n<p class=\"ds-markdown-paragraph\">Sie ben\u00f6tigen kampftaugliche taktische Taschen direkt von der Quelle?<\/p>\n<p class=\"ds-markdown-paragraph\">Als f\u00fchrende Fabrik f\u00fcr taktische Taschen und ISO-zertifizierte wasserdichte Taschen in China stellen wir milit\u00e4rtaugliche Rucks\u00e4cke mit 1000D Cordura\u00ae, IPX8-Wasserdichtigkeit und modularem Design her, auf die sich globale Betreiber verlassen.<\/p>\n<p class=\"ds-markdown-paragraph\">Arbeiten Sie mit uns zusammen - Ihrem engagierten Lieferanten f\u00fcr taktische Taschen - f\u00fcr einen reibungslosen Export von taktischen Taschen zu Gro\u00dfh\u00e4ndlern, Verteidigungsagenturen und Verk\u00e4ufern von taktischen Taschen weltweit.<\/p>\n<div class=\"flex flex-grow flex-col max-w-full\">\n<div class=\"min-h-[20px] text-message flex w-full flex-col items-end gap-2 whitespace-pre-wrap break-words [.text-message+&amp;]:mt-5 overflow-x-auto\" dir=\"auto\" data-message-author-role=\"assistant\" data-message-id=\"3d7d46f6-7ec2-4222-9257-48fa0bba23c6\" data-suggestions=\"true\">\n<div class=\"flex w-full flex-col gap-1 empty:hidden first:pt-[3px]\">\n<div class=\"markdown prose w-full break-words dark:prose-invert light\">\n<table width=\"288\">\n<tbody>\n<tr>\n<td width=\"137\"><span style=\"color: #333333;\">Produkte Name<\/span><\/td>\n<td width=\"151\">Taktische Tasche<\/td>\n<\/tr>\n<tr>\n<td><span style=\"color: #333333;\">Artikel Nr.<\/span><\/td>\n<td><span style=\"color: #333333;\">PB-2136<\/span><\/td>\n<\/tr>\n<tr>\n<td><span style=\"color: #333333;\">Material<\/span><\/td>\n<td>600D Polyester<\/td>\n<\/tr>\n<tr>\n<td><span style=\"color: #333333;\">Gr\u00f6\u00dfe<\/span><\/td>\n<td>15,7\u2033 X 8,2\u2033 X 21,2\u2033<\/td>\n<\/tr>\n<tr>\n<td><span style=\"color: #333333;\">\u00a0Lieferfrist<\/span><\/td>\n<td><span style=\"color: #333333;\">1-5 Tage f\u00fcr kleine Mengen auf dem Luftweg und 30-35 Tage f\u00fcr gro\u00dfe Mengen auf dem Seeweg<\/span><\/td>\n<\/tr>\n<\/tbody>\n<\/table>\n<p class=\"ds-markdown-paragraph\"><strong>Warum globale Eink\u00e4ufer unsere Fabrik w\u00e4hlen:<\/strong><br \/>\n\ud83d\udd25\u00a0<strong>Taschen-Bestseller:<\/strong>\u00a055% Nachbestellungsrate von Tactical Bag Company Partnern<br \/>\n\u2705 Vollst\u00e4ndige taktische Tasche ODM\/OEM &amp; taktische Tasche Eigenmarke<br \/>\n\u2705 Niedrige MOQ f\u00fcr taktische Taschen (300+ Einheiten)<br \/>\n\u2705 Schneller globaler Versand von unserer Fabrik f\u00fcr taktische Taschen<br \/>\n\u2705 Zweizeilige Kapazit\u00e4t: Taktische Taschen + Kosmetiktasche lose<\/p>\n<p class=\"ds-markdown-paragraph\"><strong>Kampferprobte Merkmale:<\/strong><br \/>\n- Lasergeschnittenes MOLLE\/PALS-Gurtband + Zuggriffe<br \/>\n- Unter Wasser versiegelte F\u00e4cher (72 Stunden wasserdicht)<br \/>\n- Schnell zug\u00e4ngliche Admin-Paneele + Taschen zum verdeckten Tragen<br \/>\n- Individuelle Tarndrucke \u00fcber Tactical Bag ODM<\/p>\n<p class=\"ds-markdown-paragraph\">Ideal f\u00fcr Netzwerke von Rucksackherstellern, taktischen Einzelh\u00e4ndlern und Gro\u00dfh\u00e4ndlerallianzen f\u00fcr taktische Taschen. Fordern Sie noch heute Fabrikpreise von Chinas f\u00fchrender Tactical Bags Factory an!<\/p>\n<\/div>\n<\/div>\n<\/div>\n<\/div>","protected":false},"excerpt":{"rendered":"<h2 data-immersive-translate-walked=\"344be1c1-5052-41eb-8fcd-0dbe236a0d6b\" data-immersive-translate-paragraph=\"1\">Taktische Taschen Fabrik<\/h2>\n<div class=\"sliderTable mt10 mb10 sliderTable-index0\">\n<div class=\"inner\">\n<p>Wir bieten Premium-Taschen mit individueller Gr\u00f6\u00dfen- und Farbgestaltung, langlebigen Stoffen und zertifizierter Qualit\u00e4t.<\/p>\n<p>Genie\u00dfen Sie flexible MOQs, schnellen weltweiten Versand und Private-Label-L\u00f6sungen.<\/p>\n<p>Kontaktieren Sie uns noch heute!<\/p>\n<\/div>\n<\/div>","protected":false},"featured_media":4327,"template":"","meta":{"_uag_custom_page_level_css":""},"product_brand":[],"product_cat":[55,60],"product_tag":[],"class_list":{"0":"post-4321","1":"product","2":"type-product","3":"status-publish","4":"has-post-thumbnail","6":"product_cat-tactical-bag","7":"product_cat-backpack","9":"first","10":"instock","11":"shipping-taxable","12":"product-type-simple"},"uagb_featured_image_src":{"full":["https:\/\/pecbag.com\/wp-content\/uploads\/2025\/07\/Tactical-Bags-Factory-51.jpg",1000,1000,false],"thumbnail":["https:\/\/pecbag.com\/wp-content\/uploads\/2025\/07\/Tactical-Bags-Factory-51-150x150.jpg",150,150,true],"medium":["https:\/\/pecbag.com\/wp-content\/uploads\/2025\/07\/Tactical-Bags-Factory-51-300x300.jpg",300,300,true],"medium_large":["https:\/\/pecbag.com\/wp-content\/uploads\/2025\/07\/Tactical-Bags-Factory-51-768x768.jpg",768,768,true],"large":["https:\/\/pecbag.com\/wp-content\/uploads\/2025\/07\/Tactical-Bags-Factory-51.jpg",800,800,false],"1536x1536":["https:\/\/pecbag.com\/wp-content\/uploads\/2025\/07\/Tactical-Bags-Factory-51.jpg",1000,1000,false],"2048x2048":["https:\/\/pecbag.com\/wp-content\/uploads\/2025\/07\/Tactical-Bags-Factory-51.jpg",1000,1000,false],"trp-custom-language-flag":["https:\/\/pecbag.com\/wp-content\/uploads\/2025\/07\/Tactical-Bags-Factory-51-12x12.jpg",12,12,true],"woocommerce_thumbnail":["https:\/\/pecbag.com\/wp-content\/uploads\/2025\/07\/Tactical-Bags-Factory-51-300x300.jpg",300,300,true],"woocommerce_single":["https:\/\/pecbag.com\/wp-content\/uploads\/2025\/07\/Tactical-Bags-Factory-51-600x600.jpg",600,600,true],"woocommerce_gallery_thumbnail":["https:\/\/pecbag.com\/wp-content\/uploads\/2025\/07\/Tactical-Bags-Factory-51-100x100.jpg",100,100,true]},"uagb_author_info":{"display_name":"Lawrence","author_link":"https:\/\/pecbag.com\/de\/author\/"},"uagb_comment_info":0,"uagb_excerpt":"Tactical Bags Factory We provide premium bags with full-size and color customization, durable fabrics, and certified quality. Enjoy flexible MOQs, fast global shipping, and private label solutions. Contact us today!","_links":{"self":[{"href":"https:\/\/pecbag.com\/de\/wp-json\/wp\/v2\/product\/4321","targetHints":{"allow":["GET"]}}],"collection":[{"href":"https:\/\/pecbag.com\/de\/wp-json\/wp\/v2\/product"}],"about":[{"href":"https:\/\/pecbag.com\/de\/wp-json\/wp\/v2\/types\/product"}],"wp:featuredmedia":[{"embeddable":true,"href":"https:\/\/pecbag.com\/de\/wp-json\/wp\/v2\/media\/4327"}],"wp:attachment":[{"href":"https:\/\/pecbag.com\/de\/wp-json\/wp\/v2\/media?parent=4321"}],"wp:term":[{"taxonomy":"product_brand","embeddable":true,"href":"https:\/\/pecbag.com\/de\/wp-json\/wp\/v2\/product_brand?post=4321"},{"taxonomy":"product_cat","embeddable":true,"href":"https:\/\/pecbag.com\/de\/wp-json\/wp\/v2\/product_cat?post=4321"},{"taxonomy":"product_tag","embeddable":true,"href":"https:\/\/pecbag.com\/de\/wp-json\/wp\/v2\/product_tag?post=4321"}],"curies":[{"name":"wp","href":"https:\/\/api.w.org\/{rel}","templated":true}]}}