{"id":4405,"date":"2025-07-07T01:30:07","date_gmt":"2025-07-07T01:30:07","guid":{"rendered":"https:\/\/pecbag.com\/?post_type=product&#038;p=4405"},"modified":"2025-11-28T09:36:07","modified_gmt":"2025-11-28T09:36:07","slug":"china-messenger-bag-manufacturers-2","status":"publish","type":"product","link":"https:\/\/pecbag.com\/de\/china-messenger-bag-manufacturers-2\/","title":{"rendered":"China Messenger Bag Hersteller"},"content":{"rendered":"<h5 title=\"Faltbare Hundetasche Atmungsaktives Mesh Haustier Umh\u00e4ngetasche f\u00fcr kleine Haustier Hund Katzen\" data-immersive-translate-walked=\"1c928421-2e42-4cd3-8754-5404553c0af5\" data-immersive-translate-paragraph=\"1\" data-spm-anchor-id=\"a2700.details.0.i35.4f6757d4w4zNZA\">Leading China Messenger Bag Manufacturers | Waterproof Bag Factory &amp; Professional Backpack Manufacturer | Bulk Export<\/h5>\n<div class=\"flex flex-grow flex-col max-w-full\">\n<div class=\"min-h-[20px] text-message flex w-full flex-col items-end gap-2 whitespace-pre-wrap break-words [.text-message+&amp;]:mt-5 overflow-x-auto\" dir=\"auto\" data-message-author-role=\"assistant\" data-message-id=\"3d7d46f6-7ec2-4222-9257-48fa0bba23c6\" data-suggestions=\"true\">\n<div class=\"flex w-full flex-col gap-1 empty:hidden first:pt-[3px]\">\n<div class=\"markdown prose w-full break-words dark:prose-invert light\">\n<p class=\"ds-markdown-paragraph\">Sie m\u00f6chten hochwertige Umh\u00e4ngetaschen direkt von chinesischen Herstellern beziehen?<\/p>\n<p class=\"ds-markdown-paragraph\">Als ISO-zertifizierter chinesischer Hersteller von Kuriertaschen und einer der f\u00fchrenden Hersteller von wasserdichten Taschen stellen wir kommerzielle Kuriertaschen mit RFID-Blockierungstechnologie, TSA-konformem Design und IPX5-Wetterschutz her, die von Fortune-500-Lieferanten gesch\u00e4tzt werden.<\/p>\n<p class=\"ds-markdown-paragraph\">Gehen Sie eine Partnerschaft mit unserer Messenger Bag Company ein - Ihrem strategischen Messenger Bag-Lieferanten - f\u00fcr einen optimierten Messenger Bag-Export an Messenger Bag-Gro\u00dfh\u00e4ndler, Einzelh\u00e4ndler und Messenger Bag-Verk\u00e4ufer in aller Welt.<\/p>\n<table width=\"288\">\n<tbody>\n<tr>\n<td width=\"137\"><span style=\"color: #333333;\">Produkte Name<\/span><\/td>\n<td width=\"151\">Kuriertasche<\/td>\n<\/tr>\n<tr>\n<td><span style=\"color: #333333;\">Artikel Nr.<\/span><\/td>\n<td><span style=\"color: #333333;\">PB-2138<\/span><\/td>\n<\/tr>\n<tr>\n<td><span style=\"color: #333333;\">Material<\/span><\/td>\n<td>Polyester<\/td>\n<\/tr>\n<tr>\n<td><span style=\"color: #333333;\">Gr\u00f6\u00dfe<\/span><\/td>\n<td>kann angepasst werden<\/td>\n<\/tr>\n<tr>\n<td><span style=\"color: #333333;\">\u00a0Lieferfrist<\/span><\/td>\n<td><span style=\"color: #333333;\">1-5 Tage f\u00fcr kleine Mengen auf dem Luftweg und 30-35 Tage f\u00fcr gro\u00dfe Mengen auf dem Seeweg<\/span><\/td>\n<\/tr>\n<\/tbody>\n<\/table>\n<p class=\"ds-markdown-paragraph\"><strong>Warum globale Eink\u00e4ufer uns w\u00e4hlen:<\/strong><br \/>\n\ud83d\udce6<strong>\u00a0Benchmarks der Industrie:<\/strong>\u00a068% Wachstum f\u00fcr Vertriebspartner im Jahresvergleich<br \/>\n\u2705 Vollst\u00e4ndige Messenger Bag ODM\/OEM &amp; Messenger Bag Eigenmarke<br \/>\n\u2705 Low MOQ Messenger Bag lose<br \/>\n\u2705 EXW\/FOB-Bedingungen von unserem Messenger Bag China Hub<br \/>\n\u2705 Dual Rucksack Hersteller Kapazit\u00e4t: Messenger Bags + Messenger Bag bulk<\/p>\n<p class=\"ds-markdown-paragraph\"><strong>Merkmale der Unternehmensklasse:<\/strong><br \/>\n- Gepolstertes 17\u2033-Laptopfach + diebstahlsichere Rei\u00dfverschl\u00fcsse<br \/>\n- Wasserdichter Planenboden + Schnellzugriffsorganisator<br \/>\n- MIL-STD-Haltbarkeitstest (Rei\u00dfverschl\u00fcsse mit mehr als 1.000 Zyklen)<br \/>\n- Kundenspezifisches Branding \u00fcber Messenger Bag OEM<\/p>\n<p class=\"ds-markdown-paragraph\">Ideal f\u00fcr Messenger Bag-Gro\u00dfh\u00e4ndlernetze, Unternehmenswiederverk\u00e4ufer und technisches Zubeh\u00f6r\u00a0<strong>Messenger Bag Hersteller<\/strong>.\u00a0<strong>Fordern Sie noch heute Ihre Mustertasche von Chinas f\u00fchrenden Messenger Bag-Herstellern an!<\/strong><\/p>\n<\/div>\n<\/div>\n<\/div>\n<\/div>","protected":false},"excerpt":{"rendered":"<h2 data-immersive-translate-walked=\"344be1c1-5052-41eb-8fcd-0dbe236a0d6b\" data-immersive-translate-paragraph=\"1\">China Messenger Bag Hersteller<\/h2>\n<div class=\"sliderTable mt10 mb10 sliderTable-index0\">\n<div class=\"inner\">\n<p>Diese Herrentasche mit Henkel ist ideal f\u00fcr den t\u00e4glichen Gebrauch, als Arbeitstasche, Schultasche oder Reisetasche f\u00fcr M\u00e4nner und Frauen.<\/p>\n<p>Gro\u00dfartige Schultasche f\u00fcr Sch\u00fcler und Studenten.<\/p>\n<p>Diese weichen Aktentaschen mit Schulterriemen bieten Platz f\u00fcr einen Laptop, ein MacBook und eine Lunchbox.<\/p>\n<p>Es wird ein nettes Geschenk f\u00fcr Valentinstag, Geburtstag, Vatertag, Lehrertag, etc. sein<\/p>\n<\/div>\n<\/div>","protected":false},"featured_media":4410,"template":"","meta":{"_uag_custom_page_level_css":""},"product_brand":[],"product_cat":[65],"product_tag":[],"class_list":{"0":"post-4405","1":"product","2":"type-product","3":"status-publish","4":"has-post-thumbnail","6":"product_cat-messenger-bag","8":"first","9":"instock","10":"shipping-taxable","11":"product-type-simple"},"uagb_featured_image_src":{"full":["https:\/\/pecbag.com\/wp-content\/uploads\/2025\/07\/China-Messenger-Bag-Manufacturers-1.png",697,675,false],"thumbnail":["https:\/\/pecbag.com\/wp-content\/uploads\/2025\/07\/China-Messenger-Bag-Manufacturers-1-150x150.png",150,150,true],"medium":["https:\/\/pecbag.com\/wp-content\/uploads\/2025\/07\/China-Messenger-Bag-Manufacturers-1-300x291.png",300,291,true],"medium_large":["https:\/\/pecbag.com\/wp-content\/uploads\/2025\/07\/China-Messenger-Bag-Manufacturers-1.png",697,675,false],"large":["https:\/\/pecbag.com\/wp-content\/uploads\/2025\/07\/China-Messenger-Bag-Manufacturers-1.png",697,675,false],"1536x1536":["https:\/\/pecbag.com\/wp-content\/uploads\/2025\/07\/China-Messenger-Bag-Manufacturers-1.png",697,675,false],"2048x2048":["https:\/\/pecbag.com\/wp-content\/uploads\/2025\/07\/China-Messenger-Bag-Manufacturers-1.png",697,675,false],"trp-custom-language-flag":["https:\/\/pecbag.com\/wp-content\/uploads\/2025\/07\/China-Messenger-Bag-Manufacturers-1-12x12.png",12,12,true],"woocommerce_thumbnail":["https:\/\/pecbag.com\/wp-content\/uploads\/2025\/07\/China-Messenger-Bag-Manufacturers-1-300x300.png",300,300,true],"woocommerce_single":["https:\/\/pecbag.com\/wp-content\/uploads\/2025\/07\/China-Messenger-Bag-Manufacturers-1-600x581.png",600,581,true],"woocommerce_gallery_thumbnail":["https:\/\/pecbag.com\/wp-content\/uploads\/2025\/07\/China-Messenger-Bag-Manufacturers-1-100x100.png",100,100,true]},"uagb_author_info":{"display_name":"Lawrence","author_link":"https:\/\/pecbag.com\/de\/author\/"},"uagb_comment_info":0,"uagb_excerpt":"China Messenger Bag Manufacturers This men's satchel bag with a handle is ideal for daily use, as a work bag, school bag, or travel bag for both men and women. Great back-to-school bookbag for college and high school students. These soft briefcases with shoulder straps can store a laptop, a MacBook, and a lunchbox. It&hellip;","_links":{"self":[{"href":"https:\/\/pecbag.com\/de\/wp-json\/wp\/v2\/product\/4405","targetHints":{"allow":["GET"]}}],"collection":[{"href":"https:\/\/pecbag.com\/de\/wp-json\/wp\/v2\/product"}],"about":[{"href":"https:\/\/pecbag.com\/de\/wp-json\/wp\/v2\/types\/product"}],"wp:featuredmedia":[{"embeddable":true,"href":"https:\/\/pecbag.com\/de\/wp-json\/wp\/v2\/media\/4410"}],"wp:attachment":[{"href":"https:\/\/pecbag.com\/de\/wp-json\/wp\/v2\/media?parent=4405"}],"wp:term":[{"taxonomy":"product_brand","embeddable":true,"href":"https:\/\/pecbag.com\/de\/wp-json\/wp\/v2\/product_brand?post=4405"},{"taxonomy":"product_cat","embeddable":true,"href":"https:\/\/pecbag.com\/de\/wp-json\/wp\/v2\/product_cat?post=4405"},{"taxonomy":"product_tag","embeddable":true,"href":"https:\/\/pecbag.com\/de\/wp-json\/wp\/v2\/product_tag?post=4405"}],"curies":[{"name":"wp","href":"https:\/\/api.w.org\/{rel}","templated":true}]}}