{"id":4542,"date":"2025-07-09T01:25:52","date_gmt":"2025-07-09T01:25:52","guid":{"rendered":"https:\/\/pecbag.com\/?post_type=product&#038;p=4542"},"modified":"2025-11-28T09:35:32","modified_gmt":"2025-11-28T09:35:32","slug":"quality-bike-shoulder-bag-factory","status":"publish","type":"product","link":"https:\/\/pecbag.com\/de\/quality-bike-shoulder-bag-factory\/","title":{"rendered":"Qualit\u00e4t Fahrrad Umh\u00e4ngetasche Fabrik"},"content":{"rendered":"<h5 title=\"Faltbare Hundetasche Atmungsaktives Mesh Haustier Umh\u00e4ngetasche f\u00fcr kleine Haustier Hund Katzen\" data-immersive-translate-walked=\"1c928421-2e42-4cd3-8754-5404553c0af5\" data-immersive-translate-paragraph=\"1\" data-spm-anchor-id=\"a2700.details.0.i35.4f6757d4w4zNZA\">Premium Quality Bike Shoulder Bag Factory | Waterproof Bag Factory &amp; Technical Backpack Manufacturer | Bulk OEM<\/h5>\n<div class=\"flex flex-grow flex-col max-w-full\">\n<div class=\"min-h-[20px] text-message flex w-full flex-col items-end gap-2 whitespace-pre-wrap break-words [.text-message+&amp;]:mt-5 overflow-x-auto\" dir=\"auto\" data-message-author-role=\"assistant\" data-message-id=\"3d7d46f6-7ec2-4222-9257-48fa0bba23c6\" data-suggestions=\"true\">\n<div class=\"flex w-full flex-col gap-1 empty:hidden first:pt-[3px]\">\n<div class=\"markdown prose w-full break-words dark:prose-invert light\">\n<p class=\"ds-markdown-paragraph\">Ben\u00f6tigen Sie robuste Fahrrad-Umh\u00e4ngetaschen f\u00fcr den t\u00e4glichen Gebrauch?<\/p>\n<p class=\"ds-markdown-paragraph\">Als zertifizierter Hersteller von hochwertigen Fahrrad-Umh\u00e4ngetaschen und wasserdichten Taschen nach ISO 9001 in Bike Bag China entwickeln wir fahrradtaugliche Umh\u00e4ngetaschen mit wasserdichten F\u00e4chern, Anti-Sway-Gurten und schnell zug\u00e4nglichen technischen Taschen, auf die sich urbane Radfahrer weltweit verlassen.<\/p>\n<p class=\"ds-markdown-paragraph\">Gehen Sie eine Partnerschaft mit unserem Fahrradtaschen-Unternehmen ein - Ihrem schl\u00fcsselfertigen Fahrradtaschen-Lieferanten - f\u00fcr einen nahtlosen Fahrradtaschen-Export an Fahrradtaschen-Gro\u00dfh\u00e4ndler, Fahrrad-Einzelh\u00e4ndler und Fahrradtaschen-Verk\u00e4ufer in aller Welt.<\/p>\n<table width=\"288\">\n<tbody>\n<tr>\n<td width=\"137\"><span style=\"color: #333333;\">Produkte Name<\/span><\/td>\n<td width=\"151\">Fahrradtasche<\/td>\n<\/tr>\n<tr>\n<td><span style=\"color: #333333;\">Artikel Nr.<\/span><\/td>\n<td><span style=\"color: #333333;\">PB-2141<\/span><\/td>\n<\/tr>\n<tr>\n<td><span style=\"color: #333333;\">Material<\/span><\/td>\n<td>Segeltuch<\/td>\n<\/tr>\n<tr>\n<td><span style=\"color: #333333;\">Gr\u00f6\u00dfe<\/span><\/td>\n<td>17,5 x 6,5 x 13 Zoll<\/td>\n<\/tr>\n<tr>\n<td><span style=\"color: #333333;\">\u00a0Lieferfrist<\/span><\/td>\n<td><span style=\"color: #333333;\">1-5 Tage f\u00fcr kleine Mengen auf dem Luftweg und 30-35 Tage f\u00fcr gro\u00dfe Mengen auf dem Seeweg<\/span><\/td>\n<\/tr>\n<\/tbody>\n<\/table>\n<p class=\"ds-markdown-paragraph\"><strong>Warum Marken unsere Fabrik w\u00e4hlen:<\/strong><br \/>\n\ud83d\udeb4 <strong>Commuter Gear Leader:<\/strong>\u00a057% Nachbestellungen von Fahrradh\u00e4ndlern<br \/>\n\u2705 Komplette Fahrradtasche ODM\/OEM &amp; Fahrradtasche Eigenmarke<br \/>\n\u2705 Niedrige MOQ Fahrradtasche lose<br \/>\n\u2705 EXW\/FOB-Bedingungen von der Bike Bag-Fabriknabe<br \/>\n\u2705 Hersteller von Rucks\u00e4cken mit zwei Produktlinien: Fahrradtaschen + Pendlerausr\u00fcstung<\/p>\n<p class=\"ds-markdown-paragraph\"><strong>Fahrradtaugliche Merkmale:<\/strong><br \/>\n- 100% wasserdichtes Hauptfach (IPX6-zertifizierte Rei\u00dfverschl\u00fcsse)<br \/>\n- Reflektierende Streifen + Helmverankerungspunkte<br \/>\n- Gepolsterte 15\u2033 Laptoptasche + Werkzeugorganisation<br \/>\n- Kundenspezifisches Branding \u00fcber Bike Bag OEM<\/p>\n<\/div>\n<\/div>\n<\/div>\n<\/div>","protected":false},"excerpt":{"rendered":"<h2 data-immersive-translate-walked=\"344be1c1-5052-41eb-8fcd-0dbe236a0d6b\" data-immersive-translate-paragraph=\"1\">Qualit\u00e4t Fahrrad Umh\u00e4ngetasche Fabrik<\/h2>\n<div class=\"sliderTable mt10 mb10 sliderTable-index0\">\n<div class=\"inner\">\n<p><strong>1. Das Hauptfach<\/strong> hat eine 12-Liter-Kapazit\u00e4t, um Ihre t\u00e4glichen Notwendigkeiten zu halten. In 6 kleinen Multifunktionstaschen k\u00f6nnen Sie w\u00e4hrend der Fahrt Ihre mitgef\u00fchrten Gegenst\u00e4nde verstauen, z. B. Telefon, Ladeger\u00e4t, Brieftasche, Kabel, Kopfh\u00f6rer, Powerbank, Karte usw.<\/p>\n<p><strong>2. Hergestellt aus 600D s<\/strong><strong>Nowflake-Polyester-Material<\/strong>verhindert effektiv, dass Regen, Wasser, Schlamm und Staub schnell in diese Tasche eindringen. 4 Klettverschlussriemen sind stabil genug, um diese Fahrradtasche auf dem R\u00fccksitz zu halten. Stellen Sie sicher, dass sie sich nicht bewegt, auch wenn Sie auf einer rauen Stra\u00dfe unterwegs sind.<\/p>\n<p><strong>3. Flexibler Schulranzen-Schultergurt<\/strong> variiert von 36,2 bis maximal 59,6 Zoll und kann locker oder fest eingestellt werden, um sich perfekt an Ihren K\u00f6rper anzupassen. Ein Griff Design auf der Oberseite macht es einfach, diese Tasche in Komfort zu tragen. Sie k\u00f6nnen die Art des Tragens je nach Ihren Bed\u00fcrfnissen anpassen. Die beiden Seitentaschen bieten gen\u00fcgend Platz f\u00fcr Ihre Sachen, wenn Sie drau\u00dfen radeln.<\/p>\n<\/div>\n<\/div>","protected":false},"featured_media":4549,"template":"","meta":{"_uag_custom_page_level_css":""},"product_brand":[],"product_cat":[48,64],"product_tag":[],"class_list":{"0":"post-4542","1":"product","2":"type-product","3":"status-publish","4":"has-post-thumbnail","6":"product_cat-bike-bag","7":"product_cat-shoulder-bag","9":"first","10":"instock","11":"shipping-taxable","12":"product-type-simple"},"uagb_featured_image_src":{"full":["https:\/\/pecbag.com\/wp-content\/uploads\/2025\/07\/Quality-Bike-Shoulder-Bag-Factory-2-1.jpeg",1600,1600,false],"thumbnail":["https:\/\/pecbag.com\/wp-content\/uploads\/2025\/07\/Quality-Bike-Shoulder-Bag-Factory-2-1-150x150.jpeg",150,150,true],"medium":["https:\/\/pecbag.com\/wp-content\/uploads\/2025\/07\/Quality-Bike-Shoulder-Bag-Factory-2-1-300x300.jpeg",300,300,true],"medium_large":["https:\/\/pecbag.com\/wp-content\/uploads\/2025\/07\/Quality-Bike-Shoulder-Bag-Factory-2-1-768x768.jpeg",768,768,true],"large":["https:\/\/pecbag.com\/wp-content\/uploads\/2025\/07\/Quality-Bike-Shoulder-Bag-Factory-2-1-1024x1024.jpeg",800,800,true],"1536x1536":["https:\/\/pecbag.com\/wp-content\/uploads\/2025\/07\/Quality-Bike-Shoulder-Bag-Factory-2-1-1536x1536.jpeg",1536,1536,true],"2048x2048":["https:\/\/pecbag.com\/wp-content\/uploads\/2025\/07\/Quality-Bike-Shoulder-Bag-Factory-2-1.jpeg",1600,1600,false],"trp-custom-language-flag":["https:\/\/pecbag.com\/wp-content\/uploads\/2025\/07\/Quality-Bike-Shoulder-Bag-Factory-2-1-12x12.jpeg",12,12,true],"woocommerce_thumbnail":["https:\/\/pecbag.com\/wp-content\/uploads\/2025\/07\/Quality-Bike-Shoulder-Bag-Factory-2-1-300x300.jpeg",300,300,true],"woocommerce_single":["https:\/\/pecbag.com\/wp-content\/uploads\/2025\/07\/Quality-Bike-Shoulder-Bag-Factory-2-1-600x600.jpeg",600,600,true],"woocommerce_gallery_thumbnail":["https:\/\/pecbag.com\/wp-content\/uploads\/2025\/07\/Quality-Bike-Shoulder-Bag-Factory-2-1-100x100.jpeg",100,100,true]},"uagb_author_info":{"display_name":"Lawrence","author_link":"https:\/\/pecbag.com\/de\/author\/"},"uagb_comment_info":0,"uagb_excerpt":"Quality Bike Shoulder Bag Factory 1. The main compartment has a 12L capacity to keep your daily necessities. 6 small multi-functional pockets can store your carry-on items while you're riding, such as your phone, phone charger, wallet, cable, earphones, power bank, map, and so on. 2. Made of 600D snowflake polyester\u00a0material, effectively prevents rain, water,&hellip;","_links":{"self":[{"href":"https:\/\/pecbag.com\/de\/wp-json\/wp\/v2\/product\/4542","targetHints":{"allow":["GET"]}}],"collection":[{"href":"https:\/\/pecbag.com\/de\/wp-json\/wp\/v2\/product"}],"about":[{"href":"https:\/\/pecbag.com\/de\/wp-json\/wp\/v2\/types\/product"}],"wp:featuredmedia":[{"embeddable":true,"href":"https:\/\/pecbag.com\/de\/wp-json\/wp\/v2\/media\/4549"}],"wp:attachment":[{"href":"https:\/\/pecbag.com\/de\/wp-json\/wp\/v2\/media?parent=4542"}],"wp:term":[{"taxonomy":"product_brand","embeddable":true,"href":"https:\/\/pecbag.com\/de\/wp-json\/wp\/v2\/product_brand?post=4542"},{"taxonomy":"product_cat","embeddable":true,"href":"https:\/\/pecbag.com\/de\/wp-json\/wp\/v2\/product_cat?post=4542"},{"taxonomy":"product_tag","embeddable":true,"href":"https:\/\/pecbag.com\/de\/wp-json\/wp\/v2\/product_tag?post=4542"}],"curies":[{"name":"wp","href":"https:\/\/api.w.org\/{rel}","templated":true}]}}