{"id":4550,"date":"2025-07-09T01:51:40","date_gmt":"2025-07-09T01:51:40","guid":{"rendered":"https:\/\/pecbag.com\/?post_type=product&#038;p=4550"},"modified":"2025-11-28T09:35:21","modified_gmt":"2025-11-28T09:35:21","slug":"sport-fishing-bag-factory","status":"publish","type":"product","link":"https:\/\/pecbag.com\/de\/sport-fishing-bag-factory\/","title":{"rendered":"Sportangeltasche Fabrik"},"content":{"rendered":"<h5 title=\"Faltbare Hundetasche Atmungsaktives Mesh Haustier Umh\u00e4ngetasche f\u00fcr kleine Haustier Hund Katzen\" data-immersive-translate-walked=\"1c928421-2e42-4cd3-8754-5404553c0af5\" data-immersive-translate-paragraph=\"1\" data-spm-anchor-id=\"a2700.details.0.i35.4f6757d4w4zNZA\">Premium Sportangeltasche Fabrik | Wasserdichte Tasche Fabrik &amp; Technische Rucks\u00e4cke Hersteller | Bulk Export<\/h5>\n<div class=\"flex flex-grow flex-col max-w-full\">\n<div class=\"min-h-[20px] text-message flex w-full flex-col items-end gap-2 whitespace-pre-wrap break-words [.text-message+&amp;]:mt-5 overflow-x-auto\" dir=\"auto\" data-message-author-role=\"assistant\" data-message-id=\"3d7d46f6-7ec2-4222-9257-48fa0bba23c6\" data-suggestions=\"true\">\n<div class=\"flex w-full flex-col gap-1 empty:hidden first:pt-[3px]\">\n<div class=\"markdown prose w-full break-words dark:prose-invert light\">\n<p class=\"ds-markdown-paragraph\">Ben\u00f6tigen Sie Angeltaschen in Turnierqualit\u00e4t, die f\u00fcr Salzwasser geeignet sind?<\/p>\n<p class=\"ds-markdown-paragraph\">Als f\u00fchrender Hersteller von Sportangeltaschen und ISO-zertifizierten wasserdichten Taschen in China entwickeln wir professionelle Angelausr\u00fcstung mit korrosionsbest\u00e4ndigen Rei\u00dfverschl\u00fcssen, versenkbaren F\u00e4chern und Rutenmanagementsystemen, auf die Profiangler weltweit vertrauen.<\/p>\n<p class=\"ds-markdown-paragraph\">Gehen Sie eine Partnerschaft mit unserem Unternehmen f\u00fcr Angeltaschen ein - Ihr strategischer Lieferant f\u00fcr Angeltaschen - f\u00fcr einen nahtlosen Export von Angeltaschen an Gro\u00dfh\u00e4ndler, Outdoor-Einzelh\u00e4ndler und Verk\u00e4ufer von Angeltaschen auf der ganzen Welt.<\/p>\n<table width=\"288\">\n<tbody>\n<tr>\n<td width=\"137\"><span style=\"color: #333333;\">Produkte Name<\/span><\/td>\n<td width=\"151\">Fahrradtasche<\/td>\n<\/tr>\n<tr>\n<td><span style=\"color: #333333;\">Artikel Nr.<\/span><\/td>\n<td><span style=\"color: #333333;\">PB-2142<\/span><\/td>\n<\/tr>\n<tr>\n<td><span style=\"color: #333333;\">Material<\/span><\/td>\n<td>Polyester<\/td>\n<\/tr>\n<tr>\n<td><span style=\"color: #333333;\">Gr\u00f6\u00dfe<\/span><\/td>\n<td>21,5 * 32 * 14cm<\/td>\n<\/tr>\n<tr>\n<td><span style=\"color: #333333;\">\u00a0Lieferfrist<\/span><\/td>\n<td><span style=\"color: #333333;\">1-5 Tage f\u00fcr kleine Mengen auf dem Luftweg und 30-35 Tage f\u00fcr gro\u00dfe Mengen auf dem Seeweg<\/span><\/td>\n<\/tr>\n<\/tbody>\n<\/table>\n<p class=\"ds-markdown-paragraph\"><strong>Warum sich Pro Outfitters f\u00fcr unsere Fabrik entschieden hat:<\/strong><br \/>\n\ud83c\udfa3 <strong>Benchmarks der Industrie:<\/strong>\u00a063% J\u00e4hrliches Wachstum f\u00fcr Fischereivertriebsunternehmen<br \/>\n\u2705 Vollst\u00e4ndige Angeltasche ODM\/OEM &amp; Angeltasche Eigenmarke<br \/>\n\u2705 Niedriges MOQ Fischerei Tasche lose<br \/>\nSalzwassertaugliche Konstruktion (rostfreie 316L-Beschl\u00e4ge)<br \/>\n\u2705 Hersteller von zwei Rucksacklinien: Angeltaschen + taktische Ausr\u00fcstung<\/p>\n<p class=\"ds-markdown-paragraph\"><strong>Angler-gepr\u00fcfte Eigenschaften:<\/strong><br \/>\n- Wasserdichtes Hauptfach nach IPX8 (30+ Minuten Untertauchen)<br \/>\n- Schimmelresistenter PVC-Boden + selbstentleerende Speigatten<br \/>\n- Individuell anpassbare Rutenhalter + Integration eines Angelkastens<br \/>\n- Fischblut\/UV-best\u00e4ndige Gewebe<br \/>\n- Markenanpassung \u00fcber Fishing Bag OEM<\/p>\n<\/div>\n<\/div>\n<\/div>\n<\/div>","protected":false},"excerpt":{"rendered":"<h2 data-immersive-translate-walked=\"344be1c1-5052-41eb-8fcd-0dbe236a0d6b\" data-immersive-translate-paragraph=\"1\">Sportangeltasche Fabrik<\/h2>\n<div class=\"sliderTable mt10 mb10 sliderTable-index0\">\n<div class=\"inner\">\n<p>1. Eine Angeltasche mit gro\u00dfem Fassungsverm\u00f6gen kann zur Aufbewahrung von Angelrollen, K\u00f6dern, Zangen, Haken, Dosen und anderen Angelger\u00e4ten verwendet werden.<br \/>\n2. Hergestellt aus hochwertigem Polyester, wasserdicht und rei\u00dffest, verschlei\u00dffest und langlebig, hat eine lange Lebensdauer.<br \/>\n3. Rei\u00dfverschlusstaschen auf der Vorderseite und an den Seiten sorgen f\u00fcr Ordnung und Sicherheit und lassen sich leicht \u00f6ffnen und schlie\u00dfen.<br \/>\n4. Abnehmbarer verstellbarer Schultergurt, bequem zu tragen, kann als Umh\u00e4ngetasche oder als Taschen verwendet werden.<br \/>\n5. Mesh-Tasche Design, leicht zug\u00e4ngliche kleine Zubeh\u00f6r, kann effektiv speichern Angelrollen.<\/p>\n<\/div>\n<\/div>","protected":false},"featured_media":4555,"template":"","meta":{"_uag_custom_page_level_css":""},"product_brand":[],"product_cat":[48,64],"product_tag":[],"class_list":{"0":"post-4550","1":"product","2":"type-product","3":"status-publish","4":"has-post-thumbnail","6":"product_cat-bike-bag","7":"product_cat-shoulder-bag","9":"first","10":"instock","11":"shipping-taxable","12":"product-type-simple"},"uagb_featured_image_src":{"full":["https:\/\/pecbag.com\/wp-content\/uploads\/2025\/07\/Sport-Fishing-Bag-Factories-6.jpeg",960,960,false],"thumbnail":["https:\/\/pecbag.com\/wp-content\/uploads\/2025\/07\/Sport-Fishing-Bag-Factories-6-150x150.jpeg",150,150,true],"medium":["https:\/\/pecbag.com\/wp-content\/uploads\/2025\/07\/Sport-Fishing-Bag-Factories-6-300x300.jpeg",300,300,true],"medium_large":["https:\/\/pecbag.com\/wp-content\/uploads\/2025\/07\/Sport-Fishing-Bag-Factories-6-768x768.jpeg",768,768,true],"large":["https:\/\/pecbag.com\/wp-content\/uploads\/2025\/07\/Sport-Fishing-Bag-Factories-6.jpeg",800,800,false],"1536x1536":["https:\/\/pecbag.com\/wp-content\/uploads\/2025\/07\/Sport-Fishing-Bag-Factories-6.jpeg",960,960,false],"2048x2048":["https:\/\/pecbag.com\/wp-content\/uploads\/2025\/07\/Sport-Fishing-Bag-Factories-6.jpeg",960,960,false],"trp-custom-language-flag":["https:\/\/pecbag.com\/wp-content\/uploads\/2025\/07\/Sport-Fishing-Bag-Factories-6-12x12.jpeg",12,12,true],"woocommerce_thumbnail":["https:\/\/pecbag.com\/wp-content\/uploads\/2025\/07\/Sport-Fishing-Bag-Factories-6-300x300.jpeg",300,300,true],"woocommerce_single":["https:\/\/pecbag.com\/wp-content\/uploads\/2025\/07\/Sport-Fishing-Bag-Factories-6-600x600.jpeg",600,600,true],"woocommerce_gallery_thumbnail":["https:\/\/pecbag.com\/wp-content\/uploads\/2025\/07\/Sport-Fishing-Bag-Factories-6-100x100.jpeg",100,100,true]},"uagb_author_info":{"display_name":"Lawrence","author_link":"https:\/\/pecbag.com\/de\/author\/"},"uagb_comment_info":0,"uagb_excerpt":"Sport Fishing Bag Factory 1. A fishing bag with a large capacity can be used to store fishing reels, baits, pliers, hooks, boxes, and other fishing gear. 2. Made of high-quality polyester, waterproof and tear\u2011resistant, wear\u2011resistant and durable, has a long service life. 3. Zipper front\/side pockets keep things organized and safe, easy to open&hellip;","_links":{"self":[{"href":"https:\/\/pecbag.com\/de\/wp-json\/wp\/v2\/product\/4550","targetHints":{"allow":["GET"]}}],"collection":[{"href":"https:\/\/pecbag.com\/de\/wp-json\/wp\/v2\/product"}],"about":[{"href":"https:\/\/pecbag.com\/de\/wp-json\/wp\/v2\/types\/product"}],"wp:featuredmedia":[{"embeddable":true,"href":"https:\/\/pecbag.com\/de\/wp-json\/wp\/v2\/media\/4555"}],"wp:attachment":[{"href":"https:\/\/pecbag.com\/de\/wp-json\/wp\/v2\/media?parent=4550"}],"wp:term":[{"taxonomy":"product_brand","embeddable":true,"href":"https:\/\/pecbag.com\/de\/wp-json\/wp\/v2\/product_brand?post=4550"},{"taxonomy":"product_cat","embeddable":true,"href":"https:\/\/pecbag.com\/de\/wp-json\/wp\/v2\/product_cat?post=4550"},{"taxonomy":"product_tag","embeddable":true,"href":"https:\/\/pecbag.com\/de\/wp-json\/wp\/v2\/product_tag?post=4550"}],"curies":[{"name":"wp","href":"https:\/\/api.w.org\/{rel}","templated":true}]}}