{"id":4577,"date":"2025-07-10T02:27:39","date_gmt":"2025-07-10T02:27:39","guid":{"rendered":"https:\/\/pecbag.com\/?post_type=product&#038;p=4577"},"modified":"2025-11-28T09:34:58","modified_gmt":"2025-11-28T09:34:58","slug":"china-sport-travel-chest-bag-factory","status":"publish","type":"product","link":"https:\/\/pecbag.com\/de\/china-sport-travel-chest-bag-factory\/","title":{"rendered":"China Sport Travel Chest Bag Fabrik"},"content":{"rendered":"<h5 title=\"Faltbare Hundetasche Atmungsaktives Mesh Haustier Umh\u00e4ngetasche f\u00fcr kleine Haustier Hund Katzen\" data-immersive-translate-walked=\"1c928421-2e42-4cd3-8754-5404553c0af5\" data-immersive-translate-paragraph=\"1\" data-spm-anchor-id=\"a2700.details.0.i35.4f6757d4w4zNZA\">Premium China Sport Travel Chest Bag Factory | Waterproof Bag Factory &amp; Technical Backpack Manufacturer | Bulk Solutions<\/h5>\n<div class=\"flex flex-grow flex-col max-w-full\">\n<div class=\"min-h-[20px] text-message flex w-full flex-col items-end gap-2 whitespace-pre-wrap break-words [.text-message+&amp;]:mt-5 overflow-x-auto\" dir=\"auto\" data-message-author-role=\"assistant\" data-message-id=\"3d7d46f6-7ec2-4222-9257-48fa0bba23c6\" data-suggestions=\"true\">\n<div class=\"flex w-full flex-col gap-1 empty:hidden first:pt-[3px]\">\n<div class=\"markdown prose w-full break-words dark:prose-invert light\">\n<p class=\"ds-markdown-paragraph\">Ben\u00f6tigen Sie leistungsstarke Sportreisetaschen direkt aus einer chinesischen Fabrik?<\/p>\n<p class=\"ds-markdown-paragraph\">Als zertifizierte China Sport Travel Chest Bag Factory und ISO 9001 zertifizierte Fabrik f\u00fcr wasserdichte Taschen entwickeln wir abenteuertaugliche Brusttaschen mit flughafenfreundlichem Design, diebstahlsicheren Merkmalen und umwandelbaren Tragesystemen, die von Reisenden weltweit gesch\u00e4tzt werden.<\/p>\n<p class=\"ds-markdown-paragraph\">Gehen Sie eine Partnerschaft mit unserem Unternehmen f\u00fcr Brusttaschen ein - Ihrem engagierten Lieferanten f\u00fcr Brusttaschen - f\u00fcr einen nahtlosen Export von Brusttaschen an Gro\u00dfh\u00e4ndler, Outdoor-Einzelh\u00e4ndler und Brusttaschen-Verk\u00e4ufer weltweit.<\/p>\n<table width=\"288\">\n<tbody>\n<tr>\n<td width=\"137\"><span style=\"color: #333333;\">Produkte Name<\/span><\/td>\n<td width=\"151\">Brustbeutel<\/td>\n<\/tr>\n<tr>\n<td><span style=\"color: #333333;\">Artikel Nr.<\/span><\/td>\n<td><span style=\"color: #333333;\">PB-2144<\/span><\/td>\n<\/tr>\n<tr>\n<td><span style=\"color: #333333;\">Material<\/span><\/td>\n<td>1000D Nylon<\/td>\n<\/tr>\n<tr>\n<td><span style=\"color: #333333;\">Gr\u00f6\u00dfe<\/span><\/td>\n<td>25,5 x 3 x 18 cm<\/td>\n<\/tr>\n<tr>\n<td><span style=\"color: #333333;\">\u00a0Lieferfrist<\/span><\/td>\n<td><span style=\"color: #333333;\">1-5 Tage f\u00fcr kleine Mengen auf dem Luftweg und 30-35 Tage f\u00fcr gro\u00dfe Mengen auf dem Seeweg<\/span><\/td>\n<\/tr>\n<\/tbody>\n<\/table>\n<h3>Warum Adventure Brands uns w\u00e4hlen:<\/h3>\n<p class=\"ds-markdown-paragraph\">\u2708\ufe0f <strong>Leiter der Reiseausr\u00fcstung<\/strong>68% Wachstum f\u00fcr Vertriebspartner im Vergleich zum Vorjahr<br \/>\n\u2705 Brustbeutel ODM\/OEM &amp; Brustbeutel Eigenmarke<br \/>\n\u2705 Niedriges MOQ Chest Bag bulk (300+ Einheiten)<br \/>\n\u2705 TSA-konforme Ausf\u00fchrungen + EXW\/FOB-Bedingungen<br \/>\n\u2705 Hersteller von zwei Rucksacklinien: Sport Chest Bags + Travel Gear<\/p>\n<p class=\"ds-markdown-paragraph\"><strong>Reiseoptimierte Merkmale:<\/strong><br \/>\n-\u00a0<strong>Flughafen bereit<\/strong>:<\/p>\n<ul>\n<li>\n<p class=\"ds-markdown-paragraph\">TSA-Schloss-kompatible F\u00e4cher<\/p>\n<\/li>\n<li>\n<p class=\"ds-markdown-paragraph\">RFID-Reisepassh\u00fclle mit Schnellscanner<\/p>\n<\/li>\n<li>\n<p class=\"ds-markdown-paragraph\">Abnehmbarer Gurt f\u00fcr die Umr\u00fcstung zum Handgep\u00e4ck<br \/>\n-\u00a0<strong>Aktiver Komfort<\/strong>:<\/p>\n<\/li>\n<li>\n<p class=\"ds-markdown-paragraph\">Bel\u00fcftetes AirMesh-R\u00fcckenteil<\/p>\n<\/li>\n<li>\n<p class=\"ds-markdown-paragraph\">Feuchtigkeitsableitendes, verstellbares Gurtzeug<\/p>\n<\/li>\n<li>\n<p class=\"ds-markdown-paragraph\">Drehbare Schnalle f\u00fcr den Zugang unterwegs<br \/>\n-\u00a0<strong>Schwerpunkt Sicherheit<\/strong>:<\/p>\n<\/li>\n<li>\n<p class=\"ds-markdown-paragraph\">Schlitzsicheres Gurtband<\/p>\n<\/li>\n<li>\n<p class=\"ds-markdown-paragraph\">Versteckte Rei\u00dfverschlusstaschen<\/p>\n<\/li>\n<li>\n<p class=\"ds-markdown-paragraph\">Drahtverst\u00e4rkte Gurtanker<\/p>\n<\/li>\n<\/ul>\n<\/div>\n<\/div>\n<\/div>\n<\/div>","protected":false},"excerpt":{"rendered":"<h2 data-immersive-translate-walked=\"344be1c1-5052-41eb-8fcd-0dbe236a0d6b\" data-immersive-translate-paragraph=\"1\">China Sport Travel Chest Bag Fabrik<\/h2>\n<div class=\"sliderTable mt10 mb10 sliderTable-index0\">\n<div class=\"inner\">\n<p>Hergestellt aus 1000D Nylon und den besten Verschl\u00fcssen und Rei\u00dfverschl\u00fcssen, diese Brusttasche verf\u00fcgt \u00fcber ein System, das vier Schnellverschluss Schnallen, die schnell zwischen verschiedenen Formen \u00e4ndern k\u00f6nnen, so dass die Menschen ihre H\u00e4nde frei, um auf die Dinge zu konzentrieren.<\/p>\n<\/div>\n<\/div>","protected":false},"featured_media":4581,"template":"","meta":{"_uag_custom_page_level_css":""},"product_brand":[],"product_cat":[61,67],"product_tag":[],"class_list":{"0":"post-4577","1":"product","2":"type-product","3":"status-publish","4":"has-post-thumbnail","6":"product_cat-chest-bag","7":"product_cat-sports-bag","9":"first","10":"instock","11":"shipping-taxable","12":"product-type-simple"},"uagb_featured_image_src":{"full":["https:\/\/pecbag.com\/wp-content\/uploads\/2025\/07\/China-Sport-Travel-Chest-Bag-Factory-1.jpeg",1426,1500,false],"thumbnail":["https:\/\/pecbag.com\/wp-content\/uploads\/2025\/07\/China-Sport-Travel-Chest-Bag-Factory-1-150x150.jpeg",150,150,true],"medium":["https:\/\/pecbag.com\/wp-content\/uploads\/2025\/07\/China-Sport-Travel-Chest-Bag-Factory-1-285x300.jpeg",285,300,true],"medium_large":["https:\/\/pecbag.com\/wp-content\/uploads\/2025\/07\/China-Sport-Travel-Chest-Bag-Factory-1-768x808.jpeg",768,808,true],"large":["https:\/\/pecbag.com\/wp-content\/uploads\/2025\/07\/China-Sport-Travel-Chest-Bag-Factory-1-973x1024.jpeg",800,842,true],"1536x1536":["https:\/\/pecbag.com\/wp-content\/uploads\/2025\/07\/China-Sport-Travel-Chest-Bag-Factory-1.jpeg",1426,1500,false],"2048x2048":["https:\/\/pecbag.com\/wp-content\/uploads\/2025\/07\/China-Sport-Travel-Chest-Bag-Factory-1.jpeg",1426,1500,false],"trp-custom-language-flag":["https:\/\/pecbag.com\/wp-content\/uploads\/2025\/07\/China-Sport-Travel-Chest-Bag-Factory-1-11x12.jpeg",11,12,true],"woocommerce_thumbnail":["https:\/\/pecbag.com\/wp-content\/uploads\/2025\/07\/China-Sport-Travel-Chest-Bag-Factory-1-300x300.jpeg",300,300,true],"woocommerce_single":["https:\/\/pecbag.com\/wp-content\/uploads\/2025\/07\/China-Sport-Travel-Chest-Bag-Factory-1-600x631.jpeg",600,631,true],"woocommerce_gallery_thumbnail":["https:\/\/pecbag.com\/wp-content\/uploads\/2025\/07\/China-Sport-Travel-Chest-Bag-Factory-1-100x100.jpeg",100,100,true]},"uagb_author_info":{"display_name":"Lawrence","author_link":"https:\/\/pecbag.com\/de\/author\/"},"uagb_comment_info":0,"uagb_excerpt":"China Sport Travel Chest Bag Factory Made of 1000D nylon and the best fasteners and zippers, this chest bag features a system that has four quick-release buckles, which can quickly change between various forms, so that people can free their hands to focus on the things.","_links":{"self":[{"href":"https:\/\/pecbag.com\/de\/wp-json\/wp\/v2\/product\/4577","targetHints":{"allow":["GET"]}}],"collection":[{"href":"https:\/\/pecbag.com\/de\/wp-json\/wp\/v2\/product"}],"about":[{"href":"https:\/\/pecbag.com\/de\/wp-json\/wp\/v2\/types\/product"}],"wp:featuredmedia":[{"embeddable":true,"href":"https:\/\/pecbag.com\/de\/wp-json\/wp\/v2\/media\/4581"}],"wp:attachment":[{"href":"https:\/\/pecbag.com\/de\/wp-json\/wp\/v2\/media?parent=4577"}],"wp:term":[{"taxonomy":"product_brand","embeddable":true,"href":"https:\/\/pecbag.com\/de\/wp-json\/wp\/v2\/product_brand?post=4577"},{"taxonomy":"product_cat","embeddable":true,"href":"https:\/\/pecbag.com\/de\/wp-json\/wp\/v2\/product_cat?post=4577"},{"taxonomy":"product_tag","embeddable":true,"href":"https:\/\/pecbag.com\/de\/wp-json\/wp\/v2\/product_tag?post=4577"}],"curies":[{"name":"wp","href":"https:\/\/api.w.org\/{rel}","templated":true}]}}