{"id":4641,"date":"2025-07-11T01:50:31","date_gmt":"2025-07-11T01:50:31","guid":{"rendered":"https:\/\/pecbag.com\/?post_type=product&#038;p=4641"},"modified":"2025-11-28T09:34:36","modified_gmt":"2025-11-28T09:34:36","slug":"china-chest-bag-men-factories","status":"publish","type":"product","link":"https:\/\/pecbag.com\/de\/china-chest-bag-men-factories\/","title":{"rendered":"China Chest Bag Men Fabriken"},"content":{"rendered":"<h5 title=\"Faltbare Hundetasche Atmungsaktives Mesh Haustier Umh\u00e4ngetasche f\u00fcr kleine Haustier Hund Katzen\" data-immersive-translate-walked=\"1c928421-2e42-4cd3-8754-5404553c0af5\" data-immersive-translate-paragraph=\"1\" data-spm-anchor-id=\"a2700.details.0.i35.4f6757d4w4zNZA\">Premium China Mens Chest Bag Factory | Waterproof Bag Factory &amp; Urban Backpack Hersteller | Bulk OEM<\/h5>\n<div class=\"flex flex-grow flex-col max-w-full\">\n<div class=\"min-h-[20px] text-message flex w-full flex-col items-end gap-2 whitespace-pre-wrap break-words [.text-message+&amp;]:mt-5 overflow-x-auto\" dir=\"auto\" data-message-author-role=\"assistant\" data-message-id=\"3d7d46f6-7ec2-4222-9257-48fa0bba23c6\" data-suggestions=\"true\">\n<div class=\"flex w-full flex-col gap-1 empty:hidden first:pt-[3px]\">\n<div class=\"markdown prose w-full break-words dark:prose-invert light\">\n<p class=\"ds-markdown-paragraph\">Brauchen Sie robuste Brustbeutel f\u00fcr M\u00e4nner direkt aus einer chinesischen Fabrik?<\/p>\n<p class=\"ds-markdown-paragraph\">Als zertifizierte China Mens Chest Bag Factory und ISO 9001-zertifizierte Fabrik f\u00fcr wasserdichte Taschen entwickeln wir taktische Ausr\u00fcstung f\u00fcr M\u00e4nner mit ergonomischen Gurtsystemen, diebstahlsicherer Technologie und stadttauglichem Design, dem Sicherheitsexperten und Outdoor-Marken vertrauen.<\/p>\n<table width=\"288\">\n<tbody>\n<tr>\n<td width=\"137\"><span style=\"color: #333333;\">Produkte Name<\/span><\/td>\n<td width=\"151\">Brustbeutel<\/td>\n<\/tr>\n<tr>\n<td><span style=\"color: #333333;\">Artikel Nr.<\/span><\/td>\n<td><span style=\"color: #333333;\">PB-2146<\/span><\/td>\n<\/tr>\n<tr>\n<td><span style=\"color: #333333;\">Material<\/span><\/td>\n<td>Polyester<\/td>\n<\/tr>\n<tr>\n<td><span style=\"color: #333333;\">Gr\u00f6\u00dfe<\/span><\/td>\n<td>51 x 5 x 30 cm<\/td>\n<\/tr>\n<tr>\n<td><span style=\"color: #333333;\">\u00a0Lieferfrist<\/span><\/td>\n<td><span style=\"color: #333333;\">1-5 Tage f\u00fcr kleine Mengen auf dem Luftweg und 30-35 Tage f\u00fcr gro\u00dfe Mengen auf dem Seeweg<\/span><\/td>\n<\/tr>\n<\/tbody>\n<\/table>\n<h3>Warum globale Eink\u00e4ufer uns w\u00e4hlen:<\/h3>\n<p class=\"ds-markdown-paragraph\">\ud83c\udfed\u00a0<strong>Factory-Direct Vorteile:<\/strong><\/p>\n<ul>\n<li>\n<p class=\"ds-markdown-paragraph\">Niedrige MOQ Chest Bag bulk (300+ Einheiten)<\/p>\n<\/li>\n<li>\n<p class=\"ds-markdown-paragraph\">Brusttasche ODM\/OEM &amp; Brusttasche Eigenmarke<\/p>\n<\/li>\n<li>\n<p class=\"ds-markdown-paragraph\">Exportbedingungen EXW\/FOB Chest Bag<\/p>\n<\/li>\n<li>\n<p class=\"ds-markdown-paragraph\">Duale Rucksackhersteller-Linien<\/p>\n<\/li>\n<\/ul>\n<p class=\"ds-markdown-paragraph\">\ud83d\udd27\u00a0<strong>M\u00e4nnerspezifisches Engineering:<\/strong><br \/>\n-\u00a0<strong>Ergonomisches X-Gurtzeug<\/strong>\u00a0(gewichtsverteilt f\u00fcr m\u00e4nnliche Rahmen)<br \/>\n-\u00a0<strong>Urban Tactical Design<\/strong>\u00a0(diskret und doch zug\u00e4nglich)<br \/>\n-\u00a0<strong>Gr\u00f6\u00dfenanpassung<\/strong>\u00a0(einstellbar f\u00fcr 160-200cm K\u00f6rpergr\u00f6\u00dfe)<br \/>\n-\u00a0<strong>Material-Upgrades<\/strong>\u00a0(900D ballistisches Nylon + YKK-Rei\u00dfverschl\u00fcsse)<\/p>\n<\/div>\n<\/div>\n<\/div>\n<\/div>","protected":false},"excerpt":{"rendered":"<h2 data-immersive-translate-walked=\"344be1c1-5052-41eb-8fcd-0dbe236a0d6b\" data-immersive-translate-paragraph=\"1\">China Chest Bag Men Fabriken<\/h2>\n<div class=\"sliderTable mt10 mb10 sliderTable-index0\">\n<div class=\"inner\">Diese Brusttasche aus hochwertigem Stoff und einem glatten und starken Rei\u00dfverschluss bietet Platz f\u00fcr Geldb\u00f6rse, Handy, Akku, Kopfh\u00f6rer, Taschent\u00fccher, Handdesinfektionsmittel und andere Dinge des t\u00e4glichen Bedarfs.<\/div>\n<div class=\"inner\">Atmungsaktives Netzgewebe auf der R\u00fcckseite sorgt f\u00fcr ein k\u00fchles und angenehmes Tragegef\u00fchl. Eine Sportbrusttasche f\u00fcr alle Jahreszeiten.<\/div>\n<\/div>","protected":false},"featured_media":4643,"template":"","meta":{"_uag_custom_page_level_css":""},"product_brand":[],"product_cat":[61,45],"product_tag":[],"class_list":{"0":"post-4641","1":"product","2":"type-product","3":"status-publish","4":"has-post-thumbnail","6":"product_cat-chest-bag","7":"product_cat-hiking-bag","9":"first","10":"instock","11":"shipping-taxable","12":"product-type-simple"},"uagb_featured_image_src":{"full":["https:\/\/pecbag.com\/wp-content\/uploads\/2025\/07\/China-Chest-Bag-Men-Factories-2.jpg",1500,1491,false],"thumbnail":["https:\/\/pecbag.com\/wp-content\/uploads\/2025\/07\/China-Chest-Bag-Men-Factories-2-150x150.jpg",150,150,true],"medium":["https:\/\/pecbag.com\/wp-content\/uploads\/2025\/07\/China-Chest-Bag-Men-Factories-2-300x298.jpg",300,298,true],"medium_large":["https:\/\/pecbag.com\/wp-content\/uploads\/2025\/07\/China-Chest-Bag-Men-Factories-2-768x763.jpg",768,763,true],"large":["https:\/\/pecbag.com\/wp-content\/uploads\/2025\/07\/China-Chest-Bag-Men-Factories-2-1024x1018.jpg",800,795,true],"1536x1536":["https:\/\/pecbag.com\/wp-content\/uploads\/2025\/07\/China-Chest-Bag-Men-Factories-2.jpg",1500,1491,false],"2048x2048":["https:\/\/pecbag.com\/wp-content\/uploads\/2025\/07\/China-Chest-Bag-Men-Factories-2.jpg",1500,1491,false],"trp-custom-language-flag":["https:\/\/pecbag.com\/wp-content\/uploads\/2025\/07\/China-Chest-Bag-Men-Factories-2-12x12.jpg",12,12,true],"woocommerce_thumbnail":["https:\/\/pecbag.com\/wp-content\/uploads\/2025\/07\/China-Chest-Bag-Men-Factories-2-300x300.jpg",300,300,true],"woocommerce_single":["https:\/\/pecbag.com\/wp-content\/uploads\/2025\/07\/China-Chest-Bag-Men-Factories-2-600x596.jpg",600,596,true],"woocommerce_gallery_thumbnail":["https:\/\/pecbag.com\/wp-content\/uploads\/2025\/07\/China-Chest-Bag-Men-Factories-2-100x100.jpg",100,100,true]},"uagb_author_info":{"display_name":"Lawrence","author_link":"https:\/\/pecbag.com\/de\/author\/"},"uagb_comment_info":0,"uagb_excerpt":"China Chest Bag Men Factories Made of high-quality fabric and a smooth and strong zipper, this chest bag is enough to store your wallet, cell phone, rechargeable battery, headphones, tissues, hand sanitizer and other daily necessities. Breathable back mesh fabric makes you feel cool and comfortable. It's a sports chest bag for all seasons.","_links":{"self":[{"href":"https:\/\/pecbag.com\/de\/wp-json\/wp\/v2\/product\/4641","targetHints":{"allow":["GET"]}}],"collection":[{"href":"https:\/\/pecbag.com\/de\/wp-json\/wp\/v2\/product"}],"about":[{"href":"https:\/\/pecbag.com\/de\/wp-json\/wp\/v2\/types\/product"}],"wp:featuredmedia":[{"embeddable":true,"href":"https:\/\/pecbag.com\/de\/wp-json\/wp\/v2\/media\/4643"}],"wp:attachment":[{"href":"https:\/\/pecbag.com\/de\/wp-json\/wp\/v2\/media?parent=4641"}],"wp:term":[{"taxonomy":"product_brand","embeddable":true,"href":"https:\/\/pecbag.com\/de\/wp-json\/wp\/v2\/product_brand?post=4641"},{"taxonomy":"product_cat","embeddable":true,"href":"https:\/\/pecbag.com\/de\/wp-json\/wp\/v2\/product_cat?post=4641"},{"taxonomy":"product_tag","embeddable":true,"href":"https:\/\/pecbag.com\/de\/wp-json\/wp\/v2\/product_tag?post=4641"}],"curies":[{"name":"wp","href":"https:\/\/api.w.org\/{rel}","templated":true}]}}