{"id":4664,"date":"2025-07-12T01:49:46","date_gmt":"2025-07-12T01:49:46","guid":{"rendered":"https:\/\/pecbag.com\/?post_type=product&#038;p=4664"},"modified":"2025-11-28T09:34:23","modified_gmt":"2025-11-28T09:34:23","slug":"china-chest-bag-manufacturer","status":"publish","type":"product","link":"https:\/\/pecbag.com\/de\/china-chest-bag-manufacturer\/","title":{"rendered":"China Chest Bag Hersteller"},"content":{"rendered":"<h5 title=\"Faltbare Hundetasche Atmungsaktives Mesh Haustier Umh\u00e4ngetasche f\u00fcr kleine Haustier Hund Katzen\" data-immersive-translate-walked=\"1c928421-2e42-4cd3-8754-5404553c0af5\" data-immersive-translate-paragraph=\"1\" data-spm-anchor-id=\"a2700.details.0.i35.4f6757d4w4zNZA\">Premium China Chest Bag Hersteller | Wasserdichte Tasche Fabrik &amp; Tactical Backpack Hersteller | Bulk Export<\/h5>\n<div class=\"flex flex-grow flex-col max-w-full\">\n<div class=\"min-h-[20px] text-message flex w-full flex-col items-end gap-2 whitespace-pre-wrap break-words [.text-message+&amp;]:mt-5 overflow-x-auto\" dir=\"auto\" data-message-author-role=\"assistant\" data-message-id=\"3d7d46f6-7ec2-4222-9257-48fa0bba23c6\" data-suggestions=\"true\">\n<div class=\"flex w-full flex-col gap-1 empty:hidden first:pt-[3px]\">\n<div class=\"markdown prose w-full break-words dark:prose-invert light\">\n<p class=\"ds-markdown-paragraph\">Ben\u00f6tigen Sie eine zuverl\u00e4ssige Brustbeutelproduktion direkt aus China?<\/p>\n<p class=\"ds-markdown-paragraph\">Als einer der f\u00fchrenden Hersteller von Brusttaschen in China und ISO-zertifizierte Fabrik f\u00fcr wasserdichte Taschen entwickeln wir professionelle Brusttaschen mit milit\u00e4rtauglichen Materialien, ergonomischen Gurtsystemen und TSA-kompatiblen Designs, denen Sicherheitsfirmen und Outdoor-Marken weltweit vertrauen.<\/p>\n<table width=\"288\">\n<tbody>\n<tr>\n<td width=\"137\"><span style=\"color: #333333;\">Produkte Name<\/span><\/td>\n<td width=\"151\">Brustbeutel<\/td>\n<\/tr>\n<tr>\n<td><span style=\"color: #333333;\">Artikel Nr.<\/span><\/td>\n<td><span style=\"color: #333333;\">PB-2147<\/span><\/td>\n<\/tr>\n<tr>\n<td><span style=\"color: #333333;\">Material<\/span><\/td>\n<td>900D Nylon<\/td>\n<\/tr>\n<tr>\n<td><span style=\"color: #333333;\">Gr\u00f6\u00dfe<\/span><\/td>\n<td>25 x 7 x 28 cm<\/td>\n<\/tr>\n<tr>\n<td><span style=\"color: #333333;\">\u00a0Lieferfrist<\/span><\/td>\n<td><span style=\"color: #333333;\">1-5 Tage f\u00fcr kleine Mengen auf dem Luftweg und 30-35 Tage f\u00fcr gro\u00dfe Mengen auf dem Seeweg<\/span><\/td>\n<\/tr>\n<\/tbody>\n<\/table>\n<h3>Warum globale Eink\u00e4ufer bei uns einkaufen:<\/h3>\n<p class=\"ds-markdown-paragraph\">\ud83c\udfed\u00a0<strong>Factory-Direct Vorteile:<\/strong><\/p>\n<ul>\n<li>\n<p class=\"ds-markdown-paragraph\">Niedrige MOQ Chest Bag bulk (300+ Einheiten)<\/p>\n<\/li>\n<li>\n<p class=\"ds-markdown-paragraph\">Vollst\u00e4ndige Brusttasche ODM\/OEM &amp; Brusttasche Eigenmarke<\/p>\n<\/li>\n<li>\n<p class=\"ds-markdown-paragraph\">Exportbedingungen EXW\/FOB Chest Bag<\/p>\n<\/li>\n<li>\n<p class=\"ds-markdown-paragraph\">40.000\u33a1 Chest Bag Produktionszentrum in China<\/p>\n<\/li>\n<\/ul>\n<p class=\"ds-markdown-paragraph\">\ud83d\udd27\u00a0<strong>Merkmale der Profiklasse:<\/strong><br \/>\n- 1000D Cordura\u00ae-Nylon (abriebfest)<br \/>\n- Schnell zug\u00e4ngliche Verwaltungskonsolen + Taschen mit RFID-Blockierung<br \/>\n- Anatomisches X-Gurtzeug (Technologie zur Gewichtsverteilung)<br \/>\n- Wetterfeste YKK\u00ae AquaGuard-Rei\u00dfverschl\u00fcsse<\/p>\n<\/div>\n<\/div>\n<\/div>\n<\/div>","protected":false},"excerpt":{"rendered":"<h2 data-immersive-translate-walked=\"344be1c1-5052-41eb-8fcd-0dbe236a0d6b\" data-immersive-translate-paragraph=\"1\">China Chest Bag Hersteller<\/h2>\n<div class=\"sliderTable mt10 mb10 sliderTable-index0\">\n<div class=\"inner\">Unsere taktische Weste ist aus 900D High-Density-Material mit hoher Verschlei\u00dffestigkeit, eine glatte Rei\u00dfverschluss, glatt und nicht klemmt, und eine D-f\u00f6rmige Schnalle, die Ihre Kletter Schnalle, Schl\u00fcsselring h\u00e4ngen kann gemacht.<\/div>\n<div class=\"inner\">Sie verf\u00fcgt \u00fcber vier Taschen, in denen verschiedene Gegenst\u00e4nde untergebracht werden k\u00f6nnen, z. B. Dinge des t\u00e4glichen Bedarfs, eine Powerbank, ein Mobiltelefon, eine Geldb\u00f6rse, eine Kreditkarte, Schl\u00fcssel, Kopfh\u00f6rer usw.<\/div>\n<\/div>","protected":false},"featured_media":4668,"template":"","meta":{"_uag_custom_page_level_css":""},"product_brand":[],"product_cat":[61,45],"product_tag":[],"class_list":{"0":"post-4664","1":"product","2":"type-product","3":"status-publish","4":"has-post-thumbnail","6":"product_cat-chest-bag","7":"product_cat-hiking-bag","9":"first","10":"instock","11":"shipping-taxable","12":"product-type-simple"},"uagb_featured_image_src":{"full":["https:\/\/pecbag.com\/wp-content\/uploads\/2025\/07\/China-Chest-Bag-Manufacturer-4.jpg",1475,1327,false],"thumbnail":["https:\/\/pecbag.com\/wp-content\/uploads\/2025\/07\/China-Chest-Bag-Manufacturer-4-150x150.jpg",150,150,true],"medium":["https:\/\/pecbag.com\/wp-content\/uploads\/2025\/07\/China-Chest-Bag-Manufacturer-4-300x270.jpg",300,270,true],"medium_large":["https:\/\/pecbag.com\/wp-content\/uploads\/2025\/07\/China-Chest-Bag-Manufacturer-4-768x691.jpg",768,691,true],"large":["https:\/\/pecbag.com\/wp-content\/uploads\/2025\/07\/China-Chest-Bag-Manufacturer-4-1024x921.jpg",800,720,true],"1536x1536":["https:\/\/pecbag.com\/wp-content\/uploads\/2025\/07\/China-Chest-Bag-Manufacturer-4.jpg",1475,1327,false],"2048x2048":["https:\/\/pecbag.com\/wp-content\/uploads\/2025\/07\/China-Chest-Bag-Manufacturer-4.jpg",1475,1327,false],"trp-custom-language-flag":["https:\/\/pecbag.com\/wp-content\/uploads\/2025\/07\/China-Chest-Bag-Manufacturer-4-13x12.jpg",13,12,true],"woocommerce_thumbnail":["https:\/\/pecbag.com\/wp-content\/uploads\/2025\/07\/China-Chest-Bag-Manufacturer-4-300x300.jpg",300,300,true],"woocommerce_single":["https:\/\/pecbag.com\/wp-content\/uploads\/2025\/07\/China-Chest-Bag-Manufacturer-4-600x540.jpg",600,540,true],"woocommerce_gallery_thumbnail":["https:\/\/pecbag.com\/wp-content\/uploads\/2025\/07\/China-Chest-Bag-Manufacturer-4-100x100.jpg",100,100,true]},"uagb_author_info":{"display_name":"Lawrence","author_link":"https:\/\/pecbag.com\/de\/author\/"},"uagb_comment_info":0,"uagb_excerpt":"China Chest Bag Manufacturer Our tactical vest is made of 900D high-density material with high wear resistance, a smooth zipper, smooth and non-jamming, and a D-shaped buckle that can hang your climbing buckle, key ring. It has four pockets, which can hold various items such as daily necessities, power bank, mobile phone, wallet, credit card,&hellip;","_links":{"self":[{"href":"https:\/\/pecbag.com\/de\/wp-json\/wp\/v2\/product\/4664","targetHints":{"allow":["GET"]}}],"collection":[{"href":"https:\/\/pecbag.com\/de\/wp-json\/wp\/v2\/product"}],"about":[{"href":"https:\/\/pecbag.com\/de\/wp-json\/wp\/v2\/types\/product"}],"wp:featuredmedia":[{"embeddable":true,"href":"https:\/\/pecbag.com\/de\/wp-json\/wp\/v2\/media\/4668"}],"wp:attachment":[{"href":"https:\/\/pecbag.com\/de\/wp-json\/wp\/v2\/media?parent=4664"}],"wp:term":[{"taxonomy":"product_brand","embeddable":true,"href":"https:\/\/pecbag.com\/de\/wp-json\/wp\/v2\/product_brand?post=4664"},{"taxonomy":"product_cat","embeddable":true,"href":"https:\/\/pecbag.com\/de\/wp-json\/wp\/v2\/product_cat?post=4664"},{"taxonomy":"product_tag","embeddable":true,"href":"https:\/\/pecbag.com\/de\/wp-json\/wp\/v2\/product_tag?post=4664"}],"curies":[{"name":"wp","href":"https:\/\/api.w.org\/{rel}","templated":true}]}}