{"id":4728,"date":"2025-07-30T09:57:25","date_gmt":"2025-07-30T09:57:25","guid":{"rendered":"https:\/\/pecbag.com\/?post_type=product&#038;p=4728"},"modified":"2025-11-28T09:24:24","modified_gmt":"2025-11-28T09:24:24","slug":"chest-bag-manufacturers","status":"publish","type":"product","link":"https:\/\/pecbag.com\/de\/chest-bag-manufacturers\/","title":{"rendered":"Chest Bag Hersteller"},"content":{"rendered":"<h5 title=\"Faltbare Hundetasche Atmungsaktives Mesh Haustier Umh\u00e4ngetasche f\u00fcr kleine Haustier Hund Katzen\" data-immersive-translate-walked=\"1c928421-2e42-4cd3-8754-5404553c0af5\" data-immersive-translate-paragraph=\"1\" data-spm-anchor-id=\"a2700.details.0.i35.4f6757d4w4zNZA\">F\u00fchrende Chest Bag Hersteller | Wasserdichte Tasche Fabrik &amp; Tactical Backpack Hersteller | Global Supply<\/h5>\n<div class=\"flex flex-grow flex-col max-w-full\">\n<div class=\"min-h-[20px] text-message flex w-full flex-col items-end gap-2 whitespace-pre-wrap break-words [.text-message+&amp;]:mt-5 overflow-x-auto\" dir=\"auto\" data-message-author-role=\"assistant\" data-message-id=\"3d7d46f6-7ec2-4222-9257-48fa0bba23c6\" data-suggestions=\"true\">\n<div class=\"flex w-full flex-col gap-1 empty:hidden first:pt-[3px]\">\n<div class=\"markdown prose w-full break-words dark:prose-invert light\">\n<p class=\"ds-markdown-paragraph\">Ben\u00f6tigen Sie zuverl\u00e4ssige Brustbeutelhersteller f\u00fcr Ihre globale Lieferkette?<\/p>\n<p class=\"ds-markdown-paragraph\">Als f\u00fchrender Hersteller von Brusttaschen und ISO-zertifizierte Fabrik f\u00fcr wasserdichte Taschen entwickeln wir professionelle Brustgeschirre mit milit\u00e4rtauglichen Materialien, ergonomischem Design und wetterfester Konstruktion, denen Sicherheitsfirmen und Outdoor-Marken weltweit vertrauen.<\/p>\n<table width=\"288\">\n<tbody>\n<tr>\n<td width=\"137\"><span style=\"color: #333333;\">Produkte Name<\/span><\/td>\n<td width=\"151\">Brustbeutel<\/td>\n<\/tr>\n<tr>\n<td><span style=\"color: #333333;\">Artikel Nr.<\/span><\/td>\n<td><span style=\"color: #333333;\">PB-2149<\/span><\/td>\n<\/tr>\n<tr>\n<td><span style=\"color: #333333;\">Material<\/span><\/td>\n<td>Nylon<\/td>\n<\/tr>\n<tr>\n<td><span style=\"color: #333333;\">Gr\u00f6\u00dfe<\/span><\/td>\n<td>30 x 7 x 20 cm<\/td>\n<\/tr>\n<tr>\n<td><span style=\"color: #333333;\">\u00a0Lieferfrist<\/span><\/td>\n<td><span style=\"color: #333333;\">1-5 Tage f\u00fcr kleine Mengen auf dem Luftweg und 30-35 Tage f\u00fcr gro\u00dfe Mengen auf dem Seeweg<\/span><\/td>\n<\/tr>\n<\/tbody>\n<\/table>\n<h3>Warum globale Partner uns w\u00e4hlen:<\/h3>\n<p class=\"ds-markdown-paragraph\">\ud83c\udfed\u00a0<strong>End-to-End-Fertigung:<\/strong><\/p>\n<ul>\n<li>\n<p class=\"ds-markdown-paragraph\">Chest Bag Massenproduktion (300+ MOQ)<\/p>\n<\/li>\n<li>\n<p class=\"ds-markdown-paragraph\">Vollst\u00e4ndige Brusttasche ODM\/OEM &amp; Brusttasche Eigenmarke<\/p>\n<\/li>\n<li>\n<p class=\"ds-markdown-paragraph\">Chest Bag-Exportgutachten (FOB\/EXW\/DDP-Bedingungen)<\/p>\n<\/li>\n<li>\n<p class=\"ds-markdown-paragraph\">Chest Bag China Hub + globale Lagerh\u00e4user<\/p>\n<\/li>\n<\/ul>\n<p class=\"ds-markdown-paragraph\">\ud83d\udd27\u00a0<strong>Produktionskapazit\u00e4ten:<\/strong><br \/>\n- 1000D Cordura\u00ae-Nylon-Konstruktion<br \/>\n- YKK\u00ae AquaGuard wetterfeste Rei\u00dfverschl\u00fcsse<br \/>\n- Modulare Molle\/PALS-Kompatibilit\u00e4t<br \/>\n- RFID-blockierende Sicherheitsf\u00e4cher<\/p>\n<\/div>\n<\/div>\n<\/div>\n<\/div>","protected":false},"excerpt":{"rendered":"<h2 data-immersive-translate-walked=\"344be1c1-5052-41eb-8fcd-0dbe236a0d6b\" data-immersive-translate-paragraph=\"1\">Chest Bag Hersteller<\/h2>\n<div class=\"sliderTable mt10 mb10 sliderTable-index0\">\n<div class=\"inner\">Unser professioneller Brustbeutel f\u00fcr M\u00e4nner ist so konzipiert, dass er auf der Brust getragen werden kann und einen einfachen Zugriff auf Ihre Wertsachen erm\u00f6glicht, ohne dass Sie den Beutel abnehmen m\u00fcssen.<\/div>\n<div class=\"inner\">Die Brustposition hilft, Ihre Sachen sicher zu verstauen. Diese Laufbrusttasche f\u00fcr M\u00e4nner eignet sich hervorragend zum Verstauen von wichtigen Dingen wie Telefonen, Geldb\u00f6rsen, Schl\u00fcsseln und kleinen Werkzeugen<\/div>\n<\/div>","protected":false},"featured_media":4734,"template":"","meta":{"_uag_custom_page_level_css":""},"product_brand":[],"product_cat":[61],"product_tag":[],"class_list":{"0":"post-4728","1":"product","2":"type-product","3":"status-publish","4":"has-post-thumbnail","6":"product_cat-chest-bag","8":"first","9":"instock","10":"shipping-taxable","11":"product-type-simple"},"uagb_featured_image_src":{"full":["https:\/\/pecbag.com\/wp-content\/uploads\/2025\/07\/Chest-Bag-Manufacturers-2.jpeg",1500,1513,false],"thumbnail":["https:\/\/pecbag.com\/wp-content\/uploads\/2025\/07\/Chest-Bag-Manufacturers-2-150x150.jpeg",150,150,true],"medium":["https:\/\/pecbag.com\/wp-content\/uploads\/2025\/07\/Chest-Bag-Manufacturers-2-297x300.jpeg",297,300,true],"medium_large":["https:\/\/pecbag.com\/wp-content\/uploads\/2025\/07\/Chest-Bag-Manufacturers-2-768x775.jpeg",768,775,true],"large":["https:\/\/pecbag.com\/wp-content\/uploads\/2025\/07\/Chest-Bag-Manufacturers-2-1015x1024.jpeg",800,807,true],"1536x1536":["https:\/\/pecbag.com\/wp-content\/uploads\/2025\/07\/Chest-Bag-Manufacturers-2.jpeg",1500,1513,false],"2048x2048":["https:\/\/pecbag.com\/wp-content\/uploads\/2025\/07\/Chest-Bag-Manufacturers-2.jpeg",1500,1513,false],"trp-custom-language-flag":["https:\/\/pecbag.com\/wp-content\/uploads\/2025\/07\/Chest-Bag-Manufacturers-2-12x12.jpeg",12,12,true],"woocommerce_thumbnail":["https:\/\/pecbag.com\/wp-content\/uploads\/2025\/07\/Chest-Bag-Manufacturers-2-300x300.jpeg",300,300,true],"woocommerce_single":["https:\/\/pecbag.com\/wp-content\/uploads\/2025\/07\/Chest-Bag-Manufacturers-2-600x605.jpeg",600,605,true],"woocommerce_gallery_thumbnail":["https:\/\/pecbag.com\/wp-content\/uploads\/2025\/07\/Chest-Bag-Manufacturers-2-100x100.jpeg",100,100,true]},"uagb_author_info":{"display_name":"Lawrence","author_link":"https:\/\/pecbag.com\/de\/author\/"},"uagb_comment_info":0,"uagb_excerpt":"Chest Bag Manufacturers Our professional chest pack for men is designed to be worn on the chest, providing easy access to your valuables without the need to remove the pack. The chest position helps keep your belongings secure. This running chest pack for men is great for storing essentials like phones, wallets, keys, and small&hellip;","_links":{"self":[{"href":"https:\/\/pecbag.com\/de\/wp-json\/wp\/v2\/product\/4728","targetHints":{"allow":["GET"]}}],"collection":[{"href":"https:\/\/pecbag.com\/de\/wp-json\/wp\/v2\/product"}],"about":[{"href":"https:\/\/pecbag.com\/de\/wp-json\/wp\/v2\/types\/product"}],"wp:featuredmedia":[{"embeddable":true,"href":"https:\/\/pecbag.com\/de\/wp-json\/wp\/v2\/media\/4734"}],"wp:attachment":[{"href":"https:\/\/pecbag.com\/de\/wp-json\/wp\/v2\/media?parent=4728"}],"wp:term":[{"taxonomy":"product_brand","embeddable":true,"href":"https:\/\/pecbag.com\/de\/wp-json\/wp\/v2\/product_brand?post=4728"},{"taxonomy":"product_cat","embeddable":true,"href":"https:\/\/pecbag.com\/de\/wp-json\/wp\/v2\/product_cat?post=4728"},{"taxonomy":"product_tag","embeddable":true,"href":"https:\/\/pecbag.com\/de\/wp-json\/wp\/v2\/product_tag?post=4728"}],"curies":[{"name":"wp","href":"https:\/\/api.w.org\/{rel}","templated":true}]}}