{"id":4735,"date":"2025-07-14T01:12:04","date_gmt":"2025-07-14T01:12:04","guid":{"rendered":"https:\/\/pecbag.com\/?post_type=product&#038;p=4735"},"modified":"2025-11-28T09:33:58","modified_gmt":"2025-11-28T09:33:58","slug":"mens-chest-bag-manufacturers","status":"publish","type":"product","link":"https:\/\/pecbag.com\/de\/mens-chest-bag-manufacturers\/","title":{"rendered":"Herren-Brusttasche Hersteller"},"content":{"rendered":"<h5 title=\"Faltbare Hundetasche Atmungsaktives Mesh Haustier Umh\u00e4ngetasche f\u00fcr kleine Haustier Hund Katzen\" data-immersive-translate-walked=\"1c928421-2e42-4cd3-8754-5404553c0af5\" data-immersive-translate-paragraph=\"1\" data-spm-anchor-id=\"a2700.details.0.i35.4f6757d4w4zNZA\">Premium Mens Chest Bag Hersteller | Waterproof Bag Factory &amp; Tactical Backpack Hersteller | Bulk Solutions<\/h5>\n<div class=\"flex flex-grow flex-col max-w-full\">\n<div class=\"min-h-[20px] text-message flex w-full flex-col items-end gap-2 whitespace-pre-wrap break-words [.text-message+&amp;]:mt-5 overflow-x-auto\" dir=\"auto\" data-message-author-role=\"assistant\" data-message-id=\"3d7d46f6-7ec2-4222-9257-48fa0bba23c6\" data-suggestions=\"true\">\n<div class=\"flex w-full flex-col gap-1 empty:hidden first:pt-[3px]\">\n<div class=\"markdown prose w-full break-words dark:prose-invert light\">\n<p class=\"ds-markdown-paragraph\">Ben\u00f6tigen Sie robuste Brustbeutel f\u00fcr M\u00e4nner, die f\u00fcr den professionellen Einsatz gebaut sind?<\/p>\n<p class=\"ds-markdown-paragraph\">Als f\u00fchrender Hersteller von Brusttaschen f\u00fcr M\u00e4nner und ISO-zertifizierte Fabrik f\u00fcr wasserdichte Taschen entwickeln wir maskuline Brustgeschirre mit anatomischen Gurtsystemen, taktischen Funktionen und langlebiger Konstruktion, denen Sicherheitsexperten und Outdoor-Marken weltweit vertrauen.<\/p>\n<table width=\"288\">\n<tbody>\n<tr>\n<td width=\"137\"><span style=\"color: #333333;\">Produkte Name<\/span><\/td>\n<td width=\"151\">Brustbeutel<\/td>\n<\/tr>\n<tr>\n<td><span style=\"color: #333333;\">Artikel Nr.<\/span><\/td>\n<td><span style=\"color: #333333;\">PB-2150<\/span><\/td>\n<\/tr>\n<tr>\n<td><span style=\"color: #333333;\">Material<\/span><\/td>\n<td>Polyester<\/td>\n<\/tr>\n<tr>\n<td><span style=\"color: #333333;\">Gr\u00f6\u00dfe<\/span><\/td>\n<td>26 x 7 x 16 cm<\/td>\n<\/tr>\n<tr>\n<td><span style=\"color: #333333;\">\u00a0Lieferfrist<\/span><\/td>\n<td><span style=\"color: #333333;\">1-5 Tage f\u00fcr kleine Mengen auf dem Luftweg und 30-35 Tage f\u00fcr gro\u00dfe Mengen auf dem Seeweg<\/span><\/td>\n<\/tr>\n<\/tbody>\n<\/table>\n<h3>Warum sollten Sie unsere Fertigung w\u00e4hlen:<\/h3>\n<p class=\"ds-markdown-paragraph\">\ud83c\udfed\u00a0<strong>Factory-Direct Vorteile:<\/strong><\/p>\n<ul>\n<li>\n<p class=\"ds-markdown-paragraph\">Chest Bag Massenproduktion (300+ MOQ)<\/p>\n<\/li>\n<li>\n<p class=\"ds-markdown-paragraph\">Vollst\u00e4ndige Brusttasche ODM\/OEM &amp; Brusttasche Eigenmarke<\/p>\n<\/li>\n<li>\n<p class=\"ds-markdown-paragraph\">Brustbeutel-Exportgutachten (FOB\/EXW-Bedingungen)<\/p>\n<\/li>\n<li>\n<p class=\"ds-markdown-paragraph\">Chest Bag China Hub mit weltweitem Versand<\/p>\n<\/li>\n<\/ul>\n<p class=\"ds-markdown-paragraph\">\ud83d\udd27\u00a0<strong>M\u00e4nnerspezifische Technik:<\/strong><br \/>\n- Anatomisches X-Gurtzeug (gewichtsverteilt f\u00fcr m\u00e4nnliche Rahmen)<br \/>\n- Erweiterter Gurtbereich (f\u00fcr K\u00f6rpergr\u00f6\u00dfen von 160-200 cm)<br \/>\n- Verst\u00e4rkte Belastungspunkte (1000D Cordura\u00ae)<br \/>\n- Anti-Schwei\u00df AirMesh-R\u00fcckenplatten<\/p>\n<\/div>\n<\/div>\n<\/div>\n<\/div>","protected":false},"excerpt":{"rendered":"<h2 data-immersive-translate-walked=\"344be1c1-5052-41eb-8fcd-0dbe236a0d6b\" data-immersive-translate-paragraph=\"1\">Herren-Brusttasche Hersteller<\/h2>\n<div class=\"sliderTable mt10 mb10 sliderTable-index0\">\n<div class=\"inner\">Unsere Laufbrusttasche verf\u00fcgt \u00fcber drei einzigartige Taschen, in denen Sie alles verstauen k\u00f6nnen, was Sie f\u00fcr Ihre t\u00e4gliche Routine ben\u00f6tigen.<\/div>\n<div class=\"inner\">Mit mehreren F\u00e4chern f\u00fcr verschiedene Gadgets sorgt unser Brustbeutel daf\u00fcr, dass alles, was Sie brauchen, leicht zug\u00e4nglich ist. Sparen Sie sich die Zeit, Ihre Sachen zu suchen, und haben Sie mehr Zeit, ins Schwitzen zu kommen.<\/div>\n<\/div>","protected":false},"featured_media":4740,"template":"","meta":{"_uag_custom_page_level_css":""},"product_brand":[],"product_cat":[61],"product_tag":[],"class_list":{"0":"post-4735","1":"product","2":"type-product","3":"status-publish","4":"has-post-thumbnail","6":"product_cat-chest-bag","8":"first","9":"instock","10":"shipping-taxable","11":"product-type-simple"},"uagb_featured_image_src":{"full":["https:\/\/pecbag.com\/wp-content\/uploads\/2025\/07\/Mens-Chest-Bag-Manufacturers-5.jpeg",1500,1500,false],"thumbnail":["https:\/\/pecbag.com\/wp-content\/uploads\/2025\/07\/Mens-Chest-Bag-Manufacturers-5-150x150.jpeg",150,150,true],"medium":["https:\/\/pecbag.com\/wp-content\/uploads\/2025\/07\/Mens-Chest-Bag-Manufacturers-5-300x300.jpeg",300,300,true],"medium_large":["https:\/\/pecbag.com\/wp-content\/uploads\/2025\/07\/Mens-Chest-Bag-Manufacturers-5-768x768.jpeg",768,768,true],"large":["https:\/\/pecbag.com\/wp-content\/uploads\/2025\/07\/Mens-Chest-Bag-Manufacturers-5-1024x1024.jpeg",800,800,true],"1536x1536":["https:\/\/pecbag.com\/wp-content\/uploads\/2025\/07\/Mens-Chest-Bag-Manufacturers-5.jpeg",1500,1500,false],"2048x2048":["https:\/\/pecbag.com\/wp-content\/uploads\/2025\/07\/Mens-Chest-Bag-Manufacturers-5.jpeg",1500,1500,false],"trp-custom-language-flag":["https:\/\/pecbag.com\/wp-content\/uploads\/2025\/07\/Mens-Chest-Bag-Manufacturers-5-12x12.jpeg",12,12,true],"woocommerce_thumbnail":["https:\/\/pecbag.com\/wp-content\/uploads\/2025\/07\/Mens-Chest-Bag-Manufacturers-5-300x300.jpeg",300,300,true],"woocommerce_single":["https:\/\/pecbag.com\/wp-content\/uploads\/2025\/07\/Mens-Chest-Bag-Manufacturers-5-600x600.jpeg",600,600,true],"woocommerce_gallery_thumbnail":["https:\/\/pecbag.com\/wp-content\/uploads\/2025\/07\/Mens-Chest-Bag-Manufacturers-5-100x100.jpeg",100,100,true]},"uagb_author_info":{"display_name":"Lawrence","author_link":"https:\/\/pecbag.com\/de\/author\/"},"uagb_comment_info":0,"uagb_excerpt":"Mens Chest Bag Manufacturers With three unique pockets designed for every gadget you need, our running chest bag can store you needs for your daily routine. With multiple compartments designed for different gadgets, our chest pack ensures that everything you need is easily accessible. Save time looking for your things and have more time to&hellip;","_links":{"self":[{"href":"https:\/\/pecbag.com\/de\/wp-json\/wp\/v2\/product\/4735","targetHints":{"allow":["GET"]}}],"collection":[{"href":"https:\/\/pecbag.com\/de\/wp-json\/wp\/v2\/product"}],"about":[{"href":"https:\/\/pecbag.com\/de\/wp-json\/wp\/v2\/types\/product"}],"wp:featuredmedia":[{"embeddable":true,"href":"https:\/\/pecbag.com\/de\/wp-json\/wp\/v2\/media\/4740"}],"wp:attachment":[{"href":"https:\/\/pecbag.com\/de\/wp-json\/wp\/v2\/media?parent=4735"}],"wp:term":[{"taxonomy":"product_brand","embeddable":true,"href":"https:\/\/pecbag.com\/de\/wp-json\/wp\/v2\/product_brand?post=4735"},{"taxonomy":"product_cat","embeddable":true,"href":"https:\/\/pecbag.com\/de\/wp-json\/wp\/v2\/product_cat?post=4735"},{"taxonomy":"product_tag","embeddable":true,"href":"https:\/\/pecbag.com\/de\/wp-json\/wp\/v2\/product_tag?post=4735"}],"curies":[{"name":"wp","href":"https:\/\/api.w.org\/{rel}","templated":true}]}}