{"id":4742,"date":"2025-07-15T01:42:41","date_gmt":"2025-07-15T01:42:41","guid":{"rendered":"https:\/\/pecbag.com\/?post_type=product&#038;p=4742"},"modified":"2025-11-28T09:33:36","modified_gmt":"2025-11-28T09:33:36","slug":"sports-gym-bag-factory","status":"publish","type":"product","link":"https:\/\/pecbag.com\/de\/sports-gym-bag-factory\/","title":{"rendered":"Sport Turnbeutel Fabrik"},"content":{"rendered":"<h5 title=\"Faltbare Hundetasche Atmungsaktives Mesh Haustier Umh\u00e4ngetasche f\u00fcr kleine Haustier Hund Katzen\" data-immersive-translate-walked=\"1c928421-2e42-4cd3-8754-5404553c0af5\" data-immersive-translate-paragraph=\"1\" data-spm-anchor-id=\"a2700.details.0.i35.4f6757d4w4zNZA\">Multi-Category Hersteller: Backpack Factory &amp; Waterproof Bag Manufacturer | Premium Sports Gym Bag Factory<\/h5>\n<div class=\"flex flex-grow flex-col max-w-full\">\n<div class=\"min-h-[20px] text-message flex w-full flex-col items-end gap-2 whitespace-pre-wrap break-words [.text-message+&amp;]:mt-5 overflow-x-auto\" dir=\"auto\" data-message-author-role=\"assistant\" data-message-id=\"3d7d46f6-7ec2-4222-9257-48fa0bba23c6\" data-suggestions=\"true\">\n<div class=\"flex w-full flex-col gap-1 empty:hidden first:pt-[3px]\">\n<div class=\"markdown prose w-full break-words dark:prose-invert light\">\n<p class=\"ds-markdown-paragraph\">Brauchen Sie eine vielseitige Sport Turnbeutel Fabrik? Wir sind ein ISO-zertifizierter Turnbeutelhersteller in Turnbeutel China und produzieren hochwertige Sporttaschen f\u00fcr den weltweiten Turnbeutel-Export. Partner mit unserem Gym Bag Unternehmen f\u00fcr:<\/p>\n<table width=\"288\">\n<tbody>\n<tr>\n<td width=\"137\"><span style=\"color: #333333;\">Produkte Name<\/span><\/td>\n<td width=\"151\">Brustbeutel<\/td>\n<\/tr>\n<tr>\n<td><span style=\"color: #333333;\">Artikel Nr.<\/span><\/td>\n<td><span style=\"color: #333333;\">PB-2151<\/span><\/td>\n<\/tr>\n<tr>\n<td><span style=\"color: #333333;\">Material<\/span><\/td>\n<td>600D Polyester<\/td>\n<\/tr>\n<tr>\n<td><span style=\"color: #333333;\">Gr\u00f6\u00dfe<\/span><\/td>\n<td>31\u2033L x 7.5\u2033 Durchmesser<\/td>\n<\/tr>\n<tr>\n<td><span style=\"color: #333333;\">\u00a0Lieferfrist<\/span><\/td>\n<td><span style=\"color: #333333;\">1-5 Tage f\u00fcr kleine Mengen auf dem Luftweg und 30-35 Tage f\u00fcr gro\u00dfe Mengen auf dem Seeweg<\/span><\/td>\n<\/tr>\n<\/tbody>\n<\/table>\n<p class=\"ds-markdown-paragraph\">\u2705\u00a0<strong>Werksnahe Effizienz<\/strong><br \/>\nSource Gym Bag Gro\u00dfbestellungen direkt von unserer Sports Gym Bag Factory - keine Zwischenh\u00e4ndler, wettbewerbsf\u00e4hige Preise.<\/p>\n<p class=\"ds-markdown-paragraph\">\u2705\u00a0<strong>Kompetenz bei der Anpassung<\/strong><br \/>\nFullGym Bag ODM\/OEM + Gym Bag Private Label Dienstleistungen (MOQ 500 Einheiten)<\/p>\n<p class=\"ds-markdown-paragraph\">\u2705\u00a0<strong>Exporttaugliche L\u00f6sungen<\/strong><br \/>\nSchl\u00fcsselfertiger Turnbeutel-Export mit Compliance-Dokumentation<\/p>\n<p class=\"ds-markdown-paragraph\"><strong>Warum globale Partner uns w\u00e4hlen:<\/strong><br \/>\n- Gro\u00dfhandel Gym Bag Massenrabatte (500+\/1.000+ Einheiten)<br \/>\n- 15+ neue Designs viertelj\u00e4hrlich<br \/>\n- Turnbeutel Lieferantenpartnerschaften mit Dropshipping<br \/>\n- 7-Tage-Schnellproduktion f\u00fcr Turnbeutel-Gro\u00dfhandelskunden<\/p>\n<p class=\"ds-markdown-paragraph\">Als Ihr engagierter Turnbeutel Verk\u00e4ufer und Sport Turnbeutel Fabrik, sichern wir die Qualit\u00e4t von der Produktion bis zum Export. Fordern Sie noch heute einen Katalog an!<\/p>\n<\/div>\n<\/div>\n<\/div>\n<\/div>","protected":false},"excerpt":{"rendered":"<h2 class=\"this-description-name\">Benutzerdefinierte Logo wasserdicht funktionelle Sport Turnbeutel Fabrik<\/h2>\n<div class=\"sliderTable mt10 mb10 sliderTable-index0\">\n<div class=\"inner\">\n<p>1. <strong>1 Separate Nasstasche am Boden<\/strong>: Diese Yogatasche ist das Ideal der durchdachten Design mit 1 Rei\u00dfverschluss wasserdicht nass Tasche, die H\u00f6he<br \/>\n3,2-Zoll auf der Unterseite. Darin k\u00f6nnen ein Sport-BH und ein Paar Leggings in voller L\u00e4nge untergebracht werden, oder andere pers\u00f6nliche Dinge wie<br \/>\nYogagurte, Handt\u00fccher, Reiseutensilien, etc.<br \/>\n2. <strong>2 Au\u00dfenseitentaschen<\/strong>: Au\u00dfen: 1 ger\u00e4umige Fronttasche mit Kordelzug f\u00fcr Wasserflaschen, Regenschirm, kleine Hantel, Seil<br \/>\nSkipping oder anderes Sportzubeh\u00f6r. Und, 1 \u00e4u\u00dfere Seite Rei\u00dfverschluss kleine Tasche (L\u00e4nge 7,8-Zoll) f\u00fcr die schnelle Lagerung von Ihrem Telefon,<br \/>\nSchl\u00fcssel, Brieftasche, Ausweise, wichtige Dinge, h\u00e4lt Ihre Wertsachen nah und sicher<br \/>\n3. <strong>Erstklassige Qualit\u00e4t<\/strong>:  Diese Yoga-Trage ist aus zuverl\u00e4ssigen und glatten silberfarbenen SBS-Rei\u00dfverschl\u00fcssen und robustem Polyester-Material gefertigt.<br \/>\neine wasserabweisende Beschichtung. Sie ist leicht zu reinigen, wiegt nur 330 g und kann einfach zusammengerollt und gefaltet werden.<br \/>\n4. <strong>Leicht zu transportieren<\/strong>: Komfortable &amp; Easy verstellbaren Schultergurt (max L\u00e4nge 47-Zoll) Design ist geeignet f\u00fcr verschiedene H\u00f6hen der<br \/>\nFrauen und M\u00e4nner. Es kann quer \u00fcber den K\u00f6rper oder \u00fcber die Schulter getragen werden. Befreien Sie Ihre Hand und mehr bequem sein<\/p>\n<div>5. <strong>0,8-Zoll-Durchmesser Gr\u00f6\u00dfer<\/strong>: Unsere aktualisierte Sporttasche hat einen um 0,8 Zoll gr\u00f6\u00dferen Durchmesser als die der anderen. Vollst\u00e4ndige Abmessungen: 31\u2033L x 7.5\u2033<\/div>\n<\/div>\n<\/div>","protected":false},"featured_media":4746,"template":"","meta":{"_uag_custom_page_level_css":""},"product_brand":[],"product_cat":[56,67],"product_tag":[],"class_list":{"0":"post-4742","1":"product","2":"type-product","3":"status-publish","4":"has-post-thumbnail","6":"product_cat-gym-bag","7":"product_cat-sports-bag","9":"first","10":"instock","11":"shipping-taxable","12":"product-type-simple"},"uagb_featured_image_src":{"full":["https:\/\/pecbag.com\/wp-content\/uploads\/2025\/07\/Sports-Gym-Bag-Factory-2.jpeg",1600,1600,false],"thumbnail":["https:\/\/pecbag.com\/wp-content\/uploads\/2025\/07\/Sports-Gym-Bag-Factory-2-150x150.jpeg",150,150,true],"medium":["https:\/\/pecbag.com\/wp-content\/uploads\/2025\/07\/Sports-Gym-Bag-Factory-2-300x300.jpeg",300,300,true],"medium_large":["https:\/\/pecbag.com\/wp-content\/uploads\/2025\/07\/Sports-Gym-Bag-Factory-2-768x768.jpeg",768,768,true],"large":["https:\/\/pecbag.com\/wp-content\/uploads\/2025\/07\/Sports-Gym-Bag-Factory-2-1024x1024.jpeg",800,800,true],"1536x1536":["https:\/\/pecbag.com\/wp-content\/uploads\/2025\/07\/Sports-Gym-Bag-Factory-2-1536x1536.jpeg",1536,1536,true],"2048x2048":["https:\/\/pecbag.com\/wp-content\/uploads\/2025\/07\/Sports-Gym-Bag-Factory-2.jpeg",1600,1600,false],"trp-custom-language-flag":["https:\/\/pecbag.com\/wp-content\/uploads\/2025\/07\/Sports-Gym-Bag-Factory-2-12x12.jpeg",12,12,true],"woocommerce_thumbnail":["https:\/\/pecbag.com\/wp-content\/uploads\/2025\/07\/Sports-Gym-Bag-Factory-2-300x300.jpeg",300,300,true],"woocommerce_single":["https:\/\/pecbag.com\/wp-content\/uploads\/2025\/07\/Sports-Gym-Bag-Factory-2-600x600.jpeg",600,600,true],"woocommerce_gallery_thumbnail":["https:\/\/pecbag.com\/wp-content\/uploads\/2025\/07\/Sports-Gym-Bag-Factory-2-100x100.jpeg",100,100,true]},"uagb_author_info":{"display_name":"Lawrence","author_link":"https:\/\/pecbag.com\/de\/author\/"},"uagb_comment_info":0,"uagb_excerpt":"Custom Logo Waterproof Functional Sports Gym Bag Factory 1. 1 Bottom Separate Wet Pocket: This yoga bag is the ideal of thoughtful design with 1 zip waterproof wet pocket, which height 3.2-inch on the bottom. It can hold one sports bra and one pair of full-length leggings together, or other personal essentials like yoga straps,&hellip;","_links":{"self":[{"href":"https:\/\/pecbag.com\/de\/wp-json\/wp\/v2\/product\/4742","targetHints":{"allow":["GET"]}}],"collection":[{"href":"https:\/\/pecbag.com\/de\/wp-json\/wp\/v2\/product"}],"about":[{"href":"https:\/\/pecbag.com\/de\/wp-json\/wp\/v2\/types\/product"}],"wp:featuredmedia":[{"embeddable":true,"href":"https:\/\/pecbag.com\/de\/wp-json\/wp\/v2\/media\/4746"}],"wp:attachment":[{"href":"https:\/\/pecbag.com\/de\/wp-json\/wp\/v2\/media?parent=4742"}],"wp:term":[{"taxonomy":"product_brand","embeddable":true,"href":"https:\/\/pecbag.com\/de\/wp-json\/wp\/v2\/product_brand?post=4742"},{"taxonomy":"product_cat","embeddable":true,"href":"https:\/\/pecbag.com\/de\/wp-json\/wp\/v2\/product_cat?post=4742"},{"taxonomy":"product_tag","embeddable":true,"href":"https:\/\/pecbag.com\/de\/wp-json\/wp\/v2\/product_tag?post=4742"}],"curies":[{"name":"wp","href":"https:\/\/api.w.org\/{rel}","templated":true}]}}