{"id":4749,"date":"2025-07-15T02:17:46","date_gmt":"2025-07-15T02:17:46","guid":{"rendered":"https:\/\/pecbag.com\/?post_type=product&#038;p=4749"},"modified":"2025-11-28T09:33:05","modified_gmt":"2025-11-28T09:33:05","slug":"gym-bag-china-manufacturer","status":"publish","type":"product","link":"https:\/\/pecbag.com\/de\/gym-bag-china-manufacturer\/","title":{"rendered":"Turnbeutel China Hersteller"},"content":{"rendered":"<h5 title=\"Faltbare Hundetasche Atmungsaktives Mesh Haustier Umh\u00e4ngetasche f\u00fcr kleine Haustier Hund Katzen\" data-immersive-translate-walked=\"1c928421-2e42-4cd3-8754-5404553c0af5\" data-immersive-translate-paragraph=\"1\" data-spm-anchor-id=\"a2700.details.0.i35.4f6757d4w4zNZA\">Top Rucksack Hersteller &amp; Wasserdichte Tasche Fabrik | Premier Gym Bag China Hersteller<\/h5>\n<div class=\"flex flex-grow flex-col max-w-full\">\n<div class=\"min-h-[20px] text-message flex w-full flex-col items-end gap-2 whitespace-pre-wrap break-words [.text-message+&amp;]:mt-5 overflow-x-auto\" dir=\"auto\" data-message-author-role=\"assistant\" data-message-id=\"3d7d46f6-7ec2-4222-9257-48fa0bba23c6\" data-suggestions=\"true\">\n<div class=\"flex w-full flex-col gap-1 empty:hidden first:pt-[3px]\">\n<div class=\"markdown prose w-full break-words dark:prose-invert light\">\n<p class=\"ds-markdown-paragraph\">Suchen Sie nach einem vertrauensw\u00fcrdigen Turnbeutel China Hersteller? Wir sind eine ISO-zertifizierte Turnbeutel Fabrik, die sich auf Premium-Sporttaschen f\u00fcr den globalen Turnbeutel Export spezialisiert hat. Als Ihr direkter Turnbeutel Unternehmen, bieten wir:<\/p>\n<table width=\"288\">\n<tbody>\n<tr>\n<td width=\"137\"><span style=\"color: #333333;\">Produkte Name<\/span><\/td>\n<td width=\"151\">Brustbeutel<\/td>\n<\/tr>\n<tr>\n<td><span style=\"color: #333333;\">Artikel Nr.<\/span><\/td>\n<td><span style=\"color: #333333;\">PB-2152<\/span><\/td>\n<\/tr>\n<tr>\n<td><span style=\"color: #333333;\">Material<\/span><\/td>\n<td>900D Polyester<\/td>\n<\/tr>\n<tr>\n<td><span style=\"color: #333333;\">Gr\u00f6\u00dfe<\/span><\/td>\n<td>55 x 27 x 25 cm<\/td>\n<\/tr>\n<tr>\n<td><span style=\"color: #333333;\">\u00a0Lieferfrist<\/span><\/td>\n<td><span style=\"color: #333333;\">1-5 Tage f\u00fcr kleine Mengen auf dem Luftweg und 30-35 Tage f\u00fcr gro\u00dfe Mengen auf dem Seeweg<\/span><\/td>\n<\/tr>\n<\/tbody>\n<\/table>\n<p class=\"ds-markdown-paragraph\">\u2705\u00a0<strong>Werksnahe Effizienz<\/strong><br \/>\nBeziehen Sie Turnbeutel-Gro\u00dfauftr\u00e4ge direkt von unserem Turnbeutel-China-Hersteller-Hub - keine Zwischenh\u00e4ndler, wettbewerbsf\u00e4hige Preise.<\/p>\n<p class=\"ds-markdown-paragraph\">\u2705\u00a0<strong>Vollst\u00e4ndige Anpassung<\/strong><br \/>\nTurnbeutel ODM\/OEM + Turnbeutel-Eigenmarken-Service (MOQ 500 Einheiten)<\/p>\n<p class=\"ds-markdown-paragraph\">\u2705\u00a0<strong>Exporttaugliche L\u00f6sungen<\/strong><br \/>\nNahtloser Turnbeutel-Export mit Compliance-Dokumenten &amp; Logistik<\/p>\n<p class=\"ds-markdown-paragraph\"><strong>Warum globale Partner uns w\u00e4hlen:<\/strong><br \/>\n- Gro\u00dfhandel Gym Bag Massenrabatte (500+\/2.000+ Einheiten)<br \/>\n- 20+ neue Designs monatlich<br \/>\n- Turnbeutel Lieferantenpartnerschaften mit Dropshipping<br \/>\n- 10 Tage schnelle Produktion f\u00fcr Gro\u00dfhandelskunden von Turnbeuteln<\/p>\n<p class=\"ds-markdown-paragraph\">Als Ihr engagierter Turnbeutel-Verk\u00e4ufer und Turnbeutel-Hersteller in China \u00fcbernehmen wir alles von der Produktion bis zum Export. Fordern Sie noch heute Fabrikpreise an!<\/p>\n<\/div>\n<\/div>\n<\/div>\n<\/div>","protected":false},"excerpt":{"rendered":"<h2 class=\"this-description-name\">Turnbeutel China Hersteller<\/h2>\n<div class=\"sliderTable mt10 mb10 sliderTable-index0\">\n<div class=\"inner\">\n<p><strong>1. Multifunktional einsetzbar\uff1a <\/strong>Diese 3-in-1-Seesacktasche kann als Handtasche, Umh\u00e4ngetasche und Rucksack verwendet werden. Ein cleveres Design ist, dass der Schultergurt abnehmbar ist, und ein weiteres cleveres Design ist, dass die Rucksackgurte in dem Rei\u00dfverschlussfach am Boden versteckt werden k\u00f6nnen. Was f\u00fcr ein cooles Design, drei Taschen gleichzeitig zu haben<\/p>\n<p><strong>2. Getrenntes Fach f\u00fcr Schuhe und Nasstasche\uff1a <\/strong>Das separate Schuhfach ist mit einem Luftloch versehen, damit die Sporttasche sauber und bel\u00fcftet bleibt. Die maximale Beladungsgr\u00f6\u00dfe des Fachs betr\u00e4gt 16. Das Nassfach mit wasserdichtem Material kann Ihre verschwitzte Kleidung aufbewahren, damit das Hauptfach trocken bleibt. Die Tasche kann als Sporttasche, \u00dcbernachtungstasche, Wochenendtasche und Reisetasche verwendet werden.<\/p>\n<\/div>\n<\/div>","protected":false},"featured_media":4752,"template":"","meta":{"_uag_custom_page_level_css":""},"product_brand":[],"product_cat":[56,67],"product_tag":[],"class_list":{"0":"post-4749","1":"product","2":"type-product","3":"status-publish","4":"has-post-thumbnail","6":"product_cat-gym-bag","7":"product_cat-sports-bag","9":"first","10":"instock","11":"shipping-taxable","12":"product-type-simple"},"uagb_featured_image_src":{"full":["https:\/\/pecbag.com\/wp-content\/uploads\/2025\/07\/Gym-Bag-China-Manufacturer-2.jpeg",1400,1400,false],"thumbnail":["https:\/\/pecbag.com\/wp-content\/uploads\/2025\/07\/Gym-Bag-China-Manufacturer-2-150x150.jpeg",150,150,true],"medium":["https:\/\/pecbag.com\/wp-content\/uploads\/2025\/07\/Gym-Bag-China-Manufacturer-2-300x300.jpeg",300,300,true],"medium_large":["https:\/\/pecbag.com\/wp-content\/uploads\/2025\/07\/Gym-Bag-China-Manufacturer-2-768x768.jpeg",768,768,true],"large":["https:\/\/pecbag.com\/wp-content\/uploads\/2025\/07\/Gym-Bag-China-Manufacturer-2-1024x1024.jpeg",800,800,true],"1536x1536":["https:\/\/pecbag.com\/wp-content\/uploads\/2025\/07\/Gym-Bag-China-Manufacturer-2.jpeg",1400,1400,false],"2048x2048":["https:\/\/pecbag.com\/wp-content\/uploads\/2025\/07\/Gym-Bag-China-Manufacturer-2.jpeg",1400,1400,false],"trp-custom-language-flag":["https:\/\/pecbag.com\/wp-content\/uploads\/2025\/07\/Gym-Bag-China-Manufacturer-2-12x12.jpeg",12,12,true],"woocommerce_thumbnail":["https:\/\/pecbag.com\/wp-content\/uploads\/2025\/07\/Gym-Bag-China-Manufacturer-2-300x300.jpeg",300,300,true],"woocommerce_single":["https:\/\/pecbag.com\/wp-content\/uploads\/2025\/07\/Gym-Bag-China-Manufacturer-2-600x600.jpeg",600,600,true],"woocommerce_gallery_thumbnail":["https:\/\/pecbag.com\/wp-content\/uploads\/2025\/07\/Gym-Bag-China-Manufacturer-2-100x100.jpeg",100,100,true]},"uagb_author_info":{"display_name":"Lawrence","author_link":"https:\/\/pecbag.com\/de\/author\/"},"uagb_comment_info":0,"uagb_excerpt":"Gym Bag China Manufacturer 1. Multifunctional Use\uff1a This 3 in 1 duffel bag can be used as a Handbag, Shoulder Bag, and Backpack. One clever design is that the shoulder strap is removable, and another clever design is that the backpack straps can be hidden in the zipped compartment at the bottom. What a cool&hellip;","_links":{"self":[{"href":"https:\/\/pecbag.com\/de\/wp-json\/wp\/v2\/product\/4749","targetHints":{"allow":["GET"]}}],"collection":[{"href":"https:\/\/pecbag.com\/de\/wp-json\/wp\/v2\/product"}],"about":[{"href":"https:\/\/pecbag.com\/de\/wp-json\/wp\/v2\/types\/product"}],"wp:featuredmedia":[{"embeddable":true,"href":"https:\/\/pecbag.com\/de\/wp-json\/wp\/v2\/media\/4752"}],"wp:attachment":[{"href":"https:\/\/pecbag.com\/de\/wp-json\/wp\/v2\/media?parent=4749"}],"wp:term":[{"taxonomy":"product_brand","embeddable":true,"href":"https:\/\/pecbag.com\/de\/wp-json\/wp\/v2\/product_brand?post=4749"},{"taxonomy":"product_cat","embeddable":true,"href":"https:\/\/pecbag.com\/de\/wp-json\/wp\/v2\/product_cat?post=4749"},{"taxonomy":"product_tag","embeddable":true,"href":"https:\/\/pecbag.com\/de\/wp-json\/wp\/v2\/product_tag?post=4749"}],"curies":[{"name":"wp","href":"https:\/\/api.w.org\/{rel}","templated":true}]}}