{"id":4756,"date":"2025-07-15T03:02:57","date_gmt":"2025-07-15T03:02:57","guid":{"rendered":"https:\/\/pecbag.com\/?post_type=product&#038;p=4756"},"modified":"2025-11-28T09:32:54","modified_gmt":"2025-11-28T09:32:54","slug":"new-design-travel-gym-bag","status":"publish","type":"product","link":"https:\/\/pecbag.com\/de\/new-design-travel-gym-bag\/","title":{"rendered":"Neues Design Reise-Turnbeutel"},"content":{"rendered":"<h5 title=\"Faltbare Hundetasche Atmungsaktives Mesh Haustier Umh\u00e4ngetasche f\u00fcr kleine Haustier Hund Katzen\" data-immersive-translate-walked=\"1c928421-2e42-4cd3-8754-5404553c0af5\" data-immersive-translate-paragraph=\"1\" data-spm-anchor-id=\"a2700.details.0.i35.4f6757d4w4zNZA\">Innovative Rucksack Hersteller &amp; wasserdichte Tasche Fabrik | 2024 neues Design Reise Turnbeutel<\/h5>\n<div class=\"flex flex-grow flex-col max-w-full\">\n<div class=\"min-h-[20px] text-message flex w-full flex-col items-end gap-2 whitespace-pre-wrap break-words [.text-message+&amp;]:mt-5 overflow-x-auto\" dir=\"auto\" data-message-author-role=\"assistant\" data-message-id=\"3d7d46f6-7ec2-4222-9257-48fa0bba23c6\" data-suggestions=\"true\">\n<div class=\"flex w-full flex-col gap-1 empty:hidden first:pt-[3px]\">\n<div class=\"markdown prose w-full break-words dark:prose-invert light\">\n<p class=\"ds-markdown-paragraph\">Sind Sie auf der Suche nach hochmodernen New Design Travel Gym Bag L\u00f6sungen? Als einer der f\u00fchrenden Turnbeutelhersteller und ISO-zertifizierte Fabrik f\u00fcr wasserdichte Turnbeutel in China liefern wir trendige Turnbeutel f\u00fcr den globalen Turnbeutel-Export. Partner mit unserem Turnbeutel Unternehmen f\u00fcr:<\/p>\n<table width=\"288\">\n<tbody>\n<tr>\n<td width=\"137\"><span style=\"color: #333333;\">Produkte Name<\/span><\/td>\n<td width=\"151\">Brustbeutel<\/td>\n<\/tr>\n<tr>\n<td><span style=\"color: #333333;\">Artikel Nr.<\/span><\/td>\n<td><span style=\"color: #333333;\">PB-2153<\/span><\/td>\n<\/tr>\n<tr>\n<td><span style=\"color: #333333;\">Material<\/span><\/td>\n<td>Zweifarbig karierter Stoff\/PU<\/td>\n<\/tr>\n<tr>\n<td><span style=\"color: #333333;\">Gr\u00f6\u00dfe<\/span><\/td>\n<td>Benutzerdefiniert akzeptieren<\/td>\n<\/tr>\n<tr>\n<td><span style=\"color: #333333;\">\u00a0Lieferfrist<\/span><\/td>\n<td><span style=\"color: #333333;\">1-5 Tage f\u00fcr kleine Mengen auf dem Luftweg und 30-35 Tage f\u00fcr gro\u00dfe Mengen auf dem Seeweg<\/span><\/td>\n<\/tr>\n<\/tbody>\n<\/table>\n<p class=\"ds-markdown-paragraph\">\u2705\u00a0<strong>Hei\u00dfe Designs<\/strong><br \/>\nStarten Sie virale New Design Travel Gym Bags mit wasserdichter Technologie und Airline-gepr\u00fcfter Gr\u00f6\u00dfe - monatlich neue Tropfen!<\/p>\n<p class=\"ds-markdown-paragraph\">\u2705\u00a0<strong>Werksnahe Effizienz<\/strong><br \/>\nBeziehen Sie Turnbeutel-Gro\u00dfauftr\u00e4ge direkt von unserer Turnbeutel-Fabrik - keine Zwischenh\u00e4ndler, 30% niedrigere Kosten.<\/p>\n<p class=\"ds-markdown-paragraph\">\u2705\u00a0<strong>Freiheit bei der Anpassung<\/strong><br \/>\nTurnbeutel ODM\/OEM + Turnbeutel-Eigenmarken-Service (MOQ 300 Einheiten)<\/p>\n<p class=\"ds-markdown-paragraph\"><strong>Warum 1000+ Einzelh\u00e4ndler uns w\u00e4hlen:<\/strong><br \/>\n- Gro\u00dfhandel Gym Bag Massenpreise (300+\/1000+ Einheiten)<br \/>\n- Exklusiv f\u00fcr New Design Travel Gym Bag (15+ Modelle\/Saison)<br \/>\n- Turnbeutel-Lieferantenpartnerschaften mit globalem Dropshipping<br \/>\n- 48-Stunden-Sampling f\u00fcr Gym Bag-Gro\u00dfhandelspartner<\/p>\n<p class=\"ds-markdown-paragraph\">Ihr vertrauensw\u00fcrdiger Anbieter von Turnbeuteln f\u00fcr den Export von New Design Travel Gym Bags - vom Konzept bis zu den Compliance-Dokumenten. Fordern Sie jetzt einen neuen Katalog an!<\/p>\n<\/div>\n<\/div>\n<\/div>\n<\/div>","protected":false},"excerpt":{"rendered":"<h2 class=\"this-description-name\">Neues Design Reise-Turnbeutel<\/h2>\n<div class=\"sliderTable mt10 mb10 sliderTable-index0\">\n<div class=\"inner\">\n<p>Wir bieten Premium-Taschen mit individueller Gr\u00f6\u00dfen- und Farbgestaltung, langlebigen Stoffen und zertifizierter Qualit\u00e4t.<\/p>\n<p>Genie\u00dfen Sie flexible MOQs, schnellen weltweiten Versand und Private-Label-L\u00f6sungen.<\/p>\n<p>Kontaktieren Sie uns noch heute!<\/p>\n<\/div>\n<\/div>","protected":false},"featured_media":4762,"template":"","meta":{"_uag_custom_page_level_css":""},"product_brand":[],"product_cat":[56,60],"product_tag":[],"class_list":{"0":"post-4756","1":"product","2":"type-product","3":"status-publish","4":"has-post-thumbnail","6":"product_cat-gym-bag","7":"product_cat-backpack","9":"first","10":"instock","11":"shipping-taxable","12":"product-type-simple"},"uagb_featured_image_src":{"full":["https:\/\/pecbag.com\/wp-content\/uploads\/2025\/07\/New-Design-Travel-Gym-Bag-4.jpg",1000,1000,false],"thumbnail":["https:\/\/pecbag.com\/wp-content\/uploads\/2025\/07\/New-Design-Travel-Gym-Bag-4-150x150.jpg",150,150,true],"medium":["https:\/\/pecbag.com\/wp-content\/uploads\/2025\/07\/New-Design-Travel-Gym-Bag-4-300x300.jpg",300,300,true],"medium_large":["https:\/\/pecbag.com\/wp-content\/uploads\/2025\/07\/New-Design-Travel-Gym-Bag-4-768x768.jpg",768,768,true],"large":["https:\/\/pecbag.com\/wp-content\/uploads\/2025\/07\/New-Design-Travel-Gym-Bag-4.jpg",800,800,false],"1536x1536":["https:\/\/pecbag.com\/wp-content\/uploads\/2025\/07\/New-Design-Travel-Gym-Bag-4.jpg",1000,1000,false],"2048x2048":["https:\/\/pecbag.com\/wp-content\/uploads\/2025\/07\/New-Design-Travel-Gym-Bag-4.jpg",1000,1000,false],"trp-custom-language-flag":["https:\/\/pecbag.com\/wp-content\/uploads\/2025\/07\/New-Design-Travel-Gym-Bag-4-12x12.jpg",12,12,true],"woocommerce_thumbnail":["https:\/\/pecbag.com\/wp-content\/uploads\/2025\/07\/New-Design-Travel-Gym-Bag-4-300x300.jpg",300,300,true],"woocommerce_single":["https:\/\/pecbag.com\/wp-content\/uploads\/2025\/07\/New-Design-Travel-Gym-Bag-4-600x600.jpg",600,600,true],"woocommerce_gallery_thumbnail":["https:\/\/pecbag.com\/wp-content\/uploads\/2025\/07\/New-Design-Travel-Gym-Bag-4-100x100.jpg",100,100,true]},"uagb_author_info":{"display_name":"Lawrence","author_link":"https:\/\/pecbag.com\/de\/author\/"},"uagb_comment_info":0,"uagb_excerpt":"New Design Travel Gym Bag We provide premium bags with full-size and color customization, durable fabrics, and certified quality. Enjoy flexible MOQs, fast global shipping, and private label solutions. Contact us today!","_links":{"self":[{"href":"https:\/\/pecbag.com\/de\/wp-json\/wp\/v2\/product\/4756","targetHints":{"allow":["GET"]}}],"collection":[{"href":"https:\/\/pecbag.com\/de\/wp-json\/wp\/v2\/product"}],"about":[{"href":"https:\/\/pecbag.com\/de\/wp-json\/wp\/v2\/types\/product"}],"wp:featuredmedia":[{"embeddable":true,"href":"https:\/\/pecbag.com\/de\/wp-json\/wp\/v2\/media\/4762"}],"wp:attachment":[{"href":"https:\/\/pecbag.com\/de\/wp-json\/wp\/v2\/media?parent=4756"}],"wp:term":[{"taxonomy":"product_brand","embeddable":true,"href":"https:\/\/pecbag.com\/de\/wp-json\/wp\/v2\/product_brand?post=4756"},{"taxonomy":"product_cat","embeddable":true,"href":"https:\/\/pecbag.com\/de\/wp-json\/wp\/v2\/product_cat?post=4756"},{"taxonomy":"product_tag","embeddable":true,"href":"https:\/\/pecbag.com\/de\/wp-json\/wp\/v2\/product_tag?post=4756"}],"curies":[{"name":"wp","href":"https:\/\/api.w.org\/{rel}","templated":true}]}}