{"id":4763,"date":"2025-07-15T03:21:41","date_gmt":"2025-07-15T03:21:41","guid":{"rendered":"https:\/\/pecbag.com\/?post_type=product&#038;p=4763"},"modified":"2025-11-28T09:32:33","modified_gmt":"2025-11-28T09:32:33","slug":"gym-bag-odm-factory","status":"publish","type":"product","link":"https:\/\/pecbag.com\/de\/gym-bag-odm-factory\/","title":{"rendered":"Turnbeutel ODM Fabrik"},"content":{"rendered":"<h5 title=\"Faltbare Hundetasche Atmungsaktives Mesh Haustier Umh\u00e4ngetasche f\u00fcr kleine Haustier Hund Katzen\" data-immersive-translate-walked=\"1c928421-2e42-4cd3-8754-5404553c0af5\" data-immersive-translate-paragraph=\"1\" data-spm-anchor-id=\"a2700.details.0.i35.4f6757d4w4zNZA\">Expert Rucksack Hersteller &amp; Wasserdichte Tasche Fabrik | Ihre direkte Gym Bag ODM Fabrik<\/h5>\n<div class=\"flex flex-grow flex-col max-w-full\">\n<div class=\"min-h-[20px] text-message flex w-full flex-col items-end gap-2 whitespace-pre-wrap break-words [.text-message+&amp;]:mt-5 overflow-x-auto\" dir=\"auto\" data-message-author-role=\"assistant\" data-message-id=\"3d7d46f6-7ec2-4222-9257-48fa0bba23c6\" data-suggestions=\"true\">\n<div class=\"flex w-full flex-col gap-1 empty:hidden first:pt-[3px]\">\n<div class=\"markdown prose w-full break-words dark:prose-invert light\">\n<p class=\"ds-markdown-paragraph\">Brauchen Sie eine echte Turnbeutel ODM Fabrik f\u00fcr kundenspezifische Designs? Als ISO-zertifizierter Turnbeutelhersteller und Spezialist f\u00fcr wasserdichte Turnbeutel in China setzen wir Ihre Konzepte in marktreife Produkte um. Partner mit unserem Gym Bag Unternehmen f\u00fcr:<\/p>\n<table width=\"288\">\n<tbody>\n<tr>\n<td width=\"137\"><span style=\"color: #333333;\">Produkte Name<\/span><\/td>\n<td width=\"151\">Brustbeutel<\/td>\n<\/tr>\n<tr>\n<td><span style=\"color: #333333;\">Artikel Nr.<\/span><\/td>\n<td><span style=\"color: #333333;\">PB-2154<\/span><\/td>\n<\/tr>\n<tr>\n<td><span style=\"color: #333333;\">Material<\/span><\/td>\n<td>600D Polyester<\/td>\n<\/tr>\n<tr>\n<td><span style=\"color: #333333;\">Gr\u00f6\u00dfe<\/span><\/td>\n<td>50 x 21,4 x 30 cm<\/td>\n<\/tr>\n<tr>\n<td><span style=\"color: #333333;\">\u00a0Lieferfrist<\/span><\/td>\n<td><span style=\"color: #333333;\">1-5 Tage f\u00fcr kleine Mengen auf dem Luftweg und 30-35 Tage f\u00fcr gro\u00dfe Mengen auf dem Seeweg<\/span><\/td>\n<\/tr>\n<\/tbody>\n<\/table>\n<p class=\"ds-markdown-paragraph\">\u2705\u00a0<strong>End-to-End ODM-L\u00f6sungen<\/strong><br \/>\nVon der Skizze bis zum Versand: Unsere Gym Bag ODM Fabrik \u00fcbernimmt Design, Prototyping &amp; Massenproduktion (MOQ 300 St\u00fcck)<\/p>\n<p class=\"ds-markdown-paragraph\">\u2705\u00a0<strong>Hochmoderne Anpassung<\/strong><br \/>\nTurnbeutel ODM\/OEM + Turnbeutel Eigenmarke mit wasserdichter Technik und ergonomischen Eigenschaften<\/p>\n<p class=\"ds-markdown-paragraph\">\u2705\u00a0<strong>Exportoptimierte Produktion<\/strong><br \/>\nNahtloser Turnbeutel-Export mit REACH-Konformit\u00e4t und Logistikunterst\u00fctzung<\/p>\n<p class=\"ds-markdown-paragraph\"><strong>ODM Factory Vorteile:<\/strong><br \/>\n- Turnbeutel-Gro\u00dfmengenpreise (500+\/2.000+ Einheiten)<br \/>\n- 3D-Konstruktion + Bemusterung in 7 Tagen<br \/>\n- Turnbeutel Lieferantenpartnerschaften mit IP-Schutz<br \/>\n- 30-Tage-Produktion f\u00fcr Turnbeutel-Gro\u00dfhandelsauftr\u00e4ge<\/p>\n<p class=\"ds-markdown-paragraph\">Ihr engagierter Turnbeutel-Lieferant f\u00fcr OEM\/ODM-Fertigung - wir unterst\u00fctzen Marken mit wettbewerbsf\u00e4higen ODM-Fabrikdienstleistungen f\u00fcr Turnbeutel. Fordern Sie eine Designberatung an!<\/p>\n<\/div>\n<\/div>\n<\/div>\n<\/div>","protected":false},"excerpt":{"rendered":"<h2 class=\"this-description-name\">Turnbeutel ODM Fabrik<\/h2>\n<div class=\"sliderTable mt10 mb10 sliderTable-index0\">\n<div class=\"inner\">\n<p><strong>1. Dry-Wet Pocket Trennung f\u00fcr ultimative Bequemlichkeit:<\/strong>\u00a0Der Turnbeutel ist genial konstruiert und verf\u00fcgt \u00fcber eine Trennung von trockenen und nassen Taschen. Sie sch\u00fctzt Ihre trockenen Sachen davor, feucht zu werden. Die spezielle wasserdichte, mit Rei\u00dfverschluss gef\u00fctterte Tasche schafft einen separaten Nassbereich, ideal zum Verstauen von nassen Badeanz\u00fcgen oder verschwitzter Trainingskleidung.<\/p>\n<p><strong>2. Geruchsresistentes und funktionales Schuhfach: <\/strong>Unser Turnbeutel ist mit einem geruchshemmenden Schuhfach ausgestattet. Dieses spezielle Fach erm\u00f6glicht einen schnellen Zugriff nach dem Training und verhindert effektiv Schwei\u00dfflecken und unangenehme Ger\u00fcche. Der gut durchdachte Einstieg f\u00fchrt Ihr Schuhwerk m\u00fchelos an seinen Platz. Der erweiterbare Innenraum bietet Platz f\u00fcr Sportschuhe in voller Gr\u00f6\u00dfe und eignet sich daher perfekt f\u00fcr verschiedene Szenarien, wie z. B. f\u00fcr das Fitnessstudio, Reisen, Ballspiele oder den Einsatz an mehreren Orten.<\/p>\n<\/div>\n<\/div>","protected":false},"featured_media":4764,"template":"","meta":{"_uag_custom_page_level_css":""},"product_brand":[],"product_cat":[56,60],"product_tag":[],"class_list":{"0":"post-4763","1":"product","2":"type-product","3":"status-publish","4":"has-post-thumbnail","6":"product_cat-gym-bag","7":"product_cat-backpack","9":"first","10":"instock","11":"shipping-taxable","12":"product-type-simple"},"uagb_featured_image_src":{"full":["https:\/\/pecbag.com\/wp-content\/uploads\/2025\/07\/Gym-Bag-ODM-Factory-1.jpeg",1600,1600,false],"thumbnail":["https:\/\/pecbag.com\/wp-content\/uploads\/2025\/07\/Gym-Bag-ODM-Factory-1-150x150.jpeg",150,150,true],"medium":["https:\/\/pecbag.com\/wp-content\/uploads\/2025\/07\/Gym-Bag-ODM-Factory-1-300x300.jpeg",300,300,true],"medium_large":["https:\/\/pecbag.com\/wp-content\/uploads\/2025\/07\/Gym-Bag-ODM-Factory-1-768x768.jpeg",768,768,true],"large":["https:\/\/pecbag.com\/wp-content\/uploads\/2025\/07\/Gym-Bag-ODM-Factory-1-1024x1024.jpeg",800,800,true],"1536x1536":["https:\/\/pecbag.com\/wp-content\/uploads\/2025\/07\/Gym-Bag-ODM-Factory-1-1536x1536.jpeg",1536,1536,true],"2048x2048":["https:\/\/pecbag.com\/wp-content\/uploads\/2025\/07\/Gym-Bag-ODM-Factory-1.jpeg",1600,1600,false],"trp-custom-language-flag":["https:\/\/pecbag.com\/wp-content\/uploads\/2025\/07\/Gym-Bag-ODM-Factory-1-12x12.jpeg",12,12,true],"woocommerce_thumbnail":["https:\/\/pecbag.com\/wp-content\/uploads\/2025\/07\/Gym-Bag-ODM-Factory-1-300x300.jpeg",300,300,true],"woocommerce_single":["https:\/\/pecbag.com\/wp-content\/uploads\/2025\/07\/Gym-Bag-ODM-Factory-1-600x600.jpeg",600,600,true],"woocommerce_gallery_thumbnail":["https:\/\/pecbag.com\/wp-content\/uploads\/2025\/07\/Gym-Bag-ODM-Factory-1-100x100.jpeg",100,100,true]},"uagb_author_info":{"display_name":"Lawrence","author_link":"https:\/\/pecbag.com\/de\/author\/"},"uagb_comment_info":0,"uagb_excerpt":"Gym Bag ODM Factory 1. Dry-Wet Pocket Separation for Ultimate Convenience:\u00a0The gym bag is ingeniously designed with a dry-wet pocket separation feature. It safeguards your dry items from getting damp. The dedicated waterproof zip-lined pocket creates a separate wet area, ideal for stowing away wet swimsuits or sweaty workout clothes. 2. Odor-Resistant and Functional Shoe&hellip;","_links":{"self":[{"href":"https:\/\/pecbag.com\/de\/wp-json\/wp\/v2\/product\/4763","targetHints":{"allow":["GET"]}}],"collection":[{"href":"https:\/\/pecbag.com\/de\/wp-json\/wp\/v2\/product"}],"about":[{"href":"https:\/\/pecbag.com\/de\/wp-json\/wp\/v2\/types\/product"}],"wp:featuredmedia":[{"embeddable":true,"href":"https:\/\/pecbag.com\/de\/wp-json\/wp\/v2\/media\/4764"}],"wp:attachment":[{"href":"https:\/\/pecbag.com\/de\/wp-json\/wp\/v2\/media?parent=4763"}],"wp:term":[{"taxonomy":"product_brand","embeddable":true,"href":"https:\/\/pecbag.com\/de\/wp-json\/wp\/v2\/product_brand?post=4763"},{"taxonomy":"product_cat","embeddable":true,"href":"https:\/\/pecbag.com\/de\/wp-json\/wp\/v2\/product_cat?post=4763"},{"taxonomy":"product_tag","embeddable":true,"href":"https:\/\/pecbag.com\/de\/wp-json\/wp\/v2\/product_tag?post=4763"}],"curies":[{"name":"wp","href":"https:\/\/api.w.org\/{rel}","templated":true}]}}