{"id":5067,"date":"2025-07-22T02:22:29","date_gmt":"2025-07-22T02:22:29","guid":{"rendered":"https:\/\/pecbag.com\/?post_type=product&#038;p=5067"},"modified":"2025-11-28T09:29:48","modified_gmt":"2025-11-28T09:29:48","slug":"tactical-messenger-bag-factory","status":"publish","type":"product","link":"https:\/\/pecbag.com\/de\/tactical-messenger-bag-factory\/","title":{"rendered":"Taktische Messenger Bag Fabrik"},"content":{"rendered":"<h5 title=\"Faltbare Hundetasche Atmungsaktives Mesh Haustier Umh\u00e4ngetasche f\u00fcr kleine Haustier Hund Katzen\" data-immersive-translate-walked=\"1c928421-2e42-4cd3-8754-5404553c0af5\" data-immersive-translate-paragraph=\"1\" data-spm-anchor-id=\"a2700.details.0.i35.4f6757d4w4zNZA\">Hersteller von Milit\u00e4rrucks\u00e4cken und wasserdichten Taschen | Expert Tactical Messenger Bag Factory<\/h5>\n<div class=\"flex flex-grow flex-col max-w-full\">\n<div class=\"min-h-[20px] text-message flex w-full flex-col items-end gap-2 whitespace-pre-wrap break-words [.text-message+&amp;]:mt-5 overflow-x-auto\" dir=\"auto\" data-message-author-role=\"assistant\" data-message-id=\"3d7d46f6-7ec2-4222-9257-48fa0bba23c6\" data-suggestions=\"true\">\n<div class=\"flex w-full flex-col gap-1 empty:hidden first:pt-[3px]\">\n<div class=\"markdown prose w-full break-words dark:prose-invert light\">\n<p class=\"ds-markdown-paragraph\">Sie ben\u00f6tigen kampftaugliche taktische Taschen?<\/p>\n<p class=\"ds-markdown-paragraph\">Als zertifizierte Tactical Messenger Bag Factory und Waterproof Bag Factory in Messenger Bag China, produzieren wir MIL-SPEC Ausr\u00fcstung f\u00fcr globale Agenturen. Partner mit unserem Messenger Bag Unternehmen f\u00fcr:<\/p>\n<table width=\"288\">\n<tbody>\n<tr>\n<td width=\"137\"><span style=\"color: #333333;\">Produkte Name<\/span><\/td>\n<td width=\"151\">Kuriertasche<\/td>\n<\/tr>\n<tr>\n<td><span style=\"color: #333333;\">Artikel Nr.<\/span><\/td>\n<td><span style=\"color: #333333;\">PB-2163<\/span><\/td>\n<\/tr>\n<tr>\n<td><span style=\"color: #333333;\">Material<\/span><\/td>\n<td>Polyester<\/td>\n<\/tr>\n<tr>\n<td><span style=\"color: #333333;\">Gr\u00f6\u00dfe<\/span><\/td>\n<td>20,47 x 13,39 x 9,06 Zoll<\/td>\n<\/tr>\n<tr>\n<td><span style=\"color: #333333;\">\u00a0Lieferfrist<\/span><\/td>\n<td><span style=\"color: #333333;\">1-5 Tage f\u00fcr kleine Mengen auf dem Luftweg und 30-35 Tage f\u00fcr gro\u00dfe Mengen auf dem Seeweg<\/span><\/td>\n<\/tr>\n<\/tbody>\n<\/table>\n<p class=\"ds-markdown-paragraph\">\u2705\u00a0<strong>Taktische \u00dcberlegenheit<\/strong><\/p>\n<ul>\n<li>\n<p class=\"ds-markdown-paragraph\">Taktische Kuriertaschen aus 1000D Cordura\u00ae mit MOLLE-Gurtband<\/p>\n<\/li>\n<li>\n<p class=\"ds-markdown-paragraph\">Wetterfeste Rei\u00dfverschl\u00fcsse und RFID-blockierende Taschen<\/p>\n<\/li>\n<li>\n<p class=\"ds-markdown-paragraph\">Messenger Bag Gro\u00dfbestellungen ab 300 St\u00fcck<\/p>\n<\/li>\n<\/ul>\n<p class=\"ds-markdown-paragraph\">\u2705\u00a0<strong>Anpassung an den Verteidigungszustand<\/strong><br \/>\nMessenger Bag ODM\/OEM + Eigenmarke<br \/>\nKundenspezifische Aufn\u00e4her\/PALS-Gurtband (MOQ 300 St\u00fcck)<\/p>\n<p class=\"ds-markdown-paragraph\">\u2705\u00a0<strong>Global einsatzbereit<\/strong><br \/>\nKonforme Messenger Bag Export mit ITAR-Dokumentation<\/p>\n<p class=\"ds-markdown-paragraph\"><strong>Fabrik Vorteile:<\/strong><br \/>\n- Messenger Bag Massenpreise: 20% auf 500+ Einheiten<br \/>\n- 7-t\u00e4giges Prototyping mit ballistischen Tests<br \/>\n- Messenger Bag Lieferantenportal: QC-Videos in Echtzeit<br \/>\n- 30-Tage-Produktion f\u00fcr Messenger Bag-Gro\u00dfhandelsprogramme<\/p>\n<p class=\"ds-markdown-paragraph\">Ihr Lieferant f\u00fcr einsatzkritische Kuriertaschen - von der Fabrik f\u00fcr taktische Kuriertaschen bis zur Lieferung vor Ort.<\/p>\n<p class=\"ds-markdown-paragraph\">MIL-STD-810G Pr\u00fcfbericht anfordern!<\/p>\n<\/div>\n<\/div>\n<\/div>\n<\/div>","protected":false},"excerpt":{"rendered":"<h2 class=\"this-description-name\">Taktische Messenger Bag Fabrik<\/h2>\n<div class=\"sliderTable mt10 mb10 sliderTable-index0\">\n<div class=\"inner\">\n<p>1. <strong>VERSCHIEDENE ARTEN ZU TRAGEN<\/strong>: Verstellbarer, gepolsterter Schultergurt und Ledergriff helfen Ihnen, leicht und bequem zu tragen Diese Arbeitstasche kann nicht nur als Messenger-Schultertasche\/Crossbody-Tasche, sondern auch als Laptop-Aktenkoffer\/Pendeltasche\/Reisetasche\/Lehrertasche verwendet werden.<\/p>\n<p>2. <strong>MULTIFUNKTIONALES DESIGN<\/strong>: Die Computertasche ist vor allem f\u00fcr Menschen in der Schule, im B\u00fcro, bei der Arbeit und diejenigen, die einen Laptop und anderes Zubeh\u00f6r t\u00e4glich zusammen tragen m\u00fcssen, konzipiert. Es k\u00f6nnte auch als eine Reise Umh\u00e4ngetasche, auch als DSLR-Kamera-Tasche mit einem gepolsterten Einsatz verwendet werden.<\/p>\n<\/div>\n<\/div>","protected":false},"featured_media":5071,"template":"","meta":{"_uag_custom_page_level_css":""},"product_brand":[],"product_cat":[65,64],"product_tag":[],"class_list":{"0":"post-5067","1":"product","2":"type-product","3":"status-publish","4":"has-post-thumbnail","6":"product_cat-messenger-bag","7":"product_cat-shoulder-bag","9":"first","10":"instock","11":"shipping-taxable","12":"product-type-simple"},"uagb_featured_image_src":{"full":["https:\/\/pecbag.com\/wp-content\/uploads\/2025\/07\/Tactical-Messenger-Bag-Factory-6.jpg",1500,1500,false],"thumbnail":["https:\/\/pecbag.com\/wp-content\/uploads\/2025\/07\/Tactical-Messenger-Bag-Factory-6-150x150.jpg",150,150,true],"medium":["https:\/\/pecbag.com\/wp-content\/uploads\/2025\/07\/Tactical-Messenger-Bag-Factory-6-300x300.jpg",300,300,true],"medium_large":["https:\/\/pecbag.com\/wp-content\/uploads\/2025\/07\/Tactical-Messenger-Bag-Factory-6-768x768.jpg",768,768,true],"large":["https:\/\/pecbag.com\/wp-content\/uploads\/2025\/07\/Tactical-Messenger-Bag-Factory-6-1024x1024.jpg",800,800,true],"1536x1536":["https:\/\/pecbag.com\/wp-content\/uploads\/2025\/07\/Tactical-Messenger-Bag-Factory-6.jpg",1500,1500,false],"2048x2048":["https:\/\/pecbag.com\/wp-content\/uploads\/2025\/07\/Tactical-Messenger-Bag-Factory-6.jpg",1500,1500,false],"trp-custom-language-flag":["https:\/\/pecbag.com\/wp-content\/uploads\/2025\/07\/Tactical-Messenger-Bag-Factory-6-12x12.jpg",12,12,true],"woocommerce_thumbnail":["https:\/\/pecbag.com\/wp-content\/uploads\/2025\/07\/Tactical-Messenger-Bag-Factory-6-300x300.jpg",300,300,true],"woocommerce_single":["https:\/\/pecbag.com\/wp-content\/uploads\/2025\/07\/Tactical-Messenger-Bag-Factory-6-600x600.jpg",600,600,true],"woocommerce_gallery_thumbnail":["https:\/\/pecbag.com\/wp-content\/uploads\/2025\/07\/Tactical-Messenger-Bag-Factory-6-100x100.jpg",100,100,true]},"uagb_author_info":{"display_name":"Lawrence","author_link":"https:\/\/pecbag.com\/de\/author\/"},"uagb_comment_info":0,"uagb_excerpt":"Tactical Messenger Bag Factory 1. VARIOUS WAYS TO CARRY: Adjustable Padded shoulder strap and leather top handle help you carry easily &amp; comfortably to carry This works bag can be used not only as a messenger shoulder bag\/crossbody bag, but laptop briefcase\/commute bag\/satchel bag\/teacher bag. 2. MULTIFUNCTIONAL DESIGN: The computer bag is particularly designed for&hellip;","_links":{"self":[{"href":"https:\/\/pecbag.com\/de\/wp-json\/wp\/v2\/product\/5067","targetHints":{"allow":["GET"]}}],"collection":[{"href":"https:\/\/pecbag.com\/de\/wp-json\/wp\/v2\/product"}],"about":[{"href":"https:\/\/pecbag.com\/de\/wp-json\/wp\/v2\/types\/product"}],"wp:featuredmedia":[{"embeddable":true,"href":"https:\/\/pecbag.com\/de\/wp-json\/wp\/v2\/media\/5071"}],"wp:attachment":[{"href":"https:\/\/pecbag.com\/de\/wp-json\/wp\/v2\/media?parent=5067"}],"wp:term":[{"taxonomy":"product_brand","embeddable":true,"href":"https:\/\/pecbag.com\/de\/wp-json\/wp\/v2\/product_brand?post=5067"},{"taxonomy":"product_cat","embeddable":true,"href":"https:\/\/pecbag.com\/de\/wp-json\/wp\/v2\/product_cat?post=5067"},{"taxonomy":"product_tag","embeddable":true,"href":"https:\/\/pecbag.com\/de\/wp-json\/wp\/v2\/product_tag?post=5067"}],"curies":[{"name":"wp","href":"https:\/\/api.w.org\/{rel}","templated":true}]}}