{"id":5074,"date":"2025-07-22T02:35:26","date_gmt":"2025-07-22T02:35:26","guid":{"rendered":"https:\/\/pecbag.com\/?post_type=product&#038;p=5074"},"modified":"2025-11-28T09:29:02","modified_gmt":"2025-11-28T09:29:02","slug":"sea-fishing-bag-factories","status":"publish","type":"product","link":"https:\/\/pecbag.com\/de\/sea-fishing-bag-factories\/","title":{"rendered":"Seefischerei Taschen Fabriken"},"content":{"rendered":"<h5 title=\"Faltbare Hundetasche Atmungsaktives Mesh Haustier Umh\u00e4ngetasche f\u00fcr kleine Haustier Hund Katzen\" data-immersive-translate-walked=\"1c928421-2e42-4cd3-8754-5404553c0af5\" data-immersive-translate-paragraph=\"1\" data-spm-anchor-id=\"a2700.details.0.i35.4f6757d4w4zNZA\">Salzwasserresistente Rucks\u00e4cke Hersteller &amp; Wasserdichte Tasche Fabrik | Professionelle Meer Fischen Tasche Fabriken<\/h5>\n<div class=\"flex flex-grow flex-col max-w-full\">\n<div class=\"min-h-[20px] text-message flex w-full flex-col items-end gap-2 whitespace-pre-wrap break-words [.text-message+&amp;]:mt-5 overflow-x-auto\" dir=\"auto\" data-message-author-role=\"assistant\" data-message-id=\"3d7d46f6-7ec2-4222-9257-48fa0bba23c6\" data-suggestions=\"true\">\n<div class=\"flex w-full flex-col gap-1 empty:hidden first:pt-[3px]\">\n<div class=\"markdown prose w-full break-words dark:prose-invert light\">\n<p class=\"ds-markdown-paragraph\">Ben\u00f6tigen Sie korrosionsbest\u00e4ndige Seefischertaschen-Fabriken?<\/p>\n<p class=\"ds-markdown-paragraph\">Als ISO-zertifizierter Hersteller von Angeltaschen und als Experte f\u00fcr wasserdichte Taschen in der Fishing Bag Factory in China entwickeln wir Marine-Ausr\u00fcstung f\u00fcr globale Marken. Partner mit unserem Angeln Tasche Unternehmen f\u00fcr:<\/p>\n<table width=\"288\">\n<tbody>\n<tr>\n<td width=\"137\"><span style=\"color: #333333;\">Produkte Name<\/span><\/td>\n<td width=\"151\">Angeltasche<\/td>\n<\/tr>\n<tr>\n<td><span style=\"color: #333333;\">Artikel Nr.<\/span><\/td>\n<td><span style=\"color: #333333;\">PB-2164<\/span><\/td>\n<\/tr>\n<tr>\n<td><span style=\"color: #333333;\">Material<\/span><\/td>\n<td>Polyester<\/td>\n<\/tr>\n<tr>\n<td><span style=\"color: #333333;\">Gr\u00f6\u00dfe<\/span><\/td>\n<td>21,5 x 32 x 14cm<\/td>\n<\/tr>\n<tr>\n<td><span style=\"color: #333333;\">\u00a0Lieferfrist<\/span><\/td>\n<td><span style=\"color: #333333;\">1-5 Tage f\u00fcr kleine Mengen auf dem Luftweg und 30-35 Tage f\u00fcr gro\u00dfe Mengen auf dem Seeweg<\/span><\/td>\n<\/tr>\n<\/tbody>\n<\/table>\n<p class=\"ds-markdown-paragraph\">\u2705\u00a0<strong>Hochseetaugliche Leistung<\/strong><br \/>\n- Salzwasserbest\u00e4ndige Seefischertaschen mit Drainaget\u00fcllen und rostfreien Rei\u00dfverschl\u00fcssen<br \/>\n- Gro\u00dfbestellungen von Angels\u00e4cken ab 300 St\u00fcck (CRRC-Korrosion zertifiziert)<\/p>\n<p class=\"ds-markdown-paragraph\">\u2705\u00a0<strong>Salzwasser-Anpassung<\/strong><br \/>\nAngeltasche ODM\/OEM + Eigenmarke<br \/>\nRutenhalter\/Tauchger\u00e4teschlaufen (MOQ 300 St\u00fcck)<\/p>\n<p class=\"ds-markdown-paragraph\">\u2705\u00a0<strong>Global exportbereit<\/strong><br \/>\nNahtlose Angeltasche Export mit SGS-Salzspr\u00fchtestberichten<\/p>\n<p class=\"ds-markdown-paragraph\"><strong>Fabrikkante:<\/strong><br \/>\n\u2714 Angelsack-Gro\u00dfmengenrabatt: 25% auf 500+ St\u00fcck<br \/>\n\u2714 7-Tage-Prototyping mit Korrosionstests<br \/>\n\u2714 Angelsack Lieferantenportal: Live QC-Streaming<br \/>\n\u2714 30-Tage-Produktion f\u00fcr Angelsack-Gro\u00dfhandelsprogramme<\/p>\n<p class=\"ds-markdown-paragraph\">Ihr vertrauensw\u00fcrdiger Anbieter von Angels\u00e4cken - von Seefischereisackfabriken bis hin zu globalen Docks.<\/p>\n<p class=\"ds-markdown-paragraph\">Fordern Sie ein kostenloses Video zum Salzspr\u00fchtest an!<\/p>\n<\/div>\n<\/div>\n<\/div>\n<\/div>","protected":false},"excerpt":{"rendered":"<h2 class=\"this-description-name\">Seefischerei Taschen Fabriken<\/h2>\n<div class=\"sliderTable mt10 mb10 sliderTable-index0\">\n<div class=\"inner\">\n<p>1. Angeln Tasche mit gro\u00dfer Kapazit\u00e4t, kann verwendet werden, um Angelrollen, K\u00f6der, Zangen, Haken, Boxen und andere Angelausr\u00fcstung zu speichern.<br \/>\n2. Hergestellt aus hochwertigem Polyester, wasserdicht und rei\u00dffest, verschlei\u00dffest und langlebig, hat es eine lange Lebensdauer.<br \/>\n3. Rei\u00dfverschlusstaschen auf der Vorderseite und an den Seiten sorgen f\u00fcr Ordnung und Sicherheit und lassen sich leicht \u00f6ffnen und schlie\u00dfen.<br \/>\n4. Abnehmbarer verstellbarer Schultergurt, bequem zu tragen, kann als Umh\u00e4ngetasche oder als Taschen verwendet werden.<br \/>\n5. Mesh-Tasche Design, leicht zug\u00e4ngliche kleine Zubeh\u00f6r, kann effektiv speichern Angelrollen.<\/p>\n<\/div>\n<\/div>","protected":false},"featured_media":5080,"template":"","meta":{"_uag_custom_page_level_css":""},"product_brand":[],"product_cat":[46,64],"product_tag":[],"class_list":{"0":"post-5074","1":"product","2":"type-product","3":"status-publish","4":"has-post-thumbnail","6":"product_cat-fishing-bag","7":"product_cat-shoulder-bag","9":"first","10":"instock","11":"shipping-taxable","12":"product-type-simple"},"uagb_featured_image_src":{"full":["https:\/\/pecbag.com\/wp-content\/uploads\/2025\/07\/Sea-Fishing-Bag-Factories-3.jpg",960,960,false],"thumbnail":["https:\/\/pecbag.com\/wp-content\/uploads\/2025\/07\/Sea-Fishing-Bag-Factories-3-150x150.jpg",150,150,true],"medium":["https:\/\/pecbag.com\/wp-content\/uploads\/2025\/07\/Sea-Fishing-Bag-Factories-3-300x300.jpg",300,300,true],"medium_large":["https:\/\/pecbag.com\/wp-content\/uploads\/2025\/07\/Sea-Fishing-Bag-Factories-3-768x768.jpg",768,768,true],"large":["https:\/\/pecbag.com\/wp-content\/uploads\/2025\/07\/Sea-Fishing-Bag-Factories-3.jpg",800,800,false],"1536x1536":["https:\/\/pecbag.com\/wp-content\/uploads\/2025\/07\/Sea-Fishing-Bag-Factories-3.jpg",960,960,false],"2048x2048":["https:\/\/pecbag.com\/wp-content\/uploads\/2025\/07\/Sea-Fishing-Bag-Factories-3.jpg",960,960,false],"trp-custom-language-flag":["https:\/\/pecbag.com\/wp-content\/uploads\/2025\/07\/Sea-Fishing-Bag-Factories-3-12x12.jpg",12,12,true],"woocommerce_thumbnail":["https:\/\/pecbag.com\/wp-content\/uploads\/2025\/07\/Sea-Fishing-Bag-Factories-3-300x300.jpg",300,300,true],"woocommerce_single":["https:\/\/pecbag.com\/wp-content\/uploads\/2025\/07\/Sea-Fishing-Bag-Factories-3-600x600.jpg",600,600,true],"woocommerce_gallery_thumbnail":["https:\/\/pecbag.com\/wp-content\/uploads\/2025\/07\/Sea-Fishing-Bag-Factories-3-100x100.jpg",100,100,true]},"uagb_author_info":{"display_name":"Lawrence","author_link":"https:\/\/pecbag.com\/de\/author\/"},"uagb_comment_info":0,"uagb_excerpt":"Sea Fishing Bag Factories 1. Fishing bag with large capacity, can be used to store fishing reels, baits, pliers, hooks, boxes, and other fishing gear. 2. Made of high-quality polyester, waterproof and tear\u2011resistant, wear\u2011resistant and durable, it has a long service life. 3. Zipper front\/side pockets keep things organized and safe, easy to open and&hellip;","_links":{"self":[{"href":"https:\/\/pecbag.com\/de\/wp-json\/wp\/v2\/product\/5074","targetHints":{"allow":["GET"]}}],"collection":[{"href":"https:\/\/pecbag.com\/de\/wp-json\/wp\/v2\/product"}],"about":[{"href":"https:\/\/pecbag.com\/de\/wp-json\/wp\/v2\/types\/product"}],"wp:featuredmedia":[{"embeddable":true,"href":"https:\/\/pecbag.com\/de\/wp-json\/wp\/v2\/media\/5080"}],"wp:attachment":[{"href":"https:\/\/pecbag.com\/de\/wp-json\/wp\/v2\/media?parent=5074"}],"wp:term":[{"taxonomy":"product_brand","embeddable":true,"href":"https:\/\/pecbag.com\/de\/wp-json\/wp\/v2\/product_brand?post=5074"},{"taxonomy":"product_cat","embeddable":true,"href":"https:\/\/pecbag.com\/de\/wp-json\/wp\/v2\/product_cat?post=5074"},{"taxonomy":"product_tag","embeddable":true,"href":"https:\/\/pecbag.com\/de\/wp-json\/wp\/v2\/product_tag?post=5074"}],"curies":[{"name":"wp","href":"https:\/\/api.w.org\/{rel}","templated":true}]}}