{"id":5171,"date":"2025-07-24T01:32:06","date_gmt":"2025-07-24T01:32:06","guid":{"rendered":"https:\/\/pecbag.com\/?post_type=product&#038;p=5171"},"modified":"2025-11-28T09:26:40","modified_gmt":"2025-11-28T09:26:40","slug":"new-design-lightweight-fishing-backpack","status":"publish","type":"product","link":"https:\/\/pecbag.com\/de\/new-design-lightweight-fishing-backpack\/","title":{"rendered":"Neues Design Leichter Angelrucksack"},"content":{"rendered":"<h5 title=\"Faltbare Hundetasche Atmungsaktives Mesh Haustier Umh\u00e4ngetasche f\u00fcr kleine Haustier Hund Katzen\" data-immersive-translate-walked=\"1c928421-2e42-4cd3-8754-5404553c0af5\" data-immersive-translate-paragraph=\"1\" data-spm-anchor-id=\"a2700.details.0.i35.4f6757d4w4zNZA\">Innovativer Rucksack Hersteller &amp; Wasserdichte Tasche Fabrik | Neues Design Leichter Angelrucksack Spezialist<\/h5>\n<div class=\"flex flex-grow flex-col max-w-full\">\n<div class=\"min-h-[20px] text-message flex w-full flex-col items-end gap-2 whitespace-pre-wrap break-words [.text-message+&amp;]:mt-5 overflow-x-auto\" dir=\"auto\" data-message-author-role=\"assistant\" data-message-id=\"3d7d46f6-7ec2-4222-9257-48fa0bba23c6\" data-suggestions=\"true\">\n<div class=\"flex w-full flex-col gap-1 empty:hidden first:pt-[3px]\">\n<div class=\"markdown prose w-full break-words dark:prose-invert light\">\n<p class=\"ds-markdown-paragraph\">Starten Sie jetzt den hei\u00dfesten neuen Design Lightweight Fishing Backpack?<\/p>\n<p class=\"ds-markdown-paragraph\">Als einer der f\u00fchrenden Hersteller von Angeltaschen und einer Fabrik f\u00fcr wasserdichte Taschen in China stellen wir hochmoderne Anglerausr\u00fcstung unter 1,1 lbs her. Partner mit unserem Angeln Tasche Unternehmen f\u00fcr:<\/p>\n<table width=\"288\">\n<tbody>\n<tr>\n<td width=\"137\"><span style=\"color: #333333;\">Produkte Name<\/span><\/td>\n<td width=\"151\">Angeltasche<\/td>\n<\/tr>\n<tr>\n<td><span style=\"color: #333333;\">Artikel Nr.<\/span><\/td>\n<td><span style=\"color: #333333;\">PB-2167<\/span><\/td>\n<\/tr>\n<tr>\n<td><span style=\"color: #333333;\">Material<\/span><\/td>\n<td>Polyester + Schaumstoff<\/td>\n<\/tr>\n<tr>\n<td><span style=\"color: #333333;\">Gr\u00f6\u00dfe<\/span><\/td>\n<td>55 * 46 cm<\/td>\n<\/tr>\n<tr>\n<td><span style=\"color: #333333;\">\u00a0Lieferfrist<\/span><\/td>\n<td><span style=\"color: #333333;\">1-5 Tage f\u00fcr kleine Mengen auf dem Luftweg und 30-35 Tage f\u00fcr gro\u00dfe Mengen auf dem Seeweg<\/span><\/td>\n<\/tr>\n<\/tbody>\n<\/table>\n<p class=\"ds-markdown-paragraph\">\u2705\u00a0<strong>Ultraleichte Revolution<\/strong><br \/>\n- Carbonfaser-Rahmen \u2726 Schnell trocknendes Netzgewebe - 30% leichter als Standard-Rucks\u00e4cke<br \/>\n- Angelsack Gro\u00dfbestellungen ab 200 St\u00fcck (wasserdicht nach IPX7)<\/p>\n<p class=\"ds-markdown-paragraph\">\u2705\u00a0<strong>Angler-First-Merkmale<\/strong><\/p>\n<ul>\n<li>\n<p class=\"ds-markdown-paragraph\">Drehbare Rutenhalter + auslaufsichere K\u00f6derkammern<\/p>\n<\/li>\n<li>\n<p class=\"ds-markdown-paragraph\">Neuer Design-Leichtgewicht-Angelrucksack mit ergonomischen Riemen<\/p>\n<\/li>\n<li>\n<p class=\"ds-markdown-paragraph\">3D-Prototyp in 72 Stunden sehen!<\/p>\n<\/li>\n<\/ul>\n<p class=\"ds-markdown-paragraph\">\u2705\u00a0<strong>Globale Produktionskraft<\/strong><br \/>\nAngeltasche ODM\/OEM + Eigenmarke<br \/>\nSchl\u00fcsselfertiger Angelsack-Export mit Zertifizierungen<\/p>\n<p class=\"ds-markdown-paragraph\"><strong>Fabrikkante:<\/strong><br \/>\n\u2714 Angelsack-Gro\u00dfmengenrabatt: 25% auf 500+ St\u00fcck<br \/>\n\u2714 5-Tage-Schnellprobenahme<br \/>\n\u2714 Angelsack Lieferantenportal: Live-Workshop-Kameras<br \/>\n\u2714 30-Tage-Produktion f\u00fcr Angelsack-Gro\u00dfhandelsprogramme<\/p>\n<p class=\"ds-markdown-paragraph\">Ihr f\u00fchrender Anbieter von Angelrucks\u00e4cken mit neuem Design f\u00fcr leichtgewichtige Angelrucks\u00e4cke - vom Design bis zu den globalen Docks. Fordern Sie Ihr VIP-Musterpaket an!<\/p>\n<\/div>\n<\/div>\n<\/div>\n<\/div>","protected":false},"excerpt":{"rendered":"<h2 class=\"this-description-name\">Neues Design Leichter Angelrucksack<\/h2>\n<div class=\"sliderTable mt10 mb10 sliderTable-index0\">\n<div class=\"inner\">\n<div>1. 18 Innen- und Au\u00dfentaschen, darunter 12 Rei\u00dfverschlusstaschen mit glatten, verdeckten Rei\u00dfverschl\u00fcssen; vier kleine Netztaschen auf der Vorderseite f\u00fcr Pippet-Spulen, Vorf\u00e4cher oder anderes Zubeh\u00f6r; eine trinkwassertaugliche Netztasche auf der R\u00fcckseite<\/div>\n<div><\/div>\n<div>2. Leichtes Mesh-Innenfutter, gepolsterter oberer R\u00fccken und Schultergurte sorgen f\u00fcr ultimativen Komfort und Atmungsaktivit\u00e4t<\/div>\n<div><\/div>\n<div>3. Verstellbarer Brustgurt bietet eine alternative Verwendung von Schnellverschluss Schnalle; Die Schultergurte und H\u00fcftgurte k\u00f6nnen f\u00fcr eine perfekte Passform eingestellt werden<\/div>\n<div><\/div>\n<div>4. Der Netzschlitz auf der R\u00fcckseite erm\u00f6glicht Ihnen einen einfachen Zugang zu Ihrem Kescher ; D-Ring auf der R\u00fcckseite, um ein Fischernetz zu befestigen, wenn Sie es vorziehen, einen Netzausl\u00f6ser zu verwenden<\/div>\n<\/div>\n<\/div>","protected":false},"featured_media":5172,"template":"","meta":{"_uag_custom_page_level_css":""},"product_brand":[],"product_cat":[46,60],"product_tag":[],"class_list":{"0":"post-5171","1":"product","2":"type-product","3":"status-publish","4":"has-post-thumbnail","6":"product_cat-fishing-bag","7":"product_cat-backpack","9":"first","10":"instock","11":"shipping-taxable","12":"product-type-simple"},"uagb_featured_image_src":{"full":["https:\/\/pecbag.com\/wp-content\/uploads\/2025\/07\/New-Design-Lightweight-Fishing-Backpack-3.jpg",720,666,false],"thumbnail":["https:\/\/pecbag.com\/wp-content\/uploads\/2025\/07\/New-Design-Lightweight-Fishing-Backpack-3-150x150.jpg",150,150,true],"medium":["https:\/\/pecbag.com\/wp-content\/uploads\/2025\/07\/New-Design-Lightweight-Fishing-Backpack-3-300x278.jpg",300,278,true],"medium_large":["https:\/\/pecbag.com\/wp-content\/uploads\/2025\/07\/New-Design-Lightweight-Fishing-Backpack-3.jpg",720,666,false],"large":["https:\/\/pecbag.com\/wp-content\/uploads\/2025\/07\/New-Design-Lightweight-Fishing-Backpack-3.jpg",720,666,false],"1536x1536":["https:\/\/pecbag.com\/wp-content\/uploads\/2025\/07\/New-Design-Lightweight-Fishing-Backpack-3.jpg",720,666,false],"2048x2048":["https:\/\/pecbag.com\/wp-content\/uploads\/2025\/07\/New-Design-Lightweight-Fishing-Backpack-3.jpg",720,666,false],"trp-custom-language-flag":["https:\/\/pecbag.com\/wp-content\/uploads\/2025\/07\/New-Design-Lightweight-Fishing-Backpack-3-13x12.jpg",13,12,true],"woocommerce_thumbnail":["https:\/\/pecbag.com\/wp-content\/uploads\/2025\/07\/New-Design-Lightweight-Fishing-Backpack-3-300x300.jpg",300,300,true],"woocommerce_single":["https:\/\/pecbag.com\/wp-content\/uploads\/2025\/07\/New-Design-Lightweight-Fishing-Backpack-3-600x555.jpg",600,555,true],"woocommerce_gallery_thumbnail":["https:\/\/pecbag.com\/wp-content\/uploads\/2025\/07\/New-Design-Lightweight-Fishing-Backpack-3-100x100.jpg",100,100,true]},"uagb_author_info":{"display_name":"Lawrence","author_link":"https:\/\/pecbag.com\/de\/author\/"},"uagb_comment_info":0,"uagb_excerpt":"New Design Lightweight Fishing Backpack 1. 18 interior and exterior storage pockets, including 12 zippered pockets with smooth concealed zippers; Four small front mesh pockets for tippet spools, leaders, or other accessories; one hydration-compatible rear mesh storage pocket 2. Lightweight mesh inner lining, padded upper back and shoulder straps provide the ultimate in comfort and&hellip;","_links":{"self":[{"href":"https:\/\/pecbag.com\/de\/wp-json\/wp\/v2\/product\/5171","targetHints":{"allow":["GET"]}}],"collection":[{"href":"https:\/\/pecbag.com\/de\/wp-json\/wp\/v2\/product"}],"about":[{"href":"https:\/\/pecbag.com\/de\/wp-json\/wp\/v2\/types\/product"}],"wp:featuredmedia":[{"embeddable":true,"href":"https:\/\/pecbag.com\/de\/wp-json\/wp\/v2\/media\/5172"}],"wp:attachment":[{"href":"https:\/\/pecbag.com\/de\/wp-json\/wp\/v2\/media?parent=5171"}],"wp:term":[{"taxonomy":"product_brand","embeddable":true,"href":"https:\/\/pecbag.com\/de\/wp-json\/wp\/v2\/product_brand?post=5171"},{"taxonomy":"product_cat","embeddable":true,"href":"https:\/\/pecbag.com\/de\/wp-json\/wp\/v2\/product_cat?post=5171"},{"taxonomy":"product_tag","embeddable":true,"href":"https:\/\/pecbag.com\/de\/wp-json\/wp\/v2\/product_tag?post=5171"}],"curies":[{"name":"wp","href":"https:\/\/api.w.org\/{rel}","templated":true}]}}