{"id":5177,"date":"2025-07-24T01:43:20","date_gmt":"2025-07-24T01:43:20","guid":{"rendered":"https:\/\/pecbag.com\/?post_type=product&#038;p=5177"},"modified":"2025-11-28T09:26:25","modified_gmt":"2025-11-28T09:26:25","slug":"large-durable-fishing-tackle-backpack","status":"publish","type":"product","link":"https:\/\/pecbag.com\/de\/large-durable-fishing-tackle-backpack\/","title":{"rendered":"Gro\u00dfer strapazierf\u00e4higer Rucksack f\u00fcr Fischereiger\u00e4te"},"content":{"rendered":"<h5 title=\"Faltbare Hundetasche Atmungsaktives Mesh Haustier Umh\u00e4ngetasche f\u00fcr kleine Haustier Hund Katzen\" data-immersive-translate-walked=\"1c928421-2e42-4cd3-8754-5404553c0af5\" data-immersive-translate-paragraph=\"1\" data-spm-anchor-id=\"a2700.details.0.i35.4f6757d4w4zNZA\">Heavy-Duty Backpack Manufacturer &amp; Waterproof Bag Factory | Large Durable Fishing Tackle Backpack Specialist<\/h5>\n<div class=\"flex flex-grow flex-col max-w-full\">\n<div class=\"min-h-[20px] text-message flex w-full flex-col items-end gap-2 whitespace-pre-wrap break-words [.text-message+&amp;]:mt-5 overflow-x-auto\" dir=\"auto\" data-message-author-role=\"assistant\" data-message-id=\"3d7d46f6-7ec2-4222-9257-48fa0bba23c6\" data-suggestions=\"true\">\n<div class=\"flex w-full flex-col gap-1 empty:hidden first:pt-[3px]\">\n<div class=\"markdown prose w-full break-words dark:prose-invert light\">\n<p class=\"ds-markdown-paragraph\">Brauchen Sie eine dauerhafte Aufbewahrung f\u00fcr Ihre Ger\u00e4te?<\/p>\n<p class=\"ds-markdown-paragraph\">Als einer der f\u00fchrenden Hersteller von Angeltaschen und wasserdichten Taschen in China, entwickeln wir extra gro\u00dfe 45L+ Large Durable Fishing Tackle Backpack L\u00f6sungen. Partner mit unserem Angeln Tasche Unternehmen f\u00fcr:<\/p>\n<table width=\"288\">\n<tbody>\n<tr>\n<td width=\"137\"><span style=\"color: #333333;\">Produkte Name<\/span><\/td>\n<td width=\"151\">Angeltasche<\/td>\n<\/tr>\n<tr>\n<td><span style=\"color: #333333;\">Artikel Nr.<\/span><\/td>\n<td><span style=\"color: #333333;\">PB-2168<\/span><\/td>\n<\/tr>\n<tr>\n<td><span style=\"color: #333333;\">Material<\/span><\/td>\n<td>600D Polyester<\/td>\n<\/tr>\n<tr>\n<td><span style=\"color: #333333;\">Gr\u00f6\u00dfe<\/span><\/td>\n<td>Kundenspezifisch<\/td>\n<\/tr>\n<tr>\n<td><span style=\"color: #333333;\">\u00a0Lieferfrist<\/span><\/td>\n<td><span style=\"color: #333333;\">1-5 Tage f\u00fcr kleine Mengen auf dem Luftweg und 30-35 Tage f\u00fcr gro\u00dfe Mengen auf dem Seeweg<\/span><\/td>\n<\/tr>\n<\/tbody>\n<\/table>\n<p class=\"ds-markdown-paragraph\">\u2705\u00a0<strong>Industrietaugliche Kapazit\u00e4t<\/strong><br \/>\n- 1680D ballistisches Nylon gro\u00dfe langlebige Angelger\u00e4te Rucks\u00e4cke mit Aluminiumrahmen<br \/>\n- Wasserdicht nach IPX8 + schimmelresistentes Futter<br \/>\n- Gro\u00dfauftr\u00e4ge f\u00fcr Angels\u00e4cke ab 150 St\u00fcck<\/p>\n<p class=\"ds-markdown-paragraph\">\u2705\u00a0<strong>Pro Angler Merkmale<\/strong><\/p>\n<ul>\n<li>\n<p class=\"ds-markdown-paragraph\">Anpassbare Plano\u00ae Boxenschlitze + ausziehbare Rutenhalter<\/p>\n<\/li>\n<li>\n<p class=\"ds-markdown-paragraph\">Gro\u00dfer strapazierf\u00e4higer Angelrucksack mit ergonomischem Tragesystem<\/p>\n<\/li>\n<li>\n<p class=\"ds-markdown-paragraph\">Sehen Sie sich die Videos der Belastungstests an!<\/p>\n<\/li>\n<\/ul>\n<p class=\"ds-markdown-paragraph\">\u2705\u00a0<strong>Globale Produktion<\/strong><br \/>\nAngeltasche ODM\/OEM + Eigenmarke<br \/>\nSchl\u00fcsselfertiger Angelsack-Export mit Zertifizierungen<\/p>\n<p class=\"ds-markdown-paragraph\"><strong>Fabrikkante:<\/strong><br \/>\n\u2714 Angelsack Massenrabatt: 30% auf 300+ Einheiten<br \/>\n\u2714 7-t\u00e4giges Prototyping mit Gewichtstests (50kg Kapazit\u00e4t)<br \/>\n\u2714 Angelsack Lieferantenportal: Live-Dauerpr\u00fcfung<br \/>\n\u2714 35-Tage-Produktion f\u00fcr Angelsack-Gro\u00dfhandelsprogramme<\/p>\n<p class=\"ds-markdown-paragraph\">Ihr f\u00fchrender Anbieter von Angeltaschen f\u00fcr gro\u00dfe, strapazierf\u00e4hige Angelrucks\u00e4cke - von der Werkstatt bis zu den Gew\u00e4ssern.<\/p>\n<p class=\"ds-markdown-paragraph\">Fordern Sie einen kostenlosen Tackle Organizer an!<\/p>\n<\/div>\n<\/div>\n<\/div>\n<\/div>","protected":false},"excerpt":{"rendered":"<h2 class=\"this-description-name\">Gro\u00dfer strapazierf\u00e4higer Rucksack f\u00fcr Fischereiger\u00e4te<\/h2>\n<div class=\"sliderTable mt10 mb10 sliderTable-index0\">\n<div class=\"inner\">\n<div>1. Langlebig &amp; wasserdicht - Die Angeltasche ist aus wasserdichtem, starkem 1000D-Polyester mit strapazierf\u00e4higen Rei\u00dfverschl\u00fcssen und Schnallen gefertigt und damit ideal f\u00fcr den rauen Einsatz. Klare Innentasche mit Rei\u00dfverschluss unter dem Deckel h\u00e4lt Ihre Lizenzen und andere Wertsachen sichtbar und sicher. Die in der R\u00fcckentasche aufbewahrte Regenh\u00fclle ist bei Regen zu verwenden, um Ihre Sachen trocken zu halten.<\/div>\n<div><\/div>\n<div>\n<p>2. Gro\u00dfe Kapazit\u00e4t - Die Tackle-Tasche hat eine sehr gro\u00dfe Kapazit\u00e4t. Das gro\u00dfe Hauptfach mit einer herausnehmbaren Trennwand verwandelt den Rucksack f\u00fcr die Lagerung von gr\u00f6\u00dferen Gegenst\u00e4nden. Zwei Fronttaschen mit Rei\u00dfverschluss, vier Seitentaschen mit Rei\u00dfverschluss, zwei Netztaschen und eine H\u00fcfttasche bieten zus\u00e4tzlichen Stauraum f\u00fcr Zubeh\u00f6r.<\/p>\n<\/div>\n<div>\n<p>3. Komfortables &amp; ergonomisches Design - Dicker gepolstertes, atmungsaktives R\u00fcckenteil und ergonomische Schultergurte geben viel besseren Komfort, wenn Sie tragen. Die H\u00fcfttasche kann auf dem R\u00fcckenteil verstaut und als H\u00fcftgurt mit zus\u00e4tzlichem Komfort verwendet werden. Die reflektierenden Streifen auf der Vorderseite sorgen f\u00fcr Sicherheit in der Nacht.<\/p>\n<\/div>\n<div>4. Anti-Kratz-Boden - Robuste Bodenpolster sch\u00fctzen den Rucksack vor Kratzern auf felsigem oder nassem Boden.<\/div>\n<\/div>\n<\/div>","protected":false},"featured_media":5179,"template":"","meta":{"_uag_custom_page_level_css":""},"product_brand":[],"product_cat":[46,60],"product_tag":[],"class_list":{"0":"post-5177","1":"product","2":"type-product","3":"status-publish","4":"has-post-thumbnail","6":"product_cat-fishing-bag","7":"product_cat-backpack","9":"first","10":"instock","11":"shipping-taxable","12":"product-type-simple"},"uagb_featured_image_src":{"full":["https:\/\/pecbag.com\/wp-content\/uploads\/2025\/07\/Large-Durable-Fishing-Tackle-Backpack-3.jpg",500,500,false],"thumbnail":["https:\/\/pecbag.com\/wp-content\/uploads\/2025\/07\/Large-Durable-Fishing-Tackle-Backpack-3-150x150.jpg",150,150,true],"medium":["https:\/\/pecbag.com\/wp-content\/uploads\/2025\/07\/Large-Durable-Fishing-Tackle-Backpack-3-300x300.jpg",300,300,true],"medium_large":["https:\/\/pecbag.com\/wp-content\/uploads\/2025\/07\/Large-Durable-Fishing-Tackle-Backpack-3.jpg",500,500,false],"large":["https:\/\/pecbag.com\/wp-content\/uploads\/2025\/07\/Large-Durable-Fishing-Tackle-Backpack-3.jpg",500,500,false],"1536x1536":["https:\/\/pecbag.com\/wp-content\/uploads\/2025\/07\/Large-Durable-Fishing-Tackle-Backpack-3.jpg",500,500,false],"2048x2048":["https:\/\/pecbag.com\/wp-content\/uploads\/2025\/07\/Large-Durable-Fishing-Tackle-Backpack-3.jpg",500,500,false],"trp-custom-language-flag":["https:\/\/pecbag.com\/wp-content\/uploads\/2025\/07\/Large-Durable-Fishing-Tackle-Backpack-3-12x12.jpg",12,12,true],"woocommerce_thumbnail":["https:\/\/pecbag.com\/wp-content\/uploads\/2025\/07\/Large-Durable-Fishing-Tackle-Backpack-3-300x300.jpg",300,300,true],"woocommerce_single":["https:\/\/pecbag.com\/wp-content\/uploads\/2025\/07\/Large-Durable-Fishing-Tackle-Backpack-3.jpg",500,500,false],"woocommerce_gallery_thumbnail":["https:\/\/pecbag.com\/wp-content\/uploads\/2025\/07\/Large-Durable-Fishing-Tackle-Backpack-3-100x100.jpg",100,100,true]},"uagb_author_info":{"display_name":"Lawrence","author_link":"https:\/\/pecbag.com\/de\/author\/"},"uagb_comment_info":0,"uagb_excerpt":"Large Durable Fishing Tackle Backpack 1. Durable &amp; Water Resistance - The fishing tackle bag is made of waterproof, strong 1000D polyester with heavy-duty zippers and buckles, making it ideal for rough use. Clear zippered interior pocket under the lid keeps your licenses and other valuables visible and secure. The rain cover stored in the&hellip;","_links":{"self":[{"href":"https:\/\/pecbag.com\/de\/wp-json\/wp\/v2\/product\/5177","targetHints":{"allow":["GET"]}}],"collection":[{"href":"https:\/\/pecbag.com\/de\/wp-json\/wp\/v2\/product"}],"about":[{"href":"https:\/\/pecbag.com\/de\/wp-json\/wp\/v2\/types\/product"}],"wp:featuredmedia":[{"embeddable":true,"href":"https:\/\/pecbag.com\/de\/wp-json\/wp\/v2\/media\/5179"}],"wp:attachment":[{"href":"https:\/\/pecbag.com\/de\/wp-json\/wp\/v2\/media?parent=5177"}],"wp:term":[{"taxonomy":"product_brand","embeddable":true,"href":"https:\/\/pecbag.com\/de\/wp-json\/wp\/v2\/product_brand?post=5177"},{"taxonomy":"product_cat","embeddable":true,"href":"https:\/\/pecbag.com\/de\/wp-json\/wp\/v2\/product_cat?post=5177"},{"taxonomy":"product_tag","embeddable":true,"href":"https:\/\/pecbag.com\/de\/wp-json\/wp\/v2\/product_tag?post=5177"}],"curies":[{"name":"wp","href":"https:\/\/api.w.org\/{rel}","templated":true}]}}