{"id":1410,"date":"2025-04-11T08:35:19","date_gmt":"2025-04-11T08:35:19","guid":{"rendered":"https:\/\/pecbag.com\/?post_type=product&#038;p=1410"},"modified":"2025-11-29T02:12:07","modified_gmt":"2025-11-29T02:12:07","slug":"backpack-manufacturers-in-china","status":"publish","type":"product","link":"https:\/\/pecbag.com\/es\/backpack-manufacturers-in-china\/","title":{"rendered":"Fabricantes de mochilas en China"},"content":{"rendered":"<h2 title=\"Bolso plegable para perros Bolso de malla transpirable para mascotas peque\u00f1as Perros Gatos\" data-immersive-translate-walked=\"1c928421-2e42-4cd3-8754-5404553c0af5\" data-immersive-translate-paragraph=\"1\" data-spm-anchor-id=\"a2700.details.0.i35.4f6757d4w4zNZA\">Top Wholesale Backpack Manufacturers in China | Precios directos de f\u00e1brica y soluciones personalizadas<\/h2>\n<div class=\"flex flex-grow flex-col max-w-full\">\n<div class=\"min-h-[20px] text-message flex w-full flex-col items-end gap-2 whitespace-pre-wrap break-words [.text-message+&amp;]:mt-5 overflow-x-auto\" dir=\"auto\" data-message-author-role=\"assistant\" data-message-id=\"3d7d46f6-7ec2-4222-9257-48fa0bba23c6\" data-suggestions=\"true\">\n<div class=\"flex w-full flex-col gap-1 empty:hidden first:pt-[3px]\">\n<div class=\"markdown prose w-full break-words dark:prose-invert light\">\n<p>Buscamos <strong>fabricantes de mochilas en China<\/strong>? Somos una f\u00e1brica certificada que ofrece precios al por mayor, servicios OEM\/ODM y env\u00edos r\u00e1pidos a todo el mundo. Personalice mochilas duraderas para escuelas, viajes o marcas con MOQs bajos. Solicite hoy mismo un presupuesto gratuito.<\/p>\n<table width=\"288\">\n<tbody>\n<tr>\n<td width=\"137\"><span style=\"color: #333333;\">Nombre del producto<\/span><\/td>\n<td width=\"151\"><span style=\"color: #333333;\">Mochila<\/span><\/td>\n<\/tr>\n<tr>\n<td><span style=\"color: #333333;\">N\u00ba de art\u00edculo<\/span><\/td>\n<td><span style=\"color: #333333;\">PB-2002<\/span><\/td>\n<\/tr>\n<tr>\n<td><span style=\"color: #333333;\">Material<\/span><\/td>\n<td><span style=\"color: #333333;\">Algod\u00f3n, poli\u00e9ster, vell\u00f3n<\/span><\/td>\n<\/tr>\n<tr>\n<td><span style=\"color: #333333;\">\u00a0Tama\u00f1o y color<\/span><\/td>\n<td><span style=\"color: #333333;\">Personalizado<\/span><\/td>\n<\/tr>\n<tr>\n<td><span style=\"color: #333333;\">\u00a0Plazo de entrega<\/span><\/td>\n<td><span style=\"color: #333333;\">1-5 d\u00edas para peque\u00f1as cantidades por v\u00eda a\u00e9rea y 30-35 d\u00edas para grandes cantidades por v\u00eda mar\u00edtima<\/span><\/td>\n<\/tr>\n<\/tbody>\n<\/table>\n<p>Como l\u00edder <strong>Fabricante de mochilas en China<\/strong>Combinamos la producci\u00f3n avanzada en f\u00e1brica con soluciones flexibles de venta al por mayor. Tanto si necesita 500 como 50.000 unidades, nuestras instalaciones con certificaci\u00f3n ISO se lo garantizan:<br \/>\n\u2705 <strong>Dise\u00f1os a medida<\/strong> - Desde mochilas para port\u00e1tiles hasta estilos ecol\u00f3gicos<br \/>\n\u2705 <strong>Precios competitivos<\/strong> - Tarifas al por mayor sin margen de intermediaci\u00f3n<br \/>\n\u2705 <strong>Entrega r\u00e1pida<\/strong> - Producci\u00f3n en 30 d\u00edas + env\u00edo a domicilio a UE\/EE.UU.<\/p>\n<p><strong>Por qu\u00e9 las marcas mundiales conf\u00edan en nosotros:<\/strong><\/p>\n<ul>\n<li><strong>M\u00e1s de 15 a\u00f1os de experiencia<\/strong>: Especialistas en mochilas antirrobo, impermeables y ergon\u00f3micas<\/li>\n<li><strong>Garant\u00eda de calidad<\/strong>: Inspecciones en 3 fases y 2 a\u00f1os de garant\u00eda de serie<\/li>\n<li><strong>Sostenibilidad<\/strong>: Poli\u00e9ster reciclado y f\u00e1bricas que funcionan con energ\u00eda solar<\/li>\n<\/ul>\n<p>Solicite muestras gratuitas o cargue su logotipo para obtener un prototipo - <strong>MOQs bajos a partir de 100 unidades<\/strong>.<\/p>\n<\/div>\n<\/div>\n<\/div>\n<\/div>","protected":false},"excerpt":{"rendered":"<h2 data-immersive-translate-walked=\"344be1c1-5052-41eb-8fcd-0dbe236a0d6b\" data-immersive-translate-paragraph=\"1\">Fabricantes de mochilas en China<\/h2>\n<p>Proporcionamos bolsas de primera calidad con personalizaci\u00f3n completa de tallas y colores, tejidos duraderos y calidad certificada.<\/p>\n<p>Disfrute de MOQ flexibles, env\u00edos r\u00e1pidos a todo el mundo y soluciones de marca blanca.<\/p>\n<p>P\u00f3ngase en contacto con nosotros<\/p>","protected":false},"featured_media":1449,"template":"","meta":{"_uag_custom_page_level_css":""},"product_brand":[],"product_cat":[60],"product_tag":[],"class_list":{"0":"post-1410","1":"product","2":"type-product","3":"status-publish","4":"has-post-thumbnail","6":"product_cat-backpack","8":"first","9":"instock","10":"shipping-taxable","11":"product-type-simple"},"uagb_featured_image_src":{"full":["https:\/\/pecbag.com\/wp-content\/uploads\/2025\/04\/Backpack-Manufacturers-in-China-3.png",684,720,false],"thumbnail":["https:\/\/pecbag.com\/wp-content\/uploads\/2025\/04\/Backpack-Manufacturers-in-China-3-150x150.png",150,150,true],"medium":["https:\/\/pecbag.com\/wp-content\/uploads\/2025\/04\/Backpack-Manufacturers-in-China-3-285x300.png",285,300,true],"medium_large":["https:\/\/pecbag.com\/wp-content\/uploads\/2025\/04\/Backpack-Manufacturers-in-China-3.png",684,720,false],"large":["https:\/\/pecbag.com\/wp-content\/uploads\/2025\/04\/Backpack-Manufacturers-in-China-3.png",684,720,false],"1536x1536":["https:\/\/pecbag.com\/wp-content\/uploads\/2025\/04\/Backpack-Manufacturers-in-China-3.png",684,720,false],"2048x2048":["https:\/\/pecbag.com\/wp-content\/uploads\/2025\/04\/Backpack-Manufacturers-in-China-3.png",684,720,false],"trp-custom-language-flag":["https:\/\/pecbag.com\/wp-content\/uploads\/2025\/04\/Backpack-Manufacturers-in-China-3.png",11,12,false],"woocommerce_thumbnail":["https:\/\/pecbag.com\/wp-content\/uploads\/2025\/04\/Backpack-Manufacturers-in-China-3-300x300.png",300,300,true],"woocommerce_single":["https:\/\/pecbag.com\/wp-content\/uploads\/2025\/04\/Backpack-Manufacturers-in-China-3-600x632.png",600,632,true],"woocommerce_gallery_thumbnail":["https:\/\/pecbag.com\/wp-content\/uploads\/2025\/04\/Backpack-Manufacturers-in-China-3-100x100.png",100,100,true]},"uagb_author_info":{"display_name":"Lawrence","author_link":"https:\/\/pecbag.com\/es\/author\/"},"uagb_comment_info":0,"uagb_excerpt":"Backpack Manufacturers in China We provide premium bag with full-size and color customization, durable fabrics, and certified quality. Enjoy flexible MOQs, fast global shipping, and private label solutions. Contact us today!","_links":{"self":[{"href":"https:\/\/pecbag.com\/es\/wp-json\/wp\/v2\/product\/1410","targetHints":{"allow":["GET"]}}],"collection":[{"href":"https:\/\/pecbag.com\/es\/wp-json\/wp\/v2\/product"}],"about":[{"href":"https:\/\/pecbag.com\/es\/wp-json\/wp\/v2\/types\/product"}],"wp:featuredmedia":[{"embeddable":true,"href":"https:\/\/pecbag.com\/es\/wp-json\/wp\/v2\/media\/1449"}],"wp:attachment":[{"href":"https:\/\/pecbag.com\/es\/wp-json\/wp\/v2\/media?parent=1410"}],"wp:term":[{"taxonomy":"product_brand","embeddable":true,"href":"https:\/\/pecbag.com\/es\/wp-json\/wp\/v2\/product_brand?post=1410"},{"taxonomy":"product_cat","embeddable":true,"href":"https:\/\/pecbag.com\/es\/wp-json\/wp\/v2\/product_cat?post=1410"},{"taxonomy":"product_tag","embeddable":true,"href":"https:\/\/pecbag.com\/es\/wp-json\/wp\/v2\/product_tag?post=1410"}],"curies":[{"name":"wp","href":"https:\/\/api.w.org\/{rel}","templated":true}]}}