{"id":1423,"date":"2025-04-11T09:03:03","date_gmt":"2025-04-11T09:03:03","guid":{"rendered":"https:\/\/pecbag.com\/?post_type=product&#038;p=1423"},"modified":"2025-11-29T02:11:58","modified_gmt":"2025-11-29T02:11:58","slug":"camping-lunch-bag-manufacturers","status":"publish","type":"product","link":"https:\/\/pecbag.com\/es\/camping-lunch-bag-manufacturers\/","title":{"rendered":"Fabricantes de bolsas de almuerzo para camping"},"content":{"rendered":"<h2 title=\"Bolso plegable para perros Bolso de malla transpirable para mascotas peque\u00f1as Perros Gatos\" data-immersive-translate-walked=\"1c928421-2e42-4cd3-8754-5404553c0af5\" data-immersive-translate-paragraph=\"1\" data-spm-anchor-id=\"a2700.details.0.i35.4f6757d4w4zNZA\">Top Wholesale Camping Lunch Bag Fabricantes | Directo de f\u00e1brica y soluciones personalizadas<\/h2>\n<div class=\"flex flex-grow flex-col max-w-full\">\n<div class=\"min-h-[20px] text-message flex w-full flex-col items-end gap-2 whitespace-pre-wrap break-words [.text-message+&amp;]:mt-5 overflow-x-auto\" dir=\"auto\" data-message-author-role=\"assistant\" data-message-id=\"3d7d46f6-7ec2-4222-9257-48fa0bba23c6\" data-suggestions=\"true\">\n<div class=\"flex w-full flex-col gap-1 empty:hidden first:pt-[3px]\">\n<div class=\"markdown prose w-full break-words dark:prose-invert light\">\n<p>Necesidad fiable <strong>fabricantes de bolsas de almuerzo para camping<\/strong>? Somos una f\u00e1brica certificada que ofrece precios al por mayor, pedidos MOQ r\u00e1pidos y bolsas de almuerzo aislantes personalizadas para marcas de exteriores. \u00a1Obtenga dise\u00f1os aprobados por la FDA y a prueba de fugas hoy mismo!<\/p>\n<table width=\"288\">\n<tbody>\n<tr>\n<td width=\"137\"><span style=\"color: #333333;\">Nombre del producto<\/span><\/td>\n<td width=\"151\"><span style=\"color: #333333;\">Bolsa de campamento<\/span><\/td>\n<\/tr>\n<tr>\n<td><span style=\"color: #333333;\">N\u00ba de art\u00edculo<\/span><\/td>\n<td><span style=\"color: #333333;\">PB-2003<\/span><\/td>\n<\/tr>\n<tr>\n<td><span style=\"color: #333333;\">Material<\/span><\/td>\n<td><span style=\"color: #333333;\">Algod\u00f3n, poli\u00e9ster, vell\u00f3n<\/span><\/td>\n<\/tr>\n<tr>\n<td><span style=\"color: #333333;\">\u00a0Tama\u00f1o y color<\/span><\/td>\n<td><span style=\"color: #333333;\">Personalizado<\/span><\/td>\n<\/tr>\n<tr>\n<td><span style=\"color: #333333;\">\u00a0Plazo de entrega<\/span><\/td>\n<td><span style=\"color: #333333;\">1-5 d\u00edas para peque\u00f1as cantidades por v\u00eda a\u00e9rea y 30-35 d\u00edas para grandes cantidades por v\u00eda mar\u00edtima<\/span><\/td>\n<\/tr>\n<\/tbody>\n<\/table>\n<p>Como profesional <strong>camping lunch bag fabricantes en China<\/strong>dise\u00f1amos y producimos bolsas isot\u00e9rmicas de alto rendimiento para minoristas de actividades al aire libre, cadenas de supermercados y marcas de camping. Nuestra f\u00e1brica se especializa en:<br \/>\n\u2705 <strong>Pedidos al por mayor<\/strong>: MOQ bajo comienza en 300pcs<br \/>\n\u2705 <strong>Marca personalizada<\/strong>: A\u00f1ada logotipos, colores o especificaciones de aislamiento exclusivas.<br \/>\n\u2705 <strong>Dise\u00f1os duraderos<\/strong>: Forros impermeables, correas ajustables y materiales no t\u00f3xicos<\/p>\n<p><strong>\u00bfPor qu\u00e9 trabajar con nosotros?<\/strong><\/p>\n<ul>\n<li><strong>Producci\u00f3n r\u00e1pida<\/strong>Entrega en 25 d\u00edas con env\u00edo internacional<\/li>\n<li><strong>Calidad certificada<\/strong>: Conforme a las normas alimentarias de la FDA\/UE, controles de calidad en 3 etapas<\/li>\n<li><strong>Opciones ecol\u00f3gicas<\/strong>: Tejidos PET reciclados y cremalleras biodegradables<\/li>\n<\/ul>\n<p><strong>Perfecto para:<\/strong><\/p>\n<ul>\n<li>Proveedores de material de camping * Empresas de preparaci\u00f3n de comidas * Distribuidores de regalos de empresa<\/li>\n<\/ul>\n<p>Solicite muestras gratuitas o cargue su logotipo: creemos bolsas de almuerzo que mantengan las comidas frescas y las marcas memorables.<\/p>\n<\/div>\n<\/div>\n<\/div>\n<\/div>","protected":false},"excerpt":{"rendered":"<h2 data-immersive-translate-walked=\"344be1c1-5052-41eb-8fcd-0dbe236a0d6b\" data-immersive-translate-paragraph=\"1\">Fabricantes de bolsas de almuerzo para camping<\/h2>\n<p>Proporcionamos bolsas de primera calidad con personalizaci\u00f3n completa de tallas y colores, tejidos duraderos y calidad certificada.<\/p>\n<p>Disfrute de MOQ flexibles, env\u00edos r\u00e1pidos a todo el mundo y soluciones de marca blanca.<\/p>\n<p>P\u00f3ngase en contacto con nosotros<\/p>","protected":false},"featured_media":1427,"template":"","meta":{"_uag_custom_page_level_css":""},"product_brand":[],"product_cat":[44],"product_tag":[],"class_list":{"0":"post-1423","1":"product","2":"type-product","3":"status-publish","4":"has-post-thumbnail","6":"product_cat-camping-bags","8":"first","9":"instock","10":"shipping-taxable","11":"product-type-simple"},"uagb_featured_image_src":{"full":["https:\/\/pecbag.com\/wp-content\/uploads\/2025\/04\/Camping-Lunch-Bag-Manufacturers-5.jpg",1000,1000,false],"thumbnail":["https:\/\/pecbag.com\/wp-content\/uploads\/2025\/04\/Camping-Lunch-Bag-Manufacturers-5-150x150.jpg",150,150,true],"medium":["https:\/\/pecbag.com\/wp-content\/uploads\/2025\/04\/Camping-Lunch-Bag-Manufacturers-5-300x300.jpg",300,300,true],"medium_large":["https:\/\/pecbag.com\/wp-content\/uploads\/2025\/04\/Camping-Lunch-Bag-Manufacturers-5-768x768.jpg",768,768,true],"large":["https:\/\/pecbag.com\/wp-content\/uploads\/2025\/04\/Camping-Lunch-Bag-Manufacturers-5.jpg",800,800,false],"1536x1536":["https:\/\/pecbag.com\/wp-content\/uploads\/2025\/04\/Camping-Lunch-Bag-Manufacturers-5.jpg",1000,1000,false],"2048x2048":["https:\/\/pecbag.com\/wp-content\/uploads\/2025\/04\/Camping-Lunch-Bag-Manufacturers-5.jpg",1000,1000,false],"trp-custom-language-flag":["https:\/\/pecbag.com\/wp-content\/uploads\/2025\/04\/Camping-Lunch-Bag-Manufacturers-5.jpg",12,12,false],"woocommerce_thumbnail":["https:\/\/pecbag.com\/wp-content\/uploads\/2025\/04\/Camping-Lunch-Bag-Manufacturers-5-300x300.jpg",300,300,true],"woocommerce_single":["https:\/\/pecbag.com\/wp-content\/uploads\/2025\/04\/Camping-Lunch-Bag-Manufacturers-5-600x600.jpg",600,600,true],"woocommerce_gallery_thumbnail":["https:\/\/pecbag.com\/wp-content\/uploads\/2025\/04\/Camping-Lunch-Bag-Manufacturers-5-100x100.jpg",100,100,true]},"uagb_author_info":{"display_name":"Lawrence","author_link":"https:\/\/pecbag.com\/es\/author\/"},"uagb_comment_info":0,"uagb_excerpt":"Camping Lunch Bag Manufacturers We provide premium bag with full-size and color customization, durable fabrics, and certified quality. Enjoy flexible MOQs, fast global shipping, and private label solutions. Contact us today!","_links":{"self":[{"href":"https:\/\/pecbag.com\/es\/wp-json\/wp\/v2\/product\/1423","targetHints":{"allow":["GET"]}}],"collection":[{"href":"https:\/\/pecbag.com\/es\/wp-json\/wp\/v2\/product"}],"about":[{"href":"https:\/\/pecbag.com\/es\/wp-json\/wp\/v2\/types\/product"}],"wp:featuredmedia":[{"embeddable":true,"href":"https:\/\/pecbag.com\/es\/wp-json\/wp\/v2\/media\/1427"}],"wp:attachment":[{"href":"https:\/\/pecbag.com\/es\/wp-json\/wp\/v2\/media?parent=1423"}],"wp:term":[{"taxonomy":"product_brand","embeddable":true,"href":"https:\/\/pecbag.com\/es\/wp-json\/wp\/v2\/product_brand?post=1423"},{"taxonomy":"product_cat","embeddable":true,"href":"https:\/\/pecbag.com\/es\/wp-json\/wp\/v2\/product_cat?post=1423"},{"taxonomy":"product_tag","embeddable":true,"href":"https:\/\/pecbag.com\/es\/wp-json\/wp\/v2\/product_tag?post=1423"}],"curies":[{"name":"wp","href":"https:\/\/api.w.org\/{rel}","templated":true}]}}