{"id":1456,"date":"2025-04-11T09:43:30","date_gmt":"2025-04-11T09:43:30","guid":{"rendered":"https:\/\/pecbag.com\/?post_type=product&#038;p=1456"},"modified":"2025-11-29T02:11:44","modified_gmt":"2025-11-29T02:11:44","slug":"waterproof-cooler-bag-manufacturer","status":"publish","type":"product","link":"https:\/\/pecbag.com\/es\/waterproof-cooler-bag-manufacturer\/","title":{"rendered":"Bolsa Nevera Impermeable Fabricantes"},"content":{"rendered":"<h2 title=\"Bolso plegable para perros Bolso de malla transpirable para mascotas peque\u00f1as Perros Gatos\" data-immersive-translate-walked=\"1c928421-2e42-4cd3-8754-5404553c0af5\" data-immersive-translate-paragraph=\"1\" data-spm-anchor-id=\"a2700.details.0.i35.4f6757d4w4zNZA\">Top Wholesale Waterproof Cooler Bag Manufacturer | Directo de f\u00e1brica y soluciones personalizadas<\/h2>\n<div class=\"flex flex-grow flex-col max-w-full\">\n<div class=\"min-h-[20px] text-message flex w-full flex-col items-end gap-2 whitespace-pre-wrap break-words [.text-message+&amp;]:mt-5 overflow-x-auto\" dir=\"auto\" data-message-author-role=\"assistant\" data-message-id=\"3d7d46f6-7ec2-4222-9257-48fa0bba23c6\" data-suggestions=\"true\">\n<div class=\"flex w-full flex-col gap-1 empty:hidden first:pt-[3px]\">\n<div class=\"markdown prose w-full break-words dark:prose-invert light\">\n<p>Buscando un <strong>fabricante de bolsas nevera impermeables<\/strong>? Ofrecemos precios al por mayor, dise\u00f1os a prueba de fugas y retenci\u00f3n de hielo durante m\u00e1s de 24 horas. Materiales aprobados por la FDA y descuentos por volumen. \u00a1Solicite muestras gratuitas hoy mismo!<\/p>\n<table width=\"288\">\n<tbody>\n<tr>\n<td width=\"137\"><span style=\"color: #333333;\">Nombre del producto<\/span><\/td>\n<td width=\"151\"><span style=\"color: #333333;\">Bolsa Nevera<\/span><\/td>\n<\/tr>\n<tr>\n<td><span style=\"color: #333333;\">N\u00ba de art\u00edculo<\/span><\/td>\n<td><span style=\"color: #333333;\">PB-2007<\/span><\/td>\n<\/tr>\n<tr>\n<td><span style=\"color: #333333;\">Material<\/span><\/td>\n<td>Poli\u00e9ster 600D<\/td>\n<\/tr>\n<tr>\n<td><span style=\"color: #333333;\">Talla<\/span><\/td>\n<td>16,5\" x 11\" x 6,3\u2033<\/td>\n<\/tr>\n<tr>\n<td><span style=\"color: #333333;\">\u00a0Plazo de entrega<\/span><\/td>\n<td><span style=\"color: #333333;\">1-5 d\u00edas para peque\u00f1as cantidades por v\u00eda a\u00e9rea y 30-35 d\u00edas para grandes cantidades por v\u00eda mar\u00edtima<\/span><\/td>\n<\/tr>\n<\/tbody>\n<\/table>\n<p>Como l\u00edder <strong>Fabricante de bolsas nevera impermeables en China<\/strong>fabricamos bolsas isot\u00e9rmicas resistentes para viajes de pesca, balnearios y log\u00edstica m\u00e9dica. Nuestra f\u00e1brica realiza entregas:<br \/>\n\u2705 <strong>Venta al por mayor<\/strong>: MOQ 500pcs con precios al por mayor<br \/>\n\u2705 <strong>Personalizaci\u00f3n inteligente<\/strong>: A\u00f1ada logotipos, separadores o aislamiento adicional<br \/>\n\u2705 <strong>Rendimiento probado<\/strong>: Forro TPU impermeable + 48 horas de refrigeraci\u00f3n<\/p>\n<p><strong>Por qu\u00e9 las marcas mundiales conf\u00edan en nosotros:<\/strong><\/p>\n<ul>\n<li><strong>Certificado FDA\/UE<\/strong>: Materiales de calidad alimentaria y cremalleras no t\u00f3xicas<\/li>\n<li><strong>Entrega r\u00e1pida<\/strong>: 15 d\u00edas de producci\u00f3n + env\u00edo mundial<\/li>\n<li><strong>Borde ecol\u00f3gico<\/strong>: Tejidos reciclados y f\u00e1brica solar<\/li>\n<\/ul>\n<p><strong>Perfecto para:<\/strong><\/p>\n<ul>\n<li>Empresas de reparto de comida a domicilio * Transporte de productos farmac\u00e9uticos * Minoristas al aire libre<\/li>\n<\/ul>\n<p><strong>Personalice sus bolsas nevera:<\/strong><br \/>\n\ud83e\uddca Maquetas de dise\u00f1o en 3D gratis<br \/>\n\ud83e\uddca Garant\u00eda a prueba de fugas y 2 a\u00f1os de garant\u00eda<br \/>\n\ud83e\uddca Descuentos a partir de 2.000 unidades<\/p>\n<\/div>\n<\/div>\n<\/div>\n<\/div>","protected":false},"excerpt":{"rendered":"<h2 data-immersive-translate-walked=\"344be1c1-5052-41eb-8fcd-0dbe236a0d6b\" data-immersive-translate-paragraph=\"1\">Bolsa Nevera Impermeable Fabricantes<\/h2>\n<p>Proporcionamos bolsas de primera calidad con personalizaci\u00f3n completa de tallas y colores, tejidos duraderos y calidad certificada.<\/p>\n<p>Disfrute de MOQ flexibles, env\u00edos r\u00e1pidos a todo el mundo y soluciones de marca blanca.<\/p>\n<p>P\u00f3ngase en contacto con nosotros<\/p>","protected":false},"featured_media":1461,"template":"","meta":{"_uag_custom_page_level_css":""},"product_brand":[],"product_cat":[50],"product_tag":[],"class_list":{"0":"post-1456","1":"product","2":"type-product","3":"status-publish","4":"has-post-thumbnail","6":"product_cat-cooler-bag","8":"first","9":"instock","10":"shipping-taxable","11":"product-type-simple"},"uagb_featured_image_src":{"full":["https:\/\/pecbag.com\/wp-content\/uploads\/2025\/04\/Waterproof-Cooler-Bag-Manufacturer-6.jpg",960,960,false],"thumbnail":["https:\/\/pecbag.com\/wp-content\/uploads\/2025\/04\/Waterproof-Cooler-Bag-Manufacturer-6-150x150.jpg",150,150,true],"medium":["https:\/\/pecbag.com\/wp-content\/uploads\/2025\/04\/Waterproof-Cooler-Bag-Manufacturer-6-300x300.jpg",300,300,true],"medium_large":["https:\/\/pecbag.com\/wp-content\/uploads\/2025\/04\/Waterproof-Cooler-Bag-Manufacturer-6-768x768.jpg",768,768,true],"large":["https:\/\/pecbag.com\/wp-content\/uploads\/2025\/04\/Waterproof-Cooler-Bag-Manufacturer-6.jpg",800,800,false],"1536x1536":["https:\/\/pecbag.com\/wp-content\/uploads\/2025\/04\/Waterproof-Cooler-Bag-Manufacturer-6.jpg",960,960,false],"2048x2048":["https:\/\/pecbag.com\/wp-content\/uploads\/2025\/04\/Waterproof-Cooler-Bag-Manufacturer-6.jpg",960,960,false],"trp-custom-language-flag":["https:\/\/pecbag.com\/wp-content\/uploads\/2025\/04\/Waterproof-Cooler-Bag-Manufacturer-6.jpg",12,12,false],"woocommerce_thumbnail":["https:\/\/pecbag.com\/wp-content\/uploads\/2025\/04\/Waterproof-Cooler-Bag-Manufacturer-6-300x300.jpg",300,300,true],"woocommerce_single":["https:\/\/pecbag.com\/wp-content\/uploads\/2025\/04\/Waterproof-Cooler-Bag-Manufacturer-6-600x600.jpg",600,600,true],"woocommerce_gallery_thumbnail":["https:\/\/pecbag.com\/wp-content\/uploads\/2025\/04\/Waterproof-Cooler-Bag-Manufacturer-6-100x100.jpg",100,100,true]},"uagb_author_info":{"display_name":"Lawrence","author_link":"https:\/\/pecbag.com\/es\/author\/"},"uagb_comment_info":0,"uagb_excerpt":"Waterproof Cooler Bag Manufacturer We provide premium bag with full-size and color customization, durable fabrics, and certified quality. Enjoy flexible MOQs, fast global shipping, and private label solutions. Contact us today!","_links":{"self":[{"href":"https:\/\/pecbag.com\/es\/wp-json\/wp\/v2\/product\/1456","targetHints":{"allow":["GET"]}}],"collection":[{"href":"https:\/\/pecbag.com\/es\/wp-json\/wp\/v2\/product"}],"about":[{"href":"https:\/\/pecbag.com\/es\/wp-json\/wp\/v2\/types\/product"}],"wp:featuredmedia":[{"embeddable":true,"href":"https:\/\/pecbag.com\/es\/wp-json\/wp\/v2\/media\/1461"}],"wp:attachment":[{"href":"https:\/\/pecbag.com\/es\/wp-json\/wp\/v2\/media?parent=1456"}],"wp:term":[{"taxonomy":"product_brand","embeddable":true,"href":"https:\/\/pecbag.com\/es\/wp-json\/wp\/v2\/product_brand?post=1456"},{"taxonomy":"product_cat","embeddable":true,"href":"https:\/\/pecbag.com\/es\/wp-json\/wp\/v2\/product_cat?post=1456"},{"taxonomy":"product_tag","embeddable":true,"href":"https:\/\/pecbag.com\/es\/wp-json\/wp\/v2\/product_tag?post=1456"}],"curies":[{"name":"wp","href":"https:\/\/api.w.org\/{rel}","templated":true}]}}