{"id":1464,"date":"2025-04-11T09:47:54","date_gmt":"2025-04-11T09:47:54","guid":{"rendered":"https:\/\/pecbag.com\/?post_type=product&#038;p=1464"},"modified":"2025-11-29T02:11:12","modified_gmt":"2025-11-29T02:11:12","slug":"cosmetic-bag-manufacturer","status":"publish","type":"product","link":"https:\/\/pecbag.com\/es\/cosmetic-bag-manufacturer\/","title":{"rendered":"Fabricantes de bolsas de cosm\u00e9ticos"},"content":{"rendered":"<h2 title=\"Bolso plegable para perros Bolso de malla transpirable para mascotas peque\u00f1as Perros Gatos\" data-immersive-translate-walked=\"1c928421-2e42-4cd3-8754-5404553c0af5\" data-immersive-translate-paragraph=\"1\" data-spm-anchor-id=\"a2700.details.0.i35.4f6757d4w4zNZA\">Top Wholesale Fabricante de Bolsas de Cosm\u00e9ticos | Bolsas de Maquillaje Personalizadas Directas de F\u00e1brica<\/h2>\n<div class=\"flex flex-grow flex-col max-w-full\">\n<div class=\"min-h-[20px] text-message flex w-full flex-col items-end gap-2 whitespace-pre-wrap break-words [.text-message+&amp;]:mt-5 overflow-x-auto\" dir=\"auto\" data-message-author-role=\"assistant\" data-message-id=\"3d7d46f6-7ec2-4222-9257-48fa0bba23c6\" data-suggestions=\"true\">\n<div class=\"flex w-full flex-col gap-1 empty:hidden first:pt-[3px]\">\n<div class=\"markdown prose w-full break-words dark:prose-invert light\">\n<p>Necesita un <strong>fabricante de neceseres<\/strong>? Ofrecemos precios al por mayor, dise\u00f1os conformes con la FDA y pedidos MOQ r\u00e1pidos. Personalice estuches de maquillaje para marcas de belleza, hoteles y minoristas. \u00a1Obtenga muestras gratis!<\/p>\n<table width=\"288\">\n<tbody>\n<tr>\n<td width=\"137\"><span style=\"color: #333333;\">Nombre del producto<\/span><\/td>\n<td width=\"151\"><span style=\"color: #333333;\">Neceser<\/span><\/td>\n<\/tr>\n<tr>\n<td><span style=\"color: #333333;\">N\u00ba de art\u00edculo<\/span><\/td>\n<td><span style=\"color: #333333;\">PB-2008<\/span><\/td>\n<\/tr>\n<tr>\n<td><span style=\"color: #333333;\">Material<\/span><\/td>\n<td><span style=\"color: #333333;\">Algod\u00f3n, poli\u00e9ster, vell\u00f3n<\/span><\/td>\n<\/tr>\n<tr>\n<td><span style=\"color: #333333;\">\u00a0Tama\u00f1o y color<\/span><\/td>\n<td><span style=\"color: #333333;\">Personalizado<\/span><\/td>\n<\/tr>\n<tr>\n<td><span style=\"color: #333333;\">\u00a0Plazo de entrega<\/span><\/td>\n<td><span style=\"color: #333333;\">1-5 d\u00edas para peque\u00f1as cantidades por v\u00eda a\u00e9rea y 30-35 d\u00edas para grandes cantidades por v\u00eda mar\u00edtima<\/span><\/td>\n<\/tr>\n<\/tbody>\n<\/table>\n<p>Como l\u00edder <strong>fabricante de neceseres en China<\/strong>fabricamos bolsos de maquillaje elegantes y funcionales para vendedores de Sephora, hoteles de lujo y marcas de productos org\u00e1nicos para el cuidado de la piel. Nuestra f\u00e1brica est\u00e1 especializada en:<br \/>\n\u2705 <strong>Flexibilidad mayorista<\/strong>: MOQ comienza en 300pcs<br \/>\n\u2705 <strong>Personalizaci\u00f3n inteligente<\/strong>: A\u00f1ade logotipos, piel vegana o bolsillos RFID<br \/>\n\u2705 <strong>Materiales de primera calidad<\/strong>: Forros impermeables, cremalleras YKK, tejidos certificados OEKO-TEX<\/p>\n<p><strong>Por qu\u00e9 nos eligen las marcas de belleza mundiales:<\/strong><\/p>\n<ul>\n<li><strong>Muestreo de 15 d\u00edas<\/strong>: Obtenga prototipos f\u00edsicos con su marca<\/li>\n<li><strong>Seguridad certificada<\/strong>: Conformidad FDA\/UE + control de calidad en 6 etapas<\/li>\n<li><strong>Conciencia ecol\u00f3gica<\/strong>: Poli\u00e9ster reciclado y envases biodegradables<\/li>\n<\/ul>\n<p><strong>Perfecto para:<\/strong><\/p>\n<ul>\n<li>Cajas de suscripci\u00f3n de maquillaje * Sets de regalo de spa * Botiquines de viaje de farmacia<\/li>\n<\/ul>\n<p><strong>Inicie su proyecto hoy mismo:<\/strong><br \/>\n\ud83d\udc84 Maquetas de dise\u00f1o en 3D gratis<br \/>\n\ud83d\udc84 Garant\u00eda de resistencia al agua y a los ara\u00f1azos.<br \/>\n\ud83d\udc84 Producci\u00f3n en 20 d\u00edas con env\u00edo por DHL.<\/p>\n<\/div>\n<\/div>\n<\/div>\n<\/div>","protected":false},"excerpt":{"rendered":"<h2 data-immersive-translate-walked=\"344be1c1-5052-41eb-8fcd-0dbe236a0d6b\" data-immersive-translate-paragraph=\"1\">Fabricantes de bolsas de cosm\u00e9ticos<\/h2>\n<p>Proporcionamos bolsas de primera calidad con personalizaci\u00f3n completa de tallas y colores, tejidos duraderos y calidad certificada.<\/p>\n<p>Disfrute de MOQ flexibles, env\u00edos r\u00e1pidos a todo el mundo y soluciones de marca blanca.<\/p>\n<p>P\u00f3ngase en contacto con nosotros<\/p>","protected":false},"featured_media":1467,"template":"","meta":{"_uag_custom_page_level_css":""},"product_brand":[],"product_cat":[53],"product_tag":[],"class_list":{"0":"post-1464","1":"product","2":"type-product","3":"status-publish","4":"has-post-thumbnail","6":"product_cat-makeup-bag","8":"first","9":"instock","10":"shipping-taxable","11":"product-type-simple"},"uagb_featured_image_src":{"full":["https:\/\/pecbag.com\/wp-content\/uploads\/2025\/04\/Cosmetic-Bag-Manufacturer-1.jpg",600,600,false],"thumbnail":["https:\/\/pecbag.com\/wp-content\/uploads\/2025\/04\/Cosmetic-Bag-Manufacturer-1-150x150.jpg",150,150,true],"medium":["https:\/\/pecbag.com\/wp-content\/uploads\/2025\/04\/Cosmetic-Bag-Manufacturer-1-300x300.jpg",300,300,true],"medium_large":["https:\/\/pecbag.com\/wp-content\/uploads\/2025\/04\/Cosmetic-Bag-Manufacturer-1.jpg",600,600,false],"large":["https:\/\/pecbag.com\/wp-content\/uploads\/2025\/04\/Cosmetic-Bag-Manufacturer-1.jpg",600,600,false],"1536x1536":["https:\/\/pecbag.com\/wp-content\/uploads\/2025\/04\/Cosmetic-Bag-Manufacturer-1.jpg",600,600,false],"2048x2048":["https:\/\/pecbag.com\/wp-content\/uploads\/2025\/04\/Cosmetic-Bag-Manufacturer-1.jpg",600,600,false],"trp-custom-language-flag":["https:\/\/pecbag.com\/wp-content\/uploads\/2025\/04\/Cosmetic-Bag-Manufacturer-1.jpg",12,12,false],"woocommerce_thumbnail":["https:\/\/pecbag.com\/wp-content\/uploads\/2025\/04\/Cosmetic-Bag-Manufacturer-1-300x300.jpg",300,300,true],"woocommerce_single":["https:\/\/pecbag.com\/wp-content\/uploads\/2025\/04\/Cosmetic-Bag-Manufacturer-1.jpg",600,600,false],"woocommerce_gallery_thumbnail":["https:\/\/pecbag.com\/wp-content\/uploads\/2025\/04\/Cosmetic-Bag-Manufacturer-1-100x100.jpg",100,100,true]},"uagb_author_info":{"display_name":"Lawrence","author_link":"https:\/\/pecbag.com\/es\/author\/"},"uagb_comment_info":0,"uagb_excerpt":"Cosmetic Bag Manufacturer We provide premium bag with full-size and color customization, durable fabrics, and certified quality. Enjoy flexible MOQs, fast global shipping, and private label solutions. Contact us today!","_links":{"self":[{"href":"https:\/\/pecbag.com\/es\/wp-json\/wp\/v2\/product\/1464","targetHints":{"allow":["GET"]}}],"collection":[{"href":"https:\/\/pecbag.com\/es\/wp-json\/wp\/v2\/product"}],"about":[{"href":"https:\/\/pecbag.com\/es\/wp-json\/wp\/v2\/types\/product"}],"wp:featuredmedia":[{"embeddable":true,"href":"https:\/\/pecbag.com\/es\/wp-json\/wp\/v2\/media\/1467"}],"wp:attachment":[{"href":"https:\/\/pecbag.com\/es\/wp-json\/wp\/v2\/media?parent=1464"}],"wp:term":[{"taxonomy":"product_brand","embeddable":true,"href":"https:\/\/pecbag.com\/es\/wp-json\/wp\/v2\/product_brand?post=1464"},{"taxonomy":"product_cat","embeddable":true,"href":"https:\/\/pecbag.com\/es\/wp-json\/wp\/v2\/product_cat?post=1464"},{"taxonomy":"product_tag","embeddable":true,"href":"https:\/\/pecbag.com\/es\/wp-json\/wp\/v2\/product_tag?post=1464"}],"curies":[{"name":"wp","href":"https:\/\/api.w.org\/{rel}","templated":true}]}}