{"id":1479,"date":"2025-04-11T10:04:55","date_gmt":"2025-04-11T10:04:55","guid":{"rendered":"https:\/\/pecbag.com\/?post_type=product&#038;p=1479"},"modified":"2025-11-29T02:10:59","modified_gmt":"2025-11-29T02:10:59","slug":"reflective-strip-delivery-bag","status":"publish","type":"product","link":"https:\/\/pecbag.com\/es\/reflective-strip-delivery-bag\/","title":{"rendered":"Bolsa de entrega con banda reflectante"},"content":{"rendered":"<h2 title=\"Bolso plegable para perros Bolso de malla transpirable para mascotas peque\u00f1as Perros Gatos\" data-immersive-translate-walked=\"1c928421-2e42-4cd3-8754-5404553c0af5\" data-immersive-translate-paragraph=\"1\" data-spm-anchor-id=\"a2700.details.0.i35.4f6757d4w4zNZA\">Top Wholesale Reflective Strip Delivery Bag Manufacturer | Directo de f\u00e1brica y con certificado de seguridad<\/h2>\n<div class=\"flex flex-grow flex-col max-w-full\">\n<div class=\"min-h-[20px] text-message flex w-full flex-col items-end gap-2 whitespace-pre-wrap break-words [.text-message+&amp;]:mt-5 overflow-x-auto\" dir=\"auto\" data-message-author-role=\"assistant\" data-message-id=\"3d7d46f6-7ec2-4222-9257-48fa0bba23c6\" data-suggestions=\"true\">\n<div class=\"flex w-full flex-col gap-1 empty:hidden first:pt-[3px]\">\n<div class=\"markdown prose w-full break-words dark:prose-invert light\">\n<p>Necesidad de alta visibilidad <strong>bolsas de entrega con bandas reflectantes<\/strong>? Fabricamos bolsas duraderas e impermeables para servicios de reparto nocturno. Precios al por mayor, marca personalizada y env\u00edo r\u00e1pido. \u00a1Solicite muestras gratuitas ahora!<\/p>\n<table width=\"288\">\n<tbody>\n<tr>\n<td width=\"137\"><span style=\"color: #333333;\">Nombre del producto<\/span><\/td>\n<td width=\"151\">Bolsa de entrega<\/td>\n<\/tr>\n<tr>\n<td><span style=\"color: #333333;\">N\u00ba de art\u00edculo<\/span><\/td>\n<td><span style=\"color: #333333;\">PB-2010<\/span><\/td>\n<\/tr>\n<tr>\n<td><span style=\"color: #333333;\">Material<\/span><\/td>\n<td>Poli\u00e9ster 600D<\/td>\n<\/tr>\n<tr>\n<td><span style=\"color: #333333;\">Talla<\/span><\/td>\n<td>39,4 x 25,4 x 39,4 cm<\/td>\n<\/tr>\n<tr>\n<td><span style=\"color: #333333;\">\u00a0Plazo de entrega<\/span><\/td>\n<td><span style=\"color: #333333;\">1-5 d\u00edas para peque\u00f1as cantidades por v\u00eda a\u00e9rea y 30-35 d\u00edas para grandes cantidades por v\u00eda mar\u00edtima<\/span><\/td>\n<\/tr>\n<\/tbody>\n<\/table>\n<p>De confianza <strong>banda reflectante bolsa de entrega fabricantes en China<\/strong>dise\u00f1amos soluciones que dan prioridad a la seguridad para empresas de mensajer\u00eda alimentaria, log\u00edstica y servicios de emergencia. Nuestra f\u00e1brica suministra:<br \/>\n\u2705 <strong>Venta al por mayor<\/strong>: MOQ 300pcs con descuentos por volumen<br \/>\n\u2705 <strong>Personalizaci\u00f3n inteligente<\/strong>: A\u00f1ade logotipos, ranuras para localizador GPS o relleno adicional.<br \/>\n\u2705 <strong>Visibilidad de 360<\/strong>: Bandas reflectantes certificadas EN ISO 20471<\/p>\n<p><strong>Por qu\u00e9 nos eligen los profesionales del reparto:<\/strong><\/p>\n<ul>\n<li><strong>Construcciones a prueba de tormentas<\/strong>: Nylon 1000D + costuras soldadas + cremalleras impermeables<\/li>\n<li><strong>Ligero y duradero<\/strong>: 30% m\u00e1s ligera que las bolsas est\u00e1ndar, 2 a\u00f1os de garant\u00eda<\/li>\n<li><strong>Entrega r\u00e1pida<\/strong>: Producci\u00f3n en 12 d\u00edas + env\u00edo urgente a EE.UU.\/UE<\/li>\n<\/ul>\n<p><strong>Perfecto para:<\/strong><\/p>\n<ul>\n<li>Socios de Uber Eats\/Deliveroo * Entregas nocturnas en farmacias * Empresas de mensajer\u00eda en bicicleta<\/li>\n<\/ul>\n<p><strong>Personalice sus bolsas hoy mismo:<\/strong><br \/>\n\ud83d\udef5 Maquetas de dise\u00f1o en 3D gratis<br \/>\n\ud83d\udef5 Opciones de bloqueo RFID y antidesgarro<br \/>\n\ud83d\udef5 Descuentos a partir de 1.000 unidades<\/p>\n<\/div>\n<\/div>\n<\/div>\n<\/div>","protected":false},"excerpt":{"rendered":"<h2 data-immersive-translate-walked=\"344be1c1-5052-41eb-8fcd-0dbe236a0d6b\" data-immersive-translate-paragraph=\"1\">Bolsa de entrega con banda reflectante<\/h2>\n<p>Proporcionamos bolsas de primera calidad con personalizaci\u00f3n completa de tallas y colores, tejidos duraderos y calidad certificada.<\/p>\n<p>Disfrute de MOQ flexibles, env\u00edos r\u00e1pidos a todo el mundo y soluciones de marca blanca.<\/p>\n<p>P\u00f3ngase en contacto con nosotros<\/p>","protected":false},"featured_media":1481,"template":"","meta":{"_uag_custom_page_level_css":""},"product_brand":[],"product_cat":[19],"product_tag":[],"class_list":{"0":"post-1479","1":"product","2":"type-product","3":"status-publish","4":"has-post-thumbnail","6":"product_cat-uncategorized","8":"first","9":"instock","10":"shipping-taxable","11":"product-type-simple"},"uagb_featured_image_src":{"full":["https:\/\/pecbag.com\/wp-content\/uploads\/2025\/04\/Reflective-Strip-Delivery-Bag-4.jpg",1500,1500,false],"thumbnail":["https:\/\/pecbag.com\/wp-content\/uploads\/2025\/04\/Reflective-Strip-Delivery-Bag-4-150x150.jpg",150,150,true],"medium":["https:\/\/pecbag.com\/wp-content\/uploads\/2025\/04\/Reflective-Strip-Delivery-Bag-4-300x300.jpg",300,300,true],"medium_large":["https:\/\/pecbag.com\/wp-content\/uploads\/2025\/04\/Reflective-Strip-Delivery-Bag-4-768x768.jpg",768,768,true],"large":["https:\/\/pecbag.com\/wp-content\/uploads\/2025\/04\/Reflective-Strip-Delivery-Bag-4-1024x1024.jpg",800,800,true],"1536x1536":["https:\/\/pecbag.com\/wp-content\/uploads\/2025\/04\/Reflective-Strip-Delivery-Bag-4.jpg",1500,1500,false],"2048x2048":["https:\/\/pecbag.com\/wp-content\/uploads\/2025\/04\/Reflective-Strip-Delivery-Bag-4.jpg",1500,1500,false],"trp-custom-language-flag":["https:\/\/pecbag.com\/wp-content\/uploads\/2025\/04\/Reflective-Strip-Delivery-Bag-4.jpg",12,12,false],"woocommerce_thumbnail":["https:\/\/pecbag.com\/wp-content\/uploads\/2025\/04\/Reflective-Strip-Delivery-Bag-4-300x300.jpg",300,300,true],"woocommerce_single":["https:\/\/pecbag.com\/wp-content\/uploads\/2025\/04\/Reflective-Strip-Delivery-Bag-4-600x600.jpg",600,600,true],"woocommerce_gallery_thumbnail":["https:\/\/pecbag.com\/wp-content\/uploads\/2025\/04\/Reflective-Strip-Delivery-Bag-4-100x100.jpg",100,100,true]},"uagb_author_info":{"display_name":"Lawrence","author_link":"https:\/\/pecbag.com\/es\/author\/"},"uagb_comment_info":0,"uagb_excerpt":"Reflective Strip Delivery Bag We provide premium bag with full-size and color customization, durable fabrics, and certified quality. Enjoy flexible MOQs, fast global shipping, and private label solutions. Contact us today!","_links":{"self":[{"href":"https:\/\/pecbag.com\/es\/wp-json\/wp\/v2\/product\/1479","targetHints":{"allow":["GET"]}}],"collection":[{"href":"https:\/\/pecbag.com\/es\/wp-json\/wp\/v2\/product"}],"about":[{"href":"https:\/\/pecbag.com\/es\/wp-json\/wp\/v2\/types\/product"}],"wp:featuredmedia":[{"embeddable":true,"href":"https:\/\/pecbag.com\/es\/wp-json\/wp\/v2\/media\/1481"}],"wp:attachment":[{"href":"https:\/\/pecbag.com\/es\/wp-json\/wp\/v2\/media?parent=1479"}],"wp:term":[{"taxonomy":"product_brand","embeddable":true,"href":"https:\/\/pecbag.com\/es\/wp-json\/wp\/v2\/product_brand?post=1479"},{"taxonomy":"product_cat","embeddable":true,"href":"https:\/\/pecbag.com\/es\/wp-json\/wp\/v2\/product_cat?post=1479"},{"taxonomy":"product_tag","embeddable":true,"href":"https:\/\/pecbag.com\/es\/wp-json\/wp\/v2\/product_tag?post=1479"}],"curies":[{"name":"wp","href":"https:\/\/api.w.org\/{rel}","templated":true}]}}