{"id":1510,"date":"2025-04-12T01:28:23","date_gmt":"2025-04-12T01:28:23","guid":{"rendered":"https:\/\/pecbag.com\/?post_type=product&#038;p=1510"},"modified":"2025-11-29T02:10:39","modified_gmt":"2025-11-29T02:10:39","slug":"custom-made-golf-bags-china","status":"publish","type":"product","link":"https:\/\/pecbag.com\/es\/custom-made-golf-bags-china\/","title":{"rendered":"Bolsas de golf a medida China"},"content":{"rendered":"<h2 title=\"Bolso plegable para perros Bolso de malla transpirable para mascotas peque\u00f1as Perros Gatos\" data-immersive-translate-walked=\"1c928421-2e42-4cd3-8754-5404553c0af5\" data-immersive-translate-paragraph=\"1\" data-spm-anchor-id=\"a2700.details.0.i35.4f6757d4w4zNZA\">Top Wholesale Custom Made Golf Bags China | Factory Direct &amp; Tour-Ready Designs<\/h2>\n<div class=\"flex flex-grow flex-col max-w-full\">\n<div class=\"min-h-[20px] text-message flex w-full flex-col items-end gap-2 whitespace-pre-wrap break-words [.text-message+&amp;]:mt-5 overflow-x-auto\" dir=\"auto\" data-message-author-role=\"assistant\" data-message-id=\"3d7d46f6-7ec2-4222-9257-48fa0bba23c6\" data-suggestions=\"true\">\n<div class=\"flex w-full flex-col gap-1 empty:hidden first:pt-[3px]\">\n<div class=\"markdown prose w-full break-words dark:prose-invert light\">\n<p>Necesita prima <strong>bolsas de golf a medida de China<\/strong>? Ofrecemos precios al por mayor, dise\u00f1os personalizados y env\u00edo r\u00e1pido: bolsas conformes con la USGA para tiendas profesionales y marcas. \u00a1Solicite muestras gratuitas hoy mismo!<\/p>\n<table width=\"288\">\n<tbody>\n<tr>\n<td width=\"137\"><span style=\"color: #333333;\">Nombre del producto<\/span><\/td>\n<td width=\"151\">Bolsa de golf<\/td>\n<\/tr>\n<tr>\n<td><span style=\"color: #333333;\">N\u00ba de art\u00edculo<\/span><\/td>\n<td><span style=\"color: #333333;\">PB-2013<\/span><\/td>\n<\/tr>\n<tr>\n<td><span style=\"color: #333333;\">Material<\/span><\/td>\n<td>Poli\u00e9ster<\/td>\n<\/tr>\n<tr>\n<td><span style=\"color: #333333;\">\u00a0Tama\u00f1o y color<\/span><\/td>\n<td>34*23*47 cm<\/td>\n<\/tr>\n<tr>\n<td><span style=\"color: #333333;\">\u00a0Plazo de entrega<\/span><\/td>\n<td><span style=\"color: #333333;\">1-5 d\u00edas para peque\u00f1as cantidades por v\u00eda a\u00e9rea y 30-35 d\u00edas para grandes cantidades por v\u00eda mar\u00edtima<\/span><\/td>\n<\/tr>\n<\/tbody>\n<\/table>\n<p>Como l\u00edder <strong>Fabricante de bolsas de golf a medida en China<\/strong>fabricamos bolsas listas para torneos para clubes de campo, profesionales de la PGA y complejos tur\u00edsticos de lujo. Nuestra f\u00e1brica suministra:<br \/>\n\u2705 <strong>Flexibilidad mayorista<\/strong>: MOQ 200pcs con descuentos por volumen<br \/>\n\u2705 <strong>Personalizaci\u00f3n inteligente<\/strong>: A\u00f1ada bordados, detalles de cuero o sistemas de montaje en carro<br \/>\n\u2705 <strong>Construcciones Pro-Grade<\/strong>: Poli\u00e9ster 600D impermeable + soportes de fibra de carbono<\/p>\n<p><strong>Por qu\u00e9 las marcas de golf conf\u00edan en nosotros:<\/strong><\/p>\n<ul>\n<li><strong>M\u00e1s de 18 a\u00f1os de experiencia<\/strong>: Colaboraci\u00f3n con proveedores de TaylorMade y Callaway<\/li>\n<li><strong>Calidad certificada<\/strong>: ISO 9001, materiales conformes con ROHS<\/li>\n<li><strong>Producci\u00f3n r\u00e1pida<\/strong>Entrega en 20 d\u00edas + env\u00edo a\u00e9reo a m\u00e1s de 60 pa\u00edses<\/li>\n<\/ul>\n<p><strong>Perfecto para:<\/strong><\/p>\n<ul>\n<li>Complejos de golf * Tiendas profesionales * Programas de regalos de empresa<\/li>\n<\/ul>\n<p><strong>Impulse su dise\u00f1o hoy mismo:<\/strong><br \/>\n\u26f3 Maquetas 3D gratuitas con su logotipo<br \/>\n\u26f3 14 opciones de separador y bolsillo refrigerador<br \/>\n\u26f3 Descuentos en pedidos superiores a 500 unidades<\/p>\n<\/div>\n<\/div>\n<\/div>\n<\/div>","protected":false},"excerpt":{"rendered":"<h2 data-immersive-translate-walked=\"344be1c1-5052-41eb-8fcd-0dbe236a0d6b\" data-immersive-translate-paragraph=\"1\">Bolsas de golf a medida China<\/h2>\n<p>Proporcionamos bolsas de primera calidad con personalizaci\u00f3n completa de tama\u00f1os y colores, tejidos duraderos y calidad certificada.<\/p>\n<p>Disfrute de MOQ flexibles, env\u00edos r\u00e1pidos a todo el mundo y soluciones de marca blanca.<\/p>\n<p>P\u00f3ngase en contacto con nosotros<\/p>","protected":false},"featured_media":1511,"template":"","meta":{"_uag_custom_page_level_css":""},"product_brand":[],"product_cat":[51],"product_tag":[],"class_list":{"0":"post-1510","1":"product","2":"type-product","3":"status-publish","4":"has-post-thumbnail","6":"product_cat-golf-bag","8":"first","9":"instock","10":"shipping-taxable","11":"product-type-simple"},"uagb_featured_image_src":{"full":["https:\/\/pecbag.com\/wp-content\/uploads\/2025\/04\/Custom-Made-Golf-Bags-China-4.jpg",720,720,false],"thumbnail":["https:\/\/pecbag.com\/wp-content\/uploads\/2025\/04\/Custom-Made-Golf-Bags-China-4-150x150.jpg",150,150,true],"medium":["https:\/\/pecbag.com\/wp-content\/uploads\/2025\/04\/Custom-Made-Golf-Bags-China-4-300x300.jpg",300,300,true],"medium_large":["https:\/\/pecbag.com\/wp-content\/uploads\/2025\/04\/Custom-Made-Golf-Bags-China-4.jpg",720,720,false],"large":["https:\/\/pecbag.com\/wp-content\/uploads\/2025\/04\/Custom-Made-Golf-Bags-China-4.jpg",720,720,false],"1536x1536":["https:\/\/pecbag.com\/wp-content\/uploads\/2025\/04\/Custom-Made-Golf-Bags-China-4.jpg",720,720,false],"2048x2048":["https:\/\/pecbag.com\/wp-content\/uploads\/2025\/04\/Custom-Made-Golf-Bags-China-4.jpg",720,720,false],"trp-custom-language-flag":["https:\/\/pecbag.com\/wp-content\/uploads\/2025\/04\/Custom-Made-Golf-Bags-China-4.jpg",12,12,false],"woocommerce_thumbnail":["https:\/\/pecbag.com\/wp-content\/uploads\/2025\/04\/Custom-Made-Golf-Bags-China-4-300x300.jpg",300,300,true],"woocommerce_single":["https:\/\/pecbag.com\/wp-content\/uploads\/2025\/04\/Custom-Made-Golf-Bags-China-4-600x600.jpg",600,600,true],"woocommerce_gallery_thumbnail":["https:\/\/pecbag.com\/wp-content\/uploads\/2025\/04\/Custom-Made-Golf-Bags-China-4-100x100.jpg",100,100,true]},"uagb_author_info":{"display_name":"Lawrence","author_link":"https:\/\/pecbag.com\/es\/author\/"},"uagb_comment_info":0,"uagb_excerpt":"Custom Made Golf Bags China We provide premium bags with full-size and color customization, durable fabrics, and certified quality. Enjoy flexible MOQs, fast global shipping, and private label solutions. Contact us today!","_links":{"self":[{"href":"https:\/\/pecbag.com\/es\/wp-json\/wp\/v2\/product\/1510","targetHints":{"allow":["GET"]}}],"collection":[{"href":"https:\/\/pecbag.com\/es\/wp-json\/wp\/v2\/product"}],"about":[{"href":"https:\/\/pecbag.com\/es\/wp-json\/wp\/v2\/types\/product"}],"wp:featuredmedia":[{"embeddable":true,"href":"https:\/\/pecbag.com\/es\/wp-json\/wp\/v2\/media\/1511"}],"wp:attachment":[{"href":"https:\/\/pecbag.com\/es\/wp-json\/wp\/v2\/media?parent=1510"}],"wp:term":[{"taxonomy":"product_brand","embeddable":true,"href":"https:\/\/pecbag.com\/es\/wp-json\/wp\/v2\/product_brand?post=1510"},{"taxonomy":"product_cat","embeddable":true,"href":"https:\/\/pecbag.com\/es\/wp-json\/wp\/v2\/product_cat?post=1510"},{"taxonomy":"product_tag","embeddable":true,"href":"https:\/\/pecbag.com\/es\/wp-json\/wp\/v2\/product_tag?post=1510"}],"curies":[{"name":"wp","href":"https:\/\/api.w.org\/{rel}","templated":true}]}}