{"id":1517,"date":"2025-04-12T01:38:33","date_gmt":"2025-04-12T01:38:33","guid":{"rendered":"https:\/\/pecbag.com\/?post_type=product&#038;p=1517"},"modified":"2025-11-29T02:10:32","modified_gmt":"2025-11-29T02:10:32","slug":"gym-bag-manufacturers","status":"publish","type":"product","link":"https:\/\/pecbag.com\/es\/gym-bag-manufacturers\/","title":{"rendered":"Fabricantes de bolsas de deporte"},"content":{"rendered":"<h2 title=\"Bolso plegable para perros Bolso de malla transpirable para mascotas peque\u00f1as Perros Gatos\" data-immersive-translate-walked=\"1c928421-2e42-4cd3-8754-5404553c0af5\" data-immersive-translate-paragraph=\"1\" data-spm-anchor-id=\"a2700.details.0.i35.4f6757d4w4zNZA\">Los mejores fabricantes de bolsas de deporte al por mayor | Dise\u00f1os deportivos personalizados y directos de f\u00e1brica<\/h2>\n<div class=\"flex flex-grow flex-col max-w-full\">\n<div class=\"min-h-[20px] text-message flex w-full flex-col items-end gap-2 whitespace-pre-wrap break-words [.text-message+&amp;]:mt-5 overflow-x-auto\" dir=\"auto\" data-message-author-role=\"assistant\" data-message-id=\"3d7d46f6-7ec2-4222-9257-48fa0bba23c6\" data-suggestions=\"true\">\n<div class=\"flex w-full flex-col gap-1 empty:hidden first:pt-[3px]\">\n<div class=\"markdown prose w-full break-words dark:prose-invert light\">\n<p>\u00bfBusca fabricantes de bolsas de deporte duraderas? Ofrecemos precios al por mayor, dise\u00f1os antimicrobianos y env\u00edos r\u00e1pidos a todo el mundo. Personalice bolsas de deporte para marcas de fitness. \u00a1Solicite muestras gratuitas ahora!<\/p>\n<table width=\"288\">\n<tbody>\n<tr>\n<td width=\"137\"><span style=\"color: #333333;\">Nombre del producto<\/span><\/td>\n<td width=\"151\">Bolsa de deporte<\/td>\n<\/tr>\n<tr>\n<td><span style=\"color: #333333;\">N\u00ba de art\u00edculo<\/span><\/td>\n<td><span style=\"color: #333333;\">PB-2014<\/span><\/td>\n<\/tr>\n<tr>\n<td><span style=\"color: #333333;\">Material<\/span><\/td>\n<td>Poli\u00e9ster 600D<\/td>\n<\/tr>\n<tr>\n<td><span style=\"color: #333333;\">Talla<\/span><\/td>\n<td>53,3 x 23 x 30 CM<\/td>\n<\/tr>\n<tr>\n<td><span style=\"color: #333333;\">\u00a0Plazo de entrega<\/span><\/td>\n<td><span style=\"color: #333333;\">1-5 d\u00edas para peque\u00f1as cantidades por v\u00eda a\u00e9rea y 30-35 d\u00edas para grandes cantidades por v\u00eda mar\u00edtima<\/span><\/td>\n<\/tr>\n<\/tbody>\n<\/table>\n<p>Como fabricantes de bolsas de gimnasio de confianza en China, elaboramos equipos de fitness de alto rendimiento para boxes de CrossFit, estudios de yoga y marcas de ropa deportiva. Nuestra f\u00e1brica ofrece:<br \/>\n\u2705 <strong>Venta al por mayor<\/strong>: MOQ 300pcs con descuentos por volumen<br \/>\n\u2705 <strong>Personalizaci\u00f3n inteligente<\/strong>: A\u00f1ade compartimentos para zapatos, bolsillos RFID o asas de agarre<br \/>\n\u2705 <strong>Construcciones a prueba de sudor<\/strong>: Nylon 420D impermeable + forro antimicrobiano<\/p>\n<p><strong>Por qu\u00e9 nos eligen las marcas de fitness:<\/strong><\/p>\n<ul>\n<li><strong>M\u00e1s de 15 a\u00f1os de experiencia<\/strong>: Colaboraci\u00f3n con proveedores de Reebok y Gold's Gym<\/li>\n<li><strong>Calidad certificada<\/strong>: Tejidos con certificaci\u00f3n OEKO-TEX\u00ae y costuras reforzadas<\/li>\n<li><strong>Entrega r\u00e1pida<\/strong>: Producci\u00f3n en 12 d\u00edas + env\u00edo urgente a todo el mundo<\/li>\n<\/ul>\n<p><strong>Perfecto para:<\/strong><\/p>\n<ul>\n<li>Cadenas de gimnasios * Empresas de ropa deportiva * Personas influyentes del mundo del fitness<\/li>\n<\/ul>\n<p><strong>Construya su l\u00ednea de gimnasio hoy mismo:<\/strong><br \/>\n\ud83d\udc5c Maquetas de dise\u00f1o en 3D gratis<br \/>\n\ud83d\udc5c Bolsillos ventilados para ropa sucia y correas para esterilla de yoga.<br \/>\n\ud83d\udc5c Descuentos en pedidos de m\u00e1s de 1.000 unidades<\/p>\n<\/div>\n<\/div>\n<\/div>\n<\/div>","protected":false},"excerpt":{"rendered":"<h2 data-immersive-translate-walked=\"344be1c1-5052-41eb-8fcd-0dbe236a0d6b\" data-immersive-translate-paragraph=\"1\">Fabricantes de bolsas de deporte<\/h2>\n<p>Proporcionamos bolsas de primera calidad con personalizaci\u00f3n completa de tama\u00f1os y colores, tejidos duraderos y calidad certificada.<\/p>\n<p>Disfrute de MOQ flexibles, env\u00edos r\u00e1pidos a todo el mundo y soluciones de marca blanca.<\/p>\n<p>P\u00f3ngase en contacto con nosotros<\/p>","protected":false},"featured_media":1519,"template":"","meta":{"_uag_custom_page_level_css":""},"product_brand":[],"product_cat":[56],"product_tag":[],"class_list":{"0":"post-1517","1":"product","2":"type-product","3":"status-publish","4":"has-post-thumbnail","6":"product_cat-gym-bag","8":"first","9":"instock","10":"shipping-taxable","11":"product-type-simple"},"uagb_featured_image_src":{"full":["https:\/\/pecbag.com\/wp-content\/uploads\/2025\/04\/Gym-Bag-Manufacturers-3.jpg",1600,1600,false],"thumbnail":["https:\/\/pecbag.com\/wp-content\/uploads\/2025\/04\/Gym-Bag-Manufacturers-3-150x150.jpg",150,150,true],"medium":["https:\/\/pecbag.com\/wp-content\/uploads\/2025\/04\/Gym-Bag-Manufacturers-3-300x300.jpg",300,300,true],"medium_large":["https:\/\/pecbag.com\/wp-content\/uploads\/2025\/04\/Gym-Bag-Manufacturers-3-768x768.jpg",768,768,true],"large":["https:\/\/pecbag.com\/wp-content\/uploads\/2025\/04\/Gym-Bag-Manufacturers-3-1024x1024.jpg",800,800,true],"1536x1536":["https:\/\/pecbag.com\/wp-content\/uploads\/2025\/04\/Gym-Bag-Manufacturers-3-1536x1536.jpg",1536,1536,true],"2048x2048":["https:\/\/pecbag.com\/wp-content\/uploads\/2025\/04\/Gym-Bag-Manufacturers-3.jpg",1600,1600,false],"trp-custom-language-flag":["https:\/\/pecbag.com\/wp-content\/uploads\/2025\/04\/Gym-Bag-Manufacturers-3.jpg",12,12,false],"woocommerce_thumbnail":["https:\/\/pecbag.com\/wp-content\/uploads\/2025\/04\/Gym-Bag-Manufacturers-3-300x300.jpg",300,300,true],"woocommerce_single":["https:\/\/pecbag.com\/wp-content\/uploads\/2025\/04\/Gym-Bag-Manufacturers-3-600x600.jpg",600,600,true],"woocommerce_gallery_thumbnail":["https:\/\/pecbag.com\/wp-content\/uploads\/2025\/04\/Gym-Bag-Manufacturers-3-100x100.jpg",100,100,true]},"uagb_author_info":{"display_name":"Lawrence","author_link":"https:\/\/pecbag.com\/es\/author\/"},"uagb_comment_info":0,"uagb_excerpt":"Gym Bag Manufacturers We provide premium bags with full-size and color customization, durable fabrics, and certified quality. Enjoy flexible MOQs, fast global shipping, and private label solutions. Contact us today!","_links":{"self":[{"href":"https:\/\/pecbag.com\/es\/wp-json\/wp\/v2\/product\/1517","targetHints":{"allow":["GET"]}}],"collection":[{"href":"https:\/\/pecbag.com\/es\/wp-json\/wp\/v2\/product"}],"about":[{"href":"https:\/\/pecbag.com\/es\/wp-json\/wp\/v2\/types\/product"}],"wp:featuredmedia":[{"embeddable":true,"href":"https:\/\/pecbag.com\/es\/wp-json\/wp\/v2\/media\/1519"}],"wp:attachment":[{"href":"https:\/\/pecbag.com\/es\/wp-json\/wp\/v2\/media?parent=1517"}],"wp:term":[{"taxonomy":"product_brand","embeddable":true,"href":"https:\/\/pecbag.com\/es\/wp-json\/wp\/v2\/product_brand?post=1517"},{"taxonomy":"product_cat","embeddable":true,"href":"https:\/\/pecbag.com\/es\/wp-json\/wp\/v2\/product_cat?post=1517"},{"taxonomy":"product_tag","embeddable":true,"href":"https:\/\/pecbag.com\/es\/wp-json\/wp\/v2\/product_tag?post=1517"}],"curies":[{"name":"wp","href":"https:\/\/api.w.org\/{rel}","templated":true}]}}