{"id":1524,"date":"2025-04-12T02:00:10","date_gmt":"2025-04-12T02:00:10","guid":{"rendered":"https:\/\/pecbag.com\/?post_type=product&#038;p=1524"},"modified":"2025-11-29T02:10:26","modified_gmt":"2025-11-29T02:10:26","slug":"waterproof-hiking-bag-factories","status":"publish","type":"product","link":"https:\/\/pecbag.com\/es\/waterproof-hiking-bag-factories\/","title":{"rendered":"F\u00e1bricas de bolsas de senderismo impermeables"},"content":{"rendered":"<h2 title=\"Bolso plegable para perros Bolso de malla transpirable para mascotas peque\u00f1as Perros Gatos\" data-immersive-translate-walked=\"1c928421-2e42-4cd3-8754-5404553c0af5\" data-immersive-translate-paragraph=\"1\" data-spm-anchor-id=\"a2700.details.0.i35.4f6757d4w4zNZA\">F\u00e1bricas de bolsas de senderismo impermeables al por mayor | Dise\u00f1os directos de f\u00e1brica y resistentes a la monta\u00f1a<\/h2>\n<div class=\"flex flex-grow flex-col max-w-full\">\n<div class=\"min-h-[20px] text-message flex w-full flex-col items-end gap-2 whitespace-pre-wrap break-words [.text-message+&amp;]:mt-5 overflow-x-auto\" dir=\"auto\" data-message-author-role=\"assistant\" data-message-id=\"3d7d46f6-7ec2-4222-9257-48fa0bba23c6\" data-suggestions=\"true\">\n<div class=\"flex w-full flex-col gap-1 empty:hidden first:pt-[3px]\">\n<div class=\"markdown prose w-full break-words dark:prose-invert light\">\n<p>Necesidad fiable <strong>f\u00e1bricas de bolsas de senderismo impermeables<\/strong>? Fabricamos mochilas con clasificaci\u00f3n IPX6 para marcas de outdoor. Precios al por mayor, dise\u00f1os personalizados y env\u00edo r\u00e1pido. \u00a1Solicite muestras gratuitas ahora!<\/p>\n<table width=\"288\">\n<tbody>\n<tr>\n<td width=\"137\"><span style=\"color: #333333;\">Nombre del producto<\/span><\/td>\n<td width=\"151\">Bolsa de senderismo<\/td>\n<\/tr>\n<tr>\n<td><span style=\"color: #333333;\">N\u00ba de art\u00edculo<\/span><\/td>\n<td><span style=\"color: #333333;\">PB-2015<\/span><\/td>\n<\/tr>\n<tr>\n<td><span style=\"color: #333333;\">Material<\/span><\/td>\n<td>Poli\u00e9ster<\/td>\n<\/tr>\n<tr>\n<td><span style=\"color: #333333;\">Talla<\/span><\/td>\n<td>35*19*45 cm<\/td>\n<\/tr>\n<tr>\n<td><span style=\"color: #333333;\">\u00a0Plazo de entrega<\/span><\/td>\n<td><span style=\"color: #333333;\">1-5 d\u00edas para peque\u00f1as cantidades por v\u00eda a\u00e9rea y 30-35 d\u00edas para grandes cantidades por v\u00eda mar\u00edtima<\/span><\/td>\n<\/tr>\n<\/tbody>\n<\/table>\n<p>De confianza <strong>f\u00e1bricas de bolsas de senderismo impermeables en China<\/strong>dise\u00f1amos mochilas listas para la aventura para gu\u00edas de monta\u00f1a, marcas de trekking y minoristas de actividades al aire libre. Nuestra f\u00e1brica suministra:<br \/>\n\u2705 <strong>Flexibilidad mayorista<\/strong>: MOQ 200pcs con descuentos por volumen<br \/>\n\u2705 <strong>Personalizaci\u00f3n inteligente<\/strong>: A\u00f1ade lazos para piolets, fundas de hidrataci\u00f3n o cremalleras a prueba de osos.<br \/>\n\u2705 <strong>Construcciones a prueba de tormentas<\/strong>: Tejido antidesgarro 500D + construcci\u00f3n con costuras selladas<\/p>\n<p><strong>Por qu\u00e9 las marcas de exteriores conf\u00edan en nosotros:<\/strong><\/p>\n<ul>\n<li><strong>M\u00e1s de 12 a\u00f1os de experiencia<\/strong>: Colaboraci\u00f3n con proveedores de The North Face y Columbia<\/li>\n<li><strong>Protecci\u00f3n certificada<\/strong>: \u00cdndice de impermeabilidad IPX6 y m\u00e1s de 50.000 pruebas de abrasi\u00f3n<\/li>\n<li><strong>R\u00e1pido y ecol\u00f3gico<\/strong>: Producci\u00f3n en 15 d\u00edas + opciones de env\u00edo sin emisiones de carbono<\/li>\n<\/ul>\n<p><strong>Perfecto para:<\/strong><\/p>\n<ul>\n<li>Expediciones alpinas * Operadores tur\u00edsticos de senderismo * Tiendas de regalos de los parques nacionales<\/li>\n<\/ul>\n<p><strong>Empaquete hoy mismo su dise\u00f1o perfecto:<\/strong><br \/>\n\ud83c\udf92 Maquetas 3D gratuitas con tu marca.<br \/>\n\ud83c\udf92 Paneles dorsales transpirables y correas de distribuci\u00f3n del peso.<br \/>\n\ud83c\udf92 Descuentos en pedidos superiores a 1.000 unidades<\/p>\n<\/div>\n<\/div>\n<\/div>\n<\/div>","protected":false},"excerpt":{"rendered":"<h2 data-immersive-translate-walked=\"344be1c1-5052-41eb-8fcd-0dbe236a0d6b\" data-immersive-translate-paragraph=\"1\">F\u00e1bricas de bolsas de senderismo impermeables<\/h2>\n<p>Proporcionamos bolsas de primera calidad con personalizaci\u00f3n completa de tama\u00f1os y colores, tejidos duraderos y calidad certificada.<\/p>\n<p>Disfrute de MOQ flexibles, env\u00edos r\u00e1pidos a todo el mundo y soluciones de marca blanca.<\/p>\n<p>P\u00f3ngase en contacto con nosotros<\/p>","protected":false},"featured_media":1530,"template":"","meta":{"_uag_custom_page_level_css":""},"product_brand":[],"product_cat":[45],"product_tag":[],"class_list":{"0":"post-1524","1":"product","2":"type-product","3":"status-publish","4":"has-post-thumbnail","6":"product_cat-hiking-bag","8":"first","9":"instock","10":"shipping-taxable","11":"product-type-simple"},"uagb_featured_image_src":{"full":["https:\/\/pecbag.com\/wp-content\/uploads\/2025\/04\/Waterproof-5.jpg",679,675,false],"thumbnail":["https:\/\/pecbag.com\/wp-content\/uploads\/2025\/04\/Waterproof-5-150x150.jpg",150,150,true],"medium":["https:\/\/pecbag.com\/wp-content\/uploads\/2025\/04\/Waterproof-5-300x298.jpg",300,298,true],"medium_large":["https:\/\/pecbag.com\/wp-content\/uploads\/2025\/04\/Waterproof-5.jpg",679,675,false],"large":["https:\/\/pecbag.com\/wp-content\/uploads\/2025\/04\/Waterproof-5.jpg",679,675,false],"1536x1536":["https:\/\/pecbag.com\/wp-content\/uploads\/2025\/04\/Waterproof-5.jpg",679,675,false],"2048x2048":["https:\/\/pecbag.com\/wp-content\/uploads\/2025\/04\/Waterproof-5.jpg",679,675,false],"trp-custom-language-flag":["https:\/\/pecbag.com\/wp-content\/uploads\/2025\/04\/Waterproof-5.jpg",12,12,false],"woocommerce_thumbnail":["https:\/\/pecbag.com\/wp-content\/uploads\/2025\/04\/Waterproof-5-300x300.jpg",300,300,true],"woocommerce_single":["https:\/\/pecbag.com\/wp-content\/uploads\/2025\/04\/Waterproof-5-600x596.jpg",600,596,true],"woocommerce_gallery_thumbnail":["https:\/\/pecbag.com\/wp-content\/uploads\/2025\/04\/Waterproof-5-100x100.jpg",100,100,true]},"uagb_author_info":{"display_name":"Lawrence","author_link":"https:\/\/pecbag.com\/es\/author\/"},"uagb_comment_info":0,"uagb_excerpt":"Waterproof Hiking Bag Factories We provide premium bags with full-size and color customization, durable fabrics, and certified quality. Enjoy flexible MOQs, fast global shipping, and private label solutions. Contact us today!","_links":{"self":[{"href":"https:\/\/pecbag.com\/es\/wp-json\/wp\/v2\/product\/1524","targetHints":{"allow":["GET"]}}],"collection":[{"href":"https:\/\/pecbag.com\/es\/wp-json\/wp\/v2\/product"}],"about":[{"href":"https:\/\/pecbag.com\/es\/wp-json\/wp\/v2\/types\/product"}],"wp:featuredmedia":[{"embeddable":true,"href":"https:\/\/pecbag.com\/es\/wp-json\/wp\/v2\/media\/1530"}],"wp:attachment":[{"href":"https:\/\/pecbag.com\/es\/wp-json\/wp\/v2\/media?parent=1524"}],"wp:term":[{"taxonomy":"product_brand","embeddable":true,"href":"https:\/\/pecbag.com\/es\/wp-json\/wp\/v2\/product_brand?post=1524"},{"taxonomy":"product_cat","embeddable":true,"href":"https:\/\/pecbag.com\/es\/wp-json\/wp\/v2\/product_cat?post=1524"},{"taxonomy":"product_tag","embeddable":true,"href":"https:\/\/pecbag.com\/es\/wp-json\/wp\/v2\/product_tag?post=1524"}],"curies":[{"name":"wp","href":"https:\/\/api.w.org\/{rel}","templated":true}]}}