{"id":1574,"date":"2025-04-12T03:29:45","date_gmt":"2025-04-12T03:29:45","guid":{"rendered":"https:\/\/pecbag.com\/?post_type=product&#038;p=1574"},"modified":"2025-11-29T02:08:54","modified_gmt":"2025-11-29T02:08:54","slug":"surfboard-bag-manufacturers-china","status":"publish","type":"product","link":"https:\/\/pecbag.com\/es\/surfboard-bag-manufacturers-china\/","title":{"rendered":"Bolsa para tabla de surf Fabricantes China"},"content":{"rendered":"<h2 title=\"Bolso plegable para perros Bolso de malla transpirable para mascotas peque\u00f1as Perros Gatos\" data-immersive-translate-walked=\"1c928421-2e42-4cd3-8754-5404553c0af5\" data-immersive-translate-paragraph=\"1\" data-spm-anchor-id=\"a2700.details.0.i35.4f6757d4w4zNZA\">Top Surfboard Bag Fabricantes China | F\u00e1brica al por mayor de dise\u00f1os personalizados y acolchados<\/h2>\n<div class=\"flex flex-grow flex-col max-w-full\">\n<div class=\"min-h-[20px] text-message flex w-full flex-col items-end gap-2 whitespace-pre-wrap break-words [.text-message+&amp;]:mt-5 overflow-x-auto\" dir=\"auto\" data-message-author-role=\"assistant\" data-message-id=\"3d7d46f6-7ec2-4222-9257-48fa0bba23c6\" data-suggestions=\"true\">\n<div class=\"flex w-full flex-col gap-1 empty:hidden first:pt-[3px]\">\n<div class=\"markdown prose w-full break-words dark:prose-invert light\">\n<p>En busca de\u00a0<strong>fabricantes de bolsas para tablas de surf en China<\/strong>? Ofrecemos dise\u00f1os impermeables, descuentos por volumen y logotipos personalizados. Env\u00edo r\u00e1pido, MOQ bajo y soporte 24\/7. \u00a1Obtenga muestras gratis ahora!<\/p>\n<table width=\"288\">\n<tbody>\n<tr>\n<td width=\"137\"><span style=\"color: #333333;\">Nombre del producto<\/span><\/td>\n<td width=\"151\">Bolsa para tabla de surf<\/td>\n<\/tr>\n<tr>\n<td><span style=\"color: #333333;\">N\u00ba de art\u00edculo<\/span><\/td>\n<td><span style=\"color: #333333;\">PB-2022<\/span><\/td>\n<\/tr>\n<tr>\n<td><span style=\"color: #333333;\">Material<\/span><\/td>\n<td>Tejido de poli\u00e9ster 600D + PP<\/td>\n<\/tr>\n<tr>\n<td><span style=\"color: #333333;\">\u00a0Tama\u00f1o y color<\/span><\/td>\n<td><span style=\"color: #333333;\">Personalizado<\/span><\/td>\n<\/tr>\n<tr>\n<td><span style=\"color: #333333;\">\u00a0Plazo de entrega<\/span><\/td>\n<td><span style=\"color: #333333;\">1-5 d\u00edas para peque\u00f1as cantidades por v\u00eda a\u00e9rea y 30-35 d\u00edas para grandes cantidades por v\u00eda mar\u00edtima<\/span><\/td>\n<\/tr>\n<\/tbody>\n<\/table>\n<p>Como l\u00edder\u00a0<strong>fabricantes de bolsas para tablas de surf en China<\/strong>fabricamos protecciones resistentes para tablas cortas, largas y remos de SUP. Tanto si eres una marca de surf, una tienda de alquiler o un minorista, nuestras\u00a0<strong>f\u00e1brica mayorista<\/strong>\u00a0entrega\u00a0<strong>bolsas personalizadas para tablas de surf<\/strong>\u00a0construidos para sobrevivir al agua salada, al sol y a las aventuras en la arena.<\/p>\n<p><strong>\u00bfPor qu\u00e9 elegirnos?<\/strong><br \/>\n\u2705\u00a0<strong>Protecci\u00f3n Surf-Smart<\/strong>:<\/p>\n<ul>\n<li>Acolchado de espuma de 10 mm + poli\u00e9ster 600D anti-UV<\/li>\n<li>Cremalleras YKK impermeables y costuras reforzadas (clasificaci\u00f3n IPX5)<\/li>\n<li>Tama\u00f1os a medida (tablas de 6' a 12') +\u00a0<strong>logotipos de marca<\/strong>\u00a0(impresi\u00f3n\/bordado)<\/li>\n<\/ul>\n<p>\u2705\u00a0<strong>Ventajas para mayoristas<\/strong>:<\/p>\n<ul>\n<li><strong>Cantidad m\u00ednima 100 unidades<\/strong>\u00a0- ideal para nuevas empresas y lotes peque\u00f1os<\/li>\n<li><strong>25% off<\/strong>\u00a0pedidos de m\u00e1s de 500 unidades<\/li>\n<li><strong>Producci\u00f3n en 15 d\u00edas<\/strong>\u00a0+ env\u00edo a\u00e9reo\/mar\u00edtimo a los centros mundiales de surf<\/li>\n<\/ul>\n<p>\u2705\u00a0<strong>Dise\u00f1ado para pilotos profesionales<\/strong>:<\/p>\n<ul>\n<li>El forro interior de secado r\u00e1pido evita el moho<\/li>\n<li>Tirantes ajustables + bolsillos para equipo<\/li>\n<li>Ha superado m\u00e1s de 10.000 pruebas de abrasi\u00f3n (certificado ISO 9001)<\/li>\n<\/ul>\n<p><strong>De confianza<\/strong>:<br \/>\n\ud83c\udfc4\u2642\ufe0f Escuelas de surf en Hawai y Bali<br \/>\n\ud83c\udfd6\ufe0f Balnearios en Espa\u00f1a y Costa Rica<br \/>\n\ud83d\uded2 Minoristas con conciencia ecol\u00f3gica en EE.UU.\/UE<\/p>\n<\/div>\n<\/div>\n<\/div>\n<\/div>","protected":false},"excerpt":{"rendered":"<h2 data-immersive-translate-walked=\"344be1c1-5052-41eb-8fcd-0dbe236a0d6b\" data-immersive-translate-paragraph=\"1\">Bolsa para tabla de surf Fabricantes China<\/h2>\n<p>Proporcionamos bolsas de primera calidad con personalizaci\u00f3n completa de tama\u00f1os y colores, tejidos duraderos y calidad certificada.<\/p>\n<p>Disfrute de MOQ flexibles, env\u00edos r\u00e1pidos a todo el mundo y soluciones de marca blanca.<\/p>\n<p>P\u00f3ngase en contacto con nosotros<\/p>","protected":false},"featured_media":1582,"template":"","meta":{"_uag_custom_page_level_css":""},"product_brand":[],"product_cat":[47],"product_tag":[],"class_list":{"0":"post-1574","1":"product","2":"type-product","3":"status-publish","4":"has-post-thumbnail","6":"product_cat-surfboard-bag","8":"first","9":"instock","10":"shipping-taxable","11":"product-type-simple"},"uagb_featured_image_src":{"full":["https:\/\/pecbag.com\/wp-content\/uploads\/2025\/04\/Surfboard-Bag-Manufacturers-China-3.jpg",1200,1200,false],"thumbnail":["https:\/\/pecbag.com\/wp-content\/uploads\/2025\/04\/Surfboard-Bag-Manufacturers-China-3-150x150.jpg",150,150,true],"medium":["https:\/\/pecbag.com\/wp-content\/uploads\/2025\/04\/Surfboard-Bag-Manufacturers-China-3-300x300.jpg",300,300,true],"medium_large":["https:\/\/pecbag.com\/wp-content\/uploads\/2025\/04\/Surfboard-Bag-Manufacturers-China-3-768x768.jpg",768,768,true],"large":["https:\/\/pecbag.com\/wp-content\/uploads\/2025\/04\/Surfboard-Bag-Manufacturers-China-3-1024x1024.jpg",800,800,true],"1536x1536":["https:\/\/pecbag.com\/wp-content\/uploads\/2025\/04\/Surfboard-Bag-Manufacturers-China-3.jpg",1200,1200,false],"2048x2048":["https:\/\/pecbag.com\/wp-content\/uploads\/2025\/04\/Surfboard-Bag-Manufacturers-China-3.jpg",1200,1200,false],"trp-custom-language-flag":["https:\/\/pecbag.com\/wp-content\/uploads\/2025\/04\/Surfboard-Bag-Manufacturers-China-3.jpg",12,12,false],"woocommerce_thumbnail":["https:\/\/pecbag.com\/wp-content\/uploads\/2025\/04\/Surfboard-Bag-Manufacturers-China-3-300x300.jpg",300,300,true],"woocommerce_single":["https:\/\/pecbag.com\/wp-content\/uploads\/2025\/04\/Surfboard-Bag-Manufacturers-China-3-600x600.jpg",600,600,true],"woocommerce_gallery_thumbnail":["https:\/\/pecbag.com\/wp-content\/uploads\/2025\/04\/Surfboard-Bag-Manufacturers-China-3-100x100.jpg",100,100,true]},"uagb_author_info":{"display_name":"Lawrence","author_link":"https:\/\/pecbag.com\/es\/author\/"},"uagb_comment_info":0,"uagb_excerpt":"Surfboard Bag Manufacturers China We provide premium bags with full-size and color customization, durable fabrics, and certified quality. Enjoy flexible MOQs, fast global shipping, and private label solutions. Contact us today!","_links":{"self":[{"href":"https:\/\/pecbag.com\/es\/wp-json\/wp\/v2\/product\/1574","targetHints":{"allow":["GET"]}}],"collection":[{"href":"https:\/\/pecbag.com\/es\/wp-json\/wp\/v2\/product"}],"about":[{"href":"https:\/\/pecbag.com\/es\/wp-json\/wp\/v2\/types\/product"}],"wp:featuredmedia":[{"embeddable":true,"href":"https:\/\/pecbag.com\/es\/wp-json\/wp\/v2\/media\/1582"}],"wp:attachment":[{"href":"https:\/\/pecbag.com\/es\/wp-json\/wp\/v2\/media?parent=1574"}],"wp:term":[{"taxonomy":"product_brand","embeddable":true,"href":"https:\/\/pecbag.com\/es\/wp-json\/wp\/v2\/product_brand?post=1574"},{"taxonomy":"product_cat","embeddable":true,"href":"https:\/\/pecbag.com\/es\/wp-json\/wp\/v2\/product_cat?post=1574"},{"taxonomy":"product_tag","embeddable":true,"href":"https:\/\/pecbag.com\/es\/wp-json\/wp\/v2\/product_tag?post=1574"}],"curies":[{"name":"wp","href":"https:\/\/api.w.org\/{rel}","templated":true}]}}