{"id":1583,"date":"2025-04-12T03:43:51","date_gmt":"2025-04-12T03:43:51","guid":{"rendered":"https:\/\/pecbag.com\/?post_type=product&#038;p=1583"},"modified":"2025-11-29T02:08:47","modified_gmt":"2025-11-29T02:08:47","slug":"camouflage-tactical-bag-manufacturer","status":"publish","type":"product","link":"https:\/\/pecbag.com\/es\/camouflage-tactical-bag-manufacturer\/","title":{"rendered":"Bolsa T\u00e1ctica Camuflaje Fabricantes"},"content":{"rendered":"<h2 title=\"Bolso plegable para perros Bolso de malla transpirable para mascotas peque\u00f1as Perros Gatos\" data-immersive-translate-walked=\"1c928421-2e42-4cd3-8754-5404553c0af5\" data-immersive-translate-paragraph=\"1\" data-spm-anchor-id=\"a2700.details.0.i35.4f6757d4w4zNZA\">Fabricante de confianza de bolsas t\u00e1cticas de camuflaje | F\u00e1brica al por mayor de dise\u00f1os personalizados de grado militar<\/h2>\n<div class=\"flex flex-grow flex-col max-w-full\">\n<div class=\"min-h-[20px] text-message flex w-full flex-col items-end gap-2 whitespace-pre-wrap break-words [.text-message+&amp;]:mt-5 overflow-x-auto\" dir=\"auto\" data-message-author-role=\"assistant\" data-message-id=\"3d7d46f6-7ec2-4222-9257-48fa0bba23c6\" data-suggestions=\"true\">\n<div class=\"flex w-full flex-col gap-1 empty:hidden first:pt-[3px]\">\n<div class=\"markdown prose w-full break-words dark:prose-invert light\">\n<p>Necesidad de robustez\u00a0<strong>fabricantes de bolsas t\u00e1cticas de camuflaje<\/strong>? Ofrecemos dise\u00f1os MIL-SPEC, precios al por mayor y logotipos personalizados. MOQ bajo, env\u00edo r\u00e1pido y muestras gratuitas. As\u00f3ciese con una f\u00e1brica certificada hoy mismo.<\/p>\n<table width=\"288\">\n<tbody>\n<tr>\n<td width=\"137\"><span style=\"color: #333333;\">Nombre del producto<\/span><\/td>\n<td width=\"151\">Bolsa t\u00e1ctica<\/td>\n<\/tr>\n<tr>\n<td><span style=\"color: #333333;\">N\u00ba de art\u00edculo<\/span><\/td>\n<td><span style=\"color: #333333;\">PB-2023<\/span><\/td>\n<\/tr>\n<tr>\n<td><span style=\"color: #333333;\">Material<\/span><\/td>\n<td>Poli\u00e9ster 600D<\/td>\n<\/tr>\n<tr>\n<td><span style=\"color: #333333;\">Talla<\/span><\/td>\n<td>30*15*52cm<\/td>\n<\/tr>\n<tr>\n<td><span style=\"color: #333333;\">\u00a0Plazo de entrega<\/span><\/td>\n<td><span style=\"color: #333333;\">1-5 d\u00edas para peque\u00f1as cantidades por v\u00eda a\u00e9rea y 30-35 d\u00edas para grandes cantidades por v\u00eda mar\u00edtima<\/span><\/td>\n<\/tr>\n<\/tbody>\n<\/table>\n<p>Como l\u00edder\u00a0<strong>fabricante de bolsas t\u00e1cticas de camuflaje<\/strong>Dise\u00f1amos equipos en los que conf\u00edan unidades militares, marcas de outdoor y especialistas en supervivencia. Nuestra\u00a0<strong>f\u00e1brica mayorista<\/strong>\u00a0produce\u00a0<strong>bolsas t\u00e1cticas personalizadas<\/strong>\u00a0dise\u00f1ado para camuflarse en bosques, desiertos y junglas urbanas, mientras sobrevive a las misiones m\u00e1s duras.<\/p>\n<p><strong>\u00bfPor qu\u00e9 trabajar con nosotros?<\/strong><br \/>\n\u2705\u00a0<strong>Calidad militar<\/strong>:<\/p>\n<ul>\n<li><strong>Tejido Cordura\u00ae 500D<\/strong>\u00a0- antidesgarro y resistente a la intemperie<\/li>\n<li><strong>Cinchas MOLLE<\/strong>\u00a0para accesorios modulares (disposiciones personalizables)<\/li>\n<li><strong>Cremalleras impermeables IP67<\/strong>\u00a0+ puntos de tensi\u00f3n reforzados<\/li>\n<\/ul>\n<p>\u2705\u00a0<strong>Ventajas de la venta al por mayor<\/strong>:<\/p>\n<ul>\n<li><strong>MOQ 150pcs<\/strong>\u00a0- perfecto para nuevas empresas y pedidos peque\u00f1os<\/li>\n<li><strong>20% off<\/strong>\u00a0pedidos de m\u00e1s de 500 unidades<\/li>\n<li><strong>Producci\u00f3n en 18 d\u00edas<\/strong>\u00a0+ env\u00edo a\u00e9reo\/mar\u00edtimo a m\u00e1s de 60 pa\u00edses<\/li>\n<\/ul>\n<p>\u2705\u00a0<strong>Caracter\u00edsticas de combate<\/strong>:<\/p>\n<ul>\n<li><strong>Patrones de camuflaje resistentes a los infrarrojos<\/strong>\u00a0(Bosque, Digital, Multicam)<\/li>\n<li><strong>Compartimentos para la bolsa de hidrataci\u00f3n<\/strong>\u00a0+ bolsillos para portaci\u00f3n oculta<\/li>\n<li><strong>Probado seg\u00fan MIL-STD-810G<\/strong>\u00a0normas (abrasi\u00f3n, UV y exposici\u00f3n al agua)<\/li>\n<\/ul>\n<p><strong>De confianza<\/strong>:<br \/>\n\ud83d\udd2b Proveedores militares en las regiones de EE.UU. y la OTAN<br \/>\n\ud83c\udf32 Marcas de material de caza en Canad\u00e1 y Escandinavia<br \/>\n\ud83d\ude81 ONG de ayuda en cat\u00e1strofes en todo el mundo<\/p>\n<\/div>\n<\/div>\n<\/div>\n<\/div>","protected":false},"excerpt":{"rendered":"<h2 data-immersive-translate-walked=\"344be1c1-5052-41eb-8fcd-0dbe236a0d6b\" data-immersive-translate-paragraph=\"1\">Bolsa T\u00e1ctica Camuflaje Fabricantes<\/h2>\n<p>Proporcionamos bolsas de primera calidad con personalizaci\u00f3n completa de tama\u00f1os y colores, tejidos duraderos y calidad certificada.<\/p>\n<p>Disfrute de MOQ flexibles, env\u00edos r\u00e1pidos a todo el mundo y soluciones de marca blanca.<\/p>\n<p>P\u00f3ngase en contacto con nosotros<\/p>","protected":false},"featured_media":1586,"template":"","meta":{"_uag_custom_page_level_css":""},"product_brand":[],"product_cat":[55],"product_tag":[],"class_list":{"0":"post-1583","1":"product","2":"type-product","3":"status-publish","4":"has-post-thumbnail","6":"product_cat-tactical-bag","8":"first","9":"instock","10":"shipping-taxable","11":"product-type-simple"},"uagb_featured_image_src":{"full":["https:\/\/pecbag.com\/wp-content\/uploads\/2025\/04\/Tactical-Bag-6.jpg",1600,1600,false],"thumbnail":["https:\/\/pecbag.com\/wp-content\/uploads\/2025\/04\/Tactical-Bag-6-150x150.jpg",150,150,true],"medium":["https:\/\/pecbag.com\/wp-content\/uploads\/2025\/04\/Tactical-Bag-6-300x300.jpg",300,300,true],"medium_large":["https:\/\/pecbag.com\/wp-content\/uploads\/2025\/04\/Tactical-Bag-6-768x768.jpg",768,768,true],"large":["https:\/\/pecbag.com\/wp-content\/uploads\/2025\/04\/Tactical-Bag-6-1024x1024.jpg",800,800,true],"1536x1536":["https:\/\/pecbag.com\/wp-content\/uploads\/2025\/04\/Tactical-Bag-6-1536x1536.jpg",1536,1536,true],"2048x2048":["https:\/\/pecbag.com\/wp-content\/uploads\/2025\/04\/Tactical-Bag-6.jpg",1600,1600,false],"trp-custom-language-flag":["https:\/\/pecbag.com\/wp-content\/uploads\/2025\/04\/Tactical-Bag-6.jpg",12,12,false],"woocommerce_thumbnail":["https:\/\/pecbag.com\/wp-content\/uploads\/2025\/04\/Tactical-Bag-6-300x300.jpg",300,300,true],"woocommerce_single":["https:\/\/pecbag.com\/wp-content\/uploads\/2025\/04\/Tactical-Bag-6-600x600.jpg",600,600,true],"woocommerce_gallery_thumbnail":["https:\/\/pecbag.com\/wp-content\/uploads\/2025\/04\/Tactical-Bag-6-100x100.jpg",100,100,true]},"uagb_author_info":{"display_name":"Lawrence","author_link":"https:\/\/pecbag.com\/es\/author\/"},"uagb_comment_info":0,"uagb_excerpt":"Camouflage Tactical Bag Manufacturer We provide premium bags with full-size and color customization, durable fabrics, and certified quality. Enjoy flexible MOQs, fast global shipping, and private label solutions. Contact us today!","_links":{"self":[{"href":"https:\/\/pecbag.com\/es\/wp-json\/wp\/v2\/product\/1583","targetHints":{"allow":["GET"]}}],"collection":[{"href":"https:\/\/pecbag.com\/es\/wp-json\/wp\/v2\/product"}],"about":[{"href":"https:\/\/pecbag.com\/es\/wp-json\/wp\/v2\/types\/product"}],"wp:featuredmedia":[{"embeddable":true,"href":"https:\/\/pecbag.com\/es\/wp-json\/wp\/v2\/media\/1586"}],"wp:attachment":[{"href":"https:\/\/pecbag.com\/es\/wp-json\/wp\/v2\/media?parent=1583"}],"wp:term":[{"taxonomy":"product_brand","embeddable":true,"href":"https:\/\/pecbag.com\/es\/wp-json\/wp\/v2\/product_brand?post=1583"},{"taxonomy":"product_cat","embeddable":true,"href":"https:\/\/pecbag.com\/es\/wp-json\/wp\/v2\/product_cat?post=1583"},{"taxonomy":"product_tag","embeddable":true,"href":"https:\/\/pecbag.com\/es\/wp-json\/wp\/v2\/product_tag?post=1583"}],"curies":[{"name":"wp","href":"https:\/\/api.w.org\/{rel}","templated":true}]}}