{"id":1600,"date":"2025-04-12T03:52:43","date_gmt":"2025-04-12T03:52:43","guid":{"rendered":"https:\/\/pecbag.com\/?post_type=product&#038;p=1600"},"modified":"2025-11-29T02:08:33","modified_gmt":"2025-11-29T02:08:33","slug":"travel-makeup-bag-gactory","status":"publish","type":"product","link":"https:\/\/pecbag.com\/es\/travel-makeup-bag-gactory\/","title":{"rendered":"Bolsa de maquillaje de viaje Gactory"},"content":{"rendered":"<h2 title=\"Bolso plegable para perros Bolso de malla transpirable para mascotas peque\u00f1as Perros Gatos\" data-immersive-translate-walked=\"1c928421-2e42-4cd3-8754-5404553c0af5\" data-immersive-translate-paragraph=\"1\" data-spm-anchor-id=\"a2700.details.0.i35.4f6757d4w4zNZA\">Top Travel Makeup Bag Factory | Mayorista Organizadores Cosm\u00e9ticos Personalizados para Marcas de Belleza<\/h2>\n<div class=\"flex flex-grow flex-col max-w-full\">\n<div class=\"min-h-[20px] text-message flex w-full flex-col items-end gap-2 whitespace-pre-wrap break-words [.text-message+&amp;]:mt-5 overflow-x-auto\" dir=\"auto\" data-message-author-role=\"assistant\" data-message-id=\"3d7d46f6-7ec2-4222-9257-48fa0bba23c6\" data-suggestions=\"true\">\n<div class=\"flex w-full flex-col gap-1 empty:hidden first:pt-[3px]\">\n<div class=\"markdown prose w-full break-words dark:prose-invert light\">\n<p>Necesita un\u00a0<strong>f\u00e1brica de neceseres de viaje<\/strong>? Ofrecemos dise\u00f1os elegantes e impermeables, descuentos por volumen y env\u00edo r\u00e1pido. MOQ bajo e impresi\u00f3n gratuita del logotipo. Solicite muestras gratuitas y maquetas en 3D hoy mismo.<\/p>\n<table width=\"288\">\n<tbody>\n<tr>\n<td width=\"137\"><span style=\"color: #333333;\">Nombre del producto<\/span><\/td>\n<td width=\"151\">Bolsa de viaje<\/td>\n<\/tr>\n<tr>\n<td><span style=\"color: #333333;\">N\u00ba de art\u00edculo<\/span><\/td>\n<td><span style=\"color: #333333;\">PB-2025<\/span><\/td>\n<\/tr>\n<tr>\n<td><span style=\"color: #333333;\">Material<\/span><\/td>\n<td>Poli\u00e9ster<\/td>\n<\/tr>\n<tr>\n<td><span style=\"color: #333333;\">\u00a0Tama\u00f1o y color<\/span><\/td>\n<td>21*10.5*11.5 pulgadas<\/td>\n<\/tr>\n<tr>\n<td><span style=\"color: #333333;\">\u00a0Plazo de entrega<\/span><\/td>\n<td><span style=\"color: #333333;\">1-5 d\u00edas para peque\u00f1as cantidades por v\u00eda a\u00e9rea y 30-35 d\u00edas para grandes cantidades por v\u00eda mar\u00edtima<\/span><\/td>\n<\/tr>\n<\/tbody>\n<\/table>\n<p>Como l\u00edder\u00a0<strong>f\u00e1brica de neceseres de viaje<\/strong>\u00a0en China, fabricamos elegantes organizadores para cosm\u00e9ticos, brochas y productos para el cuidado de la piel. Perfectos para marcas de belleza, hoteles y tiendas de regalos.\u00a0<strong>venta al por mayor bolsas de maquillaje personalizadas<\/strong>\u00a0mantienen los productos seguros, con estilo y listos para viajar.<\/p>\n<p><strong>\u00bfPor qu\u00e9 elegirnos?<\/strong><br \/>\n\u2705\u00a0<strong>Personalizaci\u00f3n inteligente<\/strong>:<\/p>\n<ul>\n<li>A\u00f1adir\u00a0<strong>logotipos de marcas<\/strong>\u00a0(bordado, estampado o grabado por l\u00e1ser)<\/li>\n<li>Elige entre m\u00e1s de 80 tejidos (PU impermeable, cuero vegano, poli\u00e9ster reciclado ecol\u00f3gico)<\/li>\n<li>Compartimentos personalizados (ranuras para cepillos, bolsillos para espejos, bolsas desmontables)<\/li>\n<\/ul>\n<p>\u2705\u00a0<strong>Beneficios para mayoristas<\/strong>:<\/p>\n<ul>\n<li><strong>Cantidad m\u00ednima 100 unidades<\/strong>\u00a0- ideal para nuevas empresas y pedidos peque\u00f1os<\/li>\n<li><strong>25% off<\/strong>\u00a0para pedidos al por mayor (m\u00e1s de 500 unidades)<\/li>\n<li><strong>Producci\u00f3n en 12 d\u00edas<\/strong>\u00a0+ env\u00edo a\u00e9reo a EE.UU.\/UE\/Asia<\/li>\n<\/ul>\n<p>\u2705\u00a0<strong>Durabilidad probada en viajes<\/strong>:<\/p>\n<ul>\n<li><strong>Cremalleras impermeables<\/strong>\u00a0+ forros que se limpian con un pa\u00f1o (\u00a1no se derraman ni se manchan!)<\/li>\n<li><strong>Tama\u00f1os aptos para TSA<\/strong> (caben en el equipaje de mano)<\/li>\n<li>Superadas m\u00e1s de 10.000 pruebas de ciclos de cremallera (certificado ISO 9001)<\/li>\n<\/ul>\n<p><strong>De confianza<\/strong>:<br \/>\n\ud83d\udc84 Gigantes de la belleza como GlowLab y PureSkin<br \/>\n\ud83c\udfe8 Cadenas hoteleras de lujo en Dubai y Par\u00eds<br \/>\n\ud83c\udf81 Proveedores de regalos para compa\u00f1\u00edas a\u00e9reas y eventos VIP<\/p>\n<\/div>\n<\/div>\n<\/div>\n<\/div>","protected":false},"excerpt":{"rendered":"<h2 data-immersive-translate-walked=\"344be1c1-5052-41eb-8fcd-0dbe236a0d6b\" data-immersive-translate-paragraph=\"1\">Bolsa de maquillaje de viaje Gactory<\/h2>\n<p>Proporcionamos bolsas de primera calidad con personalizaci\u00f3n completa de tama\u00f1os y colores, tejidos duraderos y calidad certificada.<\/p>\n<p>Disfrute de MOQ flexibles, env\u00edos r\u00e1pidos a todo el mundo y soluciones de marca blanca.<\/p>\n<p>P\u00f3ngase en contacto con nosotros<\/p>","protected":false},"featured_media":1604,"template":"","meta":{"_uag_custom_page_level_css":""},"product_brand":[],"product_cat":[68],"product_tag":[],"class_list":{"0":"post-1600","1":"product","2":"type-product","3":"status-publish","4":"has-post-thumbnail","6":"product_cat-travel-bag","8":"first","9":"instock","10":"shipping-taxable","11":"product-type-simple"},"uagb_featured_image_src":{"full":["https:\/\/pecbag.com\/wp-content\/uploads\/2025\/04\/Travel-Makeup-Bag-Gactory-2.jpg",1000,1000,false],"thumbnail":["https:\/\/pecbag.com\/wp-content\/uploads\/2025\/04\/Travel-Makeup-Bag-Gactory-2-150x150.jpg",150,150,true],"medium":["https:\/\/pecbag.com\/wp-content\/uploads\/2025\/04\/Travel-Makeup-Bag-Gactory-2-300x300.jpg",300,300,true],"medium_large":["https:\/\/pecbag.com\/wp-content\/uploads\/2025\/04\/Travel-Makeup-Bag-Gactory-2-768x768.jpg",768,768,true],"large":["https:\/\/pecbag.com\/wp-content\/uploads\/2025\/04\/Travel-Makeup-Bag-Gactory-2.jpg",800,800,false],"1536x1536":["https:\/\/pecbag.com\/wp-content\/uploads\/2025\/04\/Travel-Makeup-Bag-Gactory-2.jpg",1000,1000,false],"2048x2048":["https:\/\/pecbag.com\/wp-content\/uploads\/2025\/04\/Travel-Makeup-Bag-Gactory-2.jpg",1000,1000,false],"trp-custom-language-flag":["https:\/\/pecbag.com\/wp-content\/uploads\/2025\/04\/Travel-Makeup-Bag-Gactory-2.jpg",12,12,false],"woocommerce_thumbnail":["https:\/\/pecbag.com\/wp-content\/uploads\/2025\/04\/Travel-Makeup-Bag-Gactory-2-300x300.jpg",300,300,true],"woocommerce_single":["https:\/\/pecbag.com\/wp-content\/uploads\/2025\/04\/Travel-Makeup-Bag-Gactory-2-600x600.jpg",600,600,true],"woocommerce_gallery_thumbnail":["https:\/\/pecbag.com\/wp-content\/uploads\/2025\/04\/Travel-Makeup-Bag-Gactory-2-100x100.jpg",100,100,true]},"uagb_author_info":{"display_name":"Lawrence","author_link":"https:\/\/pecbag.com\/es\/author\/"},"uagb_comment_info":0,"uagb_excerpt":"Travel Makeup Bag Gactory We provide premium bags with full-size and color customization, durable fabrics, and certified quality. Enjoy flexible MOQs, fast global shipping, and private label solutions. Contact us today!","_links":{"self":[{"href":"https:\/\/pecbag.com\/es\/wp-json\/wp\/v2\/product\/1600","targetHints":{"allow":["GET"]}}],"collection":[{"href":"https:\/\/pecbag.com\/es\/wp-json\/wp\/v2\/product"}],"about":[{"href":"https:\/\/pecbag.com\/es\/wp-json\/wp\/v2\/types\/product"}],"wp:featuredmedia":[{"embeddable":true,"href":"https:\/\/pecbag.com\/es\/wp-json\/wp\/v2\/media\/1604"}],"wp:attachment":[{"href":"https:\/\/pecbag.com\/es\/wp-json\/wp\/v2\/media?parent=1600"}],"wp:term":[{"taxonomy":"product_brand","embeddable":true,"href":"https:\/\/pecbag.com\/es\/wp-json\/wp\/v2\/product_brand?post=1600"},{"taxonomy":"product_cat","embeddable":true,"href":"https:\/\/pecbag.com\/es\/wp-json\/wp\/v2\/product_cat?post=1600"},{"taxonomy":"product_tag","embeddable":true,"href":"https:\/\/pecbag.com\/es\/wp-json\/wp\/v2\/product_tag?post=1600"}],"curies":[{"name":"wp","href":"https:\/\/api.w.org\/{rel}","templated":true}]}}