{"id":3183,"date":"2025-05-23T02:39:04","date_gmt":"2025-05-23T02:39:04","guid":{"rendered":"https:\/\/pecbag.com\/?post_type=product&#038;p=3183"},"modified":"2025-11-29T02:07:21","modified_gmt":"2025-11-29T02:07:21","slug":"3-in-1-tarpaulin-outdoor-bike-backpack","status":"publish","type":"product","link":"https:\/\/pecbag.com\/es\/3-in-1-tarpaulin-outdoor-bike-backpack\/","title":{"rendered":"Mochila de lona para bicicleta"},"content":{"rendered":"<h2 title=\"Bolso plegable para perros Bolso de malla transpirable para mascotas peque\u00f1as Perros Gatos\" data-immersive-translate-walked=\"1c928421-2e42-4cd3-8754-5404553c0af5\" data-immersive-translate-paragraph=\"1\" data-spm-anchor-id=\"a2700.details.0.i35.4f6757d4w4zNZA\">\u00a0Tarpaulin Outdoor Bike Backpack Fabricante | F\u00e1brica de bolsas impermeables | Proveedor a granel<\/h2>\n<div class=\"flex flex-grow flex-col max-w-full\">\n<div class=\"min-h-[20px] text-message flex w-full flex-col items-end gap-2 whitespace-pre-wrap break-words [.text-message+&amp;]:mt-5 overflow-x-auto\" dir=\"auto\" data-message-author-role=\"assistant\" data-message-id=\"3d7d46f6-7ec2-4222-9257-48fa0bba23c6\" data-suggestions=\"true\">\n<div class=\"flex w-full flex-col gap-1 empty:hidden first:pt-[3px]\">\n<div class=\"markdown prose w-full break-words dark:prose-invert light\">\n<p>Necesita <strong>\u00a0Mochilas de lona 3 en 1 para bicicletas de paseo<\/strong>\u00a0que soportan la lluvia, las carreteras en mal estado y las cargas pesadas? Somos\u00a0<strong>f\u00e1brica de bolsas impermeables<\/strong>\u00a0y\u00a0<strong>fabricante de mochilas<\/strong>\u00a0en China, \u00a1creando bolsas de bicicleta multifuncionales para aventureros y marcas de todo el mundo!<\/p>\n<p class=\"ds-markdown-paragraph\">\u2705 <strong>\u00bfPor qu\u00e9 trabajar con nosotros?<\/strong><\/p>\n<ul>\n<li>\n<p class=\"ds-markdown-paragraph\"><strong>Magia 3 en 1<\/strong>: Compartimentos desmontables + almacenamiento ampliable + cubierta para la lluvia incorporada = la mejor compa\u00f1era de viaje.<\/p>\n<\/li>\n<li>\n<p class=\"ds-markdown-paragraph\"><strong>Tarpaulin Tough<\/strong>: Tejido de lona impermeable 1200D 100%: \u00a1sobrevive a tormentas y rozaduras!<\/p>\n<\/li>\n<li>\n<p class=\"ds-markdown-paragraph\"><strong>Pedidos a granel<\/strong>: Producir bolsa de bicicleta pedidos a granel r\u00e1pido (MOQ 100pcs) con\u00a0<strong>ODM\/OEM<\/strong>\u00a0u opciones de marca blanca.<\/p>\n<\/li>\n<li>\n<p class=\"ds-markdown-paragraph\"><strong>Ventaja de costes en China<\/strong>: Como uno de los principales proveedores de bolsa de bicicleta de China, ofrecemos calidad a precios inmejorables.<\/p>\n<\/li>\n<\/ul>\n<p class=\"ds-markdown-paragraph\"><strong>Caracter\u00edsticas que se venden r\u00e1pido:<\/strong><br \/>\n\ud83d\udd39 Bolsillos ocultos antirrobo + bandas reflectantes de seguridad.<br \/>\n\ud83d\udd39 Tirantes de malla transpirable (ajustables para todos los ciclistas)<br \/>\n\ud83d\udd39 Costuras reforzadas + cremalleras YKK (probadas para m\u00e1s de 50.000 ciclos).<br \/>\n\ud83d\udd39 Certificado CE\/SGS - sin materiales t\u00f3xicos<\/p>\n<p class=\"ds-markdown-paragraph\"><strong>Perfecto para:<\/strong><\/p>\n<ul>\n<li>\n<p class=\"ds-markdown-paragraph\">Marcas de ciclismo y mayoristas de bolsas para bicicletas<\/p>\n<\/li>\n<li>\n<p class=\"ds-markdown-paragraph\">Vendedores de material para actividades al aire libre y tiendas de comercio electr\u00f3nico<\/p>\n<\/li>\n<li>\n<p class=\"ds-markdown-paragraph\">Startups que necesitan soluciones de marca blanca para bolsas de bicicletas<\/p>\n<\/li>\n<\/ul>\n<p class=\"ds-markdown-paragraph\"><strong>\u00bfTienes un dise\u00f1o?<\/strong>\u00a0Lo hacemos realidad en 3 pasos:<br \/>\n1\ufe0f\u20e3 . Env\u00ede su idea (\u00a1o utilice las nuestras!)<br \/>\n2\ufe0f\u20e3 . Haremos un prototipo en 7 d\u00edas<br \/>\n3\ufe0f\u20e3 Env\u00edo a todo el mundo a trav\u00e9s de redes de exportaci\u00f3n de bolsas para bicicletas<\/p>\n<p class=\"ds-markdown-paragraph\"><strong>\u00bfListo para dominar los senderos?<\/strong><br \/>\n\ud83d\udc49 Obtener\u00a0<strong>muestras gratuitas,<\/strong>\u00a0\ud83d\udc49 Presupuestos al instante \ud83d\udc49 , y producci\u00f3n en 15 d\u00edas.<\/p>\n<\/div>\n<\/div>\n<\/div>\n<\/div>","protected":false},"excerpt":{"rendered":"<p><strong>Impermeable:\u00a0<\/strong>Utiliza tecnolog\u00eda de soldadura sin costuras, material de lona y dise\u00f1o enrollable, lo que permite 100% impermeable.<\/p>\n<p><strong>Multifuncional:<\/strong> Se puede utilizar como bolsa para la bicicleta, mochila o bandolera. Las correas para los hombros est\u00e1n ocultas en la mochila, que puede fijarse al portaequipajes trasero. Abra el compartimento inferior con cremallera, y hay una bolsa de malla casco en el interior.<\/p>\n<table width=\"288\">\n<tbody>\n<tr>\n<td width=\"137\"><span style=\"color: #333333;\">Nombre del producto<\/span><\/td>\n<td width=\"151\"><span style=\"color: #333333;\">Bolsa para bicicleta<\/span><\/td>\n<\/tr>\n<tr>\n<td><span style=\"color: #333333;\">N\u00ba de art\u00edculo<\/span><\/td>\n<td><span style=\"color: #333333;\">PB-2028<\/span><\/td>\n<\/tr>\n<tr>\n<td><span style=\"color: #333333;\">Material<\/span><\/td>\n<td>Poli\u00e9ster 600D<\/td>\n<\/tr>\n<tr>\n<td><span style=\"color: #333333;\">\u00a0Tama\u00f1o y color<\/span><\/td>\n<td>26 x 16 x 43 cm<\/td>\n<\/tr>\n<tr>\n<td><span style=\"color: #333333;\">\u00a0Plazo de entrega<\/span><\/td>\n<td><span style=\"color: #333333;\">1-5 d\u00edas para peque\u00f1as cantidades por v\u00eda a\u00e9rea y 30-35 d\u00edas para grandes cantidades por v\u00eda mar\u00edtima<\/span><\/td>\n<\/tr>\n<\/tbody>\n<\/table>","protected":false},"featured_media":3185,"template":"","meta":{"_uag_custom_page_level_css":""},"product_brand":[],"product_cat":[48],"product_tag":[],"class_list":{"0":"post-3183","1":"product","2":"type-product","3":"status-publish","4":"has-post-thumbnail","6":"product_cat-bike-bag","8":"first","9":"instock","10":"shipping-taxable","11":"product-type-simple"},"uagb_featured_image_src":{"full":["https:\/\/pecbag.com\/wp-content\/uploads\/2025\/05\/3-in-1-Tarpaulin-Outdoor-Bike-Backpack-1.jpeg",1367,1367,false],"thumbnail":["https:\/\/pecbag.com\/wp-content\/uploads\/2025\/05\/3-in-1-Tarpaulin-Outdoor-Bike-Backpack-1-150x150.jpeg",150,150,true],"medium":["https:\/\/pecbag.com\/wp-content\/uploads\/2025\/05\/3-in-1-Tarpaulin-Outdoor-Bike-Backpack-1-300x300.jpeg",300,300,true],"medium_large":["https:\/\/pecbag.com\/wp-content\/uploads\/2025\/05\/3-in-1-Tarpaulin-Outdoor-Bike-Backpack-1-768x768.jpeg",768,768,true],"large":["https:\/\/pecbag.com\/wp-content\/uploads\/2025\/05\/3-in-1-Tarpaulin-Outdoor-Bike-Backpack-1-1024x1024.jpeg",800,800,true],"1536x1536":["https:\/\/pecbag.com\/wp-content\/uploads\/2025\/05\/3-in-1-Tarpaulin-Outdoor-Bike-Backpack-1.jpeg",1367,1367,false],"2048x2048":["https:\/\/pecbag.com\/wp-content\/uploads\/2025\/05\/3-in-1-Tarpaulin-Outdoor-Bike-Backpack-1.jpeg",1367,1367,false],"trp-custom-language-flag":["https:\/\/pecbag.com\/wp-content\/uploads\/2025\/05\/3-in-1-Tarpaulin-Outdoor-Bike-Backpack-1-12x12.jpeg",12,12,true],"woocommerce_thumbnail":["https:\/\/pecbag.com\/wp-content\/uploads\/2025\/05\/3-in-1-Tarpaulin-Outdoor-Bike-Backpack-1-300x300.jpeg",300,300,true],"woocommerce_single":["https:\/\/pecbag.com\/wp-content\/uploads\/2025\/05\/3-in-1-Tarpaulin-Outdoor-Bike-Backpack-1-600x600.jpeg",600,600,true],"woocommerce_gallery_thumbnail":["https:\/\/pecbag.com\/wp-content\/uploads\/2025\/05\/3-in-1-Tarpaulin-Outdoor-Bike-Backpack-1-100x100.jpeg",100,100,true]},"uagb_author_info":{"display_name":"Lawrence","author_link":"https:\/\/pecbag.com\/es\/author\/"},"uagb_comment_info":0,"uagb_excerpt":"Waterproof:\u00a0Use seamless welded technology, tarpaulin material, and roll-up design, enabling 100% waterproof. Multifunctional: It can be used as a bike pannier bag\/a commuter backpack\/shoulder bag. Shoulder straps are hidden in the backpack, which could be attached to the rear rack. Open the bottom zipper compartment, and there is a helmet mesh bag inside. Products Name&hellip;","_links":{"self":[{"href":"https:\/\/pecbag.com\/es\/wp-json\/wp\/v2\/product\/3183","targetHints":{"allow":["GET"]}}],"collection":[{"href":"https:\/\/pecbag.com\/es\/wp-json\/wp\/v2\/product"}],"about":[{"href":"https:\/\/pecbag.com\/es\/wp-json\/wp\/v2\/types\/product"}],"wp:featuredmedia":[{"embeddable":true,"href":"https:\/\/pecbag.com\/es\/wp-json\/wp\/v2\/media\/3185"}],"wp:attachment":[{"href":"https:\/\/pecbag.com\/es\/wp-json\/wp\/v2\/media?parent=3183"}],"wp:term":[{"taxonomy":"product_brand","embeddable":true,"href":"https:\/\/pecbag.com\/es\/wp-json\/wp\/v2\/product_brand?post=3183"},{"taxonomy":"product_cat","embeddable":true,"href":"https:\/\/pecbag.com\/es\/wp-json\/wp\/v2\/product_cat?post=3183"},{"taxonomy":"product_tag","embeddable":true,"href":"https:\/\/pecbag.com\/es\/wp-json\/wp\/v2\/product_tag?post=3183"}],"curies":[{"name":"wp","href":"https:\/\/api.w.org\/{rel}","templated":true}]}}