{"id":3190,"date":"2025-05-23T02:48:51","date_gmt":"2025-05-23T02:48:51","guid":{"rendered":"https:\/\/pecbag.com\/?post_type=product&#038;p=3190"},"modified":"2025-11-29T02:07:14","modified_gmt":"2025-11-29T02:07:14","slug":"customizable-rainproof-bicycle-saddle-pack","status":"publish","type":"product","link":"https:\/\/pecbag.com\/es\/customizable-rainproof-bicycle-saddle-pack\/","title":{"rendered":"Nuevo Sill\u00edn de Bicicleta Impermeable Personalizable"},"content":{"rendered":"<h5 title=\"Bolso plegable para perros Bolso de malla transpirable para mascotas peque\u00f1as Perros Gatos\" data-immersive-translate-walked=\"1c928421-2e42-4cd3-8754-5404553c0af5\" data-immersive-translate-paragraph=\"1\" data-spm-anchor-id=\"a2700.details.0.i35.4f6757d4w4zNZA\">Nueva Llegada Personalizable Impermeable Bicicleta Sill\u00edn Pack | F\u00e1brica de Bolsa Impermeable y Mochila Fabricante<\/h5>\n<p title=\"Bolso plegable para perros Bolso de malla transpirable para mascotas peque\u00f1as Perros Gatos\" data-immersive-translate-walked=\"1c928421-2e42-4cd3-8754-5404553c0af5\" data-immersive-translate-paragraph=\"1\" data-spm-anchor-id=\"a2700.details.0.i35.4f6757d4w4zNZA\"><span style=\"font-size: 16px;\">Necesita <\/span><span style=\"font-size: 16px;\">mochilas impermeables para sillines de bicicleta<\/span><span style=\"font-size: 16px;\">\u00a0que mantienen el equipo seco y a los motoristas contentos? Somos\u00a0<\/span><span style=\"font-size: 16px;\">f\u00e1brica de bolsas impermeables<\/span><span style=\"font-size: 16px;\">\u00a0y\u00a0<\/span><span style=\"font-size: 16px;\">fabricante de mochilas<\/span><span style=\"font-size: 16px;\">\u00a0en China, lanzando los productos m\u00e1s\u00a0<\/span><span style=\"font-size: 16px;\">sillines de bicicleta personalizables<\/span><span style=\"font-size: 16px;\">\u00a0para marcas y mayoristas<\/span><\/p>\n<div class=\"flex flex-grow flex-col max-w-full\">\n<div class=\"min-h-[20px] text-message flex w-full flex-col items-end gap-2 whitespace-pre-wrap break-words [.text-message+&amp;]:mt-5 overflow-x-auto\" dir=\"auto\" data-message-author-role=\"assistant\" data-message-id=\"3d7d46f6-7ec2-4222-9257-48fa0bba23c6\" data-suggestions=\"true\">\n<div class=\"flex w-full flex-col gap-1 empty:hidden first:pt-[3px]\">\n<div class=\"markdown prose w-full break-words dark:prose-invert light\">\n<table width=\"288\">\n<tbody>\n<tr>\n<td width=\"137\"><span style=\"color: #333333;\">Nombre del producto<\/span><\/td>\n<td width=\"151\"><span style=\"color: #333333;\">Bolsa para bicicleta<\/span><\/td>\n<\/tr>\n<tr>\n<td><span style=\"color: #333333;\">N\u00ba de art\u00edculo<\/span><\/td>\n<td><span style=\"color: #333333;\">PB-2029<\/span><\/td>\n<\/tr>\n<tr>\n<td><span style=\"color: #333333;\">Material<\/span><\/td>\n<td>Poli\u00e9ster 600D<\/td>\n<\/tr>\n<tr>\n<td><span style=\"color: #333333;\">Talla<\/span><\/td>\n<td>39*19*29 cm<\/td>\n<\/tr>\n<tr>\n<td><span style=\"color: #333333;\">\u00a0Plazo de entrega<\/span><\/td>\n<td><span style=\"color: #333333;\">1-5 d\u00edas para peque\u00f1as cantidades por v\u00eda a\u00e9rea y 30-35 d\u00edas para grandes cantidades por v\u00eda mar\u00edtima<\/span><\/td>\n<\/tr>\n<\/tbody>\n<\/table>\n<p class=\"ds-markdown-paragraph\"><strong>Descripci\u00f3n:<\/strong><br \/>\n\u00bfNecesita mochilas impermeables para el sill\u00edn de la bicicleta que mantengan el equipo seco y a los ciclistas contentos? Somos una de las principales f\u00e1bricas de bolsas y mochilas impermeables de China, y esta temporada lanzamos las mochilas para sill\u00edn de bicicleta personalizables m\u00e1s populares para marcas y mayoristas.<\/p>\n<p class=\"ds-markdown-paragraph\">\u2705\u00a0<strong>\u00bfPor qu\u00e9 elegirnos?<\/strong><\/p>\n<ul>\n<li>\n<p class=\"ds-markdown-paragraph\"><strong>Potencia a prueba de lluvia<\/strong>: Revestimiento de TPU impermeable 100% + costuras selladas: \u00a1r\u00edete de los chaparrones!<\/p>\n<\/li>\n<li>\n<p class=\"ds-markdown-paragraph\"><strong>Personalizarlo todo<\/strong>: Colores, logotipos, tama\u00f1os - dise\u00f1e su paquete de sill\u00edn de bicicleta a trav\u00e9s de ODM\/OEM o etiqueta privada (MOQ 50pcs).<\/p>\n<\/li>\n<li>\n<p class=\"ds-markdown-paragraph\"><strong>Aumento de pedidos a granel<\/strong>: Produzca r\u00e1pidamente pedidos al por mayor de bolsas para bicicletas (en 15 d\u00edas) para las ventas urgentes del verano o las vacaciones.<\/p>\n<\/li>\n<li>\n<p class=\"ds-markdown-paragraph\"><strong>Ventaja de costes en China<\/strong>: Como proveedor l\u00edder de bolsas para bicicletas en China, combinamos calidad con precios inmejorables.<\/p>\n<\/li>\n<\/ul>\n<p class=\"ds-markdown-paragraph\"><strong>Caracter\u00edsticas que les encantan a los ciclistas:<\/strong><br \/>\n\ud83d\udd39 Compacto pero ampliable (5L \u2192 12L)<br \/>\n\ud83d\udd39 Tiras reflectantes + cremalleras antirrobo.<br \/>\n\ud83d\udd39 Sistema de montaje universal que se adapta a todo tipo de bicicletas<br \/>\n\ud83d\udd39 Certificado CE\/SGS - sin olores t\u00f3xicos<\/p>\n<p class=\"ds-markdown-paragraph\"><strong>Perfecto para:<\/strong><\/p>\n<ul>\n<li>\n<p class=\"ds-markdown-paragraph\">Marcas de ciclismo y mayoristas de bolsas para bicicletas<\/p>\n<\/li>\n<li>\n<p class=\"ds-markdown-paragraph\">Vendedores de material para actividades al aire libre y vendedores de Amazon<\/p>\n<\/li>\n<li>\n<p class=\"ds-markdown-paragraph\">Startups que necesitan soluciones de marca blanca para bolsas de bicicletas<\/p>\n<\/li>\n<\/ul>\n<p class=\"ds-markdown-paragraph\"><strong>C\u00f3mo funciona:<\/strong><br \/>\n1\ufe0f\u20e3 . Env\u00ede su dise\u00f1o (o elija entre m\u00e1s de 50 plantillas)<br \/>\n2\ufe0f\u20e3 . Haremos un prototipo en 5 d\u00edas<br \/>\n3\ufe0f\u20e3 . Env\u00edo a todo el mundo a trav\u00e9s de redes de exportaci\u00f3n de bolsas para bicicletas<\/p>\n<p class=\"ds-markdown-paragraph\"><strong>\u00bfListo para subirte a la ola impermeable?<\/strong><br \/>\n\ud83d\udc49\u00a0<strong>Muestras gratuitas<\/strong>\u00a0\ud83d\udc49 , Presupuestos al instante \ud83d\udc49 , Dep\u00f3sito 30%<\/p>\n<\/div>\n<\/div>\n<\/div>\n<\/div>","protected":false},"excerpt":{"rendered":"<h2 title=\"Bolso plegable para perros Bolso de malla transpirable para mascotas peque\u00f1as Perros Gatos\" data-immersive-translate-walked=\"1c928421-2e42-4cd3-8754-5404553c0af5\" data-immersive-translate-paragraph=\"1\" data-spm-anchor-id=\"a2700.details.0.i35.4f6757d4w4zNZA\">Nuevo Sill\u00edn de Bicicleta Impermeable Personalizable<\/h2>\n<p><strong>Funci\u00f3n impermeable.<\/strong> Hecho de material de poli\u00e9ster 600D con capa de PVC impermeable en ambos lados, esta alforja para bicicleta es s\u00faper duradera y totalmente impermeable, as\u00ed como anti-desgarro, resistente al desgaste y resistente al calor, protegiendo sus art\u00edculos perfectamente.<\/p>\n<p><strong>17L Capacidad.<\/strong>\u00a0Tama\u00f1o del maletero de bicicleta: 39*19*29 cm\/15.3*7.4*11.4 inch, hasta 17L de capacidad, totalmente expandido para contener m\u00e1s.Almacena f\u00e1cilmente botellas de agua(Sin bolsas laterales), bombas, zapatos, guantes, carteras, ropa, barritas energ\u00e9ticas, etc.<\/p>\n<p><strong>Bike Rear Seat Rack Pannier F\u00e1cil Instalaci\u00f3n.<\/strong>\u00a0Sistema de liberaci\u00f3n r\u00e1pida, f\u00e1cil de fijar en el portaequipajes del asiento trasero y asa de transporte port\u00e1til.<\/p>","protected":false},"featured_media":3191,"template":"","meta":{"_uag_custom_page_level_css":""},"product_brand":[],"product_cat":[48],"product_tag":[],"class_list":{"0":"post-3190","1":"product","2":"type-product","3":"status-publish","4":"has-post-thumbnail","6":"product_cat-bike-bag","8":"first","9":"instock","10":"shipping-taxable","11":"product-type-simple"},"uagb_featured_image_src":{"full":["https:\/\/pecbag.com\/wp-content\/uploads\/2025\/05\/New-Arrival-Customizable-Rainproof-Bicycle-Saddle-Pack-5.jpeg",1500,1500,false],"thumbnail":["https:\/\/pecbag.com\/wp-content\/uploads\/2025\/05\/New-Arrival-Customizable-Rainproof-Bicycle-Saddle-Pack-5-150x150.jpeg",150,150,true],"medium":["https:\/\/pecbag.com\/wp-content\/uploads\/2025\/05\/New-Arrival-Customizable-Rainproof-Bicycle-Saddle-Pack-5-300x300.jpeg",300,300,true],"medium_large":["https:\/\/pecbag.com\/wp-content\/uploads\/2025\/05\/New-Arrival-Customizable-Rainproof-Bicycle-Saddle-Pack-5-768x768.jpeg",768,768,true],"large":["https:\/\/pecbag.com\/wp-content\/uploads\/2025\/05\/New-Arrival-Customizable-Rainproof-Bicycle-Saddle-Pack-5-1024x1024.jpeg",800,800,true],"1536x1536":["https:\/\/pecbag.com\/wp-content\/uploads\/2025\/05\/New-Arrival-Customizable-Rainproof-Bicycle-Saddle-Pack-5.jpeg",1500,1500,false],"2048x2048":["https:\/\/pecbag.com\/wp-content\/uploads\/2025\/05\/New-Arrival-Customizable-Rainproof-Bicycle-Saddle-Pack-5.jpeg",1500,1500,false],"trp-custom-language-flag":["https:\/\/pecbag.com\/wp-content\/uploads\/2025\/05\/New-Arrival-Customizable-Rainproof-Bicycle-Saddle-Pack-5-12x12.jpeg",12,12,true],"woocommerce_thumbnail":["https:\/\/pecbag.com\/wp-content\/uploads\/2025\/05\/New-Arrival-Customizable-Rainproof-Bicycle-Saddle-Pack-5-300x300.jpeg",300,300,true],"woocommerce_single":["https:\/\/pecbag.com\/wp-content\/uploads\/2025\/05\/New-Arrival-Customizable-Rainproof-Bicycle-Saddle-Pack-5-600x600.jpeg",600,600,true],"woocommerce_gallery_thumbnail":["https:\/\/pecbag.com\/wp-content\/uploads\/2025\/05\/New-Arrival-Customizable-Rainproof-Bicycle-Saddle-Pack-5-100x100.jpeg",100,100,true]},"uagb_author_info":{"display_name":"Lawrence","author_link":"https:\/\/pecbag.com\/es\/author\/"},"uagb_comment_info":0,"uagb_excerpt":"New Arrival Customizable Rainproof Bicycle Saddle Pack Waterproof Function. Made of 600D polyester material with waterproof PVC layer on both sides, this bike pannier is super durable and fully waterproof, as well as anti-tear, wear resistant and heat-resistant, protecting your items perfectly. 17L Capacity.\u00a0Bike Trunk Bag size: 39*19*29 cm\/15.3*7.4*11.4 inch, up to 17L capacity, fully&hellip;","_links":{"self":[{"href":"https:\/\/pecbag.com\/es\/wp-json\/wp\/v2\/product\/3190","targetHints":{"allow":["GET"]}}],"collection":[{"href":"https:\/\/pecbag.com\/es\/wp-json\/wp\/v2\/product"}],"about":[{"href":"https:\/\/pecbag.com\/es\/wp-json\/wp\/v2\/types\/product"}],"wp:featuredmedia":[{"embeddable":true,"href":"https:\/\/pecbag.com\/es\/wp-json\/wp\/v2\/media\/3191"}],"wp:attachment":[{"href":"https:\/\/pecbag.com\/es\/wp-json\/wp\/v2\/media?parent=3190"}],"wp:term":[{"taxonomy":"product_brand","embeddable":true,"href":"https:\/\/pecbag.com\/es\/wp-json\/wp\/v2\/product_brand?post=3190"},{"taxonomy":"product_cat","embeddable":true,"href":"https:\/\/pecbag.com\/es\/wp-json\/wp\/v2\/product_cat?post=3190"},{"taxonomy":"product_tag","embeddable":true,"href":"https:\/\/pecbag.com\/es\/wp-json\/wp\/v2\/product_tag?post=3190"}],"curies":[{"name":"wp","href":"https:\/\/api.w.org\/{rel}","templated":true}]}}