{"id":3204,"date":"2025-05-23T06:23:26","date_gmt":"2025-05-23T06:23:26","guid":{"rendered":"https:\/\/pecbag.com\/?post_type=product&#038;p=3204"},"modified":"2025-11-29T02:07:00","modified_gmt":"2025-11-29T02:07:00","slug":"bike-under-seat-pack","status":"publish","type":"product","link":"https:\/\/pecbag.com\/es\/bike-under-seat-pack\/","title":{"rendered":"Bolsa para debajo del sill\u00edn con bid\u00f3n"},"content":{"rendered":"<h5 title=\"Bolso plegable para perros Bolso de malla transpirable para mascotas peque\u00f1as Perros Gatos\" data-immersive-translate-walked=\"1c928421-2e42-4cd3-8754-5404553c0af5\" data-immersive-translate-paragraph=\"1\" data-spm-anchor-id=\"a2700.details.0.i35.4f6757d4w4zNZA\">Bike Under Seat Pack Fabricante | Bolsa impermeable F\u00e1brica y Mochila Proveedor | OEM a granel<\/h5>\n<p title=\"Bolso plegable para perros Bolso de malla transpirable para mascotas peque\u00f1as Perros Gatos\" data-immersive-translate-walked=\"1c928421-2e42-4cd3-8754-5404553c0af5\" data-immersive-translate-paragraph=\"1\" data-spm-anchor-id=\"a2700.details.0.i35.4f6757d4w4zNZA\">\u00bfNecesita una bolsa para el sill\u00edn de la bicicleta que mantenga las herramientas secas y los viajes despejados? Somos una f\u00e1brica de bolsas impermeables y fabricantes de mochilas en China, y creamos bolsas de sill\u00edn elegantes y duraderas para ciclistas, minoristas y marcas internacionales.<\/p>\n<div class=\"flex flex-grow flex-col max-w-full\">\n<div class=\"min-h-[20px] text-message flex w-full flex-col items-end gap-2 whitespace-pre-wrap break-words [.text-message+&amp;]:mt-5 overflow-x-auto\" dir=\"auto\" data-message-author-role=\"assistant\" data-message-id=\"3d7d46f6-7ec2-4222-9257-48fa0bba23c6\" data-suggestions=\"true\">\n<div class=\"flex w-full flex-col gap-1 empty:hidden first:pt-[3px]\">\n<div class=\"markdown prose w-full break-words dark:prose-invert light\">\n<table style=\"height: 247px;\" width=\"306\">\n<tbody>\n<tr>\n<td width=\"137\"><span style=\"color: #333333;\">Nombre del producto<\/span><\/td>\n<td width=\"151\">Bolsa para bicicleta<\/td>\n<\/tr>\n<tr>\n<td><span style=\"color: #333333;\">N\u00ba de art\u00edculo<\/span><\/td>\n<td><span style=\"color: #333333;\">PB-2031<\/span><\/td>\n<\/tr>\n<tr>\n<td><span style=\"color: #333333;\">Material<\/span><\/td>\n<td>PU<\/td>\n<\/tr>\n<tr>\n<td><span style=\"color: #333333;\">Talla<\/span><\/td>\n<td>12 X 8 X 26 CM<\/td>\n<\/tr>\n<tr>\n<td><span style=\"color: #333333;\">\u00a0Plazo de entrega<\/span><\/td>\n<td><span style=\"color: #333333;\">1-5 d\u00edas para peque\u00f1as cantidades por v\u00eda a\u00e9rea y 30-35 d\u00edas para grandes cantidades por v\u00eda mar\u00edtima<\/span><\/td>\n<\/tr>\n<\/tbody>\n<\/table>\n<p class=\"ds-markdown-paragraph\">\u2705\u00a0<strong>\u00bfPor qu\u00e9 elegirnos?<\/strong><\/p>\n<ul>\n<li>\n<p class=\"ds-markdown-paragraph\"><strong>100% Impermeable<\/strong>: Costuras recubiertas de TPU + cierre enrollable: \u00a1sobrevive a la lluvia, el barro y los charcos!<\/p>\n<\/li>\n<li>\n<p class=\"ds-markdown-paragraph\"><strong>Almacenamiento sigiloso<\/strong>: Los delgados dise\u00f1os 2L-5L caben bajo cualquier sill\u00edn de bicicleta (\u00a1sin bamboleos!).<\/p>\n<\/li>\n<li>\n<p class=\"ds-markdown-paragraph\"><strong>Ventajas de los pedidos al por mayor<\/strong>: \u00a1Producir bolsa de bicicleta pedidos a granel (MOQ 50pcs) con ODM \/ OEM o etiqueta privada en 12 d\u00edas!<\/p>\n<\/li>\n<li>\n<p class=\"ds-markdown-paragraph\"><strong>Ventaja de costes en China<\/strong>: Como una bolsa de bicicleta superior proveedor de China, ofrecemos calidad a precios de f\u00e1brica.<\/p>\n<\/li>\n<\/ul>\n<p class=\"ds-markdown-paragraph\"><strong>Caracter\u00edsticas que los ciclistas anhelan:<\/strong><br \/>\n\ud83d\udd39 Logotipos reflectantes para mayor seguridad nocturna<br \/>\n\ud83d\udd39 Correas antideslizantes + hebillas de cierre r\u00e1pido.<br \/>\n\ud83d\udd39 Bolsillos interiores de malla ocultos (llaves\/tarjetas).<br \/>\n\ud83d\udd39 Tejidos con certificaci\u00f3n OEKO-TEX (sin olores t\u00f3xicos).<\/p>\n<p class=\"ds-markdown-paragraph\"><strong>Perfecto para:<\/strong><\/p>\n<ul>\n<li>\n<p class=\"ds-markdown-paragraph\">Tiendas de bicicletas y mayoristas de bolsas para bicicletas<\/p>\n<\/li>\n<li>\n<p class=\"ds-markdown-paragraph\">Vendedores de comercio electr\u00f3nico y marcas de exterior<\/p>\n<\/li>\n<li>\n<p class=\"ds-markdown-paragraph\">Startups que necesitan soluciones de marca blanca para bolsas de bicicletas<\/p>\n<\/li>\n<\/ul>\n<p class=\"ds-markdown-paragraph\"><strong>C\u00f3mo funciona:<\/strong><br \/>\n1\ufe0f\u20e3 Env\u00ede su logotipo o elija entre m\u00e1s de 80 dise\u00f1os<br \/>\n2\ufe0f\u20e3 Hacemos prototipos \u2192 aprobamos \u2192 producimos en serie<br \/>\n3\ufe0f\u20e3 Env\u00edo a todo el mundo a trav\u00e9s de redes de exportaci\u00f3n de bolsas para bicicletas<\/p>\n<p class=\"ds-markdown-paragraph\"><strong>\u00bfListo para almacenar paquetes de asientos que se venden como agua?<\/strong><br \/>\n\ud83d\udc49\u00a0<strong>Muestras gratuitas<\/strong>\u00a0\ud83d\udc49 20% dep\u00f3sito \ud83d\udc49 24\/7 apoyo<\/p>\n<\/div>\n<\/div>\n<\/div>\n<\/div>","protected":false},"excerpt":{"rendered":"<h2 title=\"Bolso plegable para perros Bolso de malla transpirable para mascotas peque\u00f1as Perros Gatos\" data-immersive-translate-walked=\"1c928421-2e42-4cd3-8754-5404553c0af5\" data-immersive-translate-paragraph=\"1\" data-spm-anchor-id=\"a2700.details.0.i35.4f6757d4w4zNZA\">Bolsa para debajo del sill\u00edn con bid\u00f3n<\/h2>\n<p><strong>1. SOPORTE PARA BOTELLA DE AGUA: <\/strong>Dise\u00f1ada para adaptarse a la mayor\u00eda de las botellas de agua, puedes colocar la botella dentro de la bolsa y ajustar la banda el\u00e1stica para fijarla en su sitio.<\/p>\n<p><strong>2. RESISTENTE AL AGUA Y SIN PVC: <\/strong>El exterior de la bolsa para sill\u00edn de bicicleta est\u00e1 fabricado en fibra Oxford con un complejo tejido impermeable de PU y cuenta con una cremallera impermeable, lo que garantiza que el agua permanezca fuera. Adem\u00e1s, nuestra bolsa para bicicleta no contiene PVC, por lo que es m\u00e1s segura y fiable para un uso prolongado.<\/p>\n<p><strong>3. PASEOS M\u00c1S SEGUROS:<\/strong>\u00a0La bolsa de sill\u00edn para bicicleta est\u00e1 equipada con revestimientos reflectantes en ambos lados y en la parte trasera, y dispone de un punto de fijaci\u00f3n para una luz de advertencia en la parte trasera, lo que reduce eficazmente el riesgo de accidentes durante la conducci\u00f3n nocturna.<\/p>","protected":false},"featured_media":3206,"template":"","meta":{"_uag_custom_page_level_css":""},"product_brand":[],"product_cat":[48],"product_tag":[],"class_list":{"0":"post-3204","1":"product","2":"type-product","3":"status-publish","4":"has-post-thumbnail","6":"product_cat-bike-bag","8":"first","9":"instock","10":"shipping-taxable","11":"product-type-simple"},"uagb_featured_image_src":{"full":["https:\/\/pecbag.com\/wp-content\/uploads\/2025\/05\/Bike-Under-Seat-Pack-with-Water-Bottle-4.jpeg",1600,1600,false],"thumbnail":["https:\/\/pecbag.com\/wp-content\/uploads\/2025\/05\/Bike-Under-Seat-Pack-with-Water-Bottle-4-150x150.jpeg",150,150,true],"medium":["https:\/\/pecbag.com\/wp-content\/uploads\/2025\/05\/Bike-Under-Seat-Pack-with-Water-Bottle-4-300x300.jpeg",300,300,true],"medium_large":["https:\/\/pecbag.com\/wp-content\/uploads\/2025\/05\/Bike-Under-Seat-Pack-with-Water-Bottle-4-768x768.jpeg",768,768,true],"large":["https:\/\/pecbag.com\/wp-content\/uploads\/2025\/05\/Bike-Under-Seat-Pack-with-Water-Bottle-4-1024x1024.jpeg",800,800,true],"1536x1536":["https:\/\/pecbag.com\/wp-content\/uploads\/2025\/05\/Bike-Under-Seat-Pack-with-Water-Bottle-4-1536x1536.jpeg",1536,1536,true],"2048x2048":["https:\/\/pecbag.com\/wp-content\/uploads\/2025\/05\/Bike-Under-Seat-Pack-with-Water-Bottle-4.jpeg",1600,1600,false],"trp-custom-language-flag":["https:\/\/pecbag.com\/wp-content\/uploads\/2025\/05\/Bike-Under-Seat-Pack-with-Water-Bottle-4-12x12.jpeg",12,12,true],"woocommerce_thumbnail":["https:\/\/pecbag.com\/wp-content\/uploads\/2025\/05\/Bike-Under-Seat-Pack-with-Water-Bottle-4-300x300.jpeg",300,300,true],"woocommerce_single":["https:\/\/pecbag.com\/wp-content\/uploads\/2025\/05\/Bike-Under-Seat-Pack-with-Water-Bottle-4-600x600.jpeg",600,600,true],"woocommerce_gallery_thumbnail":["https:\/\/pecbag.com\/wp-content\/uploads\/2025\/05\/Bike-Under-Seat-Pack-with-Water-Bottle-4-100x100.jpeg",100,100,true]},"uagb_author_info":{"display_name":"Lawrence","author_link":"https:\/\/pecbag.com\/es\/author\/"},"uagb_comment_info":0,"uagb_excerpt":"Bike Under Seat Pack with Water Bottle 1. WATER BOTTLE HOLDER: Designed to fit most water bottles, you can place the bottle inside the bag and adjust the elastic band to secure it in place. 2. WATER RESISTANT &amp; PVC-FREE: The exterior of the bike seat bag is made from Oxford fiber with a complex&hellip;","_links":{"self":[{"href":"https:\/\/pecbag.com\/es\/wp-json\/wp\/v2\/product\/3204","targetHints":{"allow":["GET"]}}],"collection":[{"href":"https:\/\/pecbag.com\/es\/wp-json\/wp\/v2\/product"}],"about":[{"href":"https:\/\/pecbag.com\/es\/wp-json\/wp\/v2\/types\/product"}],"wp:featuredmedia":[{"embeddable":true,"href":"https:\/\/pecbag.com\/es\/wp-json\/wp\/v2\/media\/3206"}],"wp:attachment":[{"href":"https:\/\/pecbag.com\/es\/wp-json\/wp\/v2\/media?parent=3204"}],"wp:term":[{"taxonomy":"product_brand","embeddable":true,"href":"https:\/\/pecbag.com\/es\/wp-json\/wp\/v2\/product_brand?post=3204"},{"taxonomy":"product_cat","embeddable":true,"href":"https:\/\/pecbag.com\/es\/wp-json\/wp\/v2\/product_cat?post=3204"},{"taxonomy":"product_tag","embeddable":true,"href":"https:\/\/pecbag.com\/es\/wp-json\/wp\/v2\/product_tag?post=3204"}],"curies":[{"name":"wp","href":"https:\/\/api.w.org\/{rel}","templated":true}]}}