{"id":3221,"date":"2025-05-23T07:39:17","date_gmt":"2025-05-23T07:39:17","guid":{"rendered":"https:\/\/pecbag.com\/?post_type=product&#038;p=3221"},"modified":"2025-11-29T02:06:49","modified_gmt":"2025-11-29T02:06:49","slug":"portable-camping-bag","status":"publish","type":"product","link":"https:\/\/pecbag.com\/es\/portable-camping-bag\/","title":{"rendered":"Bolsa de camping port\u00e1til"},"content":{"rendered":"<h5 title=\"Bolso plegable para perros Bolso de malla transpirable para mascotas peque\u00f1as Perros Gatos\" data-immersive-translate-walked=\"1c928421-2e42-4cd3-8754-5404553c0af5\" data-immersive-translate-paragraph=\"1\" data-spm-anchor-id=\"a2700.details.0.i35.4f6757d4w4zNZA\">Bolsa de camping port\u00e1til Fabricante | Mochila impermeable F\u00e1brica y proveedor | OEM a granel<\/h5>\n<div class=\"flex flex-grow flex-col max-w-full\">\n<div class=\"min-h-[20px] text-message flex w-full flex-col items-end gap-2 whitespace-pre-wrap break-words [.text-message+&amp;]:mt-5 overflow-x-auto\" dir=\"auto\" data-message-author-role=\"assistant\" data-message-id=\"3d7d46f6-7ec2-4222-9257-48fa0bba23c6\" data-suggestions=\"true\">\n<div class=\"flex w-full flex-col gap-1 empty:hidden first:pt-[3px]\">\n<div class=\"markdown prose w-full break-words dark:prose-invert light\">\n<p>\u00bfNecesita bolsas de acampada port\u00e1tiles que combinen un dise\u00f1o ligero con una gran durabilidad? Somos una f\u00e1brica de bolsas impermeables y mochilas en China, y creamos art\u00edculos listos para la aventura para marcas de actividades al aire libre, minoristas y mayoristas de todo el mundo.<\/p>\n<table width=\"288\">\n<tbody>\n<tr>\n<td width=\"137\"><span style=\"color: #333333;\">Nombre del producto<\/span><\/td>\n<td width=\"151\"><span style=\"color: #333333;\">Bolsa de campamento<\/span><\/td>\n<\/tr>\n<tr>\n<td><span style=\"color: #333333;\">N\u00ba de art\u00edculo<\/span><\/td>\n<td><span style=\"color: #333333;\">PB-2033<\/span><\/td>\n<\/tr>\n<tr>\n<td><span style=\"color: #333333;\">Material<\/span><\/td>\n<td>Poli\u00e9ster 600D<\/td>\n<\/tr>\n<tr>\n<td><span style=\"color: #333333;\">Talla<\/span><\/td>\n<td>15,3 x 7,9 x 9,4 pulgadas<\/td>\n<\/tr>\n<tr>\n<td><span style=\"color: #333333;\">\u00a0Plazo de entrega<\/span><\/td>\n<td><span style=\"color: #333333;\">1-5 d\u00edas para peque\u00f1as cantidades por v\u00eda a\u00e9rea y 30-35 d\u00edas para grandes cantidades por v\u00eda mar\u00edtima<\/span><\/td>\n<\/tr>\n<\/tbody>\n<\/table>\n<p class=\"ds-markdown-paragraph\">Necesita\u00a0<strong>bolsas de camping port\u00e1tiles<\/strong>\u00a0que equilibren un dise\u00f1o ligero con una gran durabilidad? Somos un\u00a0<strong>f\u00e1brica de bolsas impermeables<\/strong>\u00a0y\u00a0<strong>fabricante de mochilas<\/strong>\u00a0en China, fabricando equipos listos para la aventura para marcas de actividades al aire libre, minoristas y mayoristas de todo el mundo.<\/p>\n<p class=\"ds-markdown-paragraph\">\u2705\u00a0<strong>\u00bfPor qu\u00e9 elegirnos?<\/strong><\/p>\n<ul>\n<li>\n<p class=\"ds-markdown-paragraph\"><strong>Ultraport\u00e1til<\/strong>: Plegable a tama\u00f1o de bolsillo (15x10cm!) - perfecto para excursionistas, viajeros y kits de emergencia.<\/p>\n<\/li>\n<li>\n<p class=\"ds-markdown-paragraph\"><strong>Guerrero impermeable<\/strong>: Costuras laminadas de TPU + cierre enrollable: \u00a1r\u00edete de las tormentas y de los cruces de r\u00edos!<\/p>\n<\/li>\n<li>\n<p class=\"ds-markdown-paragraph\"><strong>Pedidos m\u00e1gicos a granel<\/strong>: Produce\u00a0<strong>bolsa de camping pedidos a granel (MOQ 50pcs) con ODM\/OEM o etiqueta privada en 10<\/strong> \u00a1d\u00edas!<\/p>\n<\/li>\n<li>\n<p class=\"ds-markdown-paragraph\"><strong>Ventaja de costes en China<\/strong>: Como uno de los mejores proveedores de bolsas de camping de China, ofrecemos calidad a precios directos de f\u00e1brica.<\/p>\n<\/li>\n<\/ul>\n<p class=\"ds-markdown-paragraph\"><strong>Caracter\u00edsticas que se venden r\u00e1pido:<\/strong><br \/>\n\ud83d\udd39 Capacidad ampliable 20L-40L (cabe saco de dormir + equipo).<br \/>\n\ud83d\udd39 Bolsillos antirrobo ocultos + cincha con cadena margarita.<br \/>\n\ud83d\udd39 Correas de malla transpirable + dise\u00f1o de distribuci\u00f3n del peso.<br \/>\n\ud83d\udd39 Tejidos con certificaci\u00f3n OEKO-TEX (ecol\u00f3gicos, sin olores).<\/p>\n<p class=\"ds-markdown-paragraph\"><strong>Perfecto para:<\/strong><\/p>\n<ul>\n<li>\n<p class=\"ds-markdown-paragraph\">Minoristas y mayoristas de bolsas de acampada<\/p>\n<\/li>\n<li>\n<p class=\"ds-markdown-paragraph\">Vendedores de material de supervivencia y tiendas de comercio electr\u00f3nico<\/p>\n<\/li>\n<li>\n<p class=\"ds-markdown-paragraph\">Startups que crean marcas blancas de bolsas de camping<\/p>\n<\/li>\n<\/ul>\n<p class=\"ds-markdown-paragraph\"><strong>C\u00f3mo funciona:<\/strong><br \/>\n1\ufe0f\u20e3 Elija entre m\u00e1s de 150 dise\u00f1os o env\u00ede su logotipo<br \/>\n2\ufe0f\u20e3 Hacemos prototipos \u2192 aprobamos \u2192 producimos en serie<br \/>\n3\ufe0f\u20e3 Env\u00edo a todo el mundo a trav\u00e9s de redes de exportaci\u00f3n de bolsas de camping<\/p>\n<p class=\"ds-markdown-paragraph\"><strong>\u00bfListo para disfrutar del \u00e9xito en cada aventura?<\/strong><br \/>\n\ud83d\udc49\u00a0<strong>Muestras gratuitas<\/strong>\u00a0\ud83d\udc49 15% dep\u00f3sito \ud83d\udc49 24\/7 apoyo<\/p>\n<\/div>\n<\/div>\n<\/div>\n<\/div>","protected":false},"excerpt":{"rendered":"<h2 data-immersive-translate-walked=\"344be1c1-5052-41eb-8fcd-0dbe236a0d6b\" data-immersive-translate-paragraph=\"1\">Bolsa de camping port\u00e1til<\/h2>\n<p><strong>1.DISE\u00d1O DE GRAN CAPACIDAD:\u00a0<\/strong>Dimensiones: 44 x 25 x 23 cm (L x A x A) unos 25 L de capacidad interna. La gran capacidad puede contener 36 latas (330 ml), que pueden satisfacer todas las necesidades de bebidas y alimentos de 3-4 personas que viajan al aire libre. Ahora s\u00f3lo se necesita una cesta de picnic plegable para resolver todos los problemas de almacenamiento al salir, y no hay necesidad de llevar varias bolsas y recipientes a todas partes.<\/p>\n<p><strong>2.PORT\u00c1TIL Y PLEGABLE:<\/strong>\u00a0La versi\u00f3n actualizada incluye soportes laterales flexibles que proporcionan m\u00e1s estructura y no se hunden ni colapsan; El dise\u00f1o del asa acolchada plegable ahorra espacio y es muy pr\u00e1ctica para llevarla encima; El forro de TPU impermeable y el cuerpo de tela extra\u00edble de la cesta de picnic contribuyen a que sea impermeable y f\u00e1cil de limpiar. Una cesta de tela y un contenedor de agua perfectos para llevar encima.<\/p>","protected":false},"featured_media":3224,"template":"","meta":{"_uag_custom_page_level_css":""},"product_brand":[],"product_cat":[44,50],"product_tag":[],"class_list":{"0":"post-3221","1":"product","2":"type-product","3":"status-publish","4":"has-post-thumbnail","6":"product_cat-camping-bags","7":"product_cat-cooler-bag","9":"first","10":"instock","11":"shipping-taxable","12":"product-type-simple"},"uagb_featured_image_src":{"full":["https:\/\/pecbag.com\/wp-content\/uploads\/2025\/05\/Portable-Camping-Bag-1.jpeg",800,800,false],"thumbnail":["https:\/\/pecbag.com\/wp-content\/uploads\/2025\/05\/Portable-Camping-Bag-1-150x150.jpeg",150,150,true],"medium":["https:\/\/pecbag.com\/wp-content\/uploads\/2025\/05\/Portable-Camping-Bag-1-300x300.jpeg",300,300,true],"medium_large":["https:\/\/pecbag.com\/wp-content\/uploads\/2025\/05\/Portable-Camping-Bag-1-768x768.jpeg",768,768,true],"large":["https:\/\/pecbag.com\/wp-content\/uploads\/2025\/05\/Portable-Camping-Bag-1.jpeg",800,800,false],"1536x1536":["https:\/\/pecbag.com\/wp-content\/uploads\/2025\/05\/Portable-Camping-Bag-1.jpeg",800,800,false],"2048x2048":["https:\/\/pecbag.com\/wp-content\/uploads\/2025\/05\/Portable-Camping-Bag-1.jpeg",800,800,false],"trp-custom-language-flag":["https:\/\/pecbag.com\/wp-content\/uploads\/2025\/05\/Portable-Camping-Bag-1-12x12.jpeg",12,12,true],"woocommerce_thumbnail":["https:\/\/pecbag.com\/wp-content\/uploads\/2025\/05\/Portable-Camping-Bag-1-300x300.jpeg",300,300,true],"woocommerce_single":["https:\/\/pecbag.com\/wp-content\/uploads\/2025\/05\/Portable-Camping-Bag-1-600x600.jpeg",600,600,true],"woocommerce_gallery_thumbnail":["https:\/\/pecbag.com\/wp-content\/uploads\/2025\/05\/Portable-Camping-Bag-1-100x100.jpeg",100,100,true]},"uagb_author_info":{"display_name":"Lawrence","author_link":"https:\/\/pecbag.com\/es\/author\/"},"uagb_comment_info":0,"uagb_excerpt":"Portable Camping Bag 1.LARGE CAPACITY DESIGN:\u00a0Dimensions: 44 x 25 x 23 cm (L x W x H) about 25 L internal capacity. Large capacity can hold 36 cans (330 ml), which can meet all the beverage and food needs of 3-4 people traveling outdoors. Now only a foldable picnic basket is needed to solve all&hellip;","_links":{"self":[{"href":"https:\/\/pecbag.com\/es\/wp-json\/wp\/v2\/product\/3221","targetHints":{"allow":["GET"]}}],"collection":[{"href":"https:\/\/pecbag.com\/es\/wp-json\/wp\/v2\/product"}],"about":[{"href":"https:\/\/pecbag.com\/es\/wp-json\/wp\/v2\/types\/product"}],"wp:featuredmedia":[{"embeddable":true,"href":"https:\/\/pecbag.com\/es\/wp-json\/wp\/v2\/media\/3224"}],"wp:attachment":[{"href":"https:\/\/pecbag.com\/es\/wp-json\/wp\/v2\/media?parent=3221"}],"wp:term":[{"taxonomy":"product_brand","embeddable":true,"href":"https:\/\/pecbag.com\/es\/wp-json\/wp\/v2\/product_brand?post=3221"},{"taxonomy":"product_cat","embeddable":true,"href":"https:\/\/pecbag.com\/es\/wp-json\/wp\/v2\/product_cat?post=3221"},{"taxonomy":"product_tag","embeddable":true,"href":"https:\/\/pecbag.com\/es\/wp-json\/wp\/v2\/product_tag?post=3221"}],"curies":[{"name":"wp","href":"https:\/\/api.w.org\/{rel}","templated":true}]}}