{"id":3230,"date":"2025-05-23T09:21:16","date_gmt":"2025-05-23T09:21:16","guid":{"rendered":"https:\/\/pecbag.com\/?post_type=product&#038;p=3230"},"modified":"2025-11-29T02:06:40","modified_gmt":"2025-11-29T02:06:40","slug":"outdoor-camping-picnic-cooler-bag","status":"publish","type":"product","link":"https:\/\/pecbag.com\/es\/outdoor-camping-picnic-cooler-bag\/","title":{"rendered":"Bolsa nevera picnic para camping al aire libre"},"content":{"rendered":"<h5 title=\"Bolso plegable para perros Bolso de malla transpirable para mascotas peque\u00f1as Perros Gatos\" data-immersive-translate-walked=\"1c928421-2e42-4cd3-8754-5404553c0af5\" data-immersive-translate-paragraph=\"1\" data-spm-anchor-id=\"a2700.details.0.i35.4f6757d4w4zNZA\">Camping al aire libre Picnic Cooler Bag Fabricante | Bolsa impermeable F\u00e1brica y Mochila Proveedor | OEM a granel<\/h5>\n<div class=\"flex flex-grow flex-col max-w-full\">\n<div class=\"min-h-[20px] text-message flex w-full flex-col items-end gap-2 whitespace-pre-wrap break-words [.text-message+&amp;]:mt-5 overflow-x-auto\" dir=\"auto\" data-message-author-role=\"assistant\" data-message-id=\"3d7d46f6-7ec2-4222-9257-48fa0bba23c6\" data-suggestions=\"true\">\n<div class=\"flex w-full flex-col gap-1 empty:hidden first:pt-[3px]\">\n<div class=\"markdown prose w-full break-words dark:prose-invert light\">\n<p>\u00bfNecesita bolsas nevera para picnic al aire libre que mantengan las bebidas fr\u00edas y las aventuras frescas? Somos una f\u00e1brica de bolsas impermeables y fabricantes de mochilas en China, y creamos bolsas nevera de alto rendimiento para marcas, minoristas y mayoristas de todo el mundo.<\/p>\n<table width=\"288\">\n<tbody>\n<tr>\n<td width=\"137\"><span style=\"color: #333333;\">Nombre del producto<\/span><\/td>\n<td width=\"151\"><span style=\"color: #333333;\">Bolsa de campamento<\/span><\/td>\n<\/tr>\n<tr>\n<td><span style=\"color: #333333;\">N\u00ba de art\u00edculo<\/span><\/td>\n<td><span style=\"color: #333333;\">PB-2034<\/span><\/td>\n<\/tr>\n<tr>\n<td><span style=\"color: #333333;\">Material<\/span><\/td>\n<td>Poli\u00e9ster 600D<\/td>\n<\/tr>\n<tr>\n<td><span style=\"color: #333333;\">Talla<\/span><\/td>\n<td>11,8 x 7,9 x 16,3 pulgadas<\/td>\n<\/tr>\n<tr>\n<td><span style=\"color: #333333;\">\u00a0Plazo de entrega<\/span><\/td>\n<td><span style=\"color: #333333;\">1-5 d\u00edas para peque\u00f1as cantidades por v\u00eda a\u00e9rea y 30-35 d\u00edas para grandes cantidades por v\u00eda mar\u00edtima<\/span><\/td>\n<\/tr>\n<\/tbody>\n<\/table>\n<p class=\"ds-markdown-paragraph\">\u2705\u00a0<strong>\u00bfPor qu\u00e9 asociarse con nosotros?<\/strong><\/p>\n<ul>\n<li>\n<p class=\"ds-markdown-paragraph\"><strong>Fiabilidad a prueba de hielo<\/strong>: Aislamiento de 48 horas + forro impermeable 100%: \u00a1perfecto para viajes a la playa, excursiones o barbacoas en el jard\u00edn!<\/p>\n<\/li>\n<li>\n<p class=\"ds-markdown-paragraph\"><strong>Plegar y listo<\/strong>: Su dise\u00f1o ligero se pliega hasta 1\/3 de su tama\u00f1o cuando est\u00e1 vac\u00eda, lo que ahorra costes de almacenamiento y env\u00edo en los pedidos al por mayor de bolsas de camping.<\/p>\n<\/li>\n<li>\n<p class=\"ds-markdown-paragraph\"><strong>Personalice su marca<\/strong>: A\u00f1ada logotipos, colores o caracter\u00edsticas exclusivas mediante ODM\/OEM o etiqueta privada (MOQ 100pcs).<\/p>\n<\/li>\n<li>\n<p class=\"ds-markdown-paragraph\"><strong>Ventaja de costes en China<\/strong>: Como una bolsa de camping superior proveedor de China, la calidad se re\u00fane inmejorable precio de f\u00e1brica.<\/p>\n<\/li>\n<\/ul>\n<p class=\"ds-markdown-paragraph\"><strong>Caracter\u00edsticas que los clientes anhelan:<\/strong><br \/>\n\ud83d\udd39 Capacidad de 20L-50L + divisores extra\u00edbles (caben latas, botellas o alimentos).<br \/>\n\ud83d\udd39 Asas reforzadas + tirantes ajustables (transporte de 3 maneras)<br \/>\n\ud83d\udd39 Forro de PEVA antimoho + aislamiento ecol\u00f3gico (certificado OEKO-TEX).<br \/>\n\ud83d\udd39 Cremalleras YKK + costuras soldadas: sobreviven a senderos abruptos y derrames.<\/p>\n<p class=\"ds-markdown-paragraph\"><strong>Perfecto para:<\/strong><\/p>\n<ul>\n<li>\n<p class=\"ds-markdown-paragraph\">Minoristas y mayoristas de bolsas de acampada<\/p>\n<\/li>\n<li>\n<p class=\"ds-markdown-paragraph\">Vendedores de art\u00edculos de picnic y comercio electr\u00f3nico<\/p>\n<\/li>\n<li>\n<p class=\"ds-markdown-paragraph\">Startups que crean marcas blancas de bolsas de camping<\/p>\n<\/li>\n<\/ul>\n<p class=\"ds-markdown-paragraph\"><strong>C\u00f3mo trabajamos:<\/strong><br \/>\n1\ufe0f\u20e3 Elige entre m\u00e1s de 120 dise\u00f1os o env\u00eda tus ideas<br \/>\n2\ufe0f\u20e3 Prototipo en 5 d\u00edas \u2192 aprobar \u2192 producir en serie.<br \/>\n3\ufe0f\u20e3 Env\u00edo a trav\u00e9s de redes de exportaci\u00f3n de bolsas de camping (opciones aire\/mar)<\/p>\n<p class=\"ds-markdown-paragraph\"><strong>\u00bfPreparado para refrescarse con las bolsas nevera m\u00e1s vendidas?<\/strong><br \/>\n\ud83d\udc49\u00a0<strong>Muestras gratuitas<\/strong>\u00a0\ud83d\udc49 20% dep\u00f3sito \ud83d\udc49 24h cotizaciones<\/p>\n<\/div>\n<\/div>\n<\/div>\n<\/div>","protected":false},"excerpt":{"rendered":"<h2 data-immersive-translate-walked=\"344be1c1-5052-41eb-8fcd-0dbe236a0d6b\" data-immersive-translate-paragraph=\"1\">Bolsa nevera picnic para camping al aire libre<\/h2>\n<p><strong>1. CESTA DE PICNIC FAMILIAR PERFECTA MOCHILA PARA 4:<\/strong>\u00a0Incluye 4 cuchillos de acero inoxidable, 4 tenedores de acero inoxidable, 4 cucharas de acero inoxidable, 4 platos llanos, 4 servilletas de algod\u00f3n y 4 copas de vino.<\/p>\n<p><strong>2. MANTENER FRESCOS LOS ALIMENTOS: <\/strong>El gran compartimento aislado con forro de PEVA es perfecto para mantener la comida fr\u00eda m\u00e1s fresca o la comida caliente caliente hasta 5 horas.<\/p>\n<p><strong>3. CALIDAD CONSTRUIDA: <\/strong>Fabricada en material de poli\u00e9ster de alta resistencia con suaves correas acolchadas y ajustables, y un asa de transporte resistente; incluye 3 compartimentos con cierre de cremallera.<\/p>\n<p><strong>4. MOVILIDAD EXTRA: <\/strong>La mochila port\u00e1til mide aproximadamente 11,8 x 7,9 x 16,3 pulgadas. Ofrece la capacidad de una cesta de picnic tradicional con la facilidad de transporte de una mochila.<\/p>","protected":false},"featured_media":3231,"template":"","meta":{"_uag_custom_page_level_css":""},"product_brand":[],"product_cat":[44,60,50],"product_tag":[],"class_list":{"0":"post-3230","1":"product","2":"type-product","3":"status-publish","4":"has-post-thumbnail","6":"product_cat-camping-bags","7":"product_cat-backpack","8":"product_cat-cooler-bag","10":"first","11":"instock","12":"shipping-taxable","13":"product-type-simple"},"uagb_featured_image_src":{"full":["https:\/\/pecbag.com\/wp-content\/uploads\/2025\/05\/Camping-Picnic-Cooler-Bag-2.jpeg",800,800,false],"thumbnail":["https:\/\/pecbag.com\/wp-content\/uploads\/2025\/05\/Camping-Picnic-Cooler-Bag-2-150x150.jpeg",150,150,true],"medium":["https:\/\/pecbag.com\/wp-content\/uploads\/2025\/05\/Camping-Picnic-Cooler-Bag-2-300x300.jpeg",300,300,true],"medium_large":["https:\/\/pecbag.com\/wp-content\/uploads\/2025\/05\/Camping-Picnic-Cooler-Bag-2-768x768.jpeg",768,768,true],"large":["https:\/\/pecbag.com\/wp-content\/uploads\/2025\/05\/Camping-Picnic-Cooler-Bag-2.jpeg",800,800,false],"1536x1536":["https:\/\/pecbag.com\/wp-content\/uploads\/2025\/05\/Camping-Picnic-Cooler-Bag-2.jpeg",800,800,false],"2048x2048":["https:\/\/pecbag.com\/wp-content\/uploads\/2025\/05\/Camping-Picnic-Cooler-Bag-2.jpeg",800,800,false],"trp-custom-language-flag":["https:\/\/pecbag.com\/wp-content\/uploads\/2025\/05\/Camping-Picnic-Cooler-Bag-2-12x12.jpeg",12,12,true],"woocommerce_thumbnail":["https:\/\/pecbag.com\/wp-content\/uploads\/2025\/05\/Camping-Picnic-Cooler-Bag-2-300x300.jpeg",300,300,true],"woocommerce_single":["https:\/\/pecbag.com\/wp-content\/uploads\/2025\/05\/Camping-Picnic-Cooler-Bag-2-600x600.jpeg",600,600,true],"woocommerce_gallery_thumbnail":["https:\/\/pecbag.com\/wp-content\/uploads\/2025\/05\/Camping-Picnic-Cooler-Bag-2-100x100.jpeg",100,100,true]},"uagb_author_info":{"display_name":"Lawrence","author_link":"https:\/\/pecbag.com\/es\/author\/"},"uagb_comment_info":0,"uagb_excerpt":"Outdoor Camping Picnic Cooler Bag 1. PERFECT FAMILY PICNIC BASKET BACKPACK FOR 4:\u00a0Includes 4x Stainless Steel Knives, 4x Stainless Steel Forks, 4x Stainless Steel Spoons, 4x Dinner Plates, 4x Cotton Napkins, and 4x Wine Glasses. 2. KEEP FOOD FRESH: Large PEVA liner insulated compartment is perfect for keeping cold food cooler and fresher or hot&hellip;","_links":{"self":[{"href":"https:\/\/pecbag.com\/es\/wp-json\/wp\/v2\/product\/3230","targetHints":{"allow":["GET"]}}],"collection":[{"href":"https:\/\/pecbag.com\/es\/wp-json\/wp\/v2\/product"}],"about":[{"href":"https:\/\/pecbag.com\/es\/wp-json\/wp\/v2\/types\/product"}],"wp:featuredmedia":[{"embeddable":true,"href":"https:\/\/pecbag.com\/es\/wp-json\/wp\/v2\/media\/3231"}],"wp:attachment":[{"href":"https:\/\/pecbag.com\/es\/wp-json\/wp\/v2\/media?parent=3230"}],"wp:term":[{"taxonomy":"product_brand","embeddable":true,"href":"https:\/\/pecbag.com\/es\/wp-json\/wp\/v2\/product_brand?post=3230"},{"taxonomy":"product_cat","embeddable":true,"href":"https:\/\/pecbag.com\/es\/wp-json\/wp\/v2\/product_cat?post=3230"},{"taxonomy":"product_tag","embeddable":true,"href":"https:\/\/pecbag.com\/es\/wp-json\/wp\/v2\/product_tag?post=3230"}],"curies":[{"name":"wp","href":"https:\/\/api.w.org\/{rel}","templated":true}]}}