{"id":3237,"date":"2025-05-23T09:30:10","date_gmt":"2025-05-23T09:30:10","guid":{"rendered":"https:\/\/pecbag.com\/?post_type=product&#038;p=3237"},"modified":"2025-11-29T02:06:26","modified_gmt":"2025-11-29T02:06:26","slug":"wholesale-camping-picnic-bag","status":"publish","type":"product","link":"https:\/\/pecbag.com\/es\/wholesale-camping-picnic-bag\/","title":{"rendered":"Mayorista Bolsa de picnic para camping"},"content":{"rendered":"<h5 title=\"Bolso plegable para perros Bolso de malla transpirable para mascotas peque\u00f1as Perros Gatos\" data-immersive-translate-walked=\"1c928421-2e42-4cd3-8754-5404553c0af5\" data-immersive-translate-paragraph=\"1\" data-spm-anchor-id=\"a2700.details.0.i35.4f6757d4w4zNZA\">Fabricante al por mayor de bolsas de picnic para camping | Proveedor de bolsas y mochilas impermeables | OEM a granel<\/h5>\n<div class=\"flex flex-grow flex-col max-w-full\">\n<div class=\"min-h-[20px] text-message flex w-full flex-col items-end gap-2 whitespace-pre-wrap break-words [.text-message+&amp;]:mt-5 overflow-x-auto\" dir=\"auto\" data-message-author-role=\"assistant\" data-message-id=\"3d7d46f6-7ec2-4222-9257-48fa0bba23c6\" data-suggestions=\"true\">\n<div class=\"flex w-full flex-col gap-1 empty:hidden first:pt-[3px]\">\n<div class=\"markdown prose w-full break-words dark:prose-invert light\">\n<p>\u00bfNecesita bolsas de picnic al por mayor que combinen estilo, durabilidad y valor? Somos una f\u00e1brica de bolsas impermeables y fabricantes de mochilas en China, y producimos art\u00edculos de picnic de alta calidad para marcas, minoristas y mayoristas de bolsas de camping de todo el mundo.<\/p>\n<table width=\"288\">\n<tbody>\n<tr>\n<td width=\"137\"><span style=\"color: #333333;\">Nombre del producto<\/span><\/td>\n<td width=\"151\"><span style=\"color: #333333;\">Bolsa de campamento<\/span><\/td>\n<\/tr>\n<tr>\n<td><span style=\"color: #333333;\">N\u00ba de art\u00edculo<\/span><\/td>\n<td><span style=\"color: #333333;\">PB-2035<\/span><\/td>\n<\/tr>\n<tr>\n<td><span style=\"color: #333333;\">Material<\/span><\/td>\n<td>Copo de nieve<\/td>\n<\/tr>\n<tr>\n<td><span style=\"color: #333333;\">Talla<\/span><\/td>\n<td>12 x 8 x 16 pulgadas<\/td>\n<\/tr>\n<tr>\n<td><span style=\"color: #333333;\">\u00a0Plazo de entrega<\/span><\/td>\n<td><span style=\"color: #333333;\">1-5 d\u00edas para peque\u00f1as cantidades por v\u00eda a\u00e9rea y 30-35 d\u00edas para grandes cantidades por v\u00eda mar\u00edtima<\/span><\/td>\n<\/tr>\n<\/tbody>\n<\/table>\n<p class=\"ds-markdown-paragraph\">\u2705\u00a0<strong>\u00bfPor qu\u00e9 elegirnos?<\/strong><\/p>\n<ul>\n<li>\n<p class=\"ds-markdown-paragraph\"><strong>Impermeable y a prueba de salpicaduras<\/strong>: Interiores recubiertos de TPU + costuras selladas: \u00a1mant\u00e9n los alimentos secos y las bebidas fr\u00edas durante m\u00e1s de 24 horas!<\/p>\n<\/li>\n<li>\n<p class=\"ds-markdown-paragraph\"><strong>Ventajas de los pedidos al por mayor<\/strong>: Pida bolsas de camping a granel (MOQ 50pcs) con opciones ODM\/OEM o etiqueta privada - \u00a1listas en 12 d\u00edas!<\/p>\n<\/li>\n<li>\n<p class=\"ds-markdown-paragraph\"><strong>Plegable y ligera<\/strong>: \u00a1Ahorra espacio de almacenamiento 60% - reducir los gastos de env\u00edo para la exportaci\u00f3n bolsa de camping!<\/p>\n<\/li>\n<li>\n<p class=\"ds-markdown-paragraph\"><strong>Ventaja del precio en China<\/strong>: Como proveedor l\u00edder de bolsas de camping en China, ofrecemos la mejor calidad a precios directos de f\u00e1brica.<\/p>\n<\/li>\n<\/ul>\n<p class=\"ds-markdown-paragraph\"><strong>Caracter\u00edsticas que se venden r\u00e1pido:<\/strong><br \/>\n\ud83d\udd39 Capacidad de 15L-30L (caben mantas, utensilios, botellas).<br \/>\n\ud83d\udd39 Correas desmontables + asas reforzadas (3 modos de transporte)<br \/>\n\ud83d\udd39 Forro de PEVA ecol\u00f3gico (certificado OEKO-TEX, sin toxinas).<br \/>\n\ud83d\udd39 Revestimiento antimoho + superficies f\u00e1ciles de limpiar.<\/p>\n<p class=\"ds-markdown-paragraph\"><strong>Perfecto para:<\/strong><\/p>\n<ul>\n<li>\n<p class=\"ds-markdown-paragraph\">Minoristas y vendedores de bolsas de acampada<\/p>\n<\/li>\n<li>\n<p class=\"ds-markdown-paragraph\">Tiendas de art\u00edculos de picnic y vendedores de comercio electr\u00f3nico<\/p>\n<\/li>\n<li>\n<p class=\"ds-markdown-paragraph\">Startups lanzan marcas blancas de bolsas de camping<\/p>\n<\/li>\n<\/ul>\n<p class=\"ds-markdown-paragraph\"><strong>C\u00f3mo funciona:<\/strong><br \/>\n1\ufe0f\u20e3 Elige entre m\u00e1s de 100 dise\u00f1os o personaliza el tuyo propio<br \/>\n2\ufe0f\u20e3 Prototipo en 5 d\u00edas \u2192 aprobar \u2192 producir en serie.<br \/>\n3\ufe0f\u20e3 Env\u00edo a todo el mundo a trav\u00e9s de redes de exportaci\u00f3n de bolsas de camping (DDP\/DAP disponibles)<\/p>\n<p class=\"ds-markdown-paragraph\"><strong>\u00bfListo para almacenar bolsas de picnic que vuelan de las estanter\u00edas?<\/strong><br \/>\n\ud83d\udc49\u00a0<strong>Muestras gratuitas<\/strong>\u00a0\ud83d\udc49 15% dep\u00f3sito \ud83d\udc49 24\/7 apoyo<\/p>\n<\/div>\n<\/div>\n<\/div>\n<\/div>","protected":false},"excerpt":{"rendered":"<h2 data-immersive-translate-walked=\"344be1c1-5052-41eb-8fcd-0dbe236a0d6b\" data-immersive-translate-paragraph=\"1\">Mayorista Bolsa de picnic para camping<\/h2>\n<p><strong>1. MATERIAL DE PRIMERA CALIDAD: <\/strong>Nuestra mochila est\u00e1 fabricada con tejido 600D de alta densidad, resistente a los desgarros y al agua. Para que la cremallera sea suave y duradera, la mochila est\u00e1 equipada con una cremallera SBS.<\/p>\n<p><strong>2. COMPARTIMENTO AISLADO:<\/strong> El forro de la mochila est\u00e1 hecho de pel\u00edcula de aluminio, cuyo efecto aislante es mejor que el forro de PEVA. Es bueno para mantener la comida fresca, fr\u00eda o caliente durante mucho tiempo. El portavinos desmontable tambi\u00e9n tiene un forro de aluminio aislante.<\/p>\n<p><strong>3. MANTA DE LANA:<\/strong>\u00a0La manta de forro polar mide 47 x 59 pulgadas con soporte de PE impermeable. Se puede guardar f\u00e1cilmente en el lateral de la mochila o llevarla con asa.<\/p>","protected":false},"featured_media":3243,"template":"","meta":{"_uag_custom_page_level_css":""},"product_brand":[],"product_cat":[44,60,50],"product_tag":[],"class_list":{"0":"post-3237","1":"product","2":"type-product","3":"status-publish","4":"has-post-thumbnail","6":"product_cat-camping-bags","7":"product_cat-backpack","8":"product_cat-cooler-bag","10":"first","11":"instock","12":"shipping-taxable","13":"product-type-simple"},"uagb_featured_image_src":{"full":["https:\/\/pecbag.com\/wp-content\/uploads\/2025\/05\/Wholesale-Camping-Picnic-Bag-6.jpeg",800,800,false],"thumbnail":["https:\/\/pecbag.com\/wp-content\/uploads\/2025\/05\/Wholesale-Camping-Picnic-Bag-6-150x150.jpeg",150,150,true],"medium":["https:\/\/pecbag.com\/wp-content\/uploads\/2025\/05\/Wholesale-Camping-Picnic-Bag-6-300x300.jpeg",300,300,true],"medium_large":["https:\/\/pecbag.com\/wp-content\/uploads\/2025\/05\/Wholesale-Camping-Picnic-Bag-6-768x768.jpeg",768,768,true],"large":["https:\/\/pecbag.com\/wp-content\/uploads\/2025\/05\/Wholesale-Camping-Picnic-Bag-6.jpeg",800,800,false],"1536x1536":["https:\/\/pecbag.com\/wp-content\/uploads\/2025\/05\/Wholesale-Camping-Picnic-Bag-6.jpeg",800,800,false],"2048x2048":["https:\/\/pecbag.com\/wp-content\/uploads\/2025\/05\/Wholesale-Camping-Picnic-Bag-6.jpeg",800,800,false],"trp-custom-language-flag":["https:\/\/pecbag.com\/wp-content\/uploads\/2025\/05\/Wholesale-Camping-Picnic-Bag-6-12x12.jpeg",12,12,true],"woocommerce_thumbnail":["https:\/\/pecbag.com\/wp-content\/uploads\/2025\/05\/Wholesale-Camping-Picnic-Bag-6-300x300.jpeg",300,300,true],"woocommerce_single":["https:\/\/pecbag.com\/wp-content\/uploads\/2025\/05\/Wholesale-Camping-Picnic-Bag-6-600x600.jpeg",600,600,true],"woocommerce_gallery_thumbnail":["https:\/\/pecbag.com\/wp-content\/uploads\/2025\/05\/Wholesale-Camping-Picnic-Bag-6-100x100.jpeg",100,100,true]},"uagb_author_info":{"display_name":"Lawrence","author_link":"https:\/\/pecbag.com\/es\/author\/"},"uagb_comment_info":0,"uagb_excerpt":"Wholesale Camping Picnic Bag 1. PREMIUM MATERIAL: Our backpack is made from high-density 600D fabric, which is tear-resistant and water-resistant. To make the zipper smooth and durable, the backpack is equipped with an SBS zipper. 2. INSULATED COMPARTMENT: The lining of the backpack is made of aluminum film, whose insulation effect is better than PEVA&hellip;","_links":{"self":[{"href":"https:\/\/pecbag.com\/es\/wp-json\/wp\/v2\/product\/3237","targetHints":{"allow":["GET"]}}],"collection":[{"href":"https:\/\/pecbag.com\/es\/wp-json\/wp\/v2\/product"}],"about":[{"href":"https:\/\/pecbag.com\/es\/wp-json\/wp\/v2\/types\/product"}],"wp:featuredmedia":[{"embeddable":true,"href":"https:\/\/pecbag.com\/es\/wp-json\/wp\/v2\/media\/3243"}],"wp:attachment":[{"href":"https:\/\/pecbag.com\/es\/wp-json\/wp\/v2\/media?parent=3237"}],"wp:term":[{"taxonomy":"product_brand","embeddable":true,"href":"https:\/\/pecbag.com\/es\/wp-json\/wp\/v2\/product_brand?post=3237"},{"taxonomy":"product_cat","embeddable":true,"href":"https:\/\/pecbag.com\/es\/wp-json\/wp\/v2\/product_cat?post=3237"},{"taxonomy":"product_tag","embeddable":true,"href":"https:\/\/pecbag.com\/es\/wp-json\/wp\/v2\/product_tag?post=3237"}],"curies":[{"name":"wp","href":"https:\/\/api.w.org\/{rel}","templated":true}]}}