{"id":3244,"date":"2025-05-26T01:22:57","date_gmt":"2025-05-26T01:22:57","guid":{"rendered":"https:\/\/pecbag.com\/?post_type=product&#038;p=3244"},"modified":"2025-11-29T02:06:16","modified_gmt":"2025-11-29T02:06:16","slug":"large-soft-sided-cooling-bag","status":"publish","type":"product","link":"https:\/\/pecbag.com\/es\/large-soft-sided-cooling-bag\/","title":{"rendered":"Bolsa de refrigeraci\u00f3n grande y flexible"},"content":{"rendered":"<h5 title=\"Bolso plegable para perros Bolso de malla transpirable para mascotas peque\u00f1as Perros Gatos\" data-immersive-translate-walked=\"1c928421-2e42-4cd3-8754-5404553c0af5\" data-immersive-translate-paragraph=\"1\" data-spm-anchor-id=\"a2700.details.0.i35.4f6757d4w4zNZA\">Gran bolsa de enfriamiento suave Fabricante | Mochila impermeable F\u00e1brica y proveedor | OEM a granel<\/h5>\n<div class=\"flex flex-grow flex-col max-w-full\">\n<div class=\"min-h-[20px] text-message flex w-full flex-col items-end gap-2 whitespace-pre-wrap break-words [.text-message+&amp;]:mt-5 overflow-x-auto\" dir=\"auto\" data-message-author-role=\"assistant\" data-message-id=\"3d7d46f6-7ec2-4222-9257-48fa0bba23c6\" data-suggestions=\"true\">\n<div class=\"flex w-full flex-col gap-1 empty:hidden first:pt-[3px]\">\n<div class=\"markdown prose w-full break-words dark:prose-invert light\">\n<p>\u00bfNecesita bolsas de refrigeraci\u00f3n grandes y blandas que mantengan la mercanc\u00eda refrigerada durante d\u00edas? Somos una f\u00e1brica de bolsas impermeables y fabricantes de mochilas en China, y producimos soluciones de refrigeraci\u00f3n de alta resistencia para servicios de entrega de alimentos, empresas farmac\u00e9uticas y mayoristas de bolsas de refrigeraci\u00f3n de todo el mundo.<\/p>\n<table width=\"288\">\n<tbody>\n<tr>\n<td width=\"137\"><span style=\"color: #333333;\">Nombre del producto<\/span><\/td>\n<td width=\"151\"><span style=\"color: #333333;\">Bolsa de refrigeraci\u00f3n<\/span><\/td>\n<\/tr>\n<tr>\n<td><span style=\"color: #333333;\">N\u00ba de art\u00edculo<\/span><\/td>\n<td><span style=\"color: #333333;\">PB-2036<\/span><\/td>\n<\/tr>\n<tr>\n<td><span style=\"color: #333333;\">Material<\/span><\/td>\n<td>Poli\u00e9ster 600D<\/td>\n<\/tr>\n<tr>\n<td><span style=\"color: #333333;\">\u00a0Tama\u00f1o y color<\/span><\/td>\n<td>40 x 30 x 30 cm<\/td>\n<\/tr>\n<tr>\n<td><span style=\"color: #333333;\">\u00a0Plazo de entrega<\/span><\/td>\n<td><span style=\"color: #333333;\">1-5 d\u00edas para peque\u00f1as cantidades por v\u00eda a\u00e9rea y 30-35 d\u00edas para grandes cantidades por v\u00eda mar\u00edtima<\/span><\/td>\n<\/tr>\n<\/tbody>\n<\/table>\n<p class=\"ds-markdown-paragraph\">\u2705\u00a0<strong>\u00bfPor qu\u00e9 asociarse con nosotros?<\/strong><\/p>\n<ul>\n<li>\n<p class=\"ds-markdown-paragraph\"><strong>Refrigeraci\u00f3n de 72 horas<\/strong>: Aislamiento ecol\u00f3gico de 4 cm + forro termorreflectante: \u00a1perfecto para vacunas, marisco o preparaci\u00f3n de comidas!<\/p>\n<\/li>\n<li>\n<p class=\"ds-markdown-paragraph\"><strong>Suave y espacioso<\/strong>: Capacidades de 50L-100L - se adapta a cajas, botellas o art\u00edculos irregulares sin abombarse.<\/p>\n<\/li>\n<li>\n<p class=\"ds-markdown-paragraph\"><strong>Ventajas de los pedidos al por mayor<\/strong>: \u00a1Producir bolsa de refrigeraci\u00f3n pedidos a granel (MOQ 50pcs) con ODM \/ OEM o etiqueta privada en 15 d\u00edas!<\/p>\n<\/li>\n<li>\n<p class=\"ds-markdown-paragraph\"><strong>Ventaja de costes en China<\/strong>: Como uno de los principales proveedores de bolsas de refrigeraci\u00f3n de China, combinamos la calidad con precios inmejorables.<\/p>\n<\/li>\n<\/ul>\n<p class=\"ds-markdown-paragraph\"><strong>Caracter\u00edsticas que venden:<\/strong><br \/>\n\ud83d\udd39 100% costuras de TPU impermeables + interiores de PEVA resistentes al moho.<br \/>\n\ud83d\udd39 Asas reforzadas (capacidad para m\u00e1s de 300 libras) + correas de hombro desmontables.<br \/>\n\ud83d\udd39 Compartimentos personalizables + bolsillos con bloqueo RFID.<br \/>\n\ud83d\udd39 Certificado OEKO-TEX - seguro para uso alimentario\/farmac\u00e9utico.<\/p>\n<p class=\"ds-markdown-paragraph\"><strong>Perfecto para:<\/strong><\/p>\n<ul>\n<li>\n<p class=\"ds-markdown-paragraph\">Proveedores m\u00e9dicos y vendedores de bolsas refrigerantes<\/p>\n<\/li>\n<li>\n<p class=\"ds-markdown-paragraph\">Empresas de kits de comida y mayoristas de bolsas refrigerantes<\/p>\n<\/li>\n<li>\n<p class=\"ds-markdown-paragraph\">Startups que crean bolsas de refrigeraci\u00f3n para marcas blancas<\/p>\n<\/li>\n<\/ul>\n<p class=\"ds-markdown-paragraph\"><strong>C\u00f3mo trabajamos:<\/strong><br \/>\n1\ufe0f\u20e3 Elija entre m\u00e1s de 80 dise\u00f1os o env\u00ede sus especificaciones<br \/>\n2\ufe0f\u20e3 Prototipo en 7 d\u00edas \u2192 aprobar \u2192 producir en serie.<br \/>\n3\ufe0f\u20e3 Env\u00edo a trav\u00e9s de redes de exportaci\u00f3n de bolsas refrigerantes (opciones DDP\/DAP)<\/p>\n<p class=\"ds-markdown-paragraph\"><strong>\u00bfListo para enfriar sus m\u00e1rgenes de beneficio?<\/strong><br \/>\n\ud83d\udc49\u00a0<strong>Muestras gratuitas<\/strong>\u00a0\ud83d\udc49 20% dep\u00f3sito \ud83d\udc49 24h cotizaciones<\/p>\n<\/div>\n<\/div>\n<\/div>\n<\/div>","protected":false},"excerpt":{"rendered":"<h2 data-immersive-translate-walked=\"344be1c1-5052-41eb-8fcd-0dbe236a0d6b\" data-immersive-translate-paragraph=\"1\">Bolsa de refrigeraci\u00f3n grande y flexible<\/h2>\n<div class=\"sliderTable mt10 mb10 sliderTable-index0\">\n<div class=\"inner\">Esta bolsa nevera tiene un dise\u00f1o excelente, un tama\u00f1o adecuado y es f\u00e1cil de guardar. Puede plegarla y guardarla en el equipaje, o almacenar alimentos congelados mientras hace la compra. Fabricada con tejido de poli\u00e9ster 600D de alta calidad y cremalleras reforzadas para garantizar la m\u00e1xima durabilidad. Incorpora un forro interior Ultra Safe a prueba de fugas y f\u00e1cil de limpiar. El suave forro a prueba de fugas tambi\u00e9n es f\u00e1cil de limpiar; basta con pasarle un pa\u00f1o h\u00famedo.<\/div>\n<\/div>","protected":false},"featured_media":3251,"template":"","meta":{"_uag_custom_page_level_css":""},"product_brand":[],"product_cat":[44,50],"product_tag":[],"class_list":{"0":"post-3244","1":"product","2":"type-product","3":"status-publish","4":"has-post-thumbnail","6":"product_cat-camping-bags","7":"product_cat-cooler-bag","9":"first","10":"instock","11":"shipping-taxable","12":"product-type-simple"},"uagb_featured_image_src":{"full":["https:\/\/pecbag.com\/wp-content\/uploads\/2025\/05\/Large-Soft-Sided-Cooling-Bag-3-1.jpeg",750,750,false],"thumbnail":["https:\/\/pecbag.com\/wp-content\/uploads\/2025\/05\/Large-Soft-Sided-Cooling-Bag-3-1-150x150.jpeg",150,150,true],"medium":["https:\/\/pecbag.com\/wp-content\/uploads\/2025\/05\/Large-Soft-Sided-Cooling-Bag-3-1-300x300.jpeg",300,300,true],"medium_large":["https:\/\/pecbag.com\/wp-content\/uploads\/2025\/05\/Large-Soft-Sided-Cooling-Bag-3-1.jpeg",750,750,false],"large":["https:\/\/pecbag.com\/wp-content\/uploads\/2025\/05\/Large-Soft-Sided-Cooling-Bag-3-1.jpeg",750,750,false],"1536x1536":["https:\/\/pecbag.com\/wp-content\/uploads\/2025\/05\/Large-Soft-Sided-Cooling-Bag-3-1.jpeg",750,750,false],"2048x2048":["https:\/\/pecbag.com\/wp-content\/uploads\/2025\/05\/Large-Soft-Sided-Cooling-Bag-3-1.jpeg",750,750,false],"trp-custom-language-flag":["https:\/\/pecbag.com\/wp-content\/uploads\/2025\/05\/Large-Soft-Sided-Cooling-Bag-3-1-12x12.jpeg",12,12,true],"woocommerce_thumbnail":["https:\/\/pecbag.com\/wp-content\/uploads\/2025\/05\/Large-Soft-Sided-Cooling-Bag-3-1-300x300.jpeg",300,300,true],"woocommerce_single":["https:\/\/pecbag.com\/wp-content\/uploads\/2025\/05\/Large-Soft-Sided-Cooling-Bag-3-1-600x600.jpeg",600,600,true],"woocommerce_gallery_thumbnail":["https:\/\/pecbag.com\/wp-content\/uploads\/2025\/05\/Large-Soft-Sided-Cooling-Bag-3-1-100x100.jpeg",100,100,true]},"uagb_author_info":{"display_name":"Lawrence","author_link":"https:\/\/pecbag.com\/es\/author\/"},"uagb_comment_info":0,"uagb_excerpt":"Large Soft Sided Cooling Bag This cooler bag is an excellent design, a suitable size, and an easy-to-store portable pack. You can fold it flat and pack it in your luggage, or store frozen food while shopping. Made with high-quality 600D polyester fabric and reinforced zippers to ensure maximum durability. Features an Ultra Safe leak-proof,&hellip;","_links":{"self":[{"href":"https:\/\/pecbag.com\/es\/wp-json\/wp\/v2\/product\/3244","targetHints":{"allow":["GET"]}}],"collection":[{"href":"https:\/\/pecbag.com\/es\/wp-json\/wp\/v2\/product"}],"about":[{"href":"https:\/\/pecbag.com\/es\/wp-json\/wp\/v2\/types\/product"}],"wp:featuredmedia":[{"embeddable":true,"href":"https:\/\/pecbag.com\/es\/wp-json\/wp\/v2\/media\/3251"}],"wp:attachment":[{"href":"https:\/\/pecbag.com\/es\/wp-json\/wp\/v2\/media?parent=3244"}],"wp:term":[{"taxonomy":"product_brand","embeddable":true,"href":"https:\/\/pecbag.com\/es\/wp-json\/wp\/v2\/product_brand?post=3244"},{"taxonomy":"product_cat","embeddable":true,"href":"https:\/\/pecbag.com\/es\/wp-json\/wp\/v2\/product_cat?post=3244"},{"taxonomy":"product_tag","embeddable":true,"href":"https:\/\/pecbag.com\/es\/wp-json\/wp\/v2\/product_tag?post=3244"}],"curies":[{"name":"wp","href":"https:\/\/api.w.org\/{rel}","templated":true}]}}