{"id":3252,"date":"2025-05-26T01:56:16","date_gmt":"2025-05-26T01:56:16","guid":{"rendered":"https:\/\/pecbag.com\/?post_type=product&#038;p=3252"},"modified":"2025-11-29T02:03:49","modified_gmt":"2025-11-29T02:03:49","slug":"durable-multifunctional-large-rolling-cooler-bag","status":"publish","type":"product","link":"https:\/\/pecbag.com\/es\/durable-multifunctional-large-rolling-cooler-bag\/","title":{"rendered":"Bolsa Nevera Enrollable Grande Multifuncional Duradera"},"content":{"rendered":"<h5 title=\"Bolso plegable para perros Bolso de malla transpirable para mascotas peque\u00f1as Perros Gatos\" data-immersive-translate-walked=\"1c928421-2e42-4cd3-8754-5404553c0af5\" data-immersive-translate-paragraph=\"1\" data-spm-anchor-id=\"a2700.details.0.i35.4f6757d4w4zNZA\">Durable Multifunctional Large Rolling Cooler Bag Fabricante | Proveedor de bolsas impermeables y mochilas | OEM a granel<\/h5>\n<div class=\"flex flex-grow flex-col max-w-full\">\n<div class=\"min-h-[20px] text-message flex w-full flex-col items-end gap-2 whitespace-pre-wrap break-words [.text-message+&amp;]:mt-5 overflow-x-auto\" dir=\"auto\" data-message-author-role=\"assistant\" data-message-id=\"3d7d46f6-7ec2-4222-9257-48fa0bba23c6\" data-suggestions=\"true\">\n<div class=\"flex w-full flex-col gap-1 empty:hidden first:pt-[3px]\">\n<div class=\"markdown prose w-full break-words dark:prose-invert light\">\n<p>\u00bfBusca bolsas t\u00e9rmicas enrollables grandes, duraderas y multifuncionales que soporten cargas pesadas y condiciones duras? Como f\u00e1brica l\u00edder de bolsas impermeables y fabricante de mochilas en China, nos especializamos en la elaboraci\u00f3n de bolsas refrigerantes grandes enrollables de calidad industrial, duraderas y multifuncionales para log\u00edstica alimentaria, proveedores m\u00e9dicos y marcas de actividades al aire libre en todo el mundo.<\/p>\n<table width=\"288\">\n<tbody>\n<tr>\n<td width=\"137\"><span style=\"color: #333333;\">Nombre del producto<\/span><\/td>\n<td width=\"151\"><span style=\"color: #333333;\">Bolsa de refrigeraci\u00f3n<\/span><\/td>\n<\/tr>\n<tr>\n<td><span style=\"color: #333333;\">N\u00ba de art\u00edculo<\/span><\/td>\n<td><span style=\"color: #333333;\">PB-2037<\/span><\/td>\n<\/tr>\n<tr>\n<td><span style=\"color: #333333;\">Material<\/span><\/td>\n<td>Oxford<\/td>\n<\/tr>\n<tr>\n<td><span style=\"color: #333333;\">Talla<\/span><\/td>\n<td>10,6\u2033 x 12,9\u2033 x 20,1\u2033<\/td>\n<\/tr>\n<tr>\n<td><span style=\"color: #333333;\">\u00a0Plazo de entrega<\/span><\/td>\n<td><span style=\"color: #333333;\">1-5 d\u00edas para peque\u00f1as cantidades por v\u00eda a\u00e9rea y 30-35 d\u00edas para grandes cantidades por v\u00eda mar\u00edtima<\/span><\/td>\n<\/tr>\n<\/tbody>\n<\/table>\n<p class=\"ds-markdown-paragraph\">\u2705\u00a0<strong>\u00bfPor qu\u00e9 elegir nuestras bolsas nevera enrollables grandes multifuncionales y duraderas?<\/strong><\/p>\n<ul>\n<li>\n<p class=\"ds-markdown-paragraph\"><strong>Construido para durar<\/strong>: Poli\u00e9ster 1680D + esquinas reforzadas - resiste m\u00e1s de 200 libras, \u00a1perfecto para pedidos al por mayor de bolsas refrigerantes!<\/p>\n<\/li>\n<li>\n<p class=\"ds-markdown-paragraph\"><strong>Dise\u00f1o todo en uno<\/strong>: Ruedas de 360\u00b0 + asa telesc\u00f3pica + separadores desmontables - pasa del almac\u00e9n al cami\u00f3n en segundos.<\/p>\n<\/li>\n<li>\n<p class=\"ds-markdown-paragraph\"><strong>Refrigeraci\u00f3n de 72 horas<\/strong>: Aislamiento ecol\u00f3gico de 5 cm + forro reflectante: mantiene helados los productos farmac\u00e9uticos, el marisco o las bebidas.<\/p>\n<\/li>\n<li>\n<p class=\"ds-markdown-paragraph\"><strong>Preparado para la personalizaci\u00f3n<\/strong>: A\u00f1ada logotipos, colores o compartimentos mediante la bolsa de refrigeraci\u00f3n ODM\/OEM o etiqueta privada.<\/p>\n<\/li>\n<\/ul>\n<p class=\"ds-markdown-paragraph\"><strong>Caracter\u00edsticas que dominan los mercados:<\/strong><br \/>\n\ud83d\udd39 100% costuras de TPU impermeable + interiores de PEVA antimoho (cumple con la FDA).<br \/>\n\ud83d\udd39 Cremalleras YKK bloqueables + bolsillos de seguridad con bloqueo RFID.<br \/>\n\ud83d\udd39 Capacidad ampliable 80L-150L - se adapta a pal\u00e9s o cargas irregulares.<br \/>\n\ud83d\udd39 Certificado CE\/SGS - seguro para la exportaci\u00f3n mundial de bolsas refrigerantes.<\/p>\n<p class=\"ds-markdown-paragraph\"><strong>Perfecto para:<\/strong><\/p>\n<ul>\n<li>\n<p class=\"ds-markdown-paragraph\">Distribuidores farmac\u00e9uticos y vendedores de bolsas refrigerantes<\/p>\n<\/li>\n<li>\n<p class=\"ds-markdown-paragraph\">Cadenas de supermercados y mayoristas de bolsas refrigerantes<\/p>\n<\/li>\n<li>\n<p class=\"ds-markdown-paragraph\">Startups que crean marcas blancas de bolsas refrigerantes<\/p>\n<\/li>\n<\/ul>\n<p class=\"ds-markdown-paragraph\"><strong>C\u00f3mo entregamos sus bolsas nevera grandes enrollables multifuncionales y duraderas:<\/strong><br \/>\n1\ufe0f\u20e3 Env\u00ede sus especificaciones o elija entre m\u00e1s de 50 dise\u00f1os de alta resistencia<br \/>\n2\ufe0f\u20e3 Prototipo en 10 d\u00edas \u2192 aprobar \u2192 producir en serie.<br \/>\n3\ufe0f\u20e3 Env\u00edo a trav\u00e9s de redes de exportaci\u00f3n de bolsas refrigerantes (aire\/mar\/ferrocarril)<\/p>\n<p class=\"ds-markdown-paragraph\"><strong>Por qu\u00e9 somos su principal proveedor de bolsas de refrigeraci\u00f3n en China:<\/strong><br \/>\n\u2705 15 a\u00f1os de experiencia como fabricante de bolsas refrigerantes<br \/>\n\u2705 30% costes m\u00e1s bajos que las f\u00e1bricas de EE.UU.\/UE<br \/>\n\u2705 Asistencia biling\u00fce 24 horas al d\u00eda, 7 d\u00edas a la semana<\/p>\n<p class=\"ds-markdown-paragraph\"><strong>\u00bfListo para obtener beneficios?<\/strong><br \/>\n\ud83d\udc49\u00a0<strong>Muestras gratuitas<\/strong>\u00a0\ud83d\udc49 25% dep\u00f3sito \ud83d\udc49 48h cotizaciones<\/p>\n<\/div>\n<\/div>\n<\/div>\n<\/div>","protected":false},"excerpt":{"rendered":"<h2 data-immersive-translate-walked=\"344be1c1-5052-41eb-8fcd-0dbe236a0d6b\" data-immersive-translate-paragraph=\"1\">Bolsa Nevera Enrollable Grande Multifuncional Duradera<\/h2>\n<div class=\"sliderTable mt10 mb10 sliderTable-index0\">\n<div class=\"inner\">\n<div>A prueba de fugas y aislada: La nevera blanda con ruedas en el interior cuenta con EVA de calidad alimentaria con prensado en caliente sin costuras para asegurarse 100% a prueba de fugas. El material aislante de alta densidad de 4 capas y el forro impermeable a prueba de fugas trabajan juntos para mantener el contenido caliente\/fr\u00edo durante mucho tiempo.<\/div>\n<\/div>\n<\/div>","protected":false},"featured_media":3259,"template":"","meta":{"_uag_custom_page_level_css":""},"product_brand":[],"product_cat":[44,50],"product_tag":[],"class_list":{"0":"post-3252","1":"product","2":"type-product","3":"status-publish","4":"has-post-thumbnail","6":"product_cat-camping-bags","7":"product_cat-cooler-bag","9":"first","10":"instock","11":"shipping-taxable","12":"product-type-simple"},"uagb_featured_image_src":{"full":["https:\/\/pecbag.com\/wp-content\/uploads\/2025\/05\/COOLER2.jpg",679,717,false],"thumbnail":["https:\/\/pecbag.com\/wp-content\/uploads\/2025\/05\/COOLER2-150x150.jpg",150,150,true],"medium":["https:\/\/pecbag.com\/wp-content\/uploads\/2025\/05\/COOLER2-284x300.jpg",284,300,true],"medium_large":["https:\/\/pecbag.com\/wp-content\/uploads\/2025\/05\/COOLER2.jpg",679,717,false],"large":["https:\/\/pecbag.com\/wp-content\/uploads\/2025\/05\/COOLER2.jpg",679,717,false],"1536x1536":["https:\/\/pecbag.com\/wp-content\/uploads\/2025\/05\/COOLER2.jpg",679,717,false],"2048x2048":["https:\/\/pecbag.com\/wp-content\/uploads\/2025\/05\/COOLER2.jpg",679,717,false],"trp-custom-language-flag":["https:\/\/pecbag.com\/wp-content\/uploads\/2025\/05\/COOLER2-11x12.jpg",11,12,true],"woocommerce_thumbnail":["https:\/\/pecbag.com\/wp-content\/uploads\/2025\/05\/COOLER2-300x300.jpg",300,300,true],"woocommerce_single":["https:\/\/pecbag.com\/wp-content\/uploads\/2025\/05\/COOLER2-600x634.jpg",600,634,true],"woocommerce_gallery_thumbnail":["https:\/\/pecbag.com\/wp-content\/uploads\/2025\/05\/COOLER2-100x100.jpg",100,100,true]},"uagb_author_info":{"display_name":"Lawrence","author_link":"https:\/\/pecbag.com\/es\/author\/"},"uagb_comment_info":0,"uagb_excerpt":"Durable Multifunctional Large Rolling Cooler Bag Leakproof and Insulated: The soft cooler on wheels inside features food-grade EVA with seamless hot pressing to make sure 100% leak-proof. 4-layer high-density insulation material and waterproof, leakproof liner work together to keep the contents long-lasting warm\/cold.","_links":{"self":[{"href":"https:\/\/pecbag.com\/es\/wp-json\/wp\/v2\/product\/3252","targetHints":{"allow":["GET"]}}],"collection":[{"href":"https:\/\/pecbag.com\/es\/wp-json\/wp\/v2\/product"}],"about":[{"href":"https:\/\/pecbag.com\/es\/wp-json\/wp\/v2\/types\/product"}],"wp:featuredmedia":[{"embeddable":true,"href":"https:\/\/pecbag.com\/es\/wp-json\/wp\/v2\/media\/3259"}],"wp:attachment":[{"href":"https:\/\/pecbag.com\/es\/wp-json\/wp\/v2\/media?parent=3252"}],"wp:term":[{"taxonomy":"product_brand","embeddable":true,"href":"https:\/\/pecbag.com\/es\/wp-json\/wp\/v2\/product_brand?post=3252"},{"taxonomy":"product_cat","embeddable":true,"href":"https:\/\/pecbag.com\/es\/wp-json\/wp\/v2\/product_cat?post=3252"},{"taxonomy":"product_tag","embeddable":true,"href":"https:\/\/pecbag.com\/es\/wp-json\/wp\/v2\/product_tag?post=3252"}],"curies":[{"name":"wp","href":"https:\/\/api.w.org\/{rel}","templated":true}]}}