{"id":3269,"date":"2025-05-26T02:52:21","date_gmt":"2025-05-26T02:52:21","guid":{"rendered":"https:\/\/pecbag.com\/?post_type=product&#038;p=3269"},"modified":"2025-11-29T02:04:08","modified_gmt":"2025-11-29T02:04:08","slug":"compartment-outdoor-cooler-picnic-backpack","status":"publish","type":"product","link":"https:\/\/pecbag.com\/es\/compartment-outdoor-cooler-picnic-backpack\/","title":{"rendered":"Compartimento Exterior Nevera Mochila Picnic"},"content":{"rendered":"<h5 title=\"Bolso plegable para perros Bolso de malla transpirable para mascotas peque\u00f1as Perros Gatos\" data-immersive-translate-walked=\"1c928421-2e42-4cd3-8754-5404553c0af5\" data-immersive-translate-paragraph=\"1\" data-spm-anchor-id=\"a2700.details.0.i35.4f6757d4w4zNZA\">Compartimiento al aire libre refrigerador Picnic Mochila Fabricante | Bolsa impermeable F\u00e1brica y Mochila Proveedor | OEM a granel<\/h5>\n<div class=\"flex flex-grow flex-col max-w-full\">\n<div class=\"min-h-[20px] text-message flex w-full flex-col items-end gap-2 whitespace-pre-wrap break-words [.text-message+&amp;]:mt-5 overflow-x-auto\" dir=\"auto\" data-message-author-role=\"assistant\" data-message-id=\"3d7d46f6-7ec2-4222-9257-48fa0bba23c6\" data-suggestions=\"true\">\n<div class=\"flex w-full flex-col gap-1 empty:hidden first:pt-[3px]\">\n<div class=\"markdown prose w-full break-words dark:prose-invert light\">\n<p>\u00bfNecesita mochilas de picnic con compartimento refrigerador para exteriores que organicen el equipo y mantengan las bebidas heladas todo el d\u00eda? Como fabricante l\u00edder de bolsas impermeables y mochilas en China, creamos mochilas de picnic con compartimentos refrigeradores para exteriores con soluciones de almacenamiento inteligentes para marcas de actividades al aire libre, organizadores de eventos y mayoristas de bolsas refrigerantes de todo el mundo.<\/p>\n<table width=\"288\">\n<tbody>\n<tr>\n<td width=\"137\"><span style=\"color: #333333;\">Nombre del producto<\/span><\/td>\n<td width=\"151\"><span style=\"color: #333333;\">Bolsa de refrigeraci\u00f3n<\/span><\/td>\n<\/tr>\n<tr>\n<td><span style=\"color: #333333;\">N\u00ba de art\u00edculo<\/span><\/td>\n<td><span style=\"color: #333333;\">PB-2039<\/span><\/td>\n<\/tr>\n<tr>\n<td><span style=\"color: #333333;\">Material<\/span><\/td>\n<td>Copo de nieve<\/td>\n<\/tr>\n<tr>\n<td><span style=\"color: #333333;\">\u00a0Tama\u00f1o y color<\/span><\/td>\n<td>19*32*46 cm<\/td>\n<\/tr>\n<tr>\n<td><span style=\"color: #333333;\">\u00a0Plazo de entrega<\/span><\/td>\n<td><span style=\"color: #333333;\">1-5 d\u00edas para peque\u00f1as cantidades por v\u00eda a\u00e9rea y 30-35 d\u00edas para grandes cantidades por v\u00eda mar\u00edtima<\/span><\/td>\n<\/tr>\n<\/tbody>\n<\/table>\n<p class=\"ds-markdown-paragraph\">\u2705\u00a0<strong>Por qu\u00e9 destacan nuestras mochilas refrigeradas con compartimentos para picnic al aire libre:<\/strong><\/p>\n<ul>\n<li>\n<p class=\"ds-markdown-paragraph\"><strong>M\u00e1s de 6 compartimentos espec\u00edficos<\/strong>: Separe la comida, las bebidas, los utensilios y los artilugios: \u00a1se acab\u00f3 el caos en los picnics!<\/p>\n<\/li>\n<li>\n<p class=\"ds-markdown-paragraph\"><strong>48 horas de refrigeraci\u00f3n<\/strong>: Aislamiento ecol\u00f3gico de 4 cm + forro impermeable de TPU: el hielo dura 2 veces m\u00e1s que las bolsas est\u00e1ndar.<\/p>\n<\/li>\n<li>\n<p class=\"ds-markdown-paragraph\"><strong>Pedidos a granel<\/strong>: \u00a1Producir bolsa de enfriamiento pedidos a granel (MOQ 50pcs) con la bolsa de enfriamiento ODM \/ OEM o etiqueta privada en 12 d\u00edas!<\/p>\n<\/li>\n<li>\n<p class=\"ds-markdown-paragraph\"><strong>Ventaja de costes en China<\/strong>: Como uno de los mejores proveedores de bolsas de refrigeraci\u00f3n de China, fusionamos la calidad con precios inmejorables.<\/p>\n<\/li>\n<\/ul>\n<p class=\"ds-markdown-paragraph\"><strong>Caracter\u00edsticas que impulsan las ventas:<\/strong><br \/>\n\ud83d\udd39 Capacidad 30L-50L + bolsillos laterales expandibles (caben botellas de vino y mantas).<br \/>\n\ud83d\udd39 Tirantes acolchados + panel dorsal transpirable (comodidad todo el d\u00eda).<br \/>\n\ud83d\udd39 Cremalleras antirrobo + ranuras para tarjetas con bloqueo RFID.<br \/>\n\ud83d\udd39 Certificado CE\/SGS - seguro para el contacto con alimentos<\/p>\n<p class=\"ds-markdown-paragraph\"><strong>Perfecto para:<\/strong><\/p>\n<ul>\n<li>\n<p class=\"ds-markdown-paragraph\">Minoristas al aire libre y vendedores de bolsas refrigerantes<\/p>\n<\/li>\n<li>\n<p class=\"ds-markdown-paragraph\">Organizadores de bodas y mayoristas de bolsas refrigerantes<\/p>\n<\/li>\n<li>\n<p class=\"ds-markdown-paragraph\">Startups que crean marcas blancas de bolsas refrigerantes<\/p>\n<\/li>\n<\/ul>\n<p class=\"ds-markdown-paragraph\"><strong>C\u00f3mo Construimos Su Compartimento Enfriador Al Aire Libre Mochilas Picnic:<\/strong><br \/>\n1\ufe0f\u20e3 Elige entre m\u00e1s de 100 dise\u00f1os o personaliza cada detalle<br \/>\n2\ufe0f\u20e3 Prototipo en 7 d\u00edas \u2192 aprobar \u2192 producir en serie.<br \/>\n3\ufe0f\u20e3 Env\u00edo a trav\u00e9s de redes de exportaci\u00f3n de bolsas refrigerantes (a\u00e9reo\/mar\u00edtimo\/expr\u00e9s)<\/p>\n<p class=\"ds-markdown-paragraph\"><strong>Por qu\u00e9 somos su fabricante de bolsas de refrigeraci\u00f3n #1 en China:<\/strong><br \/>\n\u2705 M\u00e1s de 10 a\u00f1os de experiencia como fabricante de bolsas refrigerantes<br \/>\n\u2705 40% tecnolog\u00eda de aislamiento m\u00e1s ligera que la competencia<br \/>\n\u2705 Asistencia multiling\u00fce ininterrumpida (EN\/ES\/FR\/DE)<\/p>\n<p class=\"ds-markdown-paragraph\"><strong>\u00bfListo para convertir los picnics en beneficios?<\/strong><br \/>\n\ud83d\udc49\u00a0<strong>Muestras gratuitas<\/strong>\u00a0\ud83d\udc49 15% dep\u00f3sito \ud83d\udc49 24h cotizaciones<\/p>\n<\/div>\n<\/div>\n<\/div>\n<\/div>","protected":false},"excerpt":{"rendered":"<h2 data-immersive-translate-walked=\"344be1c1-5052-41eb-8fcd-0dbe236a0d6b\" data-immersive-translate-paragraph=\"1\">Compartimento Exterior Nevera Mochila Picnic<\/h2>\n<div class=\"sliderTable mt10 mb10 sliderTable-index0\">\n<div class=\"inner\">1. Mochila aislante de 22 horas: La espuma de l\u00e1mina aislante engrosada y el forro a prueba de fugas garantizan un excelente rendimiento de aislamiento. Ya sea que usted est\u00e1 acampando, en la playa, de picnic, senderismo, viajes, paseos en bote, jugar al aire libre, o el trabajo, nuestra bolsa t\u00e9rmica puede mantener sus cervezas y comida fr\u00eda \/ caliente \/ fresco durante mucho tiempo<br \/>\n2. Gran capacidad y dise\u00f1o multibolsillo: La mochila aislada Cooler proporciona varios bolsillos, la bolsa principal puede contener hasta 36 latas(32L). 2 bolsillos delanteros con cremallera para colocar sus cubiertos y tel\u00e9fonos m\u00f3viles, 4 bolsillos laterales para guardar paraguas y bebidas, tambi\u00e9n hay un bolsillo superior para facilitar el almacenamiento de aperitivos y fruta.<\/div>\n<\/div>","protected":false},"featured_media":3271,"template":"","meta":{"_uag_custom_page_level_css":""},"product_brand":[],"product_cat":[44,60,50],"product_tag":[],"class_list":{"0":"post-3269","1":"product","2":"type-product","3":"status-publish","4":"has-post-thumbnail","6":"product_cat-camping-bags","7":"product_cat-backpack","8":"product_cat-cooler-bag","10":"first","11":"instock","12":"shipping-taxable","13":"product-type-simple"},"uagb_featured_image_src":{"full":["https:\/\/pecbag.com\/wp-content\/uploads\/2025\/05\/Compartment-Outdoor-Cooler-Picnic-Backpack-1.jpeg",963,963,false],"thumbnail":["https:\/\/pecbag.com\/wp-content\/uploads\/2025\/05\/Compartment-Outdoor-Cooler-Picnic-Backpack-1-150x150.jpeg",150,150,true],"medium":["https:\/\/pecbag.com\/wp-content\/uploads\/2025\/05\/Compartment-Outdoor-Cooler-Picnic-Backpack-1-300x300.jpeg",300,300,true],"medium_large":["https:\/\/pecbag.com\/wp-content\/uploads\/2025\/05\/Compartment-Outdoor-Cooler-Picnic-Backpack-1-768x768.jpeg",768,768,true],"large":["https:\/\/pecbag.com\/wp-content\/uploads\/2025\/05\/Compartment-Outdoor-Cooler-Picnic-Backpack-1.jpeg",800,800,false],"1536x1536":["https:\/\/pecbag.com\/wp-content\/uploads\/2025\/05\/Compartment-Outdoor-Cooler-Picnic-Backpack-1.jpeg",963,963,false],"2048x2048":["https:\/\/pecbag.com\/wp-content\/uploads\/2025\/05\/Compartment-Outdoor-Cooler-Picnic-Backpack-1.jpeg",963,963,false],"trp-custom-language-flag":["https:\/\/pecbag.com\/wp-content\/uploads\/2025\/05\/Compartment-Outdoor-Cooler-Picnic-Backpack-1-12x12.jpeg",12,12,true],"woocommerce_thumbnail":["https:\/\/pecbag.com\/wp-content\/uploads\/2025\/05\/Compartment-Outdoor-Cooler-Picnic-Backpack-1-300x300.jpeg",300,300,true],"woocommerce_single":["https:\/\/pecbag.com\/wp-content\/uploads\/2025\/05\/Compartment-Outdoor-Cooler-Picnic-Backpack-1-600x600.jpeg",600,600,true],"woocommerce_gallery_thumbnail":["https:\/\/pecbag.com\/wp-content\/uploads\/2025\/05\/Compartment-Outdoor-Cooler-Picnic-Backpack-1-100x100.jpeg",100,100,true]},"uagb_author_info":{"display_name":"Lawrence","author_link":"https:\/\/pecbag.com\/es\/author\/"},"uagb_comment_info":0,"uagb_excerpt":"Compartment Outdoor Cooler Picnic Backpack 1. 22 Hours Insulated Backpack: Thickened insulation foil foam and leak-proof liner ensure excellent insulation performance. Whether you're camping, at the beach, picnicking, hiking, traveling, boating, playing outdoors, or working, our Cooler Bag can keep your beers and food cool\/hot\/fresh for a long time 2. Large Capacity &amp; Multi-Pocket Design&hellip;","_links":{"self":[{"href":"https:\/\/pecbag.com\/es\/wp-json\/wp\/v2\/product\/3269","targetHints":{"allow":["GET"]}}],"collection":[{"href":"https:\/\/pecbag.com\/es\/wp-json\/wp\/v2\/product"}],"about":[{"href":"https:\/\/pecbag.com\/es\/wp-json\/wp\/v2\/types\/product"}],"wp:featuredmedia":[{"embeddable":true,"href":"https:\/\/pecbag.com\/es\/wp-json\/wp\/v2\/media\/3271"}],"wp:attachment":[{"href":"https:\/\/pecbag.com\/es\/wp-json\/wp\/v2\/media?parent=3269"}],"wp:term":[{"taxonomy":"product_brand","embeddable":true,"href":"https:\/\/pecbag.com\/es\/wp-json\/wp\/v2\/product_brand?post=3269"},{"taxonomy":"product_cat","embeddable":true,"href":"https:\/\/pecbag.com\/es\/wp-json\/wp\/v2\/product_cat?post=3269"},{"taxonomy":"product_tag","embeddable":true,"href":"https:\/\/pecbag.com\/es\/wp-json\/wp\/v2\/product_tag?post=3269"}],"curies":[{"name":"wp","href":"https:\/\/api.w.org\/{rel}","templated":true}]}}