{"id":3275,"date":"2025-05-26T03:12:51","date_gmt":"2025-05-26T03:12:51","guid":{"rendered":"https:\/\/pecbag.com\/?post_type=product&#038;p=3275"},"modified":"2025-11-29T02:03:29","modified_gmt":"2025-11-29T02:03:29","slug":"new-design-lightweight-sports-chest-bag","status":"publish","type":"product","link":"https:\/\/pecbag.com\/es\/new-design-lightweight-sports-chest-bag\/","title":{"rendered":"Nuevo dise\u00f1o Bolsa de deporte ligera"},"content":{"rendered":"<h5 title=\"Bolso plegable para perros Bolso de malla transpirable para mascotas peque\u00f1as Perros Gatos\" data-immersive-translate-walked=\"1c928421-2e42-4cd3-8754-5404553c0af5\" data-immersive-translate-paragraph=\"1\" data-spm-anchor-id=\"a2700.details.0.i35.4f6757d4w4zNZA\">Nuevo Dise\u00f1o Ligero Deportes Pecho Bolsa Fabricante | Bolsa impermeable F\u00e1brica y Mochila Proveedor | OEM a granel<\/h5>\n<div class=\"flex flex-grow flex-col max-w-full\">\n<div class=\"min-h-[20px] text-message flex w-full flex-col items-end gap-2 whitespace-pre-wrap break-words [.text-message+&amp;]:mt-5 overflow-x-auto\" dir=\"auto\" data-message-author-role=\"assistant\" data-message-id=\"3d7d46f6-7ec2-4222-9257-48fa0bba23c6\" data-suggestions=\"true\">\n<div class=\"flex w-full flex-col gap-1 empty:hidden first:pt-[3px]\">\n<div class=\"markdown prose w-full break-words dark:prose-invert light\">\n<p>\u00bfNecesita bolsas de deporte ligeras de nuevo dise\u00f1o que se adapten a su estilo de vida activo? Somos una de las principales f\u00e1bricas de bolsas impermeables y mochilas de China, y creamos bolsas pectorales deportivas ligeras de nuevo dise\u00f1o y alto rendimiento para atletas, marcas de actividades al aire libre y mayoristas de bolsas pectorales de todo el mundo.<\/p>\n<table width=\"288\">\n<tbody>\n<tr>\n<td width=\"137\"><span style=\"color: #333333;\">Nombre del producto<\/span><\/td>\n<td width=\"151\"><span style=\"color: #333333;\">Bolsa de pecho<\/span><\/td>\n<\/tr>\n<tr>\n<td><span style=\"color: #333333;\">N\u00ba de art\u00edculo<\/span><\/td>\n<td><span style=\"color: #333333;\">PB-2040<\/span><\/td>\n<\/tr>\n<tr>\n<td><span style=\"color: #333333;\">Material<\/span><\/td>\n<td>Tejido a cuadros bicolor\/PU<\/td>\n<\/tr>\n<tr>\n<td><span style=\"color: #333333;\">\u00a0Tama\u00f1o y color<\/span><\/td>\n<td><span style=\"color: #333333;\">Personalizado<\/span><\/td>\n<\/tr>\n<tr>\n<td><span style=\"color: #333333;\">\u00a0Plazo de entrega<\/span><\/td>\n<td><span style=\"color: #333333;\">1-5 d\u00edas para peque\u00f1as cantidades por v\u00eda a\u00e9rea y 30-35 d\u00edas para grandes cantidades por v\u00eda mar\u00edtima<\/span><\/td>\n<\/tr>\n<\/tbody>\n<\/table>\n<p class=\"ds-markdown-paragraph\">\u2705\u00a0<strong>Por qu\u00e9 ganan nuestras pecheras deportivas ligeras de nuevo dise\u00f1o:<\/strong><\/p>\n<ul>\n<li>\n<p class=\"ds-markdown-paragraph\"><strong>Confort ultraligero<\/strong>: Nylon ripstop 300D (\u00a1s\u00f3lo 0,5 kg!): perfecto para correr, montar en bicicleta o hacer senderismo.<\/p>\n<\/li>\n<li>\n<p class=\"ds-markdown-paragraph\"><strong>Preparado para el sudor y la lluvia<\/strong>: Cremalleras impermeables + espalda de malla transpirable: sobrevive a entrenamientos intensos o lloviznas.<\/p>\n<\/li>\n<li>\n<p class=\"ds-markdown-paragraph\"><strong>Flexibilidad para pedidos a granel<\/strong>: \u00a1Producir bolsa de pecho pedidos a granel (MOQ 100pcs) con la bolsa de pecho ODM \/ OEM o etiqueta privada en 10 d\u00edas!<\/p>\n<\/li>\n<li>\n<p class=\"ds-markdown-paragraph\"><strong>Ventaja de costes en China<\/strong>: Como un proveedor l\u00edder de China bolsa de pecho, entregamos de primera calidad a precios de f\u00e1brica.<\/p>\n<\/li>\n<\/ul>\n<p class=\"ds-markdown-paragraph\"><strong>Caracter\u00edsticas que aman los atletas:<\/strong><br \/>\n\ud83d\udd39 Correas ajustables (se adapta a todo tipo de cuerpos) + bolsillo de acceso r\u00e1pido para el tel\u00e9fono.<br \/>\n\ud83d\udd39 Compartimento con bloqueo RFID + cremalleras de seguridad ocultas.<br \/>\n\ud83d\udd39 Logotipos reflectantes para mayor seguridad nocturna<br \/>\n\ud83d\udd39 Certificado OEKO-TEX - respetuoso con la piel y sin olores.<\/p>\n<p class=\"ds-markdown-paragraph\"><strong>Perfecto para:<\/strong><\/p>\n<ul>\n<li>\n<p class=\"ds-markdown-paragraph\">Minoristas deportivos y vendedores de bolsas de pecho<\/p>\n<\/li>\n<li>\n<p class=\"ds-markdown-paragraph\">Mayoristas de cadenas de gimnasia y bolsas de pecho<\/p>\n<\/li>\n<li>\n<p class=\"ds-markdown-paragraph\">Startups que crean marcas blancas de bolsas de pecho<\/p>\n<\/li>\n<\/ul>\n<p class=\"ds-markdown-paragraph\"><strong>C\u00f3mo trabajamos:<\/strong><br \/>\n1\ufe0f\u20e3 Elige entre m\u00e1s de 50 dise\u00f1os de moda o personaliza el tuyo propio<br \/>\n2\ufe0f\u20e3 Prototipo en 5 d\u00edas \u2192 aprobar \u2192 producir en serie.<br \/>\n3\ufe0f\u20e3 Env\u00edos a todo el mundo a trav\u00e9s de\u00a0<strong>exportaci\u00f3n de bolsas de pecho<\/strong>\u00a0redes<\/p>\n<p class=\"ds-markdown-paragraph\"><strong>\u00bfPor qu\u00e9 elegirnos como su fabricante de bolsas de pecho en China?<\/strong><br \/>\n\u2705 M\u00e1s de 8 a\u00f1os de experiencia como fabricante de bolsas de pecho<br \/>\n\u2705 30% m\u00e1s ligero que la media de los productos del mercado<br \/>\n\u2705 Asistencia 24\/7 en ingl\u00e9s, espa\u00f1ol y alem\u00e1n.<\/p>\n<p class=\"ds-markdown-paragraph\"><strong>\u00bfListo para atarse el \u00e9xito?<\/strong><br \/>\n\ud83d\udc49\u00a0<strong>Muestras gratuitas<\/strong>\u00a0\ud83d\udc49 20% dep\u00f3sito \ud83d\udc49 24h cotizaciones<\/p>\n<\/div>\n<\/div>\n<\/div>\n<\/div>","protected":false},"excerpt":{"rendered":"<h2 data-immersive-translate-walked=\"344be1c1-5052-41eb-8fcd-0dbe236a0d6b\" data-immersive-translate-paragraph=\"1\">Nuevo dise\u00f1o Bolsa de deporte ligera<\/h2>\n<p>Proporcionamos bolsas de primera calidad con personalizaci\u00f3n completa de tama\u00f1os y colores, tejidos duraderos y calidad certificada.<\/p>\n<p>Disfrute de MOQ flexibles, env\u00edos r\u00e1pidos a todo el mundo y soluciones de marca blanca.<\/p>\n<p>P\u00f3ngase en contacto con nosotros<\/p>","protected":false},"featured_media":3281,"template":"","meta":{"_uag_custom_page_level_css":""},"product_brand":[],"product_cat":[61,56],"product_tag":[],"class_list":{"0":"post-3275","1":"product","2":"type-product","3":"status-publish","4":"has-post-thumbnail","6":"product_cat-chest-bag","7":"product_cat-gym-bag","9":"first","10":"instock","11":"shipping-taxable","12":"product-type-simple"},"uagb_featured_image_src":{"full":["https:\/\/pecbag.com\/wp-content\/uploads\/2025\/05\/New-Design-Lightweight-Sports-Chest-Bag-4.jpeg",1000,1000,false],"thumbnail":["https:\/\/pecbag.com\/wp-content\/uploads\/2025\/05\/New-Design-Lightweight-Sports-Chest-Bag-4-150x150.jpeg",150,150,true],"medium":["https:\/\/pecbag.com\/wp-content\/uploads\/2025\/05\/New-Design-Lightweight-Sports-Chest-Bag-4-300x300.jpeg",300,300,true],"medium_large":["https:\/\/pecbag.com\/wp-content\/uploads\/2025\/05\/New-Design-Lightweight-Sports-Chest-Bag-4-768x768.jpeg",768,768,true],"large":["https:\/\/pecbag.com\/wp-content\/uploads\/2025\/05\/New-Design-Lightweight-Sports-Chest-Bag-4.jpeg",800,800,false],"1536x1536":["https:\/\/pecbag.com\/wp-content\/uploads\/2025\/05\/New-Design-Lightweight-Sports-Chest-Bag-4.jpeg",1000,1000,false],"2048x2048":["https:\/\/pecbag.com\/wp-content\/uploads\/2025\/05\/New-Design-Lightweight-Sports-Chest-Bag-4.jpeg",1000,1000,false],"trp-custom-language-flag":["https:\/\/pecbag.com\/wp-content\/uploads\/2025\/05\/New-Design-Lightweight-Sports-Chest-Bag-4-12x12.jpeg",12,12,true],"woocommerce_thumbnail":["https:\/\/pecbag.com\/wp-content\/uploads\/2025\/05\/New-Design-Lightweight-Sports-Chest-Bag-4-300x300.jpeg",300,300,true],"woocommerce_single":["https:\/\/pecbag.com\/wp-content\/uploads\/2025\/05\/New-Design-Lightweight-Sports-Chest-Bag-4-600x600.jpeg",600,600,true],"woocommerce_gallery_thumbnail":["https:\/\/pecbag.com\/wp-content\/uploads\/2025\/05\/New-Design-Lightweight-Sports-Chest-Bag-4-100x100.jpeg",100,100,true]},"uagb_author_info":{"display_name":"Lawrence","author_link":"https:\/\/pecbag.com\/es\/author\/"},"uagb_comment_info":0,"uagb_excerpt":"New Design Lightweight Sports Chest Bag We provide premium bags with full-size and color customization, durable fabrics, and certified quality. Enjoy flexible MOQs, fast global shipping, and private label solutions. Contact us today!","_links":{"self":[{"href":"https:\/\/pecbag.com\/es\/wp-json\/wp\/v2\/product\/3275","targetHints":{"allow":["GET"]}}],"collection":[{"href":"https:\/\/pecbag.com\/es\/wp-json\/wp\/v2\/product"}],"about":[{"href":"https:\/\/pecbag.com\/es\/wp-json\/wp\/v2\/types\/product"}],"wp:featuredmedia":[{"embeddable":true,"href":"https:\/\/pecbag.com\/es\/wp-json\/wp\/v2\/media\/3281"}],"wp:attachment":[{"href":"https:\/\/pecbag.com\/es\/wp-json\/wp\/v2\/media?parent=3275"}],"wp:term":[{"taxonomy":"product_brand","embeddable":true,"href":"https:\/\/pecbag.com\/es\/wp-json\/wp\/v2\/product_brand?post=3275"},{"taxonomy":"product_cat","embeddable":true,"href":"https:\/\/pecbag.com\/es\/wp-json\/wp\/v2\/product_cat?post=3275"},{"taxonomy":"product_tag","embeddable":true,"href":"https:\/\/pecbag.com\/es\/wp-json\/wp\/v2\/product_tag?post=3275"}],"curies":[{"name":"wp","href":"https:\/\/api.w.org\/{rel}","templated":true}]}}