{"id":3282,"date":"2025-05-26T03:28:09","date_gmt":"2025-05-26T03:28:09","guid":{"rendered":"https:\/\/pecbag.com\/?post_type=product&#038;p=3282"},"modified":"2025-11-29T02:03:24","modified_gmt":"2025-11-29T02:03:24","slug":"hot-sale-waterproof-chest-bag","status":"publish","type":"product","link":"https:\/\/pecbag.com\/es\/hot-sale-waterproof-chest-bag\/","title":{"rendered":"Hot Sale Bolsa de pecho impermeable"},"content":{"rendered":"<h5 title=\"Bolso plegable para perros Bolso de malla transpirable para mascotas peque\u00f1as Perros Gatos\" data-immersive-translate-walked=\"1c928421-2e42-4cd3-8754-5404553c0af5\" data-immersive-translate-paragraph=\"1\" data-spm-anchor-id=\"a2700.details.0.i35.4f6757d4w4zNZA\">Venta caliente Bolsa de pecho impermeable Fabricante | Mochila impermeable F\u00e1brica y proveedor | OEM a granel<\/h5>\n<div class=\"flex flex-grow flex-col max-w-full\">\n<div class=\"min-h-[20px] text-message flex w-full flex-col items-end gap-2 whitespace-pre-wrap break-words [.text-message+&amp;]:mt-5 overflow-x-auto\" dir=\"auto\" data-message-author-role=\"assistant\" data-message-id=\"3d7d46f6-7ec2-4222-9257-48fa0bba23c6\" data-suggestions=\"true\">\n<div class=\"flex w-full flex-col gap-1 empty:hidden first:pt-[3px]\">\n<div class=\"markdown prose w-full break-words dark:prose-invert light\">\n<p>\u00bfQuieres bolsas de pecho a prueba de agua de venta caliente que vuelan de los estantes? \u00a1Como una f\u00e1brica de bolsa impermeable l\u00edder y fabricante de mochilas en China, producimos venta caliente bolsas de pecho a prueba de agua amado por los entusiastas al aire libre, marcas de viajes, y los mayoristas bolsa de pecho en todo el mundo!<\/p>\n<table width=\"288\">\n<tbody>\n<tr>\n<td width=\"137\"><span style=\"color: #333333;\">Nombre del producto<\/span><\/td>\n<td width=\"151\"><span style=\"color: #333333;\">Bolsa de pecho<\/span><\/td>\n<\/tr>\n<tr>\n<td><span style=\"color: #333333;\">N\u00ba de art\u00edculo<\/span><\/td>\n<td><span style=\"color: #333333;\">PB-2041<\/span><\/td>\n<\/tr>\n<tr>\n<td><span style=\"color: #333333;\">Material<\/span><\/td>\n<td>Poli\u00e9ster PU 600D<\/td>\n<\/tr>\n<tr>\n<td><span style=\"color: #333333;\">Talla<\/span><\/td>\n<td>52*25*26CM<\/td>\n<\/tr>\n<tr>\n<td><span style=\"color: #333333;\">\u00a0Plazo de entrega<\/span><\/td>\n<td><span style=\"color: #333333;\">1-5 d\u00edas para peque\u00f1as cantidades por v\u00eda a\u00e9rea y 30-35 d\u00edas para grandes cantidades por v\u00eda mar\u00edtima<\/span><\/td>\n<\/tr>\n<\/tbody>\n<\/table>\n<p class=\"ds-markdown-paragraph\">\u2705\u00a0<strong>Por qu\u00e9 nuestros bolsos impermeables del pecho de la venta caliente dominan mercados:<\/strong><\/p>\n<ul>\n<li>\n<p class=\"ds-markdown-paragraph\"><strong>Dise\u00f1o a prueba de tormentas<\/strong>: Recubrimiento de TPU con costuras selladas: \u00a1sobrevive a la lluvia intensa, el sudor y las salpicaduras!<\/p>\n<\/li>\n<li>\n<p class=\"ds-markdown-paragraph\"><strong>Ultraligero y ergon\u00f3mico<\/strong>: S\u00f3lo 0,6 kg + correas de malla transpirable - perfecto para correr, senderismo o festivales.<\/p>\n<\/li>\n<li>\n<p class=\"ds-markdown-paragraph\"><strong>Pedidos a granel<\/strong>: \u00a1Producir bolsa de pecho pedidos a granel con la bolsa de pecho ODM \/ OEM o etiqueta privada en 7 d\u00edas!<\/p>\n<\/li>\n<li>\n<p class=\"ds-markdown-paragraph\"><strong>Poder de los precios en China<\/strong>: Como uno de los mejores proveedores de bolsas de pecho de China, ofrecemos calidad superior a precios inmejorables.<\/p>\n<\/li>\n<\/ul>\n<p class=\"ds-markdown-paragraph\"><strong>Caracter\u00edsticas que los clientes anhelan:<\/strong><br \/>\n\ud83d\udd39 5L-8L de capacidad (caben tel\u00e9fonos, carteras, llaves) + bolsillo con bloqueo RFID.<br \/>\n\ud83d\udd39 Cremalleras laterales de acceso r\u00e1pido + bandas reflectantes de seguridad.<br \/>\n\ud83d\udd39 Forro antimoho (certificado OEKO-TEX) + tejido resistente a los olores.<br \/>\n\ud83d\udd39 Ajuste universal para hombre\/mujer (sistema de correas ajustables)<\/p>\n<p class=\"ds-markdown-paragraph\"><strong>Perfecto para:<\/strong><\/p>\n<ul>\n<li>\n<p class=\"ds-markdown-paragraph\">Tiendas de art\u00edculos de viaje y vendedores de maletas<\/p>\n<\/li>\n<li>\n<p class=\"ds-markdown-paragraph\">Minoristas deportivos y mayoristas de bolsas de pecho<\/p>\n<\/li>\n<li>\n<p class=\"ds-markdown-paragraph\">Startups que crean colecciones de marcas blancas para bolsos<\/p>\n<\/li>\n<\/ul>\n<p class=\"ds-markdown-paragraph\"><strong>C\u00f3mo entregamos su Hot Sale impermeable bolsas de pecho:<\/strong><br \/>\n1\ufe0f\u20e3 Elige entre m\u00e1s de 60 dise\u00f1os superventas o personaliza el tuyo<br \/>\n2\ufe0f\u20e3 Prototipo en 3 d\u00edas \u2192 aprobar \u2192 producir en serie.<br \/>\n3\ufe0f\u20e3 Env\u00edo a trav\u00e9s de redes de exportaci\u00f3n de sacos (a\u00e9reo\/mar\u00edtimo\/expr\u00e9s)<\/p>\n<p class=\"ds-markdown-paragraph\"><strong>\u00bfPor qu\u00e9 elegirnos?<\/strong><br \/>\n\u2705 M\u00e1s de 10.000 pedidos de fabricantes de bolsas de pecho enviados a todo el mundo<br \/>\n\u2705 40% m\u00e1s barato que los proveedores de EE.UU.\/UE<br \/>\nAsistencia 24\/7 en 5 idiomas (EN\/ES\/FR\/DE\/AR)<\/p>\n<p class=\"ds-markdown-paragraph\"><strong>\u00bfListo para subirse a la ola de las ventas?<\/strong><br \/>\n\ud83d\udc49\u00a0<strong>Muestras gratuitas<\/strong>\u00a0\ud83d\udc49 15% dep\u00f3sito \ud83d\udc49 Presupuestos al instante<\/p>\n<\/div>\n<\/div>\n<\/div>\n<\/div>","protected":false},"excerpt":{"rendered":"<h2 data-immersive-translate-walked=\"344be1c1-5052-41eb-8fcd-0dbe236a0d6b\" data-immersive-translate-paragraph=\"1\">Hot Sale Bolsa de pecho impermeable<\/h2>\n<ul class=\"list-paddingleft-2\">\n<li>\u3010Multi-Pocket Partition\u3011: Nuestras bolsas de gimnasio para hombres tienen 3 bolsillos con cremallera en el exterior, y el bolsillo con cremallera m\u00e1s grande tiene 4 bolsillos de almacenamiento y un llavero en el interior. El dise\u00f1o de m\u00faltiples bolsillos puede satisfacer sus diferentes necesidades de uso y clasificar y almacenar mejor sus art\u00edculos.<\/li>\n<li>\u3010Dise\u00f1o Magn\u00e9tico\u3011: Este bolso de la honda para los hombres adopta un dise\u00f1o magn\u00e9tico, que se puede fijar f\u00e1cilmente en la superficie met\u00e1lica. Es muy conveniente para usar en el gimnasio, campo de golf, o en la vida cotidiana.<\/li>\n<li>Material impermeable: Nuestra bolsa crossbody para hombre est\u00e1 hecha de tela Oxford, que es impermeable y duradera. F\u00e1cil de lavar, s\u00f3lo limpie suavemente para eliminar el polvo de la superficie.<\/li>\n<li>\u3010Peque\u00f1o tama\u00f1o y gran capacidad\u3011: El tama\u00f1o de esta bolsa de gimnasio es de 5 in x 4 in x 8 in, que es peque\u00f1o y port\u00e1til. Pero la capacidad es lo suficientemente grande como para satisfacer sus necesidades diarias de almacenamiento. Es conveniente para usted almacenar tel\u00e9fonos m\u00f3viles, llaves, billeteras, auriculares, etc.<\/li>\n<li>\u3010Correa desmontable\u3011: Nuestra bolsa de pecho para hombres viene con una correa de hombro desmontable, puede elegir llevarla crossbody, un solo hombro o de mano seg\u00fan sus necesidades. Coincidir con sus diferentes estilos.<\/li>\n<\/ul>","protected":false},"featured_media":3285,"template":"","meta":{"_uag_custom_page_level_css":""},"product_brand":[],"product_cat":[61,56,67],"product_tag":[],"class_list":{"0":"post-3282","1":"product","2":"type-product","3":"status-publish","4":"has-post-thumbnail","6":"product_cat-chest-bag","7":"product_cat-gym-bag","8":"product_cat-sports-bag","10":"first","11":"instock","12":"shipping-taxable","13":"product-type-simple"},"uagb_featured_image_src":{"full":["https:\/\/pecbag.com\/wp-content\/uploads\/2025\/05\/Hot-Sale-Waterproof-Chest-Bag-1.jpeg",500,500,false],"thumbnail":["https:\/\/pecbag.com\/wp-content\/uploads\/2025\/05\/Hot-Sale-Waterproof-Chest-Bag-1-150x150.jpeg",150,150,true],"medium":["https:\/\/pecbag.com\/wp-content\/uploads\/2025\/05\/Hot-Sale-Waterproof-Chest-Bag-1-300x300.jpeg",300,300,true],"medium_large":["https:\/\/pecbag.com\/wp-content\/uploads\/2025\/05\/Hot-Sale-Waterproof-Chest-Bag-1.jpeg",500,500,false],"large":["https:\/\/pecbag.com\/wp-content\/uploads\/2025\/05\/Hot-Sale-Waterproof-Chest-Bag-1.jpeg",500,500,false],"1536x1536":["https:\/\/pecbag.com\/wp-content\/uploads\/2025\/05\/Hot-Sale-Waterproof-Chest-Bag-1.jpeg",500,500,false],"2048x2048":["https:\/\/pecbag.com\/wp-content\/uploads\/2025\/05\/Hot-Sale-Waterproof-Chest-Bag-1.jpeg",500,500,false],"trp-custom-language-flag":["https:\/\/pecbag.com\/wp-content\/uploads\/2025\/05\/Hot-Sale-Waterproof-Chest-Bag-1-12x12.jpeg",12,12,true],"woocommerce_thumbnail":["https:\/\/pecbag.com\/wp-content\/uploads\/2025\/05\/Hot-Sale-Waterproof-Chest-Bag-1-300x300.jpeg",300,300,true],"woocommerce_single":["https:\/\/pecbag.com\/wp-content\/uploads\/2025\/05\/Hot-Sale-Waterproof-Chest-Bag-1.jpeg",500,500,false],"woocommerce_gallery_thumbnail":["https:\/\/pecbag.com\/wp-content\/uploads\/2025\/05\/Hot-Sale-Waterproof-Chest-Bag-1-100x100.jpeg",100,100,true]},"uagb_author_info":{"display_name":"Lawrence","author_link":"https:\/\/pecbag.com\/es\/author\/"},"uagb_comment_info":0,"uagb_excerpt":"Hot Sale Waterproof Chest Bag \u3010Multi-Pocket Partition\u3011: Our gym bags for men have 3 zipper pockets on the outside, and the largest zipper pocket has 4 storage pockets and a key chain inside. The multi-pocket design can meet your different usage needs and better classify and store your items. \u3010Magnetic Design\u3011: This sling bag for&hellip;","_links":{"self":[{"href":"https:\/\/pecbag.com\/es\/wp-json\/wp\/v2\/product\/3282","targetHints":{"allow":["GET"]}}],"collection":[{"href":"https:\/\/pecbag.com\/es\/wp-json\/wp\/v2\/product"}],"about":[{"href":"https:\/\/pecbag.com\/es\/wp-json\/wp\/v2\/types\/product"}],"wp:featuredmedia":[{"embeddable":true,"href":"https:\/\/pecbag.com\/es\/wp-json\/wp\/v2\/media\/3285"}],"wp:attachment":[{"href":"https:\/\/pecbag.com\/es\/wp-json\/wp\/v2\/media?parent=3282"}],"wp:term":[{"taxonomy":"product_brand","embeddable":true,"href":"https:\/\/pecbag.com\/es\/wp-json\/wp\/v2\/product_brand?post=3282"},{"taxonomy":"product_cat","embeddable":true,"href":"https:\/\/pecbag.com\/es\/wp-json\/wp\/v2\/product_cat?post=3282"},{"taxonomy":"product_tag","embeddable":true,"href":"https:\/\/pecbag.com\/es\/wp-json\/wp\/v2\/product_tag?post=3282"}],"curies":[{"name":"wp","href":"https:\/\/api.w.org\/{rel}","templated":true}]}}