{"id":3289,"date":"2025-05-26T03:41:44","date_gmt":"2025-05-26T03:41:44","guid":{"rendered":"https:\/\/pecbag.com\/?post_type=product&#038;p=3289"},"modified":"2025-11-29T02:03:20","modified_gmt":"2025-11-29T02:03:20","slug":"fishing-tackle-storage-chest-bag","status":"publish","type":"product","link":"https:\/\/pecbag.com\/es\/fishing-tackle-storage-chest-bag\/","title":{"rendered":"Bolsa de pesca"},"content":{"rendered":"<h5 title=\"Bolso plegable para perros Bolso de malla transpirable para mascotas peque\u00f1as Perros Gatos\" data-immersive-translate-walked=\"1c928421-2e42-4cd3-8754-5404553c0af5\" data-immersive-translate-paragraph=\"1\" data-spm-anchor-id=\"a2700.details.0.i35.4f6757d4w4zNZA\">Pesca Pesca Pesca Bolsa de Almacenamiento Fabricante | Bolsa impermeable F\u00e1brica y Mochila Proveedor | OEM a granel<\/h5>\n<div class=\"flex flex-grow flex-col max-w-full\">\n<div class=\"min-h-[20px] text-message flex w-full flex-col items-end gap-2 whitespace-pre-wrap break-words [.text-message+&amp;]:mt-5 overflow-x-auto\" dir=\"auto\" data-message-author-role=\"assistant\" data-message-id=\"3d7d46f6-7ec2-4222-9257-48fa0bba23c6\" data-suggestions=\"true\">\n<div class=\"flex w-full flex-col gap-1 empty:hidden first:pt-[3px]\">\n<div class=\"markdown prose w-full break-words dark:prose-invert light\">\n<p>\u00bfNecesita bolsas de pesca que mantengan los se\u00f1uelos secos y el equipo organizado? Como f\u00e1brica l\u00edder de bolsas impermeables y fabricantes de mochilas en China, nos especializamos en bolsas ba\u00fal para guardar aparejos de pesca dise\u00f1adas para pescadores, marcas de pesca y mayoristas de bolsas ba\u00fal de todo el mundo.<\/p>\n<table width=\"288\">\n<tbody>\n<tr>\n<td width=\"137\"><span style=\"color: #333333;\">Nombre del producto<\/span><\/td>\n<td width=\"151\"><span style=\"color: #333333;\">Bolsa de pecho<\/span><\/td>\n<\/tr>\n<tr>\n<td><span style=\"color: #333333;\">N\u00ba de art\u00edculo<\/span><\/td>\n<td><span style=\"color: #333333;\">PB-2042<\/span><\/td>\n<\/tr>\n<tr>\n<td><span style=\"color: #333333;\">Material<\/span><\/td>\n<td>Nylon 1000D<\/td>\n<\/tr>\n<tr>\n<td><span style=\"color: #333333;\">Talla<\/span><\/td>\n<td>11.8*9*6.3in<\/td>\n<\/tr>\n<tr>\n<td><span style=\"color: #333333;\">\u00a0Plazo de entrega<\/span><\/td>\n<td><span style=\"color: #333333;\">1-5 d\u00edas para peque\u00f1as cantidades por v\u00eda a\u00e9rea y 30-35 d\u00edas para grandes cantidades por v\u00eda mar\u00edtima<\/span><\/td>\n<\/tr>\n<\/tbody>\n<\/table>\n<p class=\"ds-markdown-paragraph\">\u2705\u00a0<strong>Por qu\u00e9 nuestras bolsas cofre de almacenamiento de aparejos de pesca enganchan las ventas:<\/strong><\/p>\n<ul>\n<li>\n<p class=\"ds-markdown-paragraph\"><strong>Guerreros impermeables<\/strong>: Recubrimiento de TPU sellado por costuras + respiraderos de drenaje: \u00a1sobrevive a las salpicaduras del barco y a los d\u00edas de lluvia!<\/p>\n<\/li>\n<li>\n<p class=\"ds-markdown-paragraph\"><strong>Dise\u00f1o orientado al pescador<\/strong>M\u00e1s de 8 compartimentos modulares para guardar anzuelos, sedales, herramientas y cebos sin enredos.<\/p>\n<\/li>\n<li>\n<p class=\"ds-markdown-paragraph\"><strong>Ventajas de los pedidos al por mayor<\/strong>: \u00a1Producir bolsa de pecho pedidos a granel (MOQ 50pcs) con la bolsa de pecho ODM \/ OEM o etiqueta privada en 10 d\u00edas!<\/p>\n<\/li>\n<li>\n<p class=\"ds-markdown-paragraph\"><strong>Ventaja de costes en China<\/strong>: Como uno de los mejores proveedores de bolsas de pecho de China, la calidad se une a precios inmejorables.<\/p>\n<\/li>\n<\/ul>\n<p class=\"ds-markdown-paragraph\"><strong>Caracter\u00edsticas que gustan a los pescadores:<\/strong><br \/>\n\ud83d\udd39 Cremalleras resistentes a la corrosi\u00f3n + anillas en D a prueba de \u00f3xido (\u00a1preparadas para el agua salada!)<br \/>\n\ud83d\udd39 Bolsillos de malla de secado r\u00e1pido + correas portaca\u00f1as.<br \/>\n\ud83d\udd39 Ribete reflectante para mayor seguridad al amanecer\/atardecer.<br \/>\n\ud83d\udd39 Certificado OEKO-TEX - sin olores qu\u00edmicos que espanten a los peces.<\/p>\n<p class=\"ds-markdown-paragraph\"><strong>Perfecto para:<\/strong><\/p>\n<ul>\n<li>\n<p class=\"ds-markdown-paragraph\">Tiendas de aparejos de pesca y vendedores de bolsas de pecho<\/p>\n<\/li>\n<li>\n<p class=\"ds-markdown-paragraph\">Proveedores de bolsas marinas y mayoristas de bolsas pectorales<\/p>\n<\/li>\n<li>\n<p class=\"ds-markdown-paragraph\">Las marcas crean colecciones privadas de bolsas de pecho<\/p>\n<\/li>\n<\/ul>\n<p class=\"ds-markdown-paragraph\"><strong>C\u00f3mo fabricamos sus bolsas para guardar los aparejos de pesca:<\/strong><br \/>\n1\ufe0f\u20e3 Elige entre m\u00e1s de 30 dise\u00f1os aprobados por pescadores o personaliza el tuyo<br \/>\n2\ufe0f\u20e3 Prototipo en 5 d\u00edas \u2192 prueba \u2192 producci\u00f3n en serie.<br \/>\n3\ufe0f\u20e3 Env\u00edo a trav\u00e9s de redes de exportaci\u00f3n de sacos tor\u00e1cicos (DDP\/DAP disponibles)<\/p>\n<p class=\"ds-markdown-paragraph\"><strong>Por qu\u00e9 somos su #1 bolsa de pecho fabricante de China:<\/strong><br \/>\n\u2705 M\u00e1s de 12 a\u00f1os de experiencia como fabricante de bolsas de pecho<br \/>\n\u2705 50% revestimiento impermeable m\u00e1s grueso frente a la competencia<br \/>\n\u2705 Asistencia 24 horas al d\u00eda, 7 d\u00edas a la semana, en ingl\u00e9s, japon\u00e9s y espa\u00f1ol.<\/p>\n<p class=\"ds-markdown-paragraph\"><strong>\u00bfPreparado para obtener mayores beneficios?<\/strong><br \/>\n\ud83d\udc49\u00a0<strong>Muestras gratuitas<\/strong>\u00a0\ud83d\udc49 20% dep\u00f3sito \ud83d\udc49 24h cotizaciones<\/p>\n<\/div>\n<\/div>\n<\/div>\n<\/div>","protected":false},"excerpt":{"rendered":"<h2 data-immersive-translate-walked=\"344be1c1-5052-41eb-8fcd-0dbe236a0d6b\" data-immersive-translate-paragraph=\"1\">Bolsa de pesca<\/h2>\n<ol class=\"list-paddingleft-2\">\n<li>El tama\u00f1o de la bolsa de equipo de pesca es 11.8*9*6.3in. Hay m\u00faltiples compartimentos para que pueda almacenar cebo, alicates, alambre, una caja de cebo, una cartera, un tel\u00e9fono y otros accesorios. Haga su viaje m\u00e1s conveniente.<\/li>\n<li>La correa de hombro es ajustable y desmontable, puede tener m\u00faltiples maneras de usarlo, como bolso de hombro, bolso de mano, bolsa de pecho, bolsa de aparejos de pesca , Bolsa Crossbody, etc.<\/li>\n<\/ol>","protected":false},"featured_media":3290,"template":"","meta":{"_uag_custom_page_level_css":""},"product_brand":[],"product_cat":[61,46],"product_tag":[],"class_list":{"0":"post-3289","1":"product","2":"type-product","3":"status-publish","4":"has-post-thumbnail","6":"product_cat-chest-bag","7":"product_cat-fishing-bag","9":"first","10":"instock","11":"shipping-taxable","12":"product-type-simple"},"uagb_featured_image_src":{"full":["https:\/\/pecbag.com\/wp-content\/uploads\/2025\/05\/Fishing-Tackle-Storage-Chest-Bag.jpeg",1053,1500,false],"thumbnail":["https:\/\/pecbag.com\/wp-content\/uploads\/2025\/05\/Fishing-Tackle-Storage-Chest-Bag-150x150.jpeg",150,150,true],"medium":["https:\/\/pecbag.com\/wp-content\/uploads\/2025\/05\/Fishing-Tackle-Storage-Chest-Bag-211x300.jpeg",211,300,true],"medium_large":["https:\/\/pecbag.com\/wp-content\/uploads\/2025\/05\/Fishing-Tackle-Storage-Chest-Bag-768x1094.jpeg",768,1094,true],"large":["https:\/\/pecbag.com\/wp-content\/uploads\/2025\/05\/Fishing-Tackle-Storage-Chest-Bag-719x1024.jpeg",719,1024,true],"1536x1536":["https:\/\/pecbag.com\/wp-content\/uploads\/2025\/05\/Fishing-Tackle-Storage-Chest-Bag.jpeg",1053,1500,false],"2048x2048":["https:\/\/pecbag.com\/wp-content\/uploads\/2025\/05\/Fishing-Tackle-Storage-Chest-Bag.jpeg",1053,1500,false],"trp-custom-language-flag":["https:\/\/pecbag.com\/wp-content\/uploads\/2025\/05\/Fishing-Tackle-Storage-Chest-Bag-8x12.jpeg",8,12,true],"woocommerce_thumbnail":["https:\/\/pecbag.com\/wp-content\/uploads\/2025\/05\/Fishing-Tackle-Storage-Chest-Bag-300x300.jpeg",300,300,true],"woocommerce_single":["https:\/\/pecbag.com\/wp-content\/uploads\/2025\/05\/Fishing-Tackle-Storage-Chest-Bag-600x855.jpeg",600,855,true],"woocommerce_gallery_thumbnail":["https:\/\/pecbag.com\/wp-content\/uploads\/2025\/05\/Fishing-Tackle-Storage-Chest-Bag-100x100.jpeg",100,100,true]},"uagb_author_info":{"display_name":"Lawrence","author_link":"https:\/\/pecbag.com\/es\/author\/"},"uagb_comment_info":0,"uagb_excerpt":"Fishing Tackle Storage Chest Bag The size of the fishing gear bag is 11.8*9*6.3in. There are multiple compartments for you to store bait, pliers, wire, a bait box, a wallet, a phone, and other accessories. Make your travel more convenient. The shoulder strap is adjustable and detachable, you can have multiple ways to use it,&hellip;","_links":{"self":[{"href":"https:\/\/pecbag.com\/es\/wp-json\/wp\/v2\/product\/3289","targetHints":{"allow":["GET"]}}],"collection":[{"href":"https:\/\/pecbag.com\/es\/wp-json\/wp\/v2\/product"}],"about":[{"href":"https:\/\/pecbag.com\/es\/wp-json\/wp\/v2\/types\/product"}],"wp:featuredmedia":[{"embeddable":true,"href":"https:\/\/pecbag.com\/es\/wp-json\/wp\/v2\/media\/3290"}],"wp:attachment":[{"href":"https:\/\/pecbag.com\/es\/wp-json\/wp\/v2\/media?parent=3289"}],"wp:term":[{"taxonomy":"product_brand","embeddable":true,"href":"https:\/\/pecbag.com\/es\/wp-json\/wp\/v2\/product_brand?post=3289"},{"taxonomy":"product_cat","embeddable":true,"href":"https:\/\/pecbag.com\/es\/wp-json\/wp\/v2\/product_cat?post=3289"},{"taxonomy":"product_tag","embeddable":true,"href":"https:\/\/pecbag.com\/es\/wp-json\/wp\/v2\/product_tag?post=3289"}],"curies":[{"name":"wp","href":"https:\/\/api.w.org\/{rel}","templated":true}]}}