{"id":3296,"date":"2025-05-26T03:54:22","date_gmt":"2025-05-26T03:54:22","guid":{"rendered":"https:\/\/pecbag.com\/?post_type=product&#038;p=3296"},"modified":"2025-11-29T02:03:12","modified_gmt":"2025-11-29T02:03:12","slug":"custom-durable-multi-usage-chest-pack","status":"publish","type":"product","link":"https:\/\/pecbag.com\/es\/custom-durable-multi-usage-chest-pack\/","title":{"rendered":"Pechera multiusos duradera y personalizada"},"content":{"rendered":"<h5 title=\"Bolso plegable para perros Bolso de malla transpirable para mascotas peque\u00f1as Perros Gatos\" data-immersive-translate-walked=\"1c928421-2e42-4cd3-8754-5404553c0af5\" data-immersive-translate-paragraph=\"1\" data-spm-anchor-id=\"a2700.details.0.i35.4f6757d4w4zNZA\">Custom Durable Multi Usage Chest Pack Fabricante | F\u00e1brica de Bolsa Impermeable y Mochila Proveedor | OEM a granel<\/h5>\n<div class=\"flex flex-grow flex-col max-w-full\">\n<div class=\"min-h-[20px] text-message flex w-full flex-col items-end gap-2 whitespace-pre-wrap break-words [.text-message+&amp;]:mt-5 overflow-x-auto\" dir=\"auto\" data-message-author-role=\"assistant\" data-message-id=\"3d7d46f6-7ec2-4222-9257-48fa0bba23c6\" data-suggestions=\"true\">\n<div class=\"flex w-full flex-col gap-1 empty:hidden first:pt-[3px]\">\n<div class=\"markdown prose w-full break-words dark:prose-invert light\">\n<p>Necesita\u00a0<strong>pectorales personalizados, duraderos y multiusos<\/strong>\u00a0que se adaptan a cualquier aventura? Como l\u00edder\u00a0<strong>f\u00e1brica de bolsas impermeables<\/strong>\u00a0y\u00a0<strong>fabricante de mochilas<\/strong>\u00a0en China, elaboramos\u00a0<strong>pectorales personalizados, duraderos y multiusos<\/strong>\u00a0para profesionales de las actividades al aire libre, marcas t\u00e1cticas y\u00a0<strong>mayoristas de bolsas de pecho<\/strong>\u00a0\u00a1en todo el mundo!<\/p>\n<table width=\"288\">\n<tbody>\n<tr>\n<td width=\"137\"><span style=\"color: #333333;\">Nombre del producto<\/span><\/td>\n<td width=\"151\"><span style=\"color: #333333;\">Bolsa de pecho<\/span><\/td>\n<\/tr>\n<tr>\n<td><span style=\"color: #333333;\">N\u00ba de art\u00edculo<\/span><\/td>\n<td><span style=\"color: #333333;\">PB-2043<\/span><\/td>\n<\/tr>\n<tr>\n<td><span style=\"color: #333333;\">Material<\/span><\/td>\n<td>Poli\u00e9ster<\/td>\n<\/tr>\n<tr>\n<td><span style=\"color: #333333;\">Talla<\/span><\/td>\n<td>13 x 4 x 18 cm<\/td>\n<\/tr>\n<tr>\n<td><span style=\"color: #333333;\">\u00a0Plazo de entrega<\/span><\/td>\n<td><span style=\"color: #333333;\">1-5 d\u00edas para peque\u00f1as cantidades por v\u00eda a\u00e9rea y 30-35 d\u00edas para grandes cantidades por v\u00eda mar\u00edtima<\/span><\/td>\n<\/tr>\n<\/tbody>\n<\/table>\n<p class=\"ds-markdown-paragraph\">\u2705\u00a0<strong>Por qu\u00e9 destacan nuestras mochilas multiusos personalizadas y duraderas:<\/strong><\/p>\n<ul>\n<li>\n<p class=\"ds-markdown-paragraph\"><strong>Construido para resistir<\/strong>: Nylon bal\u00edstico 1680D + costuras de triple pespunte: \u00a1sobrevive al senderismo, la escalada o los desplazamientos urbanos!<\/p>\n<\/li>\n<li>\n<p class=\"ds-markdown-paragraph\"><strong>Preparado para m\u00faltiples misiones<\/strong>: Compartimentos modulares + cinchas MOLLE: lleva herramientas, c\u00e1maras o equipo de supervivencia sin esfuerzo.<\/p>\n<\/li>\n<li>\n<p class=\"ds-markdown-paragraph\"><strong>Pedidos a granel<\/strong>: \u00a1Producir bolsa de pecho pedidos a granel (MOQ 50pcs) con la bolsa de pecho ODM \/ OEM o etiqueta privada en 12 d\u00edas!<\/p>\n<\/li>\n<li>\n<p class=\"ds-markdown-paragraph\"><strong>Ventaja de costes en China<\/strong>: Como un proveedor superior de China bolsa de pecho, nos fusionamos mil-spec calidad con precios de f\u00e1brica.<\/p>\n<\/li>\n<\/ul>\n<p class=\"ds-markdown-paragraph\"><strong>Caracter\u00edsticas que venden:<\/strong><br \/>\n\ud83d\udd39 100% cremalleras YKK impermeables + rejillas de drenaje (clasificaci\u00f3n IPX6)<br \/>\n\ud83d\udd39 Bolsillo con bloqueo RFID + compartimentos antirrobo ocultos.<br \/>\n\ud83d\udd39 Tirantes ajustables (se adapta a todo tipo de cuerpos) + espalda de malla transpirable.<br \/>\n\ud83d\udd39 Certificado CE\/SGS - sin materiales t\u00f3xicos ni olores.<\/p>\n<p class=\"ds-markdown-paragraph\"><strong>Perfecto para:<\/strong><\/p>\n<ul>\n<li>\n<p class=\"ds-markdown-paragraph\">Minoristas al aire libre y vendedores de bolsas de pecho<\/p>\n<\/li>\n<li>\n<p class=\"ds-markdown-paragraph\">Marcas de equipamiento t\u00e1ctico y mayoristas de bolsas pectorales<\/p>\n<\/li>\n<li>\n<p class=\"ds-markdown-paragraph\">Startups que crean l\u00edneas de marca blanca para bolsas de arc\u00f3n<\/p>\n<\/li>\n<\/ul>\n<p class=\"ds-markdown-paragraph\"><strong>C\u00f3mo le entregamos sus packs multiusos personalizados y duraderos:<\/strong><br \/>\n1\ufe0f\u20e3 Env\u00ede dise\u00f1os o elija entre m\u00e1s de 80 plantillas modulares<br \/>\n2\ufe0f\u20e3 Prototipo en 5 d\u00edas \u2192 prueba \u2192 producci\u00f3n en serie.<br \/>\n3\ufe0f\u20e3 Env\u00edo a trav\u00e9s de redes de exportaci\u00f3n de sacos (a\u00e9reo\/mar\u00edtimo\/expr\u00e9s)<\/p>\n<p class=\"ds-markdown-paragraph\"><strong>\u00bfPor qu\u00e9 elegirnos?<\/strong><br \/>\n\u2705 M\u00e1s de 10 a\u00f1os de experiencia en la fabricaci\u00f3n de bolsas de pecho<br \/>\n\u2705 40% tejido m\u00e1s grueso que los paquetes est\u00e1ndar<br \/>\nAsistencia 24\/7 en 6 idiomas (EN\/ES\/FR\/DE\/AR\/RU)<\/p>\n<p class=\"ds-markdown-paragraph\"><strong>\u00bfListo para prepararse para las ventas mundiales?<\/strong><br \/>\n\ud83d\udc49\u00a0<strong>Muestras gratuitas<\/strong>\u00a0\ud83d\udc49 15% dep\u00f3sito \ud83d\udc49 24h cotizaciones<\/p>\n<\/div>\n<\/div>\n<\/div>\n<\/div>","protected":false},"excerpt":{"rendered":"<h2 data-immersive-translate-walked=\"344be1c1-5052-41eb-8fcd-0dbe236a0d6b\" data-immersive-translate-paragraph=\"1\">Pechera multiusos duradera y personalizada<\/h2>\n<p>Lleve su equipo sin usar el cintur\u00f3n y alcance f\u00e1cilmente sus objetos en espacios reducidos, como las cabinas de veh\u00edculos o aviones, donde el espacio para los codos es limitado.<\/p>\n<p>Este arn\u00e9s convertible es una alternativa m\u00e1s c\u00f3moda que las fundas de cintur\u00f3n, ya que no le pinchar\u00e1n con su equipo mientras est\u00e9 sentado, y ampliar\u00e1 su capacidad de transporte m\u00e1s all\u00e1 de lo que puede llevar c\u00f3modamente en el cintur\u00f3n.<\/p>","protected":false},"featured_media":3297,"template":"","meta":{"_uag_custom_page_level_css":""},"product_brand":[],"product_cat":[61,55],"product_tag":[],"class_list":{"0":"post-3296","1":"product","2":"type-product","3":"status-publish","4":"has-post-thumbnail","6":"product_cat-chest-bag","7":"product_cat-tactical-bag","9":"first","10":"instock","11":"shipping-taxable","12":"product-type-simple"},"uagb_featured_image_src":{"full":["https:\/\/pecbag.com\/wp-content\/uploads\/2025\/05\/Custom-Durable-Multi-Usage-Chest-Pack-4.jpeg",1487,1500,false],"thumbnail":["https:\/\/pecbag.com\/wp-content\/uploads\/2025\/05\/Custom-Durable-Multi-Usage-Chest-Pack-4-150x150.jpeg",150,150,true],"medium":["https:\/\/pecbag.com\/wp-content\/uploads\/2025\/05\/Custom-Durable-Multi-Usage-Chest-Pack-4-297x300.jpeg",297,300,true],"medium_large":["https:\/\/pecbag.com\/wp-content\/uploads\/2025\/05\/Custom-Durable-Multi-Usage-Chest-Pack-4-768x775.jpeg",768,775,true],"large":["https:\/\/pecbag.com\/wp-content\/uploads\/2025\/05\/Custom-Durable-Multi-Usage-Chest-Pack-4-1015x1024.jpeg",800,807,true],"1536x1536":["https:\/\/pecbag.com\/wp-content\/uploads\/2025\/05\/Custom-Durable-Multi-Usage-Chest-Pack-4.jpeg",1487,1500,false],"2048x2048":["https:\/\/pecbag.com\/wp-content\/uploads\/2025\/05\/Custom-Durable-Multi-Usage-Chest-Pack-4.jpeg",1487,1500,false],"trp-custom-language-flag":["https:\/\/pecbag.com\/wp-content\/uploads\/2025\/05\/Custom-Durable-Multi-Usage-Chest-Pack-4-12x12.jpeg",12,12,true],"woocommerce_thumbnail":["https:\/\/pecbag.com\/wp-content\/uploads\/2025\/05\/Custom-Durable-Multi-Usage-Chest-Pack-4-300x300.jpeg",300,300,true],"woocommerce_single":["https:\/\/pecbag.com\/wp-content\/uploads\/2025\/05\/Custom-Durable-Multi-Usage-Chest-Pack-4-600x605.jpeg",600,605,true],"woocommerce_gallery_thumbnail":["https:\/\/pecbag.com\/wp-content\/uploads\/2025\/05\/Custom-Durable-Multi-Usage-Chest-Pack-4-100x100.jpeg",100,100,true]},"uagb_author_info":{"display_name":"Lawrence","author_link":"https:\/\/pecbag.com\/es\/author\/"},"uagb_comment_info":0,"uagb_excerpt":"Custom Durable Multi Usage Chest Pack Carry gear without using a belt &amp; easily reach your items in confined spaces, such as vehicle\/aircraft cabs, where your elbow room is restricted. A more comfortable alternative to belt holsters, as you won't be poked by your gear while seated, this convertible harness will expand your carrying capacity&hellip;","_links":{"self":[{"href":"https:\/\/pecbag.com\/es\/wp-json\/wp\/v2\/product\/3296","targetHints":{"allow":["GET"]}}],"collection":[{"href":"https:\/\/pecbag.com\/es\/wp-json\/wp\/v2\/product"}],"about":[{"href":"https:\/\/pecbag.com\/es\/wp-json\/wp\/v2\/types\/product"}],"wp:featuredmedia":[{"embeddable":true,"href":"https:\/\/pecbag.com\/es\/wp-json\/wp\/v2\/media\/3297"}],"wp:attachment":[{"href":"https:\/\/pecbag.com\/es\/wp-json\/wp\/v2\/media?parent=3296"}],"wp:term":[{"taxonomy":"product_brand","embeddable":true,"href":"https:\/\/pecbag.com\/es\/wp-json\/wp\/v2\/product_brand?post=3296"},{"taxonomy":"product_cat","embeddable":true,"href":"https:\/\/pecbag.com\/es\/wp-json\/wp\/v2\/product_cat?post=3296"},{"taxonomy":"product_tag","embeddable":true,"href":"https:\/\/pecbag.com\/es\/wp-json\/wp\/v2\/product_tag?post=3296"}],"curies":[{"name":"wp","href":"https:\/\/api.w.org\/{rel}","templated":true}]}}