{"id":3303,"date":"2025-05-26T06:44:09","date_gmt":"2025-05-26T06:44:09","guid":{"rendered":"https:\/\/pecbag.com\/?post_type=product&#038;p=3303"},"modified":"2025-11-29T02:03:03","modified_gmt":"2025-11-29T02:03:03","slug":"eco-friendly-tpu-fishing-chest-bag","status":"publish","type":"product","link":"https:\/\/pecbag.com\/es\/eco-friendly-tpu-fishing-chest-bag\/","title":{"rendered":"Bolsa de pesca de TPU ecol\u00f3gico"},"content":{"rendered":"<h5 title=\"Bolso plegable para perros Bolso de malla transpirable para mascotas peque\u00f1as Perros Gatos\" data-immersive-translate-walked=\"1c928421-2e42-4cd3-8754-5404553c0af5\" data-immersive-translate-paragraph=\"1\" data-spm-anchor-id=\"a2700.details.0.i35.4f6757d4w4zNZA\">Eco-friendly TPU Pesca Pecho Bolsa Fabricante | F\u00e1brica de bolsas a prueba de agua y Mochila Proveedor<\/h5>\n<div class=\"flex flex-grow flex-col max-w-full\">\n<div class=\"min-h-[20px] text-message flex w-full flex-col items-end gap-2 whitespace-pre-wrap break-words [.text-message+&amp;]:mt-5 overflow-x-auto\" dir=\"auto\" data-message-author-role=\"assistant\" data-message-id=\"3d7d46f6-7ec2-4222-9257-48fa0bba23c6\" data-suggestions=\"true\">\n<div class=\"flex w-full flex-col gap-1 empty:hidden first:pt-[3px]\">\n<div class=\"markdown prose w-full break-words dark:prose-invert light\">\n<p>\u00bfNecesita bolsas de pesca de TPU ecol\u00f3gicas que protejan su equipo y el planeta? Como f\u00e1brica de bolsas impermeables y fabricante de mochilas l\u00edder en China, nos especializamos en bolsas de TPU ecol\u00f3gicas dise\u00f1adas para pescadores con conciencia ecol\u00f3gica, marcas de pesca y mayoristas de bolsas de pesca de todo el mundo.<\/p>\n<table width=\"288\">\n<tbody>\n<tr>\n<td width=\"137\"><span style=\"color: #333333;\">Nombre del producto<\/span><\/td>\n<td width=\"151\"><span style=\"color: #333333;\">Bolsa de pecho<\/span><\/td>\n<\/tr>\n<tr>\n<td><span style=\"color: #333333;\">N\u00ba de art\u00edculo<\/span><\/td>\n<td><span style=\"color: #333333;\">PB-2044<\/span><\/td>\n<\/tr>\n<tr>\n<td><span style=\"color: #333333;\">Material<\/span><\/td>\n<td>TPU ecol\u00f3gico<\/td>\n<\/tr>\n<tr>\n<td><span style=\"color: #333333;\">Talla<\/span><\/td>\n<td>23*12*36 cm<\/td>\n<\/tr>\n<tr>\n<td><span style=\"color: #333333;\">\u00a0Plazo de entrega<\/span><\/td>\n<td><span style=\"color: #333333;\">1-5 d\u00edas para peque\u00f1as cantidades por v\u00eda a\u00e9rea y 30-35 d\u00edas para grandes cantidades por v\u00eda mar\u00edtima<\/span><\/td>\n<\/tr>\n<\/tbody>\n<\/table>\n<p class=\"ds-markdown-paragraph\">\u2705\u00a0<strong>Por qu\u00e9 ganan nuestras bolsas de cofre de pesca de TPU ecol\u00f3gicas:<\/strong><\/p>\n<ul>\n<li>\n<p class=\"ds-markdown-paragraph\"><strong>Materiales seguros para el oc\u00e9ano<\/strong>: 100% TPU reciclable + tintes no t\u00f3xicos: \u00a1sobrevive a las tormentas de agua salada sin da\u00f1ar la vida marina!<\/p>\n<\/li>\n<li>\n<p class=\"ds-markdown-paragraph\"><strong>Dise\u00f1o aprobado por pescadores<\/strong>M\u00e1s de 6 compartimentos resistentes al \u00f3xido para guardar se\u00f1uelos, herramientas y cebos sin fugas ni olores.<\/p>\n<\/li>\n<li>\n<p class=\"ds-markdown-paragraph\"><strong>Pedidos a granel<\/strong>: \u00a1Producir bolsa de pecho pedidos a granel (MOQ 50pcs) a trav\u00e9s de la bolsa de pecho ODM \/ OEM o etiqueta privada en 10 d\u00edas!<\/p>\n<\/li>\n<li>\n<p class=\"ds-markdown-paragraph\"><strong>Ventaja de costes en China<\/strong>: Como un proveedor l\u00edder de China bolsa de pecho, entregamos la sostenibilidad de primera calidad a precios de f\u00e1brica.<\/p>\n<\/li>\n<\/ul>\n<p class=\"ds-markdown-paragraph\"><strong>Caracter\u00edsticas que enganchan a los clientes:<\/strong><br \/>\n\ud83d\udd39 Cremalleras a prueba de agua salada + bolsillos de malla de secado r\u00e1pido.<br \/>\n\ud83d\udd39 Correas ajustables (se adapta a vadeadores o ropa informal) + bucles portaca\u00f1as.<br \/>\n\ud83d\udd39 Ribete reflectante para mayor seguridad al amanecer\/atardecer (certificado CE)<br \/>\n\ud83d\udd39 Certificado OEKO-TEX - 100% respetuoso con los peces y biodegradable<\/p>\n<p class=\"ds-markdown-paragraph\"><strong>Perfecto para:<\/strong><\/p>\n<ul>\n<li>\n<p class=\"ds-markdown-paragraph\">Marcas de pesca ecol\u00f3gica y vendedores de bolsas de pecho<\/p>\n<\/li>\n<li>\n<p class=\"ds-markdown-paragraph\">Minoristas y mayoristas de sacos marinos<\/p>\n<\/li>\n<li>\n<p class=\"ds-markdown-paragraph\">Startups que crean l\u00edneas ecol\u00f3gicas de marcas blancas para bolsas de arc\u00f3n<\/p>\n<\/li>\n<\/ul>\n<p class=\"ds-markdown-paragraph\"><strong>C\u00f3mo fabricamos sus bolsas de pesca de TPU ecol\u00f3gicas:<\/strong><br \/>\n1\ufe0f\u20e3 Elige entre m\u00e1s de 40 dise\u00f1os sostenibles o personaliza el tuyo<br \/>\n2\ufe0f\u20e3 Prototipo en 5 d\u00edas \u2192 prueba en condiciones reales de pesca \u2192 producci\u00f3n.<br \/>\n3\ufe0f\u20e3 Env\u00edo a trav\u00e9s de redes de exportaci\u00f3n de sacos (aire\/mar\/ferrocarril)<\/p>\n<p class=\"ds-markdown-paragraph\"><strong>Por qu\u00e9 somos su elecci\u00f3n #1:<\/strong><br \/>\n\u2705 M\u00e1s de 8 a\u00f1os de experiencia como fabricante de bolsas pectorales con materiales ecol\u00f3gicos<br \/>\n\u2705 30% TPU m\u00e1s resistente frente a las alternativas est\u00e1ndar de PVC<br \/>\n\u2705 Asistencia 24 horas al d\u00eda, 7 d\u00edas a la semana, en ingl\u00e9s, japon\u00e9s y espa\u00f1ol.<\/p>\n<p class=\"ds-markdown-paragraph\"><strong>\u00bfPreparado para echar la red en busca de beneficios m\u00e1s ecol\u00f3gicos?<\/strong><br \/>\n\ud83d\udc49\u00a0<strong>Muestras gratuitas<\/strong>\u00a0\ud83d\udc49 15% dep\u00f3sito \ud83d\udc49 24h cotizaciones<\/p>\n<\/div>\n<\/div>\n<\/div>\n<\/div>","protected":false},"excerpt":{"rendered":"<h2 data-immersive-translate-walked=\"344be1c1-5052-41eb-8fcd-0dbe236a0d6b\" data-immersive-translate-paragraph=\"1\">Bolsa de pesca de TPU ecol\u00f3gico<\/h2>\n<p>Proporcionamos bolsas de primera calidad con personalizaci\u00f3n completa de tama\u00f1os y colores, tejidos duraderos y calidad certificada.<\/p>\n<p>Disfrute de MOQ flexibles, env\u00edos r\u00e1pidos a todo el mundo y soluciones de marca blanca.<\/p>\n<p>P\u00f3ngase en contacto con nosotros<\/p>","protected":false},"featured_media":3308,"template":"","meta":{"_uag_custom_page_level_css":""},"product_brand":[],"product_cat":[61],"product_tag":[],"class_list":{"0":"post-3303","1":"product","2":"type-product","3":"status-publish","4":"has-post-thumbnail","6":"product_cat-chest-bag","8":"first","9":"instock","10":"shipping-taxable","11":"product-type-simple"},"uagb_featured_image_src":{"full":["https:\/\/pecbag.com\/wp-content\/uploads\/2025\/05\/Eco-friendly-TPU-Fishing-Chest-Bag-4.jpg",1000,1000,false],"thumbnail":["https:\/\/pecbag.com\/wp-content\/uploads\/2025\/05\/Eco-friendly-TPU-Fishing-Chest-Bag-4-150x150.jpg",150,150,true],"medium":["https:\/\/pecbag.com\/wp-content\/uploads\/2025\/05\/Eco-friendly-TPU-Fishing-Chest-Bag-4-300x300.jpg",300,300,true],"medium_large":["https:\/\/pecbag.com\/wp-content\/uploads\/2025\/05\/Eco-friendly-TPU-Fishing-Chest-Bag-4-768x768.jpg",768,768,true],"large":["https:\/\/pecbag.com\/wp-content\/uploads\/2025\/05\/Eco-friendly-TPU-Fishing-Chest-Bag-4.jpg",800,800,false],"1536x1536":["https:\/\/pecbag.com\/wp-content\/uploads\/2025\/05\/Eco-friendly-TPU-Fishing-Chest-Bag-4.jpg",1000,1000,false],"2048x2048":["https:\/\/pecbag.com\/wp-content\/uploads\/2025\/05\/Eco-friendly-TPU-Fishing-Chest-Bag-4.jpg",1000,1000,false],"trp-custom-language-flag":["https:\/\/pecbag.com\/wp-content\/uploads\/2025\/05\/Eco-friendly-TPU-Fishing-Chest-Bag-4-12x12.jpg",12,12,true],"woocommerce_thumbnail":["https:\/\/pecbag.com\/wp-content\/uploads\/2025\/05\/Eco-friendly-TPU-Fishing-Chest-Bag-4-300x300.jpg",300,300,true],"woocommerce_single":["https:\/\/pecbag.com\/wp-content\/uploads\/2025\/05\/Eco-friendly-TPU-Fishing-Chest-Bag-4-600x600.jpg",600,600,true],"woocommerce_gallery_thumbnail":["https:\/\/pecbag.com\/wp-content\/uploads\/2025\/05\/Eco-friendly-TPU-Fishing-Chest-Bag-4-100x100.jpg",100,100,true]},"uagb_author_info":{"display_name":"Lawrence","author_link":"https:\/\/pecbag.com\/es\/author\/"},"uagb_comment_info":0,"uagb_excerpt":"Eco-friendly TPU Fishing Chest Bag We provide premium bags with full-size and color customization, durable fabrics, and certified quality. Enjoy flexible MOQs, fast global shipping, and private label solutions. Contact us today!","_links":{"self":[{"href":"https:\/\/pecbag.com\/es\/wp-json\/wp\/v2\/product\/3303","targetHints":{"allow":["GET"]}}],"collection":[{"href":"https:\/\/pecbag.com\/es\/wp-json\/wp\/v2\/product"}],"about":[{"href":"https:\/\/pecbag.com\/es\/wp-json\/wp\/v2\/types\/product"}],"wp:featuredmedia":[{"embeddable":true,"href":"https:\/\/pecbag.com\/es\/wp-json\/wp\/v2\/media\/3308"}],"wp:attachment":[{"href":"https:\/\/pecbag.com\/es\/wp-json\/wp\/v2\/media?parent=3303"}],"wp:term":[{"taxonomy":"product_brand","embeddable":true,"href":"https:\/\/pecbag.com\/es\/wp-json\/wp\/v2\/product_brand?post=3303"},{"taxonomy":"product_cat","embeddable":true,"href":"https:\/\/pecbag.com\/es\/wp-json\/wp\/v2\/product_cat?post=3303"},{"taxonomy":"product_tag","embeddable":true,"href":"https:\/\/pecbag.com\/es\/wp-json\/wp\/v2\/product_tag?post=3303"}],"curies":[{"name":"wp","href":"https:\/\/api.w.org\/{rel}","templated":true}]}}