{"id":3310,"date":"2025-05-26T06:55:13","date_gmt":"2025-05-26T06:55:13","guid":{"rendered":"https:\/\/pecbag.com\/?post_type=product&#038;p=3310"},"modified":"2025-11-29T02:02:58","modified_gmt":"2025-11-29T02:02:58","slug":"fashion-wholesale-sports-crossbody-bag","status":"publish","type":"product","link":"https:\/\/pecbag.com\/es\/fashion-wholesale-sports-crossbody-bag\/","title":{"rendered":"Moda al por mayor Deportes Bolsa Crossbody"},"content":{"rendered":"<h5 title=\"Bolso plegable para perros Bolso de malla transpirable para mascotas peque\u00f1as Perros Gatos\" data-immersive-translate-walked=\"1c928421-2e42-4cd3-8754-5404553c0af5\" data-immersive-translate-paragraph=\"1\" data-spm-anchor-id=\"a2700.details.0.i35.4f6757d4w4zNZA\">Fabricante al por mayor de bolsos deportivos | F\u00e1brica de bolsos y mochilas impermeables | OEM a granel<\/h5>\n<div class=\"flex flex-grow flex-col max-w-full\">\n<div class=\"min-h-[20px] text-message flex w-full flex-col items-end gap-2 whitespace-pre-wrap break-words [.text-message+&amp;]:mt-5 overflow-x-auto\" dir=\"auto\" data-message-author-role=\"assistant\" data-message-id=\"3d7d46f6-7ec2-4222-9257-48fa0bba23c6\" data-suggestions=\"true\">\n<div class=\"flex w-full flex-col gap-1 empty:hidden first:pt-[3px]\">\n<div class=\"markdown prose w-full break-words dark:prose-invert light\">\n<p>\u00bfNecesita bolsos deportivos al por mayor que combinen estilo y funcionalidad? Como fabricante l\u00edder de mochilas y bolsos impermeables en China, creamos bolsos deportivos al por mayor para los amantes del gimnasio, los desplazamientos urbanos y los mayoristas de bolsos cruzados de todo el mundo.<\/p>\n<table width=\"288\">\n<tbody>\n<tr>\n<td width=\"137\"><span style=\"color: #333333;\">Nombre del producto<\/span><\/td>\n<td width=\"151\"><span style=\"color: #333333;\">Bolso Crossbody<\/span><\/td>\n<\/tr>\n<tr>\n<td><span style=\"color: #333333;\">N\u00ba de art\u00edculo<\/span><\/td>\n<td><span style=\"color: #333333;\">PB-2045<\/span><\/td>\n<\/tr>\n<tr>\n<td><span style=\"color: #333333;\">Material<\/span><\/td>\n<td>Neopreno<\/td>\n<\/tr>\n<tr>\n<td><span style=\"color: #333333;\">Talla<\/span><\/td>\n<td>15 x 5 x 29 cm<\/td>\n<\/tr>\n<tr>\n<td><span style=\"color: #333333;\">\u00a0Plazo de entrega<\/span><\/td>\n<td><span style=\"color: #333333;\">1-5 d\u00edas para peque\u00f1as cantidades por v\u00eda a\u00e9rea y 30-35 d\u00edas para grandes cantidades por v\u00eda mar\u00edtima<\/span><\/td>\n<\/tr>\n<\/tbody>\n<\/table>\n<p class=\"ds-markdown-paragraph\">\u2705\u00a0<strong>\u00bfPor qu\u00e9 nuestra moda al por mayor Deportes Crossbody Bolsas vender r\u00e1pido:<\/strong><\/p>\n<ul>\n<li>\n<p class=\"ds-markdown-paragraph\"><strong>Estilo urbano<\/strong>: M\u00e1s de 50 dise\u00f1os de moda (ne\u00f3n, camuflaje, minimalista): \u00a1actualiza tu inventario semanalmente!<\/p>\n<\/li>\n<li>\n<p class=\"ds-markdown-paragraph\"><strong>Preparado para el sudor y la lluvia<\/strong>: Forro de TPU impermeable + correas transpirables: sobrevive a los entrenamientos o a los chaparrones repentinos.<\/p>\n<\/li>\n<li>\n<p class=\"ds-markdown-paragraph\"><strong>Ventajas de los pedidos al por mayor<\/strong>: \u00a1Producir bolsa crossbody pedidos a granel (MOQ 50pcs) con la bolsa crossbody ODM \/ OEM o etiqueta privada en 7 d\u00edas!<\/p>\n<\/li>\n<li>\n<p class=\"ds-markdown-paragraph\"><strong>Costes de energ\u00eda en China<\/strong>: Como uno de los mejores proveedores de bolsos crossbody de China, combinamos looks de pasarela con precios de f\u00e1brica.<\/p>\n<\/li>\n<\/ul>\n<p class=\"ds-markdown-paragraph\"><strong>Caracter\u00edsticas que los clientes anhelan:<\/strong><br \/>\n\ud83d\udd39 3L-8L de capacidad (caben tel\u00e9fonos, llaves, equipo de gimnasia) + bolsillo con bloqueo RFID.<br \/>\n\ud83d\udd39 Tirantes ajustables (se adapta a todo tipo de cuerpos) + cremalleras laterales de acceso r\u00e1pido.<br \/>\n\ud83d\udd39 Logotipos reflectantes para la seguridad nocturna + tejido certificado OEKO-TEX antimoho.<br \/>\n\ud83d\udd39 Ligero (0,4 kg): perfecto para correr, viajar o para el uso diario.<\/p>\n<p class=\"ds-markdown-paragraph\"><strong>Perfecto para:<\/strong><\/p>\n<ul>\n<li>\n<p class=\"ds-markdown-paragraph\">Tiendas de ropa deportiva y vendedores de bolsas cruzadas<\/p>\n<\/li>\n<li>\n<p class=\"ds-markdown-paragraph\">Mayoristas de cadenas de gimnasia y bolsas crossbody<\/p>\n<\/li>\n<li>\n<p class=\"ds-markdown-paragraph\">Startups que crean marcas blancas de bolsos cruzados<\/p>\n<\/li>\n<\/ul>\n<p class=\"ds-markdown-paragraph\"><strong>C\u00f3mo trabajamos:<\/strong><br \/>\n1\ufe0f\u20e3 Elige entre m\u00e1s de 100 dise\u00f1os o personaliza colores y logotipos<br \/>\n2\ufe0f\u20e3 Prototipo en 3 d\u00edas \u2192 aprobar \u2192 producir en serie.<br \/>\n3\ufe0f\u20e3 Env\u00edo a trav\u00e9s de redes de exportaci\u00f3n de bolsas cruzadas (opciones DDP\/DAP)<\/p>\n<p class=\"ds-markdown-paragraph\"><strong>\u00bfPor qu\u00e9 elegirnos?<\/strong><br \/>\n\u2705 5.000+ pedidos de fabricantes de bolsos crossbody enviados a todo el mundo<br \/>\n\u2705 40% m\u00e1s ligera que las bolsas de la competencia.<br \/>\n\u2705 Asistencia 24 horas al d\u00eda, 7 d\u00edas a la semana, en ingl\u00e9s, espa\u00f1ol y \u00e1rabe.<\/p>\n<p class=\"ds-markdown-paragraph\"><strong>\u00bfListo para obtener beneficios?<\/strong><br \/>\n\ud83d\udc49\u00a0<strong>Muestras gratuitas<\/strong>\u00a0\ud83d\udc49 15% dep\u00f3sito \ud83d\udc49 Presupuestos al instante<\/p>\n<\/div>\n<\/div>\n<\/div>\n<\/div>","protected":false},"excerpt":{"rendered":"<h2 data-immersive-translate-walked=\"344be1c1-5052-41eb-8fcd-0dbe236a0d6b\" data-immersive-translate-paragraph=\"1\">Moda al por mayor Deportes Bolsa Crossbody<\/h2>\n<p>Con 6 potentes imanes incorporados, la bolsa de deporte magn\u00e9tica puede adherirse firmemente a cualquier superficie met\u00e1lica.<\/p>\n<p>Mantener la botella de agua y los objetos personales alejados del suelo sucio durante los entrenamientos y a la altura de los ojos para recuperarlos f\u00e1cilmente.<\/p>\n<p>Equipado con 2 correas diferentes, se puede utilizar como una bolsa de hombro \/ bolso cruzado \/ correa de la manija para llevar flexible<\/p>","protected":false},"featured_media":3314,"template":"","meta":{"_uag_custom_page_level_css":""},"product_brand":[],"product_cat":[62],"product_tag":[],"class_list":{"0":"post-3310","1":"product","2":"type-product","3":"status-publish","4":"has-post-thumbnail","6":"product_cat-crossbody-bags","8":"first","9":"instock","10":"shipping-taxable","11":"product-type-simple"},"uagb_featured_image_src":{"full":["https:\/\/pecbag.com\/wp-content\/uploads\/2025\/05\/Fashion-Wholesale-Sports-Crossbody-Bag-6.jpeg",1283,1487,false],"thumbnail":["https:\/\/pecbag.com\/wp-content\/uploads\/2025\/05\/Fashion-Wholesale-Sports-Crossbody-Bag-6-150x150.jpeg",150,150,true],"medium":["https:\/\/pecbag.com\/wp-content\/uploads\/2025\/05\/Fashion-Wholesale-Sports-Crossbody-Bag-6-259x300.jpeg",259,300,true],"medium_large":["https:\/\/pecbag.com\/wp-content\/uploads\/2025\/05\/Fashion-Wholesale-Sports-Crossbody-Bag-6-768x890.jpeg",768,890,true],"large":["https:\/\/pecbag.com\/wp-content\/uploads\/2025\/05\/Fashion-Wholesale-Sports-Crossbody-Bag-6-884x1024.jpeg",800,927,true],"1536x1536":["https:\/\/pecbag.com\/wp-content\/uploads\/2025\/05\/Fashion-Wholesale-Sports-Crossbody-Bag-6.jpeg",1283,1487,false],"2048x2048":["https:\/\/pecbag.com\/wp-content\/uploads\/2025\/05\/Fashion-Wholesale-Sports-Crossbody-Bag-6.jpeg",1283,1487,false],"trp-custom-language-flag":["https:\/\/pecbag.com\/wp-content\/uploads\/2025\/05\/Fashion-Wholesale-Sports-Crossbody-Bag-6-10x12.jpeg",10,12,true],"woocommerce_thumbnail":["https:\/\/pecbag.com\/wp-content\/uploads\/2025\/05\/Fashion-Wholesale-Sports-Crossbody-Bag-6-300x300.jpeg",300,300,true],"woocommerce_single":["https:\/\/pecbag.com\/wp-content\/uploads\/2025\/05\/Fashion-Wholesale-Sports-Crossbody-Bag-6-600x695.jpeg",600,695,true],"woocommerce_gallery_thumbnail":["https:\/\/pecbag.com\/wp-content\/uploads\/2025\/05\/Fashion-Wholesale-Sports-Crossbody-Bag-6-100x100.jpeg",100,100,true]},"uagb_author_info":{"display_name":"Lawrence","author_link":"https:\/\/pecbag.com\/es\/author\/"},"uagb_comment_info":0,"uagb_excerpt":"Fashion Wholesale Sports Crossbody Bag With 6 powerful built-in magnets, the magnetic gym bag can firmly attach to any metal surface. Keeping your water bottle and personal items off the dirty floor during workouts and at eye level for easy retrieval. Equipped with 2 different straps, it can be used as a shoulder bag\/crossbody bag\/handle&hellip;","_links":{"self":[{"href":"https:\/\/pecbag.com\/es\/wp-json\/wp\/v2\/product\/3310","targetHints":{"allow":["GET"]}}],"collection":[{"href":"https:\/\/pecbag.com\/es\/wp-json\/wp\/v2\/product"}],"about":[{"href":"https:\/\/pecbag.com\/es\/wp-json\/wp\/v2\/types\/product"}],"wp:featuredmedia":[{"embeddable":true,"href":"https:\/\/pecbag.com\/es\/wp-json\/wp\/v2\/media\/3314"}],"wp:attachment":[{"href":"https:\/\/pecbag.com\/es\/wp-json\/wp\/v2\/media?parent=3310"}],"wp:term":[{"taxonomy":"product_brand","embeddable":true,"href":"https:\/\/pecbag.com\/es\/wp-json\/wp\/v2\/product_brand?post=3310"},{"taxonomy":"product_cat","embeddable":true,"href":"https:\/\/pecbag.com\/es\/wp-json\/wp\/v2\/product_cat?post=3310"},{"taxonomy":"product_tag","embeddable":true,"href":"https:\/\/pecbag.com\/es\/wp-json\/wp\/v2\/product_tag?post=3310"}],"curies":[{"name":"wp","href":"https:\/\/api.w.org\/{rel}","templated":true}]}}